{"id":29540,"date":"2024-02-08T15:27:15","date_gmt":"2024-02-08T20:27:15","guid":{"rendered":"https:\/\/www.somatechnology.com\/spanish\/?page_id=29540"},"modified":"2024-02-08T15:28:14","modified_gmt":"2024-02-08T20:28:14","slug":"equipo-medico-de-cardiologia","status":"publish","type":"page","link":"https:\/\/www.somatechnology.com\/spanish\/equipo-medico-de-cardiologia\/","title":{"rendered":"Soluciones de Equipos M\u00e9dicos Para Cardiolog\u00eda"},"content":{"rendered":"<h1>Soluciones completas de equipos m\u00e9dicos de cardiolog\u00eda<\/h1>\n<h3>Equipos de cardiolog\u00eda populares<\/h3>\n<div class=\"woocommerce columns-4\"><div class=\"clearfix\"><\/div>\n<ul class=\"global-product row wow1 custom-fadeInUp1 columns-4\">\n<li class=\"top-category mb-3 mb-md-5 product-category product first\">\n    <div class=\"cmn-category-card\">\n            <h5><a class=\"stretched-link d-block text-20\" href=\"https:\/\/www.somatechnology.com\/spanish\/equipos-medicos\/cardiologia\/ekg-interpretativo-y-no-interpretativo\/\">Electrocardi\u00f3grafos (EKG)<\/a><\/h5>\n            <div class=\"category-img\">\n\t\t\t                <img decoding=\"async\" class=\"divImg\" style=\"background-image: url(&#039;https:\/\/www.somatechnology.com\/spanish\/wp-content\/uploads\/sites\/2\/2023\/12\/EKG.png&#039;);\" src=\"https:\/\/www.somatechnology.com\/spanish\/wp-content\/themes\/somatechnology\/assets\/images\/0.gif\" height=\"209\" width=\"294\" alt=\"Electrocardi\u00f3grafos (EKG)\" title=\"\">\n                \t<\/div>\n\t\n\n\t\n\t<\/a>    <\/div>\n<\/li>\n<li class=\"top-category mb-3 mb-md-5 product-category product\">\n    <div class=\"cmn-category-card\">\n            <h5><a class=\"stretched-link d-block text-20\" href=\"https:\/\/www.somatechnology.com\/spanish\/equipos-medicos\/cardiologia\/sistemas-de-pruebas-de-esfuerzo\/\">Sistemas de Pruebas de Esfuerzo<\/a><\/h5>\n            <div class=\"category-img\">\n\t\t\t                <img decoding=\"async\" class=\"divImg\" style=\"background-image: url(&#039;https:\/\/www.somatechnology.com\/spanish\/wp-content\/uploads\/sites\/2\/2023\/12\/Sistemas-de-Pruebas-de-Esfuerzo.jpg&#039;);\" src=\"https:\/\/www.somatechnology.com\/spanish\/wp-content\/themes\/somatechnology\/assets\/images\/0.gif\" height=\"209\" width=\"294\" alt=\"Sistemas de Pruebas de Esfuerzo\" title=\"\">\n                \t<\/div>\n\t\n\n\t\n\t<\/a>    <\/div>\n<\/li>\n<\/ul>\n<\/div>\n<h3>M\u00e1s equipos de cardiolog\u00eda<\/h3>\n<div class=\"woocommerce columns-4\"><div class=\"clearfix\"><\/div>\n<ul class=\"global-product row wow1 custom-fadeInUp1 columns-4\">\n<li class=\"top-category mb-3 mb-md-5 product-category product first\">\n    <div class=\"cmn-category-card\">\n            <h5><a class=\"stretched-link d-block text-20\" href=\"https:\/\/www.somatechnology.com\/spanish\/equipos-medicos\/calentador-de-mantas\/\">Calentador de Mantas<\/a><\/h5>\n            <div class=\"category-img\">\n\t\t\t                <img decoding=\"async\" class=\"divImg\" style=\"background-image: url(&#039;https:\/\/www.somatechnology.com\/spanish\/wp-content\/uploads\/sites\/2\/2023\/12\/blanket-warmers.png&#039;);\" src=\"https:\/\/www.somatechnology.com\/spanish\/wp-content\/themes\/somatechnology\/assets\/images\/0.gif\" height=\"209\" width=\"294\" alt=\"Calentador de Mantas\" title=\"\">\n                \t<\/div>\n\t\n\n\t\n\t<\/a>    <\/div>\n<\/li>\n<li class=\"top-category mb-3 mb-md-5 product-category product\">\n    <div class=\"cmn-category-card\">\n            <h5><a class=\"stretched-link d-block text-20\" href=\"https:\/\/www.somatechnology.com\/spanish\/equipos-medicos\/desfibriladores-medicos\/desfibriladores\/\">Desfibriladores<\/a><\/h5>\n            <div class=\"category-img\">\n\t\t\t                <img decoding=\"async\" class=\"divImg\" style=\"background-image: url(&#039;https:\/\/www.somatechnology.com\/spanish\/wp-content\/uploads\/sites\/2\/2021\/07\/Physio-Control-Lifepak-15-Desfibrilador.jpg&#039;);\" src=\"https:\/\/www.somatechnology.com\/spanish\/wp-content\/themes\/somatechnology\/assets\/images\/0.gif\" height=\"209\" width=\"294\" alt=\"Desfibriladores\" title=\"\">\n                \t<\/div>\n\t\n\n\t\n\t<\/a>    <\/div>\n<\/li>\n<li class=\"top-category mb-3 mb-md-5 product-category product\">\n    <div class=\"cmn-category-card\">\n            <h5><a class=\"stretched-link d-block text-20\" href=\"https:\/\/www.somatechnology.com\/spanish\/equipos-medicos\/cardiologia\/ekg-interpretativo-y-no-interpretativo\/\">Electrocardi\u00f3grafos (EKG)<\/a><\/h5>\n            <div class=\"category-img\">\n\t\t\t                <img decoding=\"async\" class=\"divImg\" style=\"background-image: url(&#039;https:\/\/www.somatechnology.com\/spanish\/wp-content\/uploads\/sites\/2\/2023\/12\/EKG.png&#039;);\" src=\"https:\/\/www.somatechnology.com\/spanish\/wp-content\/themes\/somatechnology\/assets\/images\/0.gif\" height=\"209\" width=\"294\" alt=\"Electrocardi\u00f3grafos (EKG)\" title=\"\">\n                \t<\/div>\n\t\n\n\t\n\t<\/a>    <\/div>\n<\/li>\n<li class=\"top-category mb-3 mb-md-5 product-category product last\">\n    <div class=\"cmn-category-card\">\n            <h5><a class=\"stretched-link d-block text-20\" href=\"https:\/\/www.somatechnology.com\/spanish\/equipos-medicos\/monitores-de-signos-vitales\/monitores-multiparametros\/\">Monitores Multiparametros<\/a><\/h5>\n            <div class=\"category-img\">\n\t\t\t                <img decoding=\"async\" class=\"divImg\" style=\"background-image: url(&#039;https:\/\/www.somatechnology.com\/spanish\/wp-content\/uploads\/sites\/2\/2023\/12\/patient-monitor.png&#039;);\" src=\"https:\/\/www.somatechnology.com\/spanish\/wp-content\/themes\/somatechnology\/assets\/images\/0.gif\" height=\"209\" width=\"294\" alt=\"Monitores Multiparametros\" title=\"\">\n                \t<\/div>\n\t\n\n\t\n\t<\/a>    <\/div>\n<\/li>\n<li class=\"top-category mb-3 mb-md-5 product-category product first\">\n    <div class=\"cmn-category-card\">\n            <h5><a class=\"stretched-link d-block text-20\" href=\"https:\/\/www.somatechnology.com\/spanish\/equipos-medicos\/cardiologia\/sistemas-de-pruebas-de-esfuerzo\/\">Sistemas de Pruebas de Esfuerzo<\/a><\/h5>\n            <div class=\"category-img\">\n\t\t\t                <img decoding=\"async\" class=\"divImg\" style=\"background-image: url(&#039;https:\/\/www.somatechnology.com\/spanish\/wp-content\/uploads\/sites\/2\/2023\/12\/Sistemas-de-Pruebas-de-Esfuerzo.jpg&#039;);\" src=\"https:\/\/www.somatechnology.com\/spanish\/wp-content\/themes\/somatechnology\/assets\/images\/0.gif\" height=\"209\" width=\"294\" alt=\"Sistemas de Pruebas de Esfuerzo\" title=\"\">\n                \t<\/div>\n\t\n\n\t\n\t<\/a>    <\/div>\n<\/li>\n<li class=\"top-category mb-3 mb-md-5 product-category product\">\n    <div class=\"cmn-category-card\">\n            <h5><a class=\"stretched-link d-block text-20\" href=\"https:\/\/www.somatechnology.com\/spanish\/equipos-medicos\/torniquetes\/\">Torniquetes<\/a><\/h5>\n            <div class=\"category-img\">\n\t\t\t                <img decoding=\"async\" class=\"divImg\" style=\"background-image: url(&#039;https:\/\/www.somatechnology.com\/spanish\/wp-content\/uploads\/sites\/2\/2023\/12\/tourniquets.png&#039;);\" src=\"https:\/\/www.somatechnology.com\/spanish\/wp-content\/themes\/somatechnology\/assets\/images\/0.gif\" height=\"209\" width=\"294\" alt=\"Torniquetes\" title=\"\">\n                \t<\/div>\n\t\n\n\t\n\t<\/a>    <\/div>\n<\/li>\n<li class=\"top-category mb-3 mb-md-5 product-category product\">\n    <div class=\"cmn-category-card\">\n            <h5><a class=\"stretched-link d-block text-20\" href=\"https:\/\/www.somatechnology.com\/spanish\/equipos-medicos\/imagenologia-radiologia\/ultrasonidos\/\">Ultrasonidos<\/a><\/h5>\n            <div class=\"category-img\">\n\t\t\t                <img decoding=\"async\" class=\"divImg\" style=\"background-image: url(&#039;https:\/\/www.somatechnology.com\/spanish\/wp-content\/uploads\/sites\/2\/2023\/12\/ultrasound.png&#039;);\" src=\"https:\/\/www.somatechnology.com\/spanish\/wp-content\/themes\/somatechnology\/assets\/images\/0.gif\" height=\"209\" width=\"294\" alt=\"Ultrasonidos\" title=\"\">\n                \t<\/div>\n\t\n\n\t\n\t<\/a>    <\/div>\n<\/li>\n<li class=\"top-category mb-3 mb-md-5 product-category product last\">\n    <div class=\"cmn-category-card\">\n            <h5><a class=\"stretched-link d-block text-20\" href=\"https:\/\/www.somatechnology.com\/spanish\/equipos-medicos\/ventiladores\/\">Ventiladores<\/a><\/h5>\n            <div class=\"category-img\">\n\t\t\t                <img decoding=\"async\" class=\"divImg\" style=\"background-image: url(&#039;https:\/\/www.somatechnology.com\/spanish\/wp-content\/uploads\/sites\/2\/2023\/12\/Ventilator.png&#039;);\" src=\"https:\/\/www.somatechnology.com\/spanish\/wp-content\/themes\/somatechnology\/assets\/images\/0.gif\" height=\"209\" width=\"294\" alt=\"Ventiladores\" title=\"\">\n                \t<\/div>\n\t\n\n\t\n\t<\/a>    <\/div>\n<\/li>\n<\/ul>\n<\/div>\n","protected":false},"excerpt":{"rendered":"<p>Soluciones completas de equipos m\u00e9dicos de cardiolog\u00eda Equipos de cardiolog\u00eda populares M\u00e1s equipos de cardiolog\u00eda<\/p>\n","protected":false},"author":4,"featured_media":0,"parent":0,"menu_order":0,"comment_status":"closed","ping_status":"closed","template":"templates\/product-and-product-category.php","meta":{"_acf_changed":false,"_relevanssi_hide_post":"","_relevanssi_hide_content":"","_relevanssi_pin_for_all":"","_relevanssi_pin_keywords":"","_relevanssi_unpin_keywords":"","_relevanssi_related_keywords":"","_relevanssi_related_include_ids":"","_relevanssi_related_exclude_ids":"","_relevanssi_related_no_append":"","_relevanssi_related_not_related":"","_relevanssi_related_posts":"","_relevanssi_noindex_reason":"","inline_featured_image":false,"footnotes":""},"class_list":["post-29540","page","type-page","status-publish","hentry"],"acf":[],"_links":{"self":[{"href":"https:\/\/www.somatechnology.com\/spanish\/wp-json\/wp\/v2\/pages\/29540","targetHints":{"allow":["GET"]}}],"collection":[{"href":"https:\/\/www.somatechnology.com\/spanish\/wp-json\/wp\/v2\/pages"}],"about":[{"href":"https:\/\/www.somatechnology.com\/spanish\/wp-json\/wp\/v2\/types\/page"}],"author":[{"embeddable":true,"href":"https:\/\/www.somatechnology.com\/spanish\/wp-json\/wp\/v2\/users\/4"}],"replies":[{"embeddable":true,"href":"https:\/\/www.somatechnology.com\/spanish\/wp-json\/wp\/v2\/comments?post=29540"}],"version-history":[{"count":0,"href":"https:\/\/www.somatechnology.com\/spanish\/wp-json\/wp\/v2\/pages\/29540\/revisions"}],"wp:attachment":[{"href":"https:\/\/www.somatechnology.com\/spanish\/wp-json\/wp\/v2\/media?parent=29540"}],"curies":[{"name":"wp","href":"https:\/\/api.w.org\/{rel}","templated":true}]}}