{"id":29586,"date":"2024-02-15T15:37:22","date_gmt":"2024-02-15T20:37:22","guid":{"rendered":"https:\/\/www.somatechnology.com\/spanish\/?page_id=29586"},"modified":"2025-07-01T09:49:18","modified_gmt":"2025-07-01T13:49:18","slug":"equipo-de-endoscopia","status":"publish","type":"page","link":"https:\/\/www.somatechnology.com\/spanish\/equipo-de-endoscopia\/","title":{"rendered":"Equipo de endoscopia"},"content":{"rendered":"<div class=\"wpb-content-wrapper\"><p>[vc_row][vc_column][vc_column_text css=\u00bb\u00bb]<\/p>\n<h1>Soluciones completas de endoscop\u00eda<\/h1>\n<h3>Torres Completas<\/h3>\n<div class=\"woocommerce columns-4\"><div class=\"clearfix\"><\/div>\n<ul class=\"global-product row wow1 custom-fadeInUp1 columns-4\">\n<li class=\"top-category mb-3 mb-md-5 product-category product first\">\n    <div class=\"cmn-category-card\">\n            <h5><a class=\"stretched-link d-block text-20\" href=\"https:\/\/www.somatechnology.com\/spanish\/equipos-medicos\/sistema-de-video-endoscopia\/sistemas-completos-de-endoscopia\/\">Sistemas Completos de Endoscopia<\/a><\/h5>\n            <div class=\"category-img\">\n\t\t\t                <img decoding=\"async\" class=\"divImg\" style=\"background-image: url(&#039;https:\/\/www.somatechnology.com\/spanish\/wp-content\/uploads\/sites\/2\/2023\/12\/OLYMPUS-CV-180.png&#039;);\" src=\"https:\/\/www.somatechnology.com\/spanish\/wp-content\/themes\/somatechnology\/assets\/images\/0.gif\" height=\"209\" width=\"294\" alt=\"Sistemas Completos de Endoscopia\" title=\"\">\n                \t<\/div>\n\t\n\n\t\n\t<\/a>    <\/div>\n<\/li>\n<li class=\"top-category mb-3 mb-md-5 product-category product\">\n    <div class=\"cmn-category-card\">\n            <h5><a class=\"stretched-link d-block text-20\" href=\"https:\/\/www.somatechnology.com\/spanish\/equipos-medicos\/sistema-de-video-endoscopia\/sistemas-completos-de-laparoscopia\/\">Sistemas Completos de Laparoscopia<\/a><\/h5>\n            <div class=\"category-img\">\n\t\t\t                <img decoding=\"async\" class=\"divImg\" style=\"background-image: url(&#039;https:\/\/www.somatechnology.com\/spanish\/wp-content\/uploads\/sites\/2\/2023\/12\/STRYKER-1288-HD.png&#039;);\" src=\"https:\/\/www.somatechnology.com\/spanish\/wp-content\/themes\/somatechnology\/assets\/images\/0.gif\" height=\"209\" width=\"294\" alt=\"Sistemas Completos de Laparoscopia\" title=\"\">\n                \t<\/div>\n\t\n\n\t\n\t<\/a>    <\/div>\n<\/li>\n<\/ul>\n<\/div>\n<h3>Componentes del Sistema de Laparoscop\u00eda<\/h3>\n<div class=\"woocommerce columns-4\"><div class=\"clearfix\"><\/div>\n<ul class=\"global-product row wow1 custom-fadeInUp1 columns-4\">\n<li class=\"top-category mb-3 mb-md-5 product-category product first\">\n    <div class=\"cmn-category-card\">\n            <h5><a class=\"stretched-link d-block text-20\" href=\"https:\/\/www.somatechnology.com\/spanish\/equipos-medicos\/sistema-de-video-endoscopia\/camaras-de-video\/\">Camaras de Video<\/a><\/h5>\n            <div class=\"category-img\">\n\t\t\t                <img decoding=\"async\" class=\"divImg\" style=\"background-image: url(&#039;https:\/\/www.somatechnology.com\/spanish\/wp-content\/uploads\/sites\/2\/2023\/12\/camara-de-video.png&#039;);\" src=\"https:\/\/www.somatechnology.com\/spanish\/wp-content\/themes\/somatechnology\/assets\/images\/0.gif\" height=\"209\" width=\"294\" alt=\"Camaras de Video\" title=\"\">\n                \t<\/div>\n\t\n\n\t\n\t<\/a>    <\/div>\n<\/li>\n<li class=\"top-category mb-3 mb-md-5 product-category product\">\n    <div class=\"cmn-category-card\">\n            <h5><a class=\"stretched-link d-block text-20\" href=\"https:\/\/www.somatechnology.com\/spanish\/equipos-medicos\/sistema-de-video-endoscopia\/sistemas-completos-de-endoscopia\/capturadores-de-imagenes\/\">Capturadores de Imagenes<\/a><\/h5>\n            <div class=\"category-img\">\n\t\t\t                <img decoding=\"async\" class=\"divImg\" style=\"background-image: url(&#039;https:\/\/www.somatechnology.com\/spanish\/wp-content\/uploads\/sites\/2\/2023\/12\/SDC3.png&#039;);\" src=\"https:\/\/www.somatechnology.com\/spanish\/wp-content\/themes\/somatechnology\/assets\/images\/0.gif\" height=\"209\" width=\"294\" alt=\"Capturadores de Imagenes\" title=\"\">\n                \t<\/div>\n\t\n\n\t\n\t<\/a>    <\/div>\n<\/li>\n<li class=\"top-category mb-3 mb-md-5 product-category product\">\n    <div class=\"cmn-category-card\">\n            <h5><a class=\"stretched-link d-block text-20\" href=\"https:\/\/www.somatechnology.com\/spanish\/equipos-medicos\/sistema-de-video-endoscopia\/endoscopios-rigidos\/\">Endoscopios R\u00edgidos<\/a><\/h5>\n            <div class=\"category-img\">\n\t\t\t                <img decoding=\"async\" class=\"divImg\" style=\"background-image: url(&#039;https:\/\/www.somatechnology.com\/spanish\/wp-content\/uploads\/sites\/2\/2023\/12\/storz-arthroscope.png&#039;);\" src=\"https:\/\/www.somatechnology.com\/spanish\/wp-content\/themes\/somatechnology\/assets\/images\/0.gif\" height=\"209\" width=\"294\" alt=\"Endoscopios R\u00edgidos\" title=\"\">\n                \t<\/div>\n\t\n\n\t\n\t<\/a>    <\/div>\n<\/li>\n<li class=\"top-category mb-3 mb-md-5 product-category product last\">\n    <div class=\"cmn-category-card\">\n            <h5><a class=\"stretched-link d-block text-20\" href=\"https:\/\/www.somatechnology.com\/spanish\/equipos-medicos\/sistema-de-video-endoscopia\/fuentes-de-luz\/\">Fuentes de Luz<\/a><\/h5>\n            <div class=\"category-img\">\n\t\t\t                <img decoding=\"async\" class=\"divImg\" style=\"background-image: url(&#039;https:\/\/www.somatechnology.com\/spanish\/wp-content\/uploads\/sites\/2\/2023\/12\/fuentes-e-luz.png&#039;);\" src=\"https:\/\/www.somatechnology.com\/spanish\/wp-content\/themes\/somatechnology\/assets\/images\/0.gif\" height=\"209\" width=\"294\" alt=\"Fuentes de Luz\" title=\"\">\n                \t<\/div>\n\t\n\n\t\n\t<\/a>    <\/div>\n<\/li>\n<li class=\"top-category mb-3 mb-md-5 product-category product first\">\n    <div class=\"cmn-category-card\">\n            <h5><a class=\"stretched-link d-block text-20\" href=\"https:\/\/www.somatechnology.com\/spanish\/equipos-medicos\/sistema-de-video-endoscopia\/impresoras\/\">Impresoras<\/a><\/h5>\n            <div class=\"category-img\">\n\t\t\t                <img decoding=\"async\" class=\"divImg\" style=\"background-image: url(&#039;https:\/\/www.somatechnology.com\/spanish\/wp-content\/uploads\/sites\/2\/2023\/12\/SDP1000.png&#039;);\" src=\"https:\/\/www.somatechnology.com\/spanish\/wp-content\/themes\/somatechnology\/assets\/images\/0.gif\" height=\"209\" width=\"294\" alt=\"Impresoras\" title=\"\">\n                \t<\/div>\n\t\n\n\t\n\t<\/a>    <\/div>\n<\/li>\n<li class=\"top-category mb-3 mb-md-5 product-category product\">\n    <div class=\"cmn-category-card\">\n            <h5><a class=\"stretched-link d-block text-20\" href=\"https:\/\/www.somatechnology.com\/spanish\/equipos-medicos\/sistema-de-video-endoscopia\/insufladores\/\">Insufladores<\/a><\/h5>\n            <div class=\"category-img\">\n\t\t\t                <img decoding=\"async\" class=\"divImg\" style=\"background-image: url(&#039;https:\/\/www.somatechnology.com\/spanish\/wp-content\/uploads\/sites\/2\/2023\/12\/stryker-40L.png&#039;);\" src=\"https:\/\/www.somatechnology.com\/spanish\/wp-content\/themes\/somatechnology\/assets\/images\/0.gif\" height=\"209\" width=\"294\" alt=\"Insufladores\" title=\"\">\n                \t<\/div>\n\t\n\n\t\n\t<\/a>    <\/div>\n<\/li>\n<li class=\"top-category mb-3 mb-md-5 product-category product\">\n    <div class=\"cmn-category-card\">\n            <h5><a class=\"stretched-link d-block text-20\" href=\"https:\/\/www.somatechnology.com\/spanish\/equipos-medicos\/sistema-de-video-endoscopia\/sistemas-completos-de-laparoscopia\/\">Sistemas Completos de Laparoscopia<\/a><\/h5>\n            <div class=\"category-img\">\n\t\t\t                <img decoding=\"async\" class=\"divImg\" style=\"background-image: url(&#039;https:\/\/www.somatechnology.com\/spanish\/wp-content\/uploads\/sites\/2\/2023\/12\/STRYKER-1288-HD.png&#039;);\" src=\"https:\/\/www.somatechnology.com\/spanish\/wp-content\/themes\/somatechnology\/assets\/images\/0.gif\" height=\"209\" width=\"294\" alt=\"Sistemas Completos de Laparoscopia\" title=\"\">\n                \t<\/div>\n\t\n\n\t\n\t<\/a>    <\/div>\n<\/li>\n<\/ul>\n<\/div>\n<h3>Componentes del Sistema de Endoscop\u00eda<\/h3>\n<div class=\"woocommerce columns-4\"><\/div>\n<h3>Sistemas R\u00edgidos de Endoscop\u00eda<\/h3>\n<div class=\"woocommerce columns-4\"><div class=\"clearfix\"><\/div>\n<ul class=\"global-product row wow1 custom-fadeInUp1 columns-4\">\n<li class=\"top-category mb-3 mb-md-5 product-category product first\">\n    <div class=\"cmn-category-card\">\n            <h5><a class=\"stretched-link d-block text-20\" href=\"https:\/\/www.somatechnology.com\/spanish\/equipos-medicos\/unidades-electroquirurgicas-electrobisturis\/\">Electrobisturis<\/a><\/h5>\n            <div class=\"category-img\">\n\t\t\t                <img decoding=\"async\" class=\"divImg\" style=\"background-image: url(&#039;https:\/\/www.somatechnology.com\/spanish\/wp-content\/uploads\/sites\/2\/2023\/12\/ESU.png&#039;);\" src=\"https:\/\/www.somatechnology.com\/spanish\/wp-content\/themes\/somatechnology\/assets\/images\/0.gif\" height=\"209\" width=\"294\" alt=\"Electrobisturis\" title=\"\">\n                \t<\/div>\n\t\n\n\t\n\t<\/a>    <\/div>\n<\/li>\n<li class=\"top-category mb-3 mb-md-5 product-category product\">\n    <div class=\"cmn-category-card\">\n            <h5><a class=\"stretched-link d-block text-20\" href=\"https:\/\/www.somatechnology.com\/spanish\/equipos-medicos\/sistema-de-video-endoscopia\/endoscopios-flexibles\/\">Endoscopios Flexibles<\/a><\/h5>\n            <div class=\"category-img\">\n\t\t\t                <img decoding=\"async\" class=\"divImg\" style=\"background-image: url(&#039;https:\/\/www.somatechnology.com\/spanish\/wp-content\/uploads\/sites\/2\/2021\/07\/endoscopios-flexibles.jpeg&#039;);\" src=\"https:\/\/www.somatechnology.com\/spanish\/wp-content\/themes\/somatechnology\/assets\/images\/0.gif\" height=\"209\" width=\"294\" alt=\"Endoscopios Flexibles\" title=\"\">\n                \t<\/div>\n\t\n\n\t\n\t<\/a>    <\/div>\n<\/li>\n<li class=\"top-category mb-3 mb-md-5 product-category product\">\n    <div class=\"cmn-category-card\">\n            <h5><a class=\"stretched-link d-block text-20\" href=\"https:\/\/www.somatechnology.com\/spanish\/equipos-medicos\/sistema-de-video-endoscopia\/fuentes-de-luz\/\">Fuentes de Luz<\/a><\/h5>\n            <div class=\"category-img\">\n\t\t\t                <img decoding=\"async\" class=\"divImg\" style=\"background-image: url(&#039;https:\/\/www.somatechnology.com\/spanish\/wp-content\/uploads\/sites\/2\/2023\/12\/fuentes-e-luz.png&#039;);\" src=\"https:\/\/www.somatechnology.com\/spanish\/wp-content\/themes\/somatechnology\/assets\/images\/0.gif\" height=\"209\" width=\"294\" alt=\"Fuentes de Luz\" title=\"\">\n                \t<\/div>\n\t\n\n\t\n\t<\/a>    <\/div>\n<\/li>\n<li class=\"top-category mb-3 mb-md-5 product-category product last\">\n    <div class=\"cmn-category-card\">\n            <h5><a class=\"stretched-link d-block text-20\" href=\"https:\/\/www.somatechnology.com\/spanish\/equipos-medicos\/sistema-de-video-endoscopia\/monitores-de-pantalla-plana\/\">Monitores de Pantalla Plana para Endoscopia<\/a><\/h5>\n            <div class=\"category-img\">\n\t\t\t                <img decoding=\"async\" class=\"divImg\" style=\"background-image: url(&#039;https:\/\/www.somatechnology.com\/spanish\/wp-content\/uploads\/sites\/2\/2023\/12\/storz-19-HD-monitor.png&#039;);\" src=\"https:\/\/www.somatechnology.com\/spanish\/wp-content\/themes\/somatechnology\/assets\/images\/0.gif\" height=\"209\" width=\"294\" alt=\"Monitores de Pantalla Plana para Endoscopia\" title=\"\">\n                \t<\/div>\n\t\n\n\t\n\t<\/a>    <\/div>\n<\/li>\n<li class=\"top-category mb-3 mb-md-5 product-category product first\">\n    <div class=\"cmn-category-card\">\n            <h5><a class=\"stretched-link d-block text-20\" href=\"https:\/\/www.somatechnology.com\/spanish\/equipos-medicos\/sistema-de-video-endoscopia\/procesadores-de-video\/\">Procesadores de Video Para Endoscopia<\/a><\/h5>\n            <div class=\"category-img\">\n\t\t\t                <img decoding=\"async\" class=\"divImg\" style=\"background-image: url(&#039;https:\/\/www.somatechnology.com\/spanish\/wp-content\/uploads\/sites\/2\/2023\/12\/pentax-EPK-1000.png&#039;);\" src=\"https:\/\/www.somatechnology.com\/spanish\/wp-content\/themes\/somatechnology\/assets\/images\/0.gif\" height=\"209\" width=\"294\" alt=\"Procesadores de Video Para Endoscopia\" title=\"\">\n                \t<\/div>\n\t\n\n\t\n\t<\/a>    <\/div>\n<\/li>\n<li class=\"top-category mb-3 mb-md-5 product-category product\">\n    <div class=\"cmn-category-card\">\n            <h5><a class=\"stretched-link d-block text-20\" href=\"https:\/\/www.somatechnology.com\/spanish\/equipos-medicos\/sistema-de-video-endoscopia\/sistemas-completos-de-endoscopia\/\">Sistemas Completos de Endoscopia<\/a><\/h5>\n            <div class=\"category-img\">\n\t\t\t                <img decoding=\"async\" class=\"divImg\" style=\"background-image: url(&#039;https:\/\/www.somatechnology.com\/spanish\/wp-content\/uploads\/sites\/2\/2023\/12\/OLYMPUS-CV-180.png&#039;);\" src=\"https:\/\/www.somatechnology.com\/spanish\/wp-content\/themes\/somatechnology\/assets\/images\/0.gif\" height=\"209\" width=\"294\" alt=\"Sistemas Completos de Endoscopia\" title=\"\">\n                \t<\/div>\n\t\n\n\t\n\t<\/a>    <\/div>\n<\/li>\n<\/ul>\n<\/div>[\/vc_column_text][\/vc_column][\/vc_row]<\/p>\n<\/div>","protected":false},"excerpt":{"rendered":"<p>[vc_row][vc_column][vc_column_text css=\u00bb\u00bb] Soluciones completas de endoscop\u00eda Torres Completas Componentes del Sistema de Laparoscop\u00eda Componentes del Sistema de Endoscop\u00eda Sistemas R\u00edgidos de Endoscop\u00eda [\/vc_column_text][\/vc_column][\/vc_row]<\/p>\n","protected":false},"author":4,"featured_media":0,"parent":0,"menu_order":0,"comment_status":"closed","ping_status":"closed","template":"templates\/product-and-product-category.php","meta":{"_acf_changed":false,"_relevanssi_hide_post":"","_relevanssi_hide_content":"","_relevanssi_pin_for_all":"","_relevanssi_pin_keywords":"","_relevanssi_unpin_keywords":"","_relevanssi_related_keywords":"","_relevanssi_related_include_ids":"","_relevanssi_related_exclude_ids":"","_relevanssi_related_no_append":"","_relevanssi_related_not_related":"","_relevanssi_related_posts":"","_relevanssi_noindex_reason":"","inline_featured_image":false,"footnotes":""},"class_list":["post-29586","page","type-page","status-publish","hentry"],"acf":[],"_links":{"self":[{"href":"https:\/\/www.somatechnology.com\/spanish\/wp-json\/wp\/v2\/pages\/29586","targetHints":{"allow":["GET"]}}],"collection":[{"href":"https:\/\/www.somatechnology.com\/spanish\/wp-json\/wp\/v2\/pages"}],"about":[{"href":"https:\/\/www.somatechnology.com\/spanish\/wp-json\/wp\/v2\/types\/page"}],"author":[{"embeddable":true,"href":"https:\/\/www.somatechnology.com\/spanish\/wp-json\/wp\/v2\/users\/4"}],"replies":[{"embeddable":true,"href":"https:\/\/www.somatechnology.com\/spanish\/wp-json\/wp\/v2\/comments?post=29586"}],"version-history":[{"count":0,"href":"https:\/\/www.somatechnology.com\/spanish\/wp-json\/wp\/v2\/pages\/29586\/revisions"}],"wp:attachment":[{"href":"https:\/\/www.somatechnology.com\/spanish\/wp-json\/wp\/v2\/media?parent=29586"}],"curies":[{"name":"wp","href":"https:\/\/api.w.org\/{rel}","templated":true}]}}