{"id":31367,"date":"2024-11-25T12:03:36","date_gmt":"2024-11-25T17:03:36","guid":{"rendered":"https:\/\/www.somatechnology.com\/spanish\/?page_id=31367"},"modified":"2026-04-07T11:51:58","modified_gmt":"2026-04-07T15:51:58","slug":"equipamiento-medico-en-bolivia","status":"publish","type":"page","link":"https:\/\/www.somatechnology.com\/spanish\/equipamiento-medico-en-bolivia\/","title":{"rendered":"Equipos m\u00e9dicos nuevos, reacondicionados y usados en Bolivia"},"content":{"rendered":"<div class=\"wpb-content-wrapper\"><p>[vc_row full_width=\u00bbstretch_row_content\u00bb el_class=\u00bbcmn-cms-banner\u00bb css=\u00bb.vc_custom_1724856298176{background-image: url(https:\/\/www.somatechnology.com\/wp-content\/uploads\/sites\/2\/2024\/08\/Background-01-1-scaled.jpg?id=30733) !important;background-position: center !important;background-repeat: no-repeat !important;background-size: cover !important;}\u00bb][vc_column][vc_column_text el_class=\u00bbcontainer\u00bb]<\/p>\n<h6 class=\"h6 d-block\"><span class=\"ui-provider a b c d e f g h i j k l m n o p q r s t u v w x y z ab ac ae af ag ah ai aj ak\" dir=\"ltr\">Equipos m\u00e9dicos capitales confiables<\/span><\/h6>\n<h1 class=\"display\"><span class=\"ui-provider a b c d e f g h i j k l m n o p q r s t u v w x y z ab ac ae af ag ah ai aj ak\" dir=\"ltr\">Equipos m\u00e9dicos nuevos, reacondicionados y usados en Bolivia<\/span><\/h1>\n<p>[\/vc_column_text][vc_column_text][\/vc_column_text][\/vc_column][\/vc_row][vc_row gap=\u00bb35&#8243; equal_height=\u00bbyes\u00bb content_placement=\u00bbtop\u00bb css=\u00bb.vc_custom_1724784471886{padding-top: 4em !important;padding-bottom: 2em !important;}\u00bb][vc_column width=\u00bb1\/2&#8243; el_id=\u00bbstretch\u00bb][vc_column_text]<\/p>\n<h3>Equipos m\u00e9dicos confiables<\/h3>\n<p>Soma,\u00a0es\u00a0una empresa l\u00edder en equipos m\u00e9dicos,\u00a0donde ofrecemos\u00a0dispositivos m\u00e9dicos nuevos y reacondicionados de alta calidad a precios competitivos\u00a0a nivel mundial.\u00a0Contamos\u00a0con uno de los inventarios m\u00e1s grandes\u00a0en el mercado. Nuestros equipos reacondicionados cumplen y superan constantemente las expectativas de los clientes.\u00a0En Soma ayudamos\u00a0a las instituciones m\u00e9dicas\u00a0ahorrar\u00a0hasta un 60% en los costos de equipos m\u00e9dicos sin comprometer la calidad de estos.[\/vc_column_text][vc_column_text css=\u00bb.vc_custom_1775577028516{padding-top: 50px !important;padding-bottom: 0px !important;}\u00bb]<a class=\"btn btn-primary\" style=\"float: left; margin-right: 10px;\" href=\"https:\/\/www.somatechnology.com\/spanish\/\">Ver Equipos<\/a><\/p>\n<p><a class=\"btn btn-tetriary\" style=\"float: left; margin-left: 10px;\" href=\"https:\/\/www.somatechnology.com\/wp-content\/uploads\/sites\/2\/2024\/01\/Soma-Tech-Intl-2021-equipo-medico-nuevo-de-demostracion-y-reconstruidos.pdf\">Ver Cat\u00e1logo<\/a>[\/vc_column_text][\/vc_column][vc_column width=\u00bb1\/2&#8243;][vc_single_image image=\u00bb31368&#8243; img_size=\u00bblarge\u00bb alignment=\u00bbright\u00bb style=\u00bbvc_box_rounded\u00bb][\/vc_column][\/vc_row][vc_row][vc_column][vc_separator css=\u00bb.vc_custom_1724851872000{padding-top: 2em !important;padding-bottom: 2em !important;}\u00bb][\/vc_column][\/vc_row][vc_row css=\u00bb.vc_custom_1726521136737{padding-top: 2em !important;padding-bottom: 3em !important;}\u00bb][vc_column][vc_column_text]<\/p>\n<h6 style=\"text-align: center;\">Destacados<\/h6>\n<h3 style=\"text-align: center;\">Equipos de Cardiolog\u00eda<\/h3>\n<p>[\/vc_column_text][\/vc_column][\/vc_row][vc_row css=\u00bb.vc_custom_1726521169282{padding-top: 2em !important;padding-bottom: 4em !important;}\u00bb][vc_column][vc_column_text]<div class=\"woocommerce columns-4\"><div class=\"clearfix\"><\/div>\n<ul class=\"global-product row wow1 custom-fadeInUp1 columns-4\">\n<li class=\"top-category mb-3 mb-md-5 product-category product first\">\n    <div class=\"cmn-category-card\">\n            <h5><a class=\"stretched-link d-block text-20\" href=\"https:\/\/www.somatechnology.com\/spanish\/equipos-medicos\/generador-de-radiofrecuencia\/\">Generador de Radiofrecuencia<\/a><\/h5>\n            <div class=\"category-img\">\n\t\t\t                <img decoding=\"async\" class=\"divImg\" style=\"background-image: url(&#039;https:\/\/www.somatechnology.com\/spanish\/wp-content\/uploads\/sites\/2\/2018\/10\/Stryker-MultiGen-2.jpg&#039;);\" src=\"https:\/\/www.somatechnology.com\/spanish\/wp-content\/themes\/somatechnology\/assets\/images\/0.gif\" height=\"209\" width=\"294\" alt=\"Generador de Radiofrecuencia\" title=\"\">\n                \t<\/div>\n\t\n\n\t\n\t<\/a>    <\/div>\n<\/li>\n<li class=\"top-category mb-3 mb-md-5 product-category product\">\n    <div class=\"cmn-category-card\">\n            <h5><a class=\"stretched-link d-block text-20\" href=\"https:\/\/www.somatechnology.com\/spanish\/equipos-medicos\/sistema-de-video-endoscopia\/sistemas-completos-de-laparoscopia\/\">Sistemas Completos de Laparoscopia<\/a><\/h5>\n            <div class=\"category-img\">\n\t\t\t                <img decoding=\"async\" class=\"divImg\" style=\"background-image: url(&#039;https:\/\/www.somatechnology.com\/spanish\/wp-content\/uploads\/sites\/2\/2023\/12\/STRYKER-1288-HD.png&#039;);\" src=\"https:\/\/www.somatechnology.com\/spanish\/wp-content\/themes\/somatechnology\/assets\/images\/0.gif\" height=\"209\" width=\"294\" alt=\"Sistemas Completos de Laparoscopia\" title=\"\">\n                \t<\/div>\n\t\n\n\t\n\t<\/a>    <\/div>\n<\/li>\n<li class=\"top-category mb-3 mb-md-5 product-category product\">\n    <div class=\"cmn-category-card\">\n            <h5><a class=\"stretched-link d-block text-20\" href=\"https:\/\/www.somatechnology.com\/spanish\/equipos-medicos\/imagenologia-radiologia\/ultrasonidos\/\">Ultrasonidos<\/a><\/h5>\n            <div class=\"category-img\">\n\t\t\t                <img decoding=\"async\" class=\"divImg\" style=\"background-image: url(&#039;https:\/\/www.somatechnology.com\/spanish\/wp-content\/uploads\/sites\/2\/2023\/12\/ultrasound.png&#039;);\" src=\"https:\/\/www.somatechnology.com\/spanish\/wp-content\/themes\/somatechnology\/assets\/images\/0.gif\" height=\"209\" width=\"294\" alt=\"Ultrasonidos\" title=\"\">\n                \t<\/div>\n\t\n\n\t\n\t<\/a>    <\/div>\n<\/li>\n<li class=\"top-category mb-3 mb-md-5 product-category product last\">\n    <div class=\"cmn-category-card\">\n            <h5><a class=\"stretched-link d-block text-20\" href=\"https:\/\/www.somatechnology.com\/spanish\/equipos-medicos\/ventiladores\/\">Ventiladores<\/a><\/h5>\n            <div class=\"category-img\">\n\t\t\t                <img decoding=\"async\" class=\"divImg\" style=\"background-image: url(&#039;https:\/\/www.somatechnology.com\/spanish\/wp-content\/uploads\/sites\/2\/2023\/12\/Ventilator.png&#039;);\" src=\"https:\/\/www.somatechnology.com\/spanish\/wp-content\/themes\/somatechnology\/assets\/images\/0.gif\" height=\"209\" width=\"294\" alt=\"Ventiladores\" title=\"\">\n                \t<\/div>\n\t\n\n\t\n\t<\/a>    <\/div>\n<\/li>\n<\/ul>\n<\/div>[\/vc_column_text][\/vc_column][\/vc_row][vc_row full_width=\u00bbstretch_row_content\u00bb content_placement=\u00bbmiddle\u00bb css=\u00bb.vc_custom_1724852586382{padding-top: 3em !important;padding-bottom: 3em !important;background: #233066 url(https:\/\/www.somatechnology.com\/wp-content\/uploads\/sites\/2\/2024\/08\/IMG_1319-5-scaled.jpg?id=30686) !important;background-position: center !important;background-repeat: no-repeat !important;background-size: cover !important;}\u00bb el_class=\u00bbcmn-cms-banner\u00bb][vc_column width=\u00bb1\/3&#8243;][\/vc_column][vc_column width=\u00bb1\/3&#8243;][vc_column_text]<\/p>\n<h6 style=\"text-align: center; color: #ffffff;\">Un poco<\/h6>\n<h4 style=\"text-align: center; color: #ffffff;\">Sobre Nosotros<\/h4>\n<p style=\"text-align: center; color: #ffffff;\">Fundada hace m\u00e1s de 35 a\u00f1os, Soma Tech Int\u2019l se ha convertido en un l\u00edder confiable en la industria de equipos m\u00e9dicos.\u00a0Nos motiva\u00a0un fuerte compromiso con la calidad y la innovaci\u00f3n. Soma Tech Int\u2019l comenz\u00f3 como una peque\u00f1a operaci\u00f3n y se expandi\u00f3 a un proveedor global de equipos m\u00e9dicos nuevos y reacondicionados, sirviendo a instalaciones de salud\u00a0globalmente.<\/p>\n<p>[\/vc_column_text][vc_column_text css=\u00bb.vc_custom_1775576909791{padding-top: 10px !important;padding-bottom: 1px !important;}\u00bb]<\/p>\n<p style=\"text-align: center;\"><a class=\"btn btn-secondary\" href=\"mailto:maria@somatechnology.com?subject=Solicitud%20de%20equipo%20m\u00e9dico\">Leer M\u00e1s<\/a><\/p>\n<p>[\/vc_column_text][\/vc_column][vc_column width=\u00bb1\/3&#8243;][\/vc_column][\/vc_row][vc_row css=\u00bb.vc_custom_1724852614503{padding-top: 4em !important;padding-bottom: 1em !important;}\u00bb][vc_column][vc_column_text el_class=\u00bbwhitetext\u00bb]<\/p>\n<h6 style=\"text-align: center;\">Conecta con<\/h6>\n<h3 style=\"text-align: center;\">Nuestro Representante<\/h3>\n<p>[\/vc_column_text][\/vc_column][\/vc_row][vc_row content_placement=\u00bbtop\u00bb css=\u00bb.vc_custom_1724865776483{padding-top: 1em !important;}\u00bb][vc_column width=\u00bb1\/3&#8243; offset=\u00bbvc_hidden-md vc_hidden-sm\u00bb][\/vc_column][vc_column width=\u00bb1\/3&#8243;][vc_single_image image=\u00bb31238&#8243; img_size=\u00bb200&#215;200&#8243; alignment=\u00bbcenter\u00bb style=\u00bbvc_box_circle\u00bb css=\u00bb.vc_custom_1775576791803{padding-bottom: 1em !important;}\u00bb][vc_column_text css=\u00bb\u00bb]<\/p>\n<h5 style=\"text-align: center;\">Maria Cazco<\/h5>\n<p style=\"text-align: center;\">Atiende a clientes de Sudam\u00e9rica, Espa\u00f1a y Portugal. Si usted es de alguna de las \u00e1reas mencionadas, no dude en llamarla o en enviarle un correo electr\u00f3nico para pedir cotizaciones de nuestros equipos m\u00e9dicos reconstruidos y usados.<\/p>\n<p>[\/vc_column_text][\/vc_column][vc_column width=\u00bb1\/3&#8243; offset=\u00bbvc_hidden-md vc_hidden-sm\u00bb][\/vc_column][\/vc_row][vc_row content_placement=\u00bbtop\u00bb css=\u00bb.vc_custom_1724868692824{padding-bottom: 1em !important;}\u00bb][vc_column width=\u00bb1\/3&#8243;][\/vc_column][vc_column width=\u00bb1\/3&#8243;][vc_column_text css=\u00bb\u00bb]<\/p>\n<p style=\"text-align: center;\"><a class=\"btn btn-link text-16\" href=\"mailto:maria@somatechnology.com\">maria@somatechnology.com<\/a><br \/>\n<a class=\"btn btn-link text-16\" href=\"tel:+18605781014\">(860) 578-1014<\/a><\/p>\n<p>[\/vc_column_text][\/vc_column][vc_column width=\u00bb1\/3&#8243;][\/vc_column][\/vc_row][vc_row css=\u00bb.vc_custom_1724865812945{padding-top: 1em !important;}\u00bb][vc_column][vc_column_text css=\u00bb\u00bb]<\/p>\n<p style=\"text-align: center;\"><a href=\"https:\/\/www.somatechnology.com\/spanish\/contactenos-equipo-medico\/\">Cont\u00e1ctanos<\/a><\/p>\n<p>[\/vc_column_text][\/vc_column][\/vc_row]<\/p>\n<\/div>","protected":false},"excerpt":{"rendered":"<p>[vc_row full_width=\u00bbstretch_row_content\u00bb el_class=\u00bbcmn-cms-banner\u00bb css=\u00bb.vc_custom_1724856298176{background-image: url(https:\/\/www.somatechnology.com\/wp-content\/uploads\/sites\/2\/2024\/08\/Background-01-1-scaled.jpg?id=30733) !important;background-position: center !important;background-repeat: no-repeat !important;background-size: cover !important;}\u00bb][vc_column][vc_column_text el_class=\u00bbcontainer\u00bb] Equipos m\u00e9dicos capitales confiables Equipos m\u00e9dicos nuevos, reacondicionados y usados en&#8230;<\/p>\n","protected":false},"author":27,"featured_media":0,"parent":0,"menu_order":0,"comment_status":"closed","ping_status":"closed","template":"templates\/product-and-product-category.php","meta":{"_acf_changed":false,"_relevanssi_hide_post":"","_relevanssi_hide_content":"","_relevanssi_pin_for_all":"","_relevanssi_pin_keywords":"","_relevanssi_unpin_keywords":"","_relevanssi_related_keywords":"","_relevanssi_related_include_ids":"","_relevanssi_related_exclude_ids":"","_relevanssi_related_no_append":"","_relevanssi_related_not_related":"","_relevanssi_related_posts":"","_relevanssi_noindex_reason":"","inline_featured_image":false,"footnotes":""},"class_list":["post-31367","page","type-page","status-publish","hentry"],"acf":[],"_links":{"self":[{"href":"https:\/\/www.somatechnology.com\/spanish\/wp-json\/wp\/v2\/pages\/31367","targetHints":{"allow":["GET"]}}],"collection":[{"href":"https:\/\/www.somatechnology.com\/spanish\/wp-json\/wp\/v2\/pages"}],"about":[{"href":"https:\/\/www.somatechnology.com\/spanish\/wp-json\/wp\/v2\/types\/page"}],"author":[{"embeddable":true,"href":"https:\/\/www.somatechnology.com\/spanish\/wp-json\/wp\/v2\/users\/27"}],"replies":[{"embeddable":true,"href":"https:\/\/www.somatechnology.com\/spanish\/wp-json\/wp\/v2\/comments?post=31367"}],"version-history":[{"count":0,"href":"https:\/\/www.somatechnology.com\/spanish\/wp-json\/wp\/v2\/pages\/31367\/revisions"}],"wp:attachment":[{"href":"https:\/\/www.somatechnology.com\/spanish\/wp-json\/wp\/v2\/media?parent=31367"}],"curies":[{"name":"wp","href":"https:\/\/api.w.org\/{rel}","templated":true}]}}