{"id":44,"date":"2016-07-15T17:25:44","date_gmt":"2016-07-15T17:25:44","guid":{"rendered":"http:\/\/equipomedicocentral.com\/wordpress\/?page_id=44"},"modified":"2024-07-17T10:51:47","modified_gmt":"2024-07-17T14:51:47","slug":"blog","status":"publish","type":"page","link":"https:\/\/www.somatechnology.com\/spanish\/blog\/","title":{"rendered":"\u00bfNecesito un C-arm de tama\u00f1o completo o un Mini C-arm?"},"content":{"rendered":"<ol>\n<li><a href=\"#introduction\">Introducci\u00f3n<\/a><\/li>\n<li><a href=\"#carm\">\u00bfQu\u00e9 es un C-arm?<\/a><\/li>\n<li><a href=\"#full-sized-c-arms\">C-arms de tama\u00f1o completo<\/a><\/li>\n<li><a href=\"#c-arm-recommendations\">Recomendaciones de C-arm<\/a><\/li>\n<li><a href=\"#mini-c-arms\">Mini C-arms<\/a><\/li>\n<li><a href=\"#mini-c-arm-recommendations\">Recomendaciones de Mini C-arm<\/a><\/li>\n<li><a href=\"#making-the-right-choice\">Tomando la Decisi\u00f3n Correcta<\/a><\/li>\n<\/ol>\n<h2 id=\"introduction\">Introducci\u00f3n<\/h2>\n<p>En la imagenolog\u00eda m\u00e9dica, la elecci\u00f3n entre un C-arm de tama\u00f1o completo y un mini C-arm puede impactar significativamente en la efectividad de los procedimientos m\u00e9dicos. Cada dispositivo tiene sus ventajas dependiendo de las necesidades cl\u00ednicas y el tipo de procedimientos. Este an\u00e1lisis ayuda a determinar la mejor opci\u00f3n seg\u00fan las necesidades individuales.<\/p>\n<h3 id=\"carm\">\u00bfQu\u00e9 es un C-arm?<\/h3>\n<p>Un C-arm es un equipo especializado de imagenolog\u00eda m\u00e9dica utilizado principalmente en procedimientos quir\u00fargicos e intervencionistas para generar im\u00e1genes de rayos X en tiempo real. Su nombre proviene del brazo en forma de C que conecta la fuente de rayos X y el detector, proporcionando flexibilidad para posicionarse alrededor del paciente.<\/p>\n<h3 id=\"full-sized-c-arms\">C-arms de tama\u00f1o completo: Ventajas en Potencia y Versatilidad<\/h3>\n<p>Los C-arms de tama\u00f1o completo son conocidos por su capacidad superior de imagen, ofreciendo una alta resoluci\u00f3n necesaria para procedimientos complejos como cirug\u00edas ortop\u00e9dicas, intervenciones vasculares y procedimientos card\u00edacos. Adem\u00e1s, estos sistemas proporcionan flexibilidad con un campo de visi\u00f3n m\u00e1s amplio, permitiendo la imagen desde diferentes \u00e1ngulos sin necesidad de reposicionar al paciente, lo que los hace adecuados para una amplia gama de tama\u00f1os de pacientes. Adem\u00e1s, los C-arms de tama\u00f1o completo est\u00e1n equipados con caracter\u00edsticas avanzadas como la angiograf\u00eda por sustracci\u00f3n digital (DSA) para mejorar la precisi\u00f3n diagn\u00f3stica y la gu\u00eda terap\u00e9utica. Por \u00faltimo, estos sistemas est\u00e1n dise\u00f1ados para mejorar la eficiencia del flujo de trabajo en entornos de atenci\u00f3n m\u00e9dica ocupados donde son esenciales la r\u00e1pida imagenolog\u00eda y el soporte integral durante los procedimientos.<\/p>\n<h4><strong>Philips Veradius<\/strong><\/h4>\n<p>Soma Tech ofrece varios C-arms de tama\u00f1o completo como el <a href=\"https:\/\/www.somatechnology.com\/c-arms\/philips-veradius\"><strong>Philips Veradius<\/strong><\/a>, un sistema que genera im\u00e1genes de alta calidad para asistir en la gu\u00eda y posicionamiento en procedimientos diagn\u00f3sticos, intervencionistas y quir\u00fargicos tanto en pacientes adultos como pedi\u00e1tricos.<\/p>\n<div class=\"markdown prose w-full break-words dark:prose-invert dark\">\n<h4><strong>GE OEC 9900 Elite<\/strong><\/h4>\n<p>Otro C-arm que ofrece Soma es el <a href=\"https:\/\/www.somatechnology.com\/c-arms\/ge-oec-9900-elite\"><strong>GE OEC 9900 Elite C-arm<\/strong><\/a>, el cual est\u00e1 equipado con una interfaz sencilla y un arco extendido que permite un mejor acceso al paciente para procedimientos espec\u00edficos como cardiovascular y manejo del dolor.<\/p>\n<\/div>\n<h3 id=\"mini-c-arms\">Mini C-arms: Eficiencia Compacta<\/h3>\n<p>Los sistemas Mini C-arm proporcionan una soluci\u00f3n compacta y eficiente dise\u00f1ada espec\u00edficamente para ciertas aplicaciones. Las ventajas de los Mini C-arms incluyen su portabilidad, menor radiaci\u00f3n, configuraci\u00f3n r\u00e1pida, adecuaci\u00f3n para aplicaciones especializadas y rentabilidad. Estos sistemas son ligeros y f\u00e1ciles de mover, lo que los hace ideales para cl\u00ednicas ambulatorias, salas de emergencia y otros entornos con espacio limitado. Adem\u00e1s, los Mini C-arms requieren un tiempo m\u00ednimo de configuraci\u00f3n, lo que permite un despliegue r\u00e1pido y una mejora en la eficiencia del flujo de trabajo en entornos din\u00e1micos. Son especialmente adecuados para especialidades como ortopedia, podolog\u00eda y medicina deportiva, ofreciendo im\u00e1genes de alta calidad para extremidades como manos, pies y mu\u00f1ecas. Adem\u00e1s, los Mini <a href=\"https:\/\/www.somatechnology.com\/c-arms\/\">C-arms suelen ser m\u00e1s asequibles<\/a> que los C-arms de tama\u00f1o completo, convirti\u00e9ndolos en una opci\u00f3n rentable para pr\u00e1cticas que se centran en procedimientos espec\u00edficos sin comprometer la calidad de imagen.<\/p>\n<p>&nbsp;<\/p>\n<p><strong>Orthoscan Tau 2020<\/strong><\/p>\n<p>El <a href=\"https:\/\/www.somatechnology.com\/mini-c-arms\/orthoscan-tau-2020\"><strong>Orthoscan Tau 2020<\/strong><\/a> es un C-arm compacto equipado con una articulaci\u00f3n mejorada, una interfaz de usuario sofisticada y capacidades inteligentes de reducci\u00f3n de dosis. Cuenta con un dise\u00f1o ligero y una vibrante pantalla de 27 pulgadas que muestra una imagen en vivo de 13&#8243; x 13&#8243;.<\/p>\n<p><strong>Hologic Insight FD<\/strong><\/p>\n<p>El <a href=\"https:\/\/www.somatechnology.com\/mini-c-arms\/hologic-insight-fd\"><strong>Hologic Fluoroscan InSight FD<\/strong><\/a> es un C-arm compacto equipado con tecnolog\u00eda de pantalla plana. Proporciona im\u00e1genes de alta calidad mientras mantiene bajos niveles de exposici\u00f3n a la radiaci\u00f3n. Dise\u00f1ado para la flexibilidad, el InSight FD ofrece un amplio rango de movimiento de hasta 120 grados.<\/p>\n<h3 id=\"making-the-right-choice\">Tomando la Decisi\u00f3n Correcta<\/h3>\n<p>Al decidir entre un C-arm de tama\u00f1o completo y un Mini C-arm, considere los siguientes factores:<\/p>\n<ul>\n<li><strong>Necesidades Cl\u00ednicas:<\/strong> Analice los procedimientos m\u00e1s comunes y sus respectivas demandas de imagenolog\u00eda.<\/li>\n<li><strong>Espacio y Movilidad:<\/strong> Eval\u00fae el dise\u00f1o de su instalaci\u00f3n y determine si la portabilidad y la eficiencia de espacio son factores esenciales a considerar.<\/li>\n<li><strong>Presupuesto:<\/strong> Eval\u00fae sus limitaciones financieras y considere los gastos iniciales, los costos de mantenimiento y el posible retorno de la inversi\u00f3n.<\/li>\n<li><strong>Crecimiento Futuro:<\/strong> Planifique los requisitos futuros y considere si su <a href=\"https:\/\/www.somatechnology.com\/blog\/press-releases\/the-history-of-portable-x-ray-machines\/\">equipo de imagenolog\u00eda<\/a> necesita apoyar el crecimiento de servicios o funciones procedimentales adicionales.<\/li>\n<\/ul>\n<h3>Procedimientos Recomendados para un C-arm de Tama\u00f1o Completo:<\/h3>\n<ul>\n<li><strong>Cirug\u00edas Ortop\u00e9dicas:<\/strong> Reemplazos totales de articulaciones (por ejemplo, cadera, rodilla), Cirug\u00edas espinales (por ejemplo, procedimientos de fusi\u00f3n, descompresi\u00f3n espinal), Reducciones y fijaciones de fracturas<\/li>\n<li><strong>Intervenciones Card\u00edacas:<\/strong> Angiograf\u00eda coronaria, Intervenciones coronarias percut\u00e1neas (por ejemplo, colocaci\u00f3n de stent), Estudios y ablaciones de electrofisiolog\u00eda<\/li>\n<li><strong>Procedimientos Vasculares:<\/strong> Intervenciones vasculares perif\u00e9ricas (por ejemplo, angioplastia, colocaci\u00f3n de stent), Reparaciones de aneurismas a\u00f3rticos, Tratamientos endovasculares<\/li>\n<li><strong>Procedimientos Neuroquir\u00fargicos:<\/strong> Embolizaci\u00f3n de aneurismas intracraneales, Implante de estimulador de m\u00e9dula espinal, Biopsias y resecciones de tumores<\/li>\n<li><strong>Procedimientos Gastrointestinales:<\/strong> CPRE (Colangiopancreatograf\u00eda Retr\u00f3grada Endosc\u00f3pica), Colocaci\u00f3n de tubos de gastrostom\u00eda<\/li>\n<li><strong>Procedimientos de Manejo del Dolor:<\/strong> Inyecciones de esteroides epidurales, Inyecciones en las articulaciones facetarias, Ablaci\u00f3n por radiofrecuencia<\/li>\n<\/ul>\n<h3>Procedimientos Recomendados para un Mini C-arm:<\/h3>\n<ul>\n<li><strong>Procedimientos Ortop\u00e9dicos Involucrando Extremidades:<\/strong> Cirug\u00edas de mano y mu\u00f1eca (por ejemplo, fijaci\u00f3n de fracturas, liberaci\u00f3n del t\u00fanel carpiano), Cirug\u00edas de pie y tobillo (por ejemplo, reparaci\u00f3n de fracturas, procedimientos artrosc\u00f3picos)<\/li>\n<li><strong>Procedimientos Podi\u00e1tricos:<\/strong> Cirug\u00edas de dedos y pies (por ejemplo, bunionectom\u00eda, correcci\u00f3n de juanetes), Cirug\u00edas pl\u00e1sticas y reconstructivas: Cirug\u00edas de mano (por ejemplo, reparaciones de tendones, descompresi\u00f3n nerviosa), Procedimientos de tejidos blandos (por ejemplo, extirpaci\u00f3n de quistes, extracci\u00f3n de cuerpos extra\u00f1os)<\/li>\n<li><strong>Procedimientos de Sala de Emergencias y Atenci\u00f3n Urgente:<\/strong> Evaluaciones y reducciones de fracturas, Luxaciones articulares (por ejemplo, hombro, codo)<\/li>\n<\/ul>\n<h3>Escogiendo el C-arm Correcto<\/h3>\n<p>La elecci\u00f3n entre un C-arm de tama\u00f1o completo y un Mini C-arm est\u00e1 influenciada por varios factores, incluyendo la naturaleza de los procedimientos realizados, las especificaciones de imagenolog\u00eda, las limitaciones de espacio, consideraciones financieras y requisitos de movilidad. Los C-arms de tama\u00f1o completo ofrecen capacidades de imagen superior y son ideales para procedimientos complejos que involucran regiones anat\u00f3micas m\u00e1s grandes o estructuras m\u00e1s profundas. Por otro lado, los Mini C-arms son compactos, econ\u00f3micos y perfectos para la imagenolog\u00eda dirigida de extremidades en entornos m\u00e9dicos m\u00e1s peque\u00f1os. Una evaluaci\u00f3n exhaustiva de estos factores es esencial para que los profesionales de la salud tomen una decisi\u00f3n informada que se alinee con sus requisitos cl\u00ednicos y operativos.<\/p>\n<h3>Conclusi\u00f3n<\/h3>\n<p>Al final, la decisi\u00f3n entre un C-arm de tama\u00f1o completo y un Mini C-arm depende de sus necesidades cl\u00ednicas, la cantidad de procedimientos que realiza, su presupuesto y el espacio que tiene. Cada dispositivo tiene sus propios beneficios que se adaptan a diferentes entornos m\u00e9dicos y necesidades procedimentales. Al considerar cuidadosamente estos factores, puede tomar una decisi\u00f3n inteligente que mejore la eficiencia de su pr\u00e1ctica y la atenci\u00f3n que brinda a los pacientes.<\/p>\n<p>Los C-arms de tama\u00f1o completo y Mini <a href=\"https:\/\/www.somatechnology.com\/blog\/products\/philips-bv-pulsera-c-arm\/\">C-arms contribuyen a las pr\u00e1cticas m\u00e9dicas modernas<\/a>, ya sea que priorice la funcionalidad expansiva o la eficiencia optimizada. Al alinear su elecci\u00f3n de equipo con sus necesidades cl\u00ednicas espec\u00edficas, puede mejorar la precisi\u00f3n diagn\u00f3stica, la eficacia procedimental y, en \u00faltima instancia, la atenci\u00f3n al paciente. Llame hoy a Soma Tech Intl al 1-800-438-7662 para encontrar la soluci\u00f3n de C-arm perfecta personalizada para elevar su pr\u00e1ctica a nuevos niveles de excelencia.<\/p>\n","protected":false},"excerpt":{"rendered":"<p>Introducci\u00f3n \u00bfQu\u00e9 es un C-arm? C-arms de tama\u00f1o completo Recomendaciones de C-arm Mini C-arms Recomendaciones de Mini C-arm Tomando la Decisi\u00f3n Correcta Introducci\u00f3n En&#8230;<\/p>\n","protected":false},"author":4,"featured_media":0,"parent":0,"menu_order":0,"comment_status":"closed","ping_status":"closed","template":"templates\/blog.php","meta":{"_acf_changed":false,"_relevanssi_hide_post":"","_relevanssi_hide_content":"","_relevanssi_pin_for_all":"","_relevanssi_pin_keywords":"","_relevanssi_unpin_keywords":"","_relevanssi_related_keywords":"","_relevanssi_related_include_ids":"","_relevanssi_related_exclude_ids":"","_relevanssi_related_no_append":"","_relevanssi_related_not_related":"","_relevanssi_related_posts":"","_relevanssi_noindex_reason":"","inline_featured_image":false,"footnotes":""},"class_list":["post-44","page","type-page","status-publish","hentry"],"acf":[],"_links":{"self":[{"href":"https:\/\/www.somatechnology.com\/spanish\/wp-json\/wp\/v2\/pages\/44","targetHints":{"allow":["GET"]}}],"collection":[{"href":"https:\/\/www.somatechnology.com\/spanish\/wp-json\/wp\/v2\/pages"}],"about":[{"href":"https:\/\/www.somatechnology.com\/spanish\/wp-json\/wp\/v2\/types\/page"}],"author":[{"embeddable":true,"href":"https:\/\/www.somatechnology.com\/spanish\/wp-json\/wp\/v2\/users\/4"}],"replies":[{"embeddable":true,"href":"https:\/\/www.somatechnology.com\/spanish\/wp-json\/wp\/v2\/comments?post=44"}],"version-history":[{"count":0,"href":"https:\/\/www.somatechnology.com\/spanish\/wp-json\/wp\/v2\/pages\/44\/revisions"}],"wp:attachment":[{"href":"https:\/\/www.somatechnology.com\/spanish\/wp-json\/wp\/v2\/media?parent=44"}],"curies":[{"name":"wp","href":"https:\/\/api.w.org\/{rel}","templated":true}]}}