{"id":5718,"date":"2016-09-01T15:04:19","date_gmt":"2016-09-01T15:04:19","guid":{"rendered":"http:\/\/equipomedicocentral.com\/wordpress\/?page_id=5718"},"modified":"2022-01-19T18:08:43","modified_gmt":"2022-01-19T18:08:43","slug":"proceso-de-reacondicionamiento","status":"publish","type":"page","link":"https:\/\/www.somatechnology.com\/spanish\/proceso-de-reacondicionamiento\/","title":{"rendered":"Proceso de Reacondicionamiento"},"content":{"rendered":"<p><strong>Proceso de Reacondicionamiento <\/strong><\/p>\n<p><strong>Un Solo Proveedor <\/strong><\/p>\n<p><img decoding=\"async\" class=\"alignleft size-full wp-image-6653\" src=\"https:\/\/www.somatechnology.com\/wp-content\/uploads\/sites\/2\/2016\/09\/Soma-Technology-Proceso-de-Reacondicionamiento.png\" alt=\"Soma Tech Intl Proceso de Reacondicionamiento\" width=\"233\" height=\"196\" title=\"\" srcset=\"https:\/\/www.somatechnology.com\/spanish\/wp-content\/uploads\/sites\/2\/2016\/09\/Soma-Technology-Proceso-de-Reacondicionamiento.png 233w, https:\/\/www.somatechnology.com\/spanish\/wp-content\/uploads\/sites\/2\/2016\/09\/Soma-Technology-Proceso-de-Reacondicionamiento-100x84.png 100w, https:\/\/www.somatechnology.com\/spanish\/wp-content\/uploads\/sites\/2\/2016\/09\/Soma-Technology-Proceso-de-Reacondicionamiento-150x126.png 150w\" sizes=\"(max-width: 233px) 100vw, 233px\" \/>El objetivo principal Soma Tech INtl es satisfacer las necesidades de equipos m\u00e9dicos de nuestros clientes, contando con un inventario grande y diversificado que exceden los de nuestros competidores. En Soma Tech nuestros clientes tienen la capacidad de evaluar marcas, modelos y fabricantes para asegurar una compra satisfactoria. Al mismo tiempo, brinda garant\u00ed\u00ada de la calidad en sus equipos y ofrece comodidad a sus clientes d\u00e1ndoles la posibilidad de adquirir todo sus equipos en un solo lugar ahorr\u00e1ndoles as\u00ed tiempo y dinero.<\/p>\n<p>Soma Tech Intl tiene la capacidad de equipar salas de operaciones en su totalidad con equipos nuevos y reconstruidos de este modo cubrir con sus necesidades quir\u00fagicas. Solo reconstruimos equipos de los mejores fabricantes, como General Electric, Draeger, Steris Amsco, Valleylab y m\u00e1s. Si usted est\u00e1 buscando solo una parte o una instalaci\u00f3n completa del quir\u00f3fano, lo invitamos a contactarnos por correo electr\u00f3nico o tel\u00e9fono y le asistiremos.<\/p>\n<p>&nbsp;<\/p>\n<p><strong>Proceso de Reacondicionamiento <\/strong><\/p>\n<p><img decoding=\"async\" class=\"alignright size-full wp-image-6642\" src=\"https:\/\/www.somatechnology.com\/wp-content\/uploads\/sites\/2\/2016\/12\/Proceso-de-Reacondicionamiento-Soma-Technology-Inc.png\" alt=\"Proceso de Reacondicionamiento Soma Tech Intl\" width=\"233\" height=\"196\" title=\"\" srcset=\"https:\/\/www.somatechnology.com\/spanish\/wp-content\/uploads\/sites\/2\/2016\/12\/Proceso-de-Reacondicionamiento-Soma-Technology-Inc.png 233w, https:\/\/www.somatechnology.com\/spanish\/wp-content\/uploads\/sites\/2\/2016\/12\/Proceso-de-Reacondicionamiento-Soma-Technology-Inc-100x84.png 100w, https:\/\/www.somatechnology.com\/spanish\/wp-content\/uploads\/sites\/2\/2016\/12\/Proceso-de-Reacondicionamiento-Soma-Technology-Inc-150x126.png 150w\" sizes=\"(max-width: 233px) 100vw, 233px\" \/>Pocas instituciones gubernamentales, hospitales privados\u00a0o m\u00e9dicos particulares est\u00e1n dispuestos a pagar exuberantes precios por equipos m\u00e9dicos nuevos. Por tal raz\u00f3n, Soma Tech Intl ha decidido llevar equipos m\u00e9dicos de gran calidad a precios econ\u00f3micos a la poblaci\u00f3n. Ahora, usted tiene la oportunidad de adquirir equipos m\u00e9dicos de vanguardia sin poner en riego el presupuesto de su centro de salud.<\/p>\n<p>Soma Tech, se diferencia de la competencia por su extenso, preciso y cuidadoso proceso de reacondicionamiento que se le es aplicado a su inventario de equipos m\u00e9dicos. La mayor\u00ed\u00ada de los equipos que son reacondicionados provienen de hospitales estadounidenses los cuales son inspeccionados y reconstruidos bajos estrictas medidas de calidad por parte del equipo de ingenieros biom\u00e9dicos que cuenta la compa\u00f1\u00ed\u00ada.<\/p>\n<p>&nbsp;<\/p>\n<p><strong>Reacondicionamiento T\u00e9cnico<\/strong><\/p>\n<ul>\n<li>Revisi\u00f3n f\u00ed\u00adsica inicial, la unidad es limpiada y las bater\u00ed\u00adas son reemplazadas<\/li>\n<li>Utilizando equipos de vanguardia para la calibraci\u00f3n, se verifica el funcionamiento de todos los par\u00e1metros, partes y componentes.<\/li>\n<li>Todas las partes y componentes que est\u00e1n en mal funcionamiento son reparados y reemplazados.<\/li>\n<li>La unidad pasa por las pruebas y calibraci\u00f3n. Todos los accesorios, m\u00f3dulos y perif\u00e9ricos com\u00fanmente utilizados son conectados al equipo siendo as\u00ed\u00ad posible el funcionamiento y la eficacia del equipo.<\/li>\n<li>Todos los reemplazos, pruebas y servicios son apropiadamente apuntados y registrados<\/li>\n<li>Aprobaci\u00f3n por el departamento de control de calidad.<\/li>\n<\/ul>\n<p>&nbsp;<\/p>\n<p><strong>Reacondicionamiento Cosm\u00e9tico<\/strong><\/p>\n<ul>\n<li>El equipo es inspeccionado por desgastes f\u00edsicos<\/li>\n<li>Todos las unidades son pulidas, reparadas y pintadas<\/li>\n<li>Se utiliza la camera de pintura AFC para obtener resultados perfectos.<\/li>\n<li>El producto final es completamente libre de imperfecciones.<\/li>\n<\/ul>\n<p>&nbsp;<\/p>\n<p>Soma Tech Intl ha desarrollado un riguroso y detallado proceso de reacondicionamiento que es aplicado a cada uno de los equipos tomando en consideraci\u00f3n dos etapas fundamentales: la t\u00e9cnica y la cosm\u00e9tica, garantizando as\u00ed\u00ad la mejor calidad en los equipos reacondicionados.<\/p>\n","protected":false},"excerpt":{"rendered":"<p>Proceso de Reacondicionamiento Un Solo Proveedor El objetivo principal Soma Tech INtl es satisfacer las necesidades de equipos m\u00e9dicos de nuestros clientes, contando con&#8230;<\/p>\n","protected":false},"author":4,"featured_media":0,"parent":0,"menu_order":0,"comment_status":"closed","ping_status":"closed","template":"","meta":{"_acf_changed":false,"_relevanssi_hide_post":"","_relevanssi_hide_content":"","_relevanssi_pin_for_all":"","_relevanssi_pin_keywords":"","_relevanssi_unpin_keywords":"","_relevanssi_related_keywords":"","_relevanssi_related_include_ids":"","_relevanssi_related_exclude_ids":"","_relevanssi_related_no_append":"","_relevanssi_related_not_related":"","_relevanssi_related_posts":"","_relevanssi_noindex_reason":"","inline_featured_image":false,"footnotes":""},"class_list":["post-5718","page","type-page","status-publish","hentry"],"acf":[],"_links":{"self":[{"href":"https:\/\/www.somatechnology.com\/spanish\/wp-json\/wp\/v2\/pages\/5718","targetHints":{"allow":["GET"]}}],"collection":[{"href":"https:\/\/www.somatechnology.com\/spanish\/wp-json\/wp\/v2\/pages"}],"about":[{"href":"https:\/\/www.somatechnology.com\/spanish\/wp-json\/wp\/v2\/types\/page"}],"author":[{"embeddable":true,"href":"https:\/\/www.somatechnology.com\/spanish\/wp-json\/wp\/v2\/users\/4"}],"replies":[{"embeddable":true,"href":"https:\/\/www.somatechnology.com\/spanish\/wp-json\/wp\/v2\/comments?post=5718"}],"version-history":[{"count":0,"href":"https:\/\/www.somatechnology.com\/spanish\/wp-json\/wp\/v2\/pages\/5718\/revisions"}],"wp:attachment":[{"href":"https:\/\/www.somatechnology.com\/spanish\/wp-json\/wp\/v2\/media?parent=5718"}],"curies":[{"name":"wp","href":"https:\/\/api.w.org\/{rel}","templated":true}]}}