{"id":5720,"date":"2016-09-01T17:03:54","date_gmt":"2016-09-01T17:03:54","guid":{"rendered":"http:\/\/equipomedicocentral.com\/wordpress\/?page_id=5720"},"modified":"2025-01-03T10:41:14","modified_gmt":"2025-01-03T15:41:14","slug":"especializaciones","status":"publish","type":"page","link":"https:\/\/www.somatechnology.com\/spanish\/especializaciones\/","title":{"rendered":"Especializaciones"},"content":{"rendered":"<table style=\"height: 2333px;\" border=\"0\" width=\"866\" cellpadding=\"5\">\n<tbody>\n<tr>\n<td colspan=\"2\">Por 30 a\u00f1os, Soma Technology, Inc. se ha especializado en equipar entidades completas con equipos m\u00e9dicos nuevos y reconstruidos con los est\u00e1ndares m\u00e1s altos de calidad a bajos costos. Nos hemos convertido en los l\u00edderes del mercado, debido a nuestro compromiso con los avances de la industria y nuestra dedicaci\u00f3n para ofrecer la m\u00e1xima satisfacci\u00f3n a nuestros clientes. Con nuestras soluciones de un solo proovedor y de la m\u00e1xima garant\u00eda de calidad de la industria, nuestros clientes ya no necesitan comprar de varias compa\u00f1\u00edas, ahorrando tiempo y dinero!. Solo reconstruimos equipos de los mejores fabricantes, como General Electric, Dr\u00e4eger, Steris Amsco, Valleylab y m\u00e1s. Si usted est\u00e1 buscando solo una parte o una instalaci\u00f3n completa del quir\u00f3fano, lo invitamos a llamar o visitar esta p\u00e1gina de Internet.<\/p>\n<ul>\n<li><strong>Quir<\/strong><strong>\u00f3<\/strong><strong>fano<\/strong><\/li>\n<li><strong>Imagenolog<\/strong><strong>\u00ed<\/strong><strong>a &amp; Radiolog<\/strong><strong>\u00ed<\/strong><strong>a<\/strong><\/li>\n<li><strong>Terapia Respiratoria<\/strong><\/li>\n<li><strong>Desfibriladores<\/strong><\/li>\n<li><strong>Endoscopia <\/strong><\/li>\n<li><strong>Cardiolog<\/strong><strong>\u00eda<\/strong><\/li>\n<li><strong>Cardiovascular<\/strong><\/li>\n<li><strong>UCII\/NICU<\/strong><\/li>\n<li><strong>Terapia Intravenosa<\/strong><\/li>\n<li><strong>Otros Productos<\/strong><\/li>\n<\/ul>\n<p>&nbsp;<\/td>\n<\/tr>\n<tr>\n<td colspan=\"2\">\n<h4><strong>Quir<\/strong><strong>\u00f3<\/strong><strong>fano<\/strong><strong><strong>:<\/strong><\/strong><\/h4>\n<\/td>\n<\/tr>\n<tr>\n<td valign=\"top\" width=\"249\" height=\"271\"><\/td>\n<td valign=\"top\" width=\"591\">Soma Technology, Inc. tiene la capacidad de suplir completamente las salas de operaciones con equipos nuevos y reconstridos para sus necesidades quir\u00fargicas. Solo reconstruimos equipos de los mejores fabricantes, como General Electric, Dr\u00e4eger, Steris Amsco, Valleylab y m\u00e1s. Si usted est\u00e1 buscando solo una parte o una instalaci\u00f3n completa del quir\u00f3fano, lo invitamos a llamar o visitar esta p\u00e1gina de Internet. Estos son algunos de nuestros equipos:<\/p>\n<table border=\"0\" width=\"472\" align=\"center\">\n<tbody>\n<tr>\n<td width=\"219\">\n<ul>\n<li><strong>M\u00e1quinas de Anestesia <\/strong><\/li>\n<li><strong>Autoclaves <\/strong><\/li>\n<li><strong>Calentadores de Pacientes <\/strong><\/li>\n<li><strong>Bistur\u00ed Arm\u00f3nico <\/strong><\/li>\n<\/ul>\n<\/td>\n<td valign=\"top\" width=\"243\">\n<ul>\n<li><strong>M\u00e1quinas de Electrocirug\u00eda <\/strong><\/li>\n<li><strong>Esterilizadores <\/strong><\/li>\n<li><strong>Mesas Quir\u00fargicas<\/strong><\/li>\n<li><strong>Torniquetes<\/strong><\/li>\n<\/ul>\n<\/td>\n<\/tr>\n<\/tbody>\n<\/table>\n<\/td>\n<\/tr>\n<tr>\n<td colspan=\"2\">\n<h4><strong><strong>Imagenolog<strong>\u00eda &amp; Radiolog\u00eda<\/strong>:<\/strong><\/strong><\/h4>\n<\/td>\n<\/tr>\n<tr>\n<td><\/td>\n<td valign=\"top\">Soma Technology, Inc. provee equipos reconstruidos de radiolog\u00eda e imagenolog\u00eda de la m\u00e1s alta calidad. Adem\u00e1s de proveer Arcos en C, Ultrasonidos, M\u00e1quinas Port\u00e1tiles de Rayos X, tambi\u00e9n tenemos disponibles Tom\u00f3grafos y Angi\u00f3grafos. Cont\u00e1ctenos o visite esta p\u00e1gina de Internet para mayor informaci\u00f3n. Estos son algunos de nuestros equipos:<\/p>\n<table border=\"0\" width=\"466\" align=\"center\">\n<tbody>\n<tr>\n<td valign=\"top\" width=\"444\">\n<ul>\n<li><strong>Arcos en C<br \/>\n<\/strong><\/li>\n<li><strong>Mini Arcos en C<br \/>\n<\/strong><\/li>\n<li><strong>Ultrasonidos <\/strong><\/li>\n<li><strong>M\u00e1quinas Portatiles de Rayos X<br \/>\n<\/strong><\/li>\n<\/ul>\n<\/td>\n<\/tr>\n<\/tbody>\n<\/table>\n<\/td>\n<\/tr>\n<tr>\n<td colspan=\"2\" height=\"30\">\n<h4 class=\"header\"><strong>Terapia Respiratoria: <\/strong><\/h4>\n<\/td>\n<\/tr>\n<tr>\n<td><\/td>\n<td valign=\"top\">Soma Technology, Inc., mantiene un gran inventario de ventiladores incluyendo unidades para uso neonatal, pedi\u00e1trico y adulto as\u00ed como unidades port\u00e1tiles. Esta p\u00e1gina de internet contiene la lista completa y mas actualizada as\u00ed como las especificaciones t\u00e9cnicas de cada modelo. Estos son algunos de nuestros equipos:<\/p>\n<table border=\"0\" width=\"463\" align=\"center\">\n<tbody>\n<tr>\n<td valign=\"top\" width=\"451\" height=\"57\">\n<ul>\n<li><strong>Ventiladores Port\u00e1tiles<\/strong><\/li>\n<li><strong>Ventiladores Quir\u00fargico<\/strong>s<\/li>\n<li><strong>Ventiladores Infantiles<\/strong><\/li>\n<li><strong>Ventiladores de Anestesia<\/strong><\/li>\n<li><strong>BiPAP<\/strong><\/li>\n<\/ul>\n<p><strong>\u00a0<\/strong><\/td>\n<\/tr>\n<\/tbody>\n<\/table>\n<\/td>\n<\/tr>\n<tr>\n<td colspan=\"2\">\n<h4 class=\"header\"><strong>Endoscop\u00eda: <\/strong><\/h4>\n<\/td>\n<\/tr>\n<tr>\n<td><\/td>\n<td valign=\"top\">Tenemos la habilidad de personalizar cualquier sistema endosc\u00f3pico que se ajuste a sus necesidades y requerimientos. Cont\u00e1ctenos para obtener m\u00e1s detalles sobre la configuraci\u00f3n de un sistema para su cl\u00ednica. Estos son algunos de nuestros equipos:<\/p>\n<table border=\"0\" width=\"450\" align=\"center\">\n<tbody>\n<tr>\n<td valign=\"top\" width=\"444\" height=\"57\">\n<ul>\n<li><strong>Sistemas de Video-Endoscopia<\/strong><\/li>\n<li><strong>Fuentes de luz para Endoscopios Flexibles<\/strong><\/li>\n<li><strong>Fuentes de luz para Endoscopios R\u00edgidos<\/strong><\/li>\n<li><strong>Sistemas de Razuradoras<\/strong><\/li>\n<li><strong>Videocamaras para Endoscopios R\u00edgidos<\/strong><\/li>\n<li><strong>Insulfadores<\/strong><\/li>\n<li><strong>Endoscopios de Fibra Optica<br \/>\n<\/strong><\/li>\n<li><strong> Endoscopios R\u00edgido <\/strong><\/li>\n<\/ul>\n<p><strong>\u00a0<\/strong><\/td>\n<\/tr>\n<\/tbody>\n<\/table>\n<\/td>\n<\/tr>\n<tr>\n<td colspan=\"2\" height=\"30\">\n<h4 class=\"header\"><strong>Cardiolog<strong><strong>\u00ed<\/strong><\/strong>a: <\/strong><\/h4>\n<\/td>\n<\/tr>\n<tr>\n<td><\/td>\n<td valign=\"top\">Soma Technology, Inc., ofrecelas las mejores marcas cuando se trata de equipos de Cardiolog\u00eda . Tenemos ECG , Sistemas Tensi\u00f3n y Cintas de Correr . Alhunas de las marcas que ofrecemos son: GE Marquette , Philips , Burdick , Welch Allyn , Quinton o Burdick puede estar seguro de que nuestro equipo de ingenieros certificados altamente capacitados para preparar su equipo al m\u00e1s alto nivel . Estos son algunos de nuestros equipos:<\/p>\n<table border=\"0\" width=\"429\" align=\"center\">\n<tbody>\n<tr>\n<td valign=\"top\" height=\"75\">\n<ul>\n<li><strong>Electrocardi\u00f3grafos<\/strong><\/li>\n<li><strong>Sistemas de Prueba de Esfuerzo <\/strong><\/li>\n<li><strong>Bandas Sin Fin o Caminadoras<\/strong><\/li>\n<\/ul>\n<p><strong>\u00a0<\/strong><\/td>\n<\/tr>\n<\/tbody>\n<\/table>\n<\/td>\n<\/tr>\n<tr>\n<td colspan=\"2\">\n<h4><strong><strong>Cardiovascular:<\/strong><\/strong><\/h4>\n<\/td>\n<\/tr>\n<tr>\n<td><\/td>\n<td valign=\"top\">Tenemos la habilidad de personalizar cardiovascular que se ajuste a sus necesidades y requerimientos. Cont\u00e1ctenos para obtener m\u00e1s detalles sobre la configuraci\u00f3n de un sistema para su hospital. Estos son algunos de nuestros equipos:<\/p>\n<table border=\"0\" width=\"436\" align=\"center\">\n<tbody>\n<tr>\n<td valign=\"top\" width=\"430\" height=\"57\">\n<ul>\n<li><strong>M\u00e1quinas de Coraz\u00f3n Abierto y Pulm\u00f3n<\/strong><\/li>\n<li><strong>Bombas de Contrapulsaci\u00f3n Intra-aortica<\/strong><\/li>\n<li><strong>Calentador\/Enfriador<\/strong><\/li>\n<li><strong>Sierras de Estern\u00f3n<\/strong><\/li>\n<li><strong>Auto Transfusi\u00f3n<\/strong><\/li>\n<li><strong>Analizadores de Cuagulaci\u00f3n<\/strong><\/li>\n<\/ul>\n<\/td>\n<\/tr>\n<\/tbody>\n<\/table>\n<\/td>\n<\/tr>\n<tr>\n<td colspan=\"2\">\n<h4><strong>UCII\/NICU: <\/strong><\/h4>\n<\/td>\n<\/tr>\n<tr>\n<td><\/td>\n<td valign=\"top\">Soma Technology, Inc. provee todos los equipos necesarios para el cuidado apropiado neonatal y cuidado de UCII\/NICU. Todo nuestro equipo est\u00e1 completamente reconstruido de acuerdo a las especificaciones originales del fabricante y se lo entregamos listo para usarlo con sus pacientes. Estos son algunos de nuestros equipos:<\/p>\n<table border=\"0\" width=\"451\" align=\"center\">\n<tbody>\n<tr>\n<td valign=\"top\" width=\"445\">\n<ul>\n<li><strong>Incubadoras<\/strong><\/li>\n<li><strong>Calentadores de Infantes <\/strong><\/li>\n<li><strong>Monitores Fetales Antepartum<\/strong><\/li>\n<li><strong><strong>Monitores Fetales Intrapartum<\/strong><\/strong><\/li>\n<\/ul>\n<\/td>\n<\/tr>\n<\/tbody>\n<\/table>\n<\/td>\n<\/tr>\n<tr>\n<td colspan=\"2\">\n<h4><strong><strong>Terapia Intravenosa:<\/strong><\/strong><\/h4>\n<\/td>\n<\/tr>\n<tr>\n<td><\/td>\n<td valign=\"top\">Tenemos la capacidad de suministrar una amplia variedad de bombas de infusi\u00f3n, que van desde uno hasta cuatro canales de distribuci\u00f3n. Para mayor informaci\u00f3n y una lista completa, por favor cont\u00e1ctenos o visite ests p\u00e1gina de Internet. Estos son algunos de nuestros equipos:<\/p>\n<table border=\"0\" width=\"426\" align=\"center\">\n<tbody>\n<tr>\n<td valign=\"top\" height=\"75\">\n<ul>\n<li><strong>Bombas de Infusi\u00f3n<\/strong><\/li>\n<li><strong>Bombas de Geringa<\/strong><\/li>\n<li><strong>Bombas Ambulatorias<\/strong><\/li>\n<\/ul>\n<p><strong>\u00a0<\/strong><\/td>\n<\/tr>\n<\/tbody>\n<\/table>\n<\/td>\n<\/tr>\n<tr>\n<td colspan=\"2\">\n<h4><strong>Desfibriladores: <\/strong><\/h4>\n<\/td>\n<\/tr>\n<tr>\n<td><\/td>\n<td valign=\"top\">Con cientos de desfibriladores nuevos y reconstruidos en inventario, Soma Technology, Inc. le puede proporcionar el modelo que se ajuste a sus especificaciones. Disponemos desde el desfibrilador manual m\u00e1s simple hasta el desfibrilador m\u00e1s complejo totalmente equipado como: monitor a color, impresora, capacidad bif\u00e1sica, ECG de 12 derivaciones, AED, marcapaso, NIBP, SpO2, CO2, e IBP. Visite nuestra p\u00e1gina de Internet o ll\u00e1menos para m\u00e1s detalles.<\/p>\n<p>&nbsp;<\/td>\n<\/tr>\n<tr>\n<td colspan=\"2\"><\/td>\n<\/tr>\n<tr>\n<td colspan=\"2\">\n<h4><strong>Otros Productos: <\/strong><\/h4>\n<\/td>\n<\/tr>\n<tr>\n<td><\/td>\n<td valign=\"top\">Nuestro inventario cambia constantemente.<\/p>\n<p>Si usted est\u00e1 buscando algo que no se encuentra en esta lista, por favor ll\u00e1menos o vis\u00edtenos en esta p\u00e1gina de Internet. Estos son algunos de estos equipos:<\/p>\n<table border=\"0\" width=\"473\" align=\"center\">\n<tbody>\n<tr>\n<td valign=\"top\" height=\"38\">\n<ul>\n<li><strong>Electrom\u00edgrafos<\/strong><\/li>\n<li><strong>Camillas<\/strong><\/li>\n<li><strong>Bombas de Succi\u00f3n<\/strong><\/li>\n<li><strong>Electroencefal\u00f3grafos<\/strong><\/li>\n<li><strong>Mesas\/Sillas de Examinaci\u00f3n<\/strong><\/li>\n<li><strong>Dispositivo de Comprensi\u00f3n<br \/>\n<\/strong><\/li>\n<\/ul>\n<\/td>\n<\/tr>\n<\/tbody>\n<\/table>\n<p>&nbsp;<\/td>\n<\/tr>\n<tr>\n<td><\/td>\n<td valign=\"top\"><\/td>\n<\/tr>\n<\/tbody>\n<\/table>\n<p>&nbsp;<\/p>\n","protected":false},"excerpt":{"rendered":"<p>Por 30 a\u00f1os, Soma Technology, Inc. se ha especializado en equipar entidades completas con equipos m\u00e9dicos nuevos y reconstruidos con los est\u00e1ndares m\u00e1s altos&#8230;<\/p>\n","protected":false},"author":4,"featured_media":5730,"parent":0,"menu_order":0,"comment_status":"closed","ping_status":"closed","template":"","meta":{"_acf_changed":false,"_relevanssi_hide_post":"","_relevanssi_hide_content":"","_relevanssi_pin_for_all":"","_relevanssi_pin_keywords":"","_relevanssi_unpin_keywords":"","_relevanssi_related_keywords":"","_relevanssi_related_include_ids":"","_relevanssi_related_exclude_ids":"","_relevanssi_related_no_append":"","_relevanssi_related_not_related":"","_relevanssi_related_posts":"","_relevanssi_noindex_reason":"","inline_featured_image":false,"footnotes":""},"class_list":["post-5720","page","type-page","status-publish","has-post-thumbnail","hentry"],"acf":[],"_links":{"self":[{"href":"https:\/\/www.somatechnology.com\/spanish\/wp-json\/wp\/v2\/pages\/5720","targetHints":{"allow":["GET"]}}],"collection":[{"href":"https:\/\/www.somatechnology.com\/spanish\/wp-json\/wp\/v2\/pages"}],"about":[{"href":"https:\/\/www.somatechnology.com\/spanish\/wp-json\/wp\/v2\/types\/page"}],"author":[{"embeddable":true,"href":"https:\/\/www.somatechnology.com\/spanish\/wp-json\/wp\/v2\/users\/4"}],"replies":[{"embeddable":true,"href":"https:\/\/www.somatechnology.com\/spanish\/wp-json\/wp\/v2\/comments?post=5720"}],"version-history":[{"count":0,"href":"https:\/\/www.somatechnology.com\/spanish\/wp-json\/wp\/v2\/pages\/5720\/revisions"}],"wp:featuredmedia":[{"embeddable":true,"href":"https:\/\/www.somatechnology.com\/spanish\/wp-json\/wp\/v2\/media\/5730"}],"wp:attachment":[{"href":"https:\/\/www.somatechnology.com\/spanish\/wp-json\/wp\/v2\/media?parent=5720"}],"curies":[{"name":"wp","href":"https:\/\/api.w.org\/{rel}","templated":true}]}}