{"id":5910,"date":"2016-09-02T19:14:06","date_gmt":"2016-09-02T19:14:06","guid":{"rendered":"http:\/\/equipomedicocentral.com\/wordpress\/?page_id=5910"},"modified":"2022-01-19T18:10:25","modified_gmt":"2022-01-19T18:10:25","slug":"proceso-de-reacondicionamiento-2","status":"publish","type":"page","link":"https:\/\/www.somatechnology.com\/spanish\/proceso-de-reacondicionamiento-2\/","title":{"rendered":"Ejemplo de Nuestro Reacondicionamiento de Equipo Medico"},"content":{"rendered":"<table style=\"height: 1707px;\" border=\"0\" width=\"857\" cellpadding=\"5\">\n<tbody>\n<tr>\n<td colspan=\"2\" valign=\"top\" height=\"209\"><strong>Pasos de Reacondicionamiento<\/strong><\/p>\n<ul>\n<li><strong>Selecci\u00f3n Rigurosa<\/strong><\/li>\n<li><strong>Eliminaci\u00f3n Especializada y Transporte<\/strong><\/li>\n<li><strong>Inspecci\u00f3n T\u00e9cnico del Equipo<\/strong><\/li>\n<li><strong>Reacondicionamiento T\u00e9cnico<\/strong><\/li>\n<li><strong>Reacondicionamiento Cosm\u00e9tico<\/strong><\/li>\n<li><strong>Garantia y Apoyo<\/strong><\/li>\n<\/ul>\n<\/td>\n<\/tr>\n<tr>\n<td colspan=\"2\" height=\"28\">\n<h4><strong>Selecci\u00f3n Riguroza<\/strong><\/h4>\n<\/td>\n<\/tr>\n<tr>\n<td align=\"center\" valign=\"top\" width=\"300\" height=\"108\"><img decoding=\"async\" class=\"alignnone size-full wp-image-5920 aligncenter\" src=\"\/\/www.somatechnology.com\/wp-content\/uploads\/sites\/2\/2016\/09\/ref1.jpg\" alt=\"Equipo Medico Reacondicionado\" width=\"122\" height=\"98\" title=\"\" srcset=\"https:\/\/www.somatechnology.com\/spanish\/wp-content\/uploads\/sites\/2\/2016\/09\/ref1.jpg 122w, https:\/\/www.somatechnology.com\/spanish\/wp-content\/uploads\/sites\/2\/2016\/09\/ref1-100x80.jpg 100w\" sizes=\"(max-width: 122px) 100vw, 122px\" \/><\/td>\n<td valign=\"top\" width=\"544\">Soma Tech Intl, busca en todo el pa\u00eds equipos m\u00e9dicos\u00a0de las marcas de re-nombre que usted conoce y de fuentes de confianza.<br \/>\nCon una m\u00e1quina de calidad se asegura un producto final m\u00e1s fiable despu\u00e9s de su reacondicionamiento<\/td>\n<\/tr>\n<tr>\n<td colspan=\"2\" height=\"28\"><strong>Eliminaci\u00f3n \u00a0Especializada y Transporte<\/strong><\/td>\n<\/tr>\n<tr>\n<td align=\"center\" valign=\"top\" height=\"102\"><img decoding=\"async\" class=\"alignnone size-full wp-image-5919 aligncenter\" src=\"\/\/www.somatechnology.com\/wp-content\/uploads\/sites\/2\/2016\/09\/ref2.jpg\" alt=\"Desfibrilador Reacondicionado\" width=\"122\" height=\"92\" title=\"\" srcset=\"https:\/\/www.somatechnology.com\/spanish\/wp-content\/uploads\/sites\/2\/2016\/09\/ref2.jpg 122w, https:\/\/www.somatechnology.com\/spanish\/wp-content\/uploads\/sites\/2\/2016\/09\/ref2-100x75.jpg 100w\" sizes=\"(max-width: 122px) 100vw, 122px\" \/><\/td>\n<td valign=\"top\">Nuestro personal experimentado tienen la capacidad \u00a0de eliminar equipos que no cumplan los reglamentos instituidos por\u00a0la organizaci\u00f3n, asegurando que el sistema llegue a Soma Tech Intl, en buen estado cumpliendo todos los requisitos.<\/td>\n<\/tr>\n<tr>\n<td colspan=\"2\" height=\"28\"><strong>Inspecci\u00f3n T\u00e9cnico del Equipo<\/strong><\/td>\n<\/tr>\n<tr>\n<td align=\"center\" valign=\"top\" height=\"105\"><img decoding=\"async\" class=\"alignnone size-full wp-image-5918 aligncenter\" src=\"\/\/www.somatechnology.com\/wp-content\/uploads\/sites\/2\/2016\/09\/ref3.jpg\" alt=\"ref3\" width=\"122\" height=\"95\" title=\"\" srcset=\"https:\/\/www.somatechnology.com\/spanish\/wp-content\/uploads\/sites\/2\/2016\/09\/ref3.jpg 122w, https:\/\/www.somatechnology.com\/spanish\/wp-content\/uploads\/sites\/2\/2016\/09\/ref3-100x78.jpg 100w\" sizes=\"(max-width: 122px) 100vw, 122px\" \/><\/td>\n<td valign=\"top\">Todos los equipos m\u00e9dicos\u00a0se examinan completamente, la unidad se limpia, y nuestros ingenieros biom\u00e9dicos comienzan el proceso de reacondicionamiento.<\/td>\n<\/tr>\n<tr>\n<td colspan=\"2\" height=\"28\"><strong>Reacondicionamiento T\u00e9cnico<\/strong><\/td>\n<\/tr>\n<tr>\n<td align=\"center\" valign=\"top\" height=\"244\"><img decoding=\"async\" class=\"alignnone size-full wp-image-5917 aligncenter\" src=\"\/\/www.somatechnology.com\/wp-content\/uploads\/sites\/2\/2016\/09\/ref4.jpg\" alt=\"ref4\" width=\"183\" height=\"67\" title=\"\" srcset=\"https:\/\/www.somatechnology.com\/spanish\/wp-content\/uploads\/sites\/2\/2016\/09\/ref4.jpg 183w, https:\/\/www.somatechnology.com\/spanish\/wp-content\/uploads\/sites\/2\/2016\/09\/ref4-100x37.jpg 100w, https:\/\/www.somatechnology.com\/spanish\/wp-content\/uploads\/sites\/2\/2016\/09\/ref4-150x55.jpg 150w\" sizes=\"(max-width: 183px) 100vw, 183px\" \/><\/td>\n<td valign=\"top\">\n<ul>\n<li><strong>Durante la verificaci\u00f3n f\u00edsica inicial, se sustituyen las bater\u00edas.<\/strong><\/li>\n<li><strong>Usando la ultima tecnolog\u00eda, el equipo de prueba, verificamos que todos los par\u00e1metros y las condiciones de los equipos \u00a0sean funcionales.<\/strong><\/li>\n<li><strong>Todos los componentes que no est\u00e1n funcionando adecuadamente son reemplazados o reparados.<\/strong><\/li>\n<li><strong>La unidad se vuelve a montar y se somete a m\u00e1s pruebas y calibraci\u00f3n (todos los accesorios, perif\u00e9ricos y m\u00f3dulos com\u00fanmente utilizados con el equipo se prueban de manera que el funcionamiento y la eficacia general pueden ser verificados).<\/strong><\/li>\n<li><strong>Cada reemplazo, pruebas y operaciones de mantenimiento se registran correctamente en el registro del historial del equipo.<\/strong><\/li>\n<li><strong>El proceso concluye con la aprobaci\u00f3n por el departamento de control de calidad.<\/strong><\/li>\n<\/ul>\n<\/td>\n<\/tr>\n<tr>\n<td colspan=\"2\" height=\"28\"><strong>Reacondicionamiento Cosm\u00e9tico<\/strong><\/td>\n<\/tr>\n<tr>\n<td align=\"center\" valign=\"top\" height=\"82\"><img decoding=\"async\" class=\"alignnone size-full wp-image-5916 aligncenter\" src=\"\/\/www.somatechnology.com\/wp-content\/uploads\/sites\/2\/2016\/09\/ref5.jpg\" alt=\"ref5\" width=\"183\" height=\"67\" title=\"\" srcset=\"https:\/\/www.somatechnology.com\/spanish\/wp-content\/uploads\/sites\/2\/2016\/09\/ref5.jpg 183w, https:\/\/www.somatechnology.com\/spanish\/wp-content\/uploads\/sites\/2\/2016\/09\/ref5-100x37.jpg 100w, https:\/\/www.somatechnology.com\/spanish\/wp-content\/uploads\/sites\/2\/2016\/09\/ref5-150x55.jpg 150w\" sizes=\"(max-width: 183px) 100vw, 183px\" \/><\/td>\n<td valign=\"top\">\n<ul>\n<li><strong>El equipo se examina por cualquier da\u00f1o \u00f3 desgaste.<\/strong><\/li>\n<li><strong>Utilizamos una cabina de pintura de la AFC para obtener resultados perfectos.<\/strong><\/li>\n<li><strong>El producto final es completamente libre de imperfecciones.<\/strong><\/li>\n<\/ul>\n<\/td>\n<\/tr>\n<tr>\n<td colspan=\"2\" height=\"28\"><strong>Garantia y Apoyo<\/strong><\/td>\n<\/tr>\n<tr>\n<td valign=\"top\" height=\"91\"><img decoding=\"async\" class=\"alignnone size-medium wp-image-5915\" src=\"\/\/www.somatechnology.com\/wp-content\/uploads\/sites\/2\/2016\/09\/ref6-300x81.jpg\" alt=\"ref6\" width=\"300\" height=\"81\" title=\"\" srcset=\"https:\/\/www.somatechnology.com\/spanish\/wp-content\/uploads\/sites\/2\/2016\/09\/ref6-300x81.jpg 300w, https:\/\/www.somatechnology.com\/spanish\/wp-content\/uploads\/sites\/2\/2016\/09\/ref6-100x27.jpg 100w, https:\/\/www.somatechnology.com\/spanish\/wp-content\/uploads\/sites\/2\/2016\/09\/ref6-150x40.jpg 150w, https:\/\/www.somatechnology.com\/spanish\/wp-content\/uploads\/sites\/2\/2016\/09\/ref6.jpg 319w\" sizes=\"(max-width: 300px) 100vw, 300px\" \/><\/td>\n<td valign=\"top\">Todos los productos de Soma Tech est\u00e1n soportados por un total de 90 d\u00edas a 1 a\u00f1o de garant\u00eda y una garant\u00eda de disponibilidad de piezas.<\/td>\n<\/tr>\n<tr>\n<td colspan=\"2\">\u00a0Si desea ver el video<\/td>\n<\/tr>\n<\/tbody>\n<\/table>\n<p>&nbsp;<\/p>\n","protected":false},"excerpt":{"rendered":"<p>Pasos de Reacondicionamiento Selecci\u00f3n Rigurosa Eliminaci\u00f3n Especializada y Transporte Inspecci\u00f3n T\u00e9cnico del Equipo Reacondicionamiento T\u00e9cnico Reacondicionamiento Cosm\u00e9tico Garantia y Apoyo Selecci\u00f3n Riguroza Soma Tech&#8230;<\/p>\n","protected":false},"author":4,"featured_media":0,"parent":0,"menu_order":0,"comment_status":"closed","ping_status":"closed","template":"","meta":{"_acf_changed":false,"_relevanssi_hide_post":"","_relevanssi_hide_content":"","_relevanssi_pin_for_all":"","_relevanssi_pin_keywords":"","_relevanssi_unpin_keywords":"","_relevanssi_related_keywords":"","_relevanssi_related_include_ids":"","_relevanssi_related_exclude_ids":"","_relevanssi_related_no_append":"","_relevanssi_related_not_related":"","_relevanssi_related_posts":"","_relevanssi_noindex_reason":"","inline_featured_image":false,"footnotes":""},"class_list":["post-5910","page","type-page","status-publish","hentry"],"acf":[],"_links":{"self":[{"href":"https:\/\/www.somatechnology.com\/spanish\/wp-json\/wp\/v2\/pages\/5910","targetHints":{"allow":["GET"]}}],"collection":[{"href":"https:\/\/www.somatechnology.com\/spanish\/wp-json\/wp\/v2\/pages"}],"about":[{"href":"https:\/\/www.somatechnology.com\/spanish\/wp-json\/wp\/v2\/types\/page"}],"author":[{"embeddable":true,"href":"https:\/\/www.somatechnology.com\/spanish\/wp-json\/wp\/v2\/users\/4"}],"replies":[{"embeddable":true,"href":"https:\/\/www.somatechnology.com\/spanish\/wp-json\/wp\/v2\/comments?post=5910"}],"version-history":[{"count":0,"href":"https:\/\/www.somatechnology.com\/spanish\/wp-json\/wp\/v2\/pages\/5910\/revisions"}],"wp:attachment":[{"href":"https:\/\/www.somatechnology.com\/spanish\/wp-json\/wp\/v2\/media?parent=5910"}],"curies":[{"name":"wp","href":"https:\/\/api.w.org\/{rel}","templated":true}]}}