{"id":10074,"date":"2018-04-10T18:27:30","date_gmt":"2018-04-10T18:27:30","guid":{"rendered":"https:\/\/www.somatechnology.com\/spanish\/?post_type=product&#038;p=10074"},"modified":"2025-09-23T10:31:01","modified_gmt":"2025-09-23T14:31:01","slug":"acmi-aur-9-flexible-ureteropyeloscope","status":"publish","type":"product","link":"https:\/\/www.somatechnology.com\/spanish\/equipo-medico-usado-remanufacturado\/sistema-de-video-endoscopia\/endoscopios-flexibles\/acmi-aur-9-flexible-ureteropyeloscope\/","title":{"rendered":"ACMI AUR-9 Flexible Ureteropyeloscope"},"content":{"rendered":"<h2>Caracter\u00edsticas del ACMI AUR-9<\/h2>\n<ul>\n<li>Ureteropieloscopio Flexible.<\/li>\n<li>160 \u00b0 desviaci\u00f3n activa, radio de plegado estrecho y desviaci\u00f3n secundaria superior, 9,8 fr. (3,3 mm)<\/li>\n<li>Protecci\u00f3n Autoseal.<\/li>\n<li>Mecanismo anti-estiramiento del cable.<\/li>\n<li>Acceda a todo el sistema de recolecci\u00f3n interno con desviaci\u00f3n dirigida por anatom\u00eda.<\/li>\n<li>Acomoda los instrumentos de funcionamiento de 3 francos, las puntas de prueba EHL, o la fibra Lithotripter del laser, y riega al mismo tiempo.<\/li>\n<li>Elimina las v\u00e1lvulas de ventilaci\u00f3n y las tapas de ventilaci\u00f3n para la desinfecci\u00f3n\/esterilizaci\u00f3n; protege su AUR \u2122 9 de reparaciones costosas.<\/li>\n<li>Libera el estr\u00e9s en el cable de desviaci\u00f3n, manteniendo un \u00e1ngulo de desviaci\u00f3n \u00f3ptimo con el tiempo.<\/li>\n<\/ul>\n<h3>Informaci\u00f3n General<\/h3>\n<ul>\n<li>Longitud de trabajo: 65 cm.<\/li>\n<li>Extremidad distal: 7,8 fr. (2,6 mil\u00edmetros)<\/li>\n<li>Eje distal: 9,8 fr. (3,3 mm)<\/li>\n<li>Desviaci\u00f3n de la punta: 160 \u00b0.<\/li>\n<li>Canal de trabajo: 3,6 fr. (1,2 mm)<\/li>\n<li>Campo visual: 80 \u00b0 \u00b1 5.<\/li>\n<li>Direcci\u00f3n de campo:\u00a02-40 mm.<\/li>\n<\/ul>\n<p>&nbsp;<\/p>\n","protected":false},"excerpt":{"rendered":"<p>Caracter\u00edsticas del ACMI AUR-9 Ureteropieloscopio Flexible. 160 \u00b0 desviaci\u00f3n activa, radio de plegado estrecho y desviaci\u00f3n secundaria superior, 9,8 fr. (3,3 mm) Protecci\u00f3n Autoseal&#8230;.<\/p>\n","protected":false},"featured_media":10076,"template":"","meta":{"_acf_changed":false,"_relevanssi_hide_post":"","_relevanssi_hide_content":"","_relevanssi_pin_for_all":"","_relevanssi_pin_keywords":"","_relevanssi_unpin_keywords":"","_relevanssi_related_keywords":"","_relevanssi_related_include_ids":"","_relevanssi_related_exclude_ids":"","_relevanssi_related_no_append":"","_relevanssi_related_not_related":"","_relevanssi_related_posts":"","_relevanssi_noindex_reason":"","inline_featured_image":false},"pwb-brand":[11030],"product_brand":[],"product_cat":[84,7015],"product_tag":[2769,2768,2767,2770],"class_list":{"0":"post-10074","1":"product","2":"type-product","3":"status-publish","4":"has-post-thumbnail","6":"pwb-brand-acmi","7":"product_cat-sistema-de-video-endoscopia","8":"product_cat-endoscopios-flexibles","9":"product_tag-acmi","10":"product_tag-acmi-aur","11":"product_tag-acmi-aur-9","12":"product_tag-aur-9","14":"first","15":"instock","16":"shipping-taxable","17":"purchasable","18":"product-type-simple"},"acf":[],"brands":[{"id":11030,"name":"ACMI","slug":"acmi"}],"_links":{"self":[{"href":"https:\/\/www.somatechnology.com\/spanish\/wp-json\/wp\/v2\/product\/10074","targetHints":{"allow":["GET"]}}],"collection":[{"href":"https:\/\/www.somatechnology.com\/spanish\/wp-json\/wp\/v2\/product"}],"about":[{"href":"https:\/\/www.somatechnology.com\/spanish\/wp-json\/wp\/v2\/types\/product"}],"wp:featuredmedia":[{"embeddable":true,"href":"https:\/\/www.somatechnology.com\/spanish\/wp-json\/wp\/v2\/media\/10076"}],"wp:attachment":[{"href":"https:\/\/www.somatechnology.com\/spanish\/wp-json\/wp\/v2\/media?parent=10074"}],"wp:term":[{"taxonomy":"pwb-brand","embeddable":true,"href":"https:\/\/www.somatechnology.com\/spanish\/wp-json\/wp\/v2\/pwb-brand?post=10074"},{"taxonomy":"product_brand","embeddable":true,"href":"https:\/\/www.somatechnology.com\/spanish\/wp-json\/wp\/v2\/product_brand?post=10074"},{"taxonomy":"product_cat","embeddable":true,"href":"https:\/\/www.somatechnology.com\/spanish\/wp-json\/wp\/v2\/product_cat?post=10074"},{"taxonomy":"product_tag","embeddable":true,"href":"https:\/\/www.somatechnology.com\/spanish\/wp-json\/wp\/v2\/product_tag?post=10074"}],"curies":[{"name":"wp","href":"https:\/\/api.w.org\/{rel}","templated":true}]}}