{"id":10151,"date":"2018-04-11T16:56:14","date_gmt":"2018-04-11T16:56:14","guid":{"rendered":"https:\/\/www.somatechnology.com\/spanish\/?post_type=product&#038;p=10151"},"modified":"2023-08-23T06:27:29","modified_gmt":"2023-08-23T10:27:29","slug":"philips-avalon-fm20","status":"publish","type":"product","link":"https:\/\/www.somatechnology.com\/spanish\/equipo-medico-usado-remanufacturado\/ucii-nicu-unidades-neonatales-cuidado-intensivo\/monitores-fetales\/philips-avalon-fm20\/","title":{"rendered":"Philips Avalon FM20"},"content":{"rendered":"<h2>Caracter\u00edsticas de Philips Avalon FM20<\/h2>\n<p>Los monitores fetales y maternales de Avalon FM son Philips First y s\u00f3lo ofrecen detecci\u00f3n autom\u00e1tica de coincidencia (verificaci\u00f3n de canales cruzados) mediante Smart pulse. Mide las tasas card\u00edacas fetales y maternales por separado para mejorar la confianza diagn\u00f3stica. La interpretaci\u00f3n de trazas incorporada en NST, una aplicaci\u00f3n de apoyo a la decisi\u00f3n cl\u00ednica (CDs) para el monitoreo de antepartum, puede ayudar a mejorar la eficiencia al clasificar las trazas que requieren un an\u00e1lisis m\u00e1s detallado por el obstetra. Con la serie de Avalon FM, usted tiene la confianza de datos continuos con una memoria de reserva, operaci\u00f3n de la bater\u00eda, y la interfaz del LAN, combinada con los transductores elegantes y una pantalla t\u00e1ctil del color.<\/p>\n<ul>\n<li>Interpretaci\u00f3n de trazas de NST para mejorar la eficiencia<\/li>\n<li>Variedad de lecturas para una comprensi\u00f3n comprensiva<\/li>\n<li>La opci\u00f3n de supervisi\u00f3n triple ampl\u00eda las capacidades<\/li>\n<li>Las caracter\u00edsticas de fiabilidad permiten una operaci\u00f3n ininterrumpida<\/li>\n<li>La exhibici\u00f3n de color grande, intuitiva demuestra claramente el estado<\/li>\n<li>Pulso inteligente para la detecci\u00f3n automatizada de la coincidencia<\/li>\n<\/ul>\n<h2>Especificaciones de Philips Avalon FM20<\/h2>\n<h3>Peso<\/h3>\n<ul>\n<li>Peso sin opci\u00f3n de la bater\u00eda: 11,2 lbs\/5.1 kg<\/li>\n<\/ul>\n<h3>Bater\u00eda<\/h3>\n<ul>\n<li>Tiempo de funcionamiento (opcional): hasta cuatro horas<\/li>\n<\/ul>\n<h3>Pantalla<\/h3>\n<ul>\n<li>Monitor pantalla display: 6,5 in\/16.51 cm<\/li>\n<li>Operaci\u00f3n de la pantalla t\u00e1ctil: opcional<\/li>\n<\/ul>\n<h3>Par\u00e1metros<\/h3>\n<ul>\n<li>Par\u00e1metros fetales externos: US\/toco<\/li>\n<li>Capacidad gemela: est\u00e1ndar<\/li>\n<li>Capacidad de los trillizos: Optional<\/li>\n<li>Par\u00e1metros fetales internos: N\/A<\/li>\n<li>Par\u00e1metros maternales: MECG, NIBP, pulso<\/li>\n<li>Tecnolog\u00eda elegante del pulso: est\u00e1ndar<\/li>\n<li>Verificaci\u00f3n de canales cruzados: est\u00e1ndar<\/li>\n<li>Perfil del movimiento fetal: est\u00e1ndar<\/li>\n<\/ul>\n<h3>Lecturas<\/h3>\n<ul>\n<li>Interpretaci\u00f3n de trazas de NST (opcional): hasta tres ritmos card\u00edacos fetales (FHR)<\/li>\n<\/ul>\n<h3>Variedad de lecturas<\/h3>\n<ul>\n<li>Este monitor antepartum e intraparto proporciona una amplia gama de lecturas. \u00c9stos incluyen la medida materna separada del pulso; Monitoreo integrado del pulso maternal y de la presi\u00f3n sangu\u00ednea; monitoreo externo de las tasas card\u00edacas fetales, la actividad uterina y el movimiento fetal; y un sistema extenso de par\u00e1metros fetales internos tales como frecuencia card\u00edaca fetal directa y presi\u00f3n uterina. La supervisi\u00f3n maternal de SpO2 se incluye como est\u00e1ndar.<\/li>\n<\/ul>\n<h3>Pulso inteligente<\/h3>\n<ul>\n<li>Smart Pulse proporciona verificaci\u00f3n entre canales. Compara continuamente todas las tasas card\u00edacas fetales y maternales para aumentar la confianza de que cada uno se mide por separado.<\/li>\n<\/ul>\n<h3>Interpretaci\u00f3n de trazas NST<\/h3>\n<ul>\n<li>Interpretaci\u00f3n de trazas de NST incorporada, una aplicaci\u00f3n de apoyo a la decisi\u00f3n cl\u00ednica (CDs) para la supervisi\u00f3n de antepartum, puede ayudar a mejorar la eficiencia mediante la clasificaci\u00f3n de las trazas que requieren un an\u00e1lisis m\u00e1s detallado por el obstetra<\/li>\n<\/ul>\n","protected":false},"excerpt":{"rendered":"<p>Monitores Fetales<\/p>\n","protected":false},"featured_media":20769,"template":"","meta":{"_acf_changed":false,"_relevanssi_hide_post":"","_relevanssi_hide_content":"","_relevanssi_pin_for_all":"","_relevanssi_pin_keywords":"","_relevanssi_unpin_keywords":"","_relevanssi_related_keywords":"","_relevanssi_related_include_ids":"","_relevanssi_related_exclude_ids":"","_relevanssi_related_no_append":"","_relevanssi_related_not_related":"","_relevanssi_related_posts":"","_relevanssi_noindex_reason":"","inline_featured_image":false},"pwb-brand":[1102],"product_brand":[],"product_cat":[3649],"product_tag":[3531,3532,4077,273,2820,2852,4076,4070],"class_list":{"0":"post-10151","1":"product","2":"type-product","3":"status-publish","4":"has-post-thumbnail","6":"pwb-brand-equipo-medico-philips","7":"product_cat-monitores-fetales","8":"product_tag-monitores","9":"product_tag-monitores-fetales","10":"product_tag-monitores-fetales-philips-avalon-fm20","11":"product_tag-philips","12":"product_tag-philips-avalon","13":"product_tag-philips-avalon-fm20","14":"product_tag-philips-avalon-fm20-monitores-fetales","15":"product_tag-philips-monitores-fetales","17":"first","18":"instock","19":"shipping-taxable","20":"purchasable","21":"product-type-simple"},"acf":[],"brands":[{"id":1102,"name":"Philips","slug":"equipo-medico-philips"}],"_links":{"self":[{"href":"https:\/\/www.somatechnology.com\/spanish\/wp-json\/wp\/v2\/product\/10151","targetHints":{"allow":["GET"]}}],"collection":[{"href":"https:\/\/www.somatechnology.com\/spanish\/wp-json\/wp\/v2\/product"}],"about":[{"href":"https:\/\/www.somatechnology.com\/spanish\/wp-json\/wp\/v2\/types\/product"}],"wp:featuredmedia":[{"embeddable":true,"href":"https:\/\/www.somatechnology.com\/spanish\/wp-json\/wp\/v2\/media\/20769"}],"wp:attachment":[{"href":"https:\/\/www.somatechnology.com\/spanish\/wp-json\/wp\/v2\/media?parent=10151"}],"wp:term":[{"taxonomy":"pwb-brand","embeddable":true,"href":"https:\/\/www.somatechnology.com\/spanish\/wp-json\/wp\/v2\/pwb-brand?post=10151"},{"taxonomy":"product_brand","embeddable":true,"href":"https:\/\/www.somatechnology.com\/spanish\/wp-json\/wp\/v2\/product_brand?post=10151"},{"taxonomy":"product_cat","embeddable":true,"href":"https:\/\/www.somatechnology.com\/spanish\/wp-json\/wp\/v2\/product_cat?post=10151"},{"taxonomy":"product_tag","embeddable":true,"href":"https:\/\/www.somatechnology.com\/spanish\/wp-json\/wp\/v2\/product_tag?post=10151"}],"curies":[{"name":"wp","href":"https:\/\/api.w.org\/{rel}","templated":true}]}}