{"id":10155,"date":"2018-04-11T18:44:22","date_gmt":"2018-04-11T18:44:22","guid":{"rendered":"https:\/\/www.somatechnology.com\/spanish\/?post_type=product&#038;p=10155"},"modified":"2023-08-23T06:27:30","modified_gmt":"2023-08-23T10:27:30","slug":"philips-avalon-cts","status":"publish","type":"product","link":"https:\/\/www.somatechnology.com\/spanish\/equipo-medico-usado-remanufacturado\/ucii-nicu-unidades-neonatales-cuidado-intensivo\/monitores-fetales\/philips-avalon-cts\/","title":{"rendered":"Philips Avalon CTS"},"content":{"rendered":"<h2>Philips Avalon CTS<\/h2>\n<p>El sistema de transductores inal\u00e1mbricos <strong>Philips Avalon CTS<\/strong> ayuda a transformar el trabajo y la entrega, ofreciendo a las madres y equipos de atenci\u00f3n la flexibilidad que buscan al permitir un monitoreo fetal y maternal c\u00f3modo y continuo con una movilidad excepcional. Avalon CTS ayuda a proporcionar una imagen clara y constante del estado del paciente para tomar decisiones seguras.<\/p>\n<ul>\n<li>Transductor de toco inal\u00e1mbrico: mide externamente la actividad uterina<\/li>\n<li>Transductor de ultrasonido inal\u00e1mbrico: mide el movimiento fetal y la frecuencia card\u00edaca<\/li>\n<li>Identificador de cama: transductores de f\u00f3sforos y estaciones base para cada cama<\/li>\n<li>La estaci\u00f3n base recibe se\u00f1ales del transductor: y recarga los transductores enchufados<\/li>\n<li>El plug and Play del transductor con la disposici\u00f3n autom\u00e1tica de la pantalla, conjuntamente con los monitores fetales de Philips, permite el foco en cuidado paciente, no el sistema<\/li>\n<li>Indicadores de estado del transductor: muestra la claridad del funcionamiento del sistema en todo momento<\/li>\n<li>Indicador de posici\u00f3n de la ranura: ayuda a asegurar que cada transductor sea devuelto a su posici\u00f3n casera adecuada<\/li>\n<li>Transductor de ECO sin cuerda: mide ECO fetal directo o ECO maternal<\/li>\n<li>Indicador de carga de la bater\u00eda: muestra el estado de la carga (las bater\u00edas funcionan por lo menos 16 horas<\/li>\n<\/ul>\n<h2>Especificaciones Philips Avalon CTS M1351a<\/h2>\n<h3>Dimensiones de la base<\/h3>\n<ul>\n<li>Tama\u00f1o mil\u00edmetro\/(adentro): anchura x profundidad x altura 350 x 240 x 75 (13,8 x 9,5 x 3,0 adentro)<\/li>\n<li>Peso 2,5 kg\/5.5 lbs sin transductores<\/li>\n<\/ul>\n<h3>Dimensiones del transductor<\/h3>\n<ul>\n<li>Tama\u00f1o (di\u00e1metro) &lt; 10 cm\/3.94 en<\/li>\n<li>Peso &lt; 140 g\/4.8 oz<\/li>\n<\/ul>\n<h3>Fuente de alimentaci\u00f3n<\/h3>\n<ul>\n<li>Voltajes de fuente 100 VAC a 240 VAC \u00b1 10%<\/li>\n<li>Gama de frecuencia de la fuente 50 hertzio a 60 hertzio<\/li>\n<li>Consumo 15 VA<\/li>\n<\/ul>\n<h3>Estaci\u00f3n base<\/h3>\n<ul>\n<li>Tipo de protecci\u00f3n contra descargas el\u00e9ctricas: equipo de clase I<\/li>\n<li>Sensibilidad de entrada sensibilidad de entrada-110 dBm @ 30dB relaci\u00f3n se\u00f1al-ruido<\/li>\n<li>Rechazo imagen rechazo imagen &gt; 80dB<\/li>\n<li>Gamas \u2022 gama de recepci\u00f3n (l\u00ednea de la vista) aproximadamente 100M\/300 pies<\/li>\n<li>Impedancia de entrada de antena 50 \u03a9<\/li>\n<li>C\u00f3digo de protecci\u00f3n de ingreso de agua IP x1 (protecci\u00f3n s\u00f3lo contra gotas de agua que caen verticalmente)<\/li>\n<\/ul>\n<h3>Interfaz del monitor<\/h3>\n<ul>\n<li>Salida de toco \u2022 exactitud el \u00b1 0.5% por 100 mmHg (no incluyendo el transmisor)<\/li>\n<li>Offset \u00b1 5 unidades (sin incluir el transmisor)<\/li>\n<li>Gama 0 a 4V<\/li>\n<li>Gama del voltaje \u2022 gama de voltaje de los e.e.u.u. 4mVpp a VPP<\/li>\n<li>Gama 0.1 Vpp del voltaje de ECO a VPP<\/li>\n<\/ul>\n<h3>Bater\u00eda<\/h3>\n<ul>\n<li>Mecanograf\u00ede el litio-ion<\/li>\n<li>Capacidad &gt; 16 horas (&gt; 700mAh)<\/li>\n<li>Ciclo de carga\/descarga Life &gt; 500 (con bater\u00eda nueva, a 25 \u00b0 c\/77 \u00b0 f)<\/li>\n<li>Tiempo de almacenamiento del transductor \u2022 \u2265 1 a\u00f1o a 25 \u00b0 c\/77 \u00b0 f (bater\u00eda llena)<\/li>\n<li>\u2265 1 mes a 25 \u00b0 c\/77 \u00b0 f (bater\u00eda vac\u00eda)<\/li>\n<li>Recarga de tiempo \u2022 100% cargado &lt; 3H<\/li>\n<li>El 66% carg\u00f3 \u2264 1H<\/li>\n<li>Corriente de descarga forzada aprox. 45mA<\/li>\n<li>Corriente de la salida de la descarga en Shutdown @ VBAT = 3V, 25 \u00b0 c 20 \u00b5A (t\u00edpico), 70 \u00b5A (m\u00e1ximo)<\/li>\n<\/ul>\n<h3>Unidad de RF<\/h3>\n<ul>\n<li>Nominal RF potencia de salida-12 dBm \u00b1 6 dB ERP<\/li>\n<li>Rango de frecuencias portadoras ver bandas de frecuencias<\/li>\n<li>Intervalo m\u00ednimo de banda de frecuencias por opci\u00f3n 10 MHz<\/li>\n<li>Espaciamiento de canales 25KHz o 12.5 kHz<\/li>\n<\/ul>\n<h3>Especificaciones generales del transductor<\/h3>\n<ul>\n<li>La resistencia de choque soporta una gota del 1m a la superficie concreta con da\u00f1o cosm\u00e9tico posible<\/li>\n<li>Usabilidad bajo el agua 0.5 m\/1.64 ft<\/li>\n<li>C\u00f3digo de protecci\u00f3n de ingreso de agua IP 68 (inmersi\u00f3n de 0,5 m\/1.64 ft durante 5 horas)<\/li>\n<\/ul>\n<h3>Informaci\u00f3n Ambiental<\/h3>\n<ul>\n<li>Rango de temperatura \u2022 carga de 0 \u00b0 c a 45 \u00b0 c (32 \u00b0 f a 113 \u00b0 f)<\/li>\n<li>Funcionamiento 0 \u00b0 c a 45 \u00b0 c (32 \u00b0 f a 113 \u00b0 f)<\/li>\n<li>Almacenaje (sin la bater\u00eda)-20 \u00b0 c a + 60 \u00b0 c (-4 \u00b0 f a 158 \u00b0 f)<\/li>\n<li>El almacenamiento con bater\u00eda depende del nivel de carga inicial y de la temperatura (el tiempo de almacenamiento disminuye significativamente a temperaturas altas (&gt; 45 \u00b0 c\/113 \u00b0 f)<\/li>\n<li>Rango de humedad \u2022 funcionamiento de 5% a 95% de humedad relativa @ 40 \u00b0 c\/104 \u00b0 f<\/li>\n<li>Almacenaje 5% a 85% higrometr\u00eda @ 50 \u00b0 c\/122 \u00b0 f<\/li>\n<li>Rango de altitud \u2022 funcionamiento \u2264 3000m\/9800 ft<\/li>\n<li>Storage \u2264 15000m\/49000 ft<\/li>\n<\/ul>\n","protected":false},"excerpt":{"rendered":"<p>Monitores Fetales<\/p>\n","protected":false},"featured_media":11051,"template":"","meta":{"_acf_changed":false,"_relevanssi_hide_post":"","_relevanssi_hide_content":"","_relevanssi_pin_for_all":"","_relevanssi_pin_keywords":"","_relevanssi_unpin_keywords":"","_relevanssi_related_keywords":"","_relevanssi_related_include_ids":"","_relevanssi_related_exclude_ids":"","_relevanssi_related_no_append":"","_relevanssi_related_not_related":"","_relevanssi_related_posts":"","_relevanssi_noindex_reason":"","inline_featured_image":false},"pwb-brand":[1102],"product_brand":[],"product_cat":[3649],"product_tag":[2856,3568,3531,3532,4069,273,2820,2855,2854,4079,4078,4071,4070],"class_list":{"0":"post-10155","1":"product","2":"type-product","3":"status-publish","4":"has-post-thumbnail","6":"pwb-brand-equipo-medico-philips","7":"product_cat-monitores-fetales","8":"product_tag-avalon-cts-m1351a","9":"product_tag-m1351a","10":"product_tag-monitores","11":"product_tag-monitores-fetales","12":"product_tag-monitores-fetales-philips","13":"product_tag-philips","14":"product_tag-philips-avalon","15":"product_tag-philips-avalon-cts","16":"product_tag-philips-avalon-cts-m1351a","17":"product_tag-philips-avalon-cts-m1351a-monitores-fetales","18":"product_tag-philips-avalon-cts-monitores-fetales","19":"product_tag-philips-avalon-monitores-fetales","20":"product_tag-philips-monitores-fetales","22":"first","23":"instock","24":"shipping-taxable","25":"purchasable","26":"product-type-simple"},"acf":[],"brands":[{"id":1102,"name":"Philips","slug":"equipo-medico-philips"}],"_links":{"self":[{"href":"https:\/\/www.somatechnology.com\/spanish\/wp-json\/wp\/v2\/product\/10155","targetHints":{"allow":["GET"]}}],"collection":[{"href":"https:\/\/www.somatechnology.com\/spanish\/wp-json\/wp\/v2\/product"}],"about":[{"href":"https:\/\/www.somatechnology.com\/spanish\/wp-json\/wp\/v2\/types\/product"}],"wp:featuredmedia":[{"embeddable":true,"href":"https:\/\/www.somatechnology.com\/spanish\/wp-json\/wp\/v2\/media\/11051"}],"wp:attachment":[{"href":"https:\/\/www.somatechnology.com\/spanish\/wp-json\/wp\/v2\/media?parent=10155"}],"wp:term":[{"taxonomy":"pwb-brand","embeddable":true,"href":"https:\/\/www.somatechnology.com\/spanish\/wp-json\/wp\/v2\/pwb-brand?post=10155"},{"taxonomy":"product_brand","embeddable":true,"href":"https:\/\/www.somatechnology.com\/spanish\/wp-json\/wp\/v2\/product_brand?post=10155"},{"taxonomy":"product_cat","embeddable":true,"href":"https:\/\/www.somatechnology.com\/spanish\/wp-json\/wp\/v2\/product_cat?post=10155"},{"taxonomy":"product_tag","embeddable":true,"href":"https:\/\/www.somatechnology.com\/spanish\/wp-json\/wp\/v2\/product_tag?post=10155"}],"curies":[{"name":"wp","href":"https:\/\/api.w.org\/{rel}","templated":true}]}}