{"id":10194,"date":"2018-04-12T16:19:20","date_gmt":"2018-04-12T16:19:20","guid":{"rendered":"https:\/\/www.somatechnology.com\/spanish\/?post_type=product&#038;p=10194"},"modified":"2026-01-02T06:43:21","modified_gmt":"2026-01-02T11:43:21","slug":"alaris-carefusion-cardinal-bd-8100","status":"publish","type":"product","link":"https:\/\/www.somatechnology.com\/spanish\/equipo-medico-usado-remanufacturado\/terapia-intravenosa\/bombas-intravenosas\/alaris-carefusion-cardinal-bd-8100\/","title":{"rendered":"BD CareFusion Alaris 8100"},"content":{"rendered":"<h2>Caracter\u00edsticas Carefusion Alaris 8100<\/h2>\n<p>El Modulo de bomba <a href=\"https:\/\/www.somatechnology.com\/wp-content\/uploads\/sites\/2\/2018\/04\/Alaris-8100-Spa.pdf\"><strong>BD Alaris 8100<\/strong><\/a> se utiliza en la administraci\u00f3n de grandes vol\u00famenes de fluidos, medicamentos, sangre y productos sangu\u00edneos mediante una administraci\u00f3n continua e intermitente para pacientes adultos, pedi\u00e1tricos o neonatales. La administraci\u00f3n de <a href=\"https:\/\/www.somatechnology.com\/spanish\/equipos-medicos\/terapia-intravenosa\/bombas-intravenosas\/\">infusiones<\/a> puede ocurrir a trav\u00e9s de rutas de administraci\u00f3n cl\u00ednicamente aceptables (por ejemplo, intravenosa, intraarterial, subcut\u00e1nea, epidural, enteral o irrigaci\u00f3n de espacios fluidos). Los profesionales de la salud pueden conectar hasta cuatro m\u00f3dulos de bombas a una sola unidad de Punto de Atenci\u00f3n (PCU), permitiendo cuatro infusiones diferentes. Los m\u00f3dulos Alaris 8100 se pueden conectar a cualquiera de los lados de la unidad <a href=\"https:\/\/www.somatechnology.com\/infusion-pumps\/bd-carefusion-alaris-pcu\/\">PC (Punto de Cuidado) Alaris<\/a> para crear la configuraci\u00f3n deseada.<\/p>\n<p>El m\u00f3dulo Alaris 8100 es compatible con el programa <strong>Guardrails Suite MX<\/strong>. Este programa ayuda a reducir el riesgo de errores en la medicaci\u00f3n al proporcionar una prueba de razonabilidad antes de iniciar la terapia.<\/p>\n<ul>\n<li>La pantalla LCD integrada muestra el nombre del fluido intravenoso, la dosis y la velocidad<\/li>\n<li>Los indicadores que muestran el estado del canal son rojos para alarma, amarillos para pausa y verdes para infusi\u00f3n<\/li>\n<li>Protecci\u00f3n de flujo libre basada en sets con v\u00e1lvulas sin aguja SmartSite<\/li>\n<li>Los sets pueden ser utilizados para infusi\u00f3n por gravedad<\/li>\n<li>Dise\u00f1ado para la administraci\u00f3n mediante bolsa, botella o jeringa<\/li>\n<li>Soporta la administraci\u00f3n primaria y secundaria<\/li>\n<\/ul>\n<p>&nbsp;<\/p>\n","protected":false},"excerpt":{"rendered":"<p>El Modulo de bomba BD Alaris 8100 se utiliza en la administraci\u00f3n de grandes vol\u00famenes de fluidos, medicamentos, sangre y productos sangu\u00edneos mediante una administraci\u00f3n continua e intermitente para pacientes adultos, pedi\u00e1tricos o neonatales. La administraci\u00f3n de infusiones puede ocurrir a trav\u00e9s de rutas de administraci\u00f3n cl\u00ednicamente aceptables (por ejemplo, intravenosa, intraarterial, subcut\u00e1nea, epidural, enteral o irrigaci\u00f3n de espacios fluidos).<\/p>\n","protected":false},"featured_media":19983,"template":"","meta":{"_acf_changed":false,"_relevanssi_hide_post":"","_relevanssi_hide_content":"","_relevanssi_pin_for_all":"","_relevanssi_pin_keywords":"","_relevanssi_unpin_keywords":"","_relevanssi_related_keywords":"","_relevanssi_related_include_ids":"","_relevanssi_related_exclude_ids":"","_relevanssi_related_no_append":"","_relevanssi_related_not_related":"","_relevanssi_related_posts":"","_relevanssi_noindex_reason":"","inline_featured_image":false},"pwb-brand":[1327],"product_brand":[],"product_cat":[52],"product_tag":[10236,10238,2896,10239,10254,10243,10252,10240,10253,2899,2894,10218,10241,10244,10246,10247,10235,10248,3611,1025,2895,10245,10249,10250,10251,10242,10237],"class_list":{"0":"post-10194","1":"product","2":"type-product","3":"status-publish","4":"has-post-thumbnail","6":"pwb-brand-equipo-medico-bd-becton-dickinson","7":"product_cat-bombas-intravenosas","8":"product_tag-10236","9":"product_tag-8100-modulo","10":"product_tag-alaris-8100","11":"product_tag-alaris-bomba","12":"product_tag-alaris-bomba-intravenosa","13":"product_tag-alaris-bombas","14":"product_tag-alaris-bombas-de-infusion","15":"product_tag-alaris-iv-bomba","16":"product_tag-alaris-iv-bombas","17":"product_tag-bd","18":"product_tag-bd-8100","19":"product_tag-bd-alaris","20":"product_tag-bd-alaris-bomba","21":"product_tag-bd-alaris-bombas","22":"product_tag-bd-bomba-de-infusion","23":"product_tag-bd-bombas-de-infusion","24":"product_tag-bd-carefusion-alaris-modulo-de-bomba-8100","25":"product_tag-bd-iv-bomba","26":"product_tag-bomba-de-infusion","27":"product_tag-carefusion","28":"product_tag-carefusion-8100","29":"product_tag-carefusion-alaris-bomba","30":"product_tag-carefusion-bombas-de-infusion","31":"product_tag-carefusion-iv-bomba","32":"product_tag-carefusion-iv-bombas","33":"product_tag-iv-bomba","34":"product_tag-modulo-8100","36":"first","37":"instock","38":"shipping-taxable","39":"purchasable","40":"product-type-simple"},"acf":[],"brands":[{"id":1327,"name":"BD","slug":"equipo-medico-bd-becton-dickinson"}],"_links":{"self":[{"href":"https:\/\/www.somatechnology.com\/spanish\/wp-json\/wp\/v2\/product\/10194","targetHints":{"allow":["GET"]}}],"collection":[{"href":"https:\/\/www.somatechnology.com\/spanish\/wp-json\/wp\/v2\/product"}],"about":[{"href":"https:\/\/www.somatechnology.com\/spanish\/wp-json\/wp\/v2\/types\/product"}],"wp:featuredmedia":[{"embeddable":true,"href":"https:\/\/www.somatechnology.com\/spanish\/wp-json\/wp\/v2\/media\/19983"}],"wp:attachment":[{"href":"https:\/\/www.somatechnology.com\/spanish\/wp-json\/wp\/v2\/media?parent=10194"}],"wp:term":[{"taxonomy":"pwb-brand","embeddable":true,"href":"https:\/\/www.somatechnology.com\/spanish\/wp-json\/wp\/v2\/pwb-brand?post=10194"},{"taxonomy":"product_brand","embeddable":true,"href":"https:\/\/www.somatechnology.com\/spanish\/wp-json\/wp\/v2\/product_brand?post=10194"},{"taxonomy":"product_cat","embeddable":true,"href":"https:\/\/www.somatechnology.com\/spanish\/wp-json\/wp\/v2\/product_cat?post=10194"},{"taxonomy":"product_tag","embeddable":true,"href":"https:\/\/www.somatechnology.com\/spanish\/wp-json\/wp\/v2\/product_tag?post=10194"}],"curies":[{"name":"wp","href":"https:\/\/api.w.org\/{rel}","templated":true}]}}