{"id":10202,"date":"2018-04-12T17:08:25","date_gmt":"2018-04-12T17:08:25","guid":{"rendered":"https:\/\/www.somatechnology.com\/spanish\/?post_type=product&#038;p=10202"},"modified":"2025-09-23T10:22:51","modified_gmt":"2025-09-23T14:22:51","slug":"bd-carefusion-alaris-pcu-8000-series","status":"publish","type":"product","link":"https:\/\/www.somatechnology.com\/spanish\/equipo-medico-usado-remanufacturado\/terapia-intravenosa\/bombas-intravenosas\/bd-carefusion-alaris-pcu-8000-series\/","title":{"rendered":"BD Carefusion Alaris PCU 8000 Series"},"content":{"rendered":"<h2>Caracter\u00edsticas del Carefusion Alaris PCU 8000 Series<\/h2>\n<p>La unidad de punto de atenci\u00f3n (PC)<strong> Alaris 8000<\/strong> es el n\u00facleo del sistema Alaris y proporciona una interfaz de usuario com\u00fan para la programaci\u00f3n de m\u00f3dulos de infusi\u00f3n y monitorizaci\u00f3n. Esto ayuda a reducir la complejidad en el punto de atenci\u00f3n. El sistema de seguridad de la medicaci\u00f3n de Medley es un sistema modular de la infusi\u00f3n y de supervisi\u00f3n dise\u00f1ado para proporcionar capacidades de supervisi\u00f3n SpO2 y la infusi\u00f3n exacta, automatizada de una gama amplia de l\u00edquidos intravasculares, de medicaciones, y de productos de la sangre.<\/p>\n<ul>\n<li>Personalice esta unidad a\u00f1adiendo cualquiera de los siguientes m\u00f3dulos:\n<ul>\n<li>Bomba de infusi\u00f3n del m\u00f3dulo de bomba Alaris 8100<\/li>\n<li>Bomba de infusi\u00f3n del m\u00f3dulo de jeringa Alaris 8110<\/li>\n<li>Bomba de infusi\u00f3n del m\u00f3dulo del PCA de Alaris 8120<\/li>\n<li>M\u00f3dulo Alaris 8200 SpO2<\/li>\n<\/ul>\n<\/li>\n<\/ul>\n","protected":false},"excerpt":{"rendered":"<p>La unidad de punto de atenci\u00f3n (PC) Alaris 8000 es el n\u00facleo del sistema Alaris y proporciona una interfaz de usuario com\u00fan para la programaci\u00f3n de m\u00f3dulos de infusi\u00f3n y monitorizaci\u00f3n. Esto ayuda a reducir la complejidad en el punto de atenci\u00f3n.<\/p>\n","protected":false},"featured_media":11795,"template":"","meta":{"_acf_changed":false,"_relevanssi_hide_post":"","_relevanssi_hide_content":"","_relevanssi_pin_for_all":"","_relevanssi_pin_keywords":"","_relevanssi_unpin_keywords":"","_relevanssi_related_keywords":"","_relevanssi_related_include_ids":"","_relevanssi_related_exclude_ids":"","_relevanssi_related_no_append":"","_relevanssi_related_not_related":"","_relevanssi_related_posts":"","_relevanssi_noindex_reason":"","inline_featured_image":false},"pwb-brand":[1327],"product_brand":[],"product_cat":[52],"product_tag":[2909,2899,2911,1025,2908,2907,2910,2902,2901,2906,2912],"class_list":{"0":"post-10202","1":"product","2":"type-product","3":"status-publish","4":"has-post-thumbnail","6":"pwb-brand-equipo-medico-bd-becton-dickinson","7":"product_cat-bombas-intravenosas","8":"product_tag-alaris8000","9":"product_tag-bd","10":"product_tag-bd-carefusion-alaris-8000","11":"product_tag-carefusion","12":"product_tag-carefusion-8000","13":"product_tag-carefusion-alaris","14":"product_tag-carefusion-alaris-8000","15":"product_tag-carefusion-alaris-pcu","16":"product_tag-carefusion-alaris-pcu-bd","17":"product_tag-carefusion-alaris-pcu-bd-8000","18":"product_tag-pcu-8000","20":"first","21":"instock","22":"shipping-taxable","23":"purchasable","24":"product-type-simple"},"acf":[],"brands":[{"id":1327,"name":"BD","slug":"equipo-medico-bd-becton-dickinson"}],"_links":{"self":[{"href":"https:\/\/www.somatechnology.com\/spanish\/wp-json\/wp\/v2\/product\/10202","targetHints":{"allow":["GET"]}}],"collection":[{"href":"https:\/\/www.somatechnology.com\/spanish\/wp-json\/wp\/v2\/product"}],"about":[{"href":"https:\/\/www.somatechnology.com\/spanish\/wp-json\/wp\/v2\/types\/product"}],"wp:featuredmedia":[{"embeddable":true,"href":"https:\/\/www.somatechnology.com\/spanish\/wp-json\/wp\/v2\/media\/11795"}],"wp:attachment":[{"href":"https:\/\/www.somatechnology.com\/spanish\/wp-json\/wp\/v2\/media?parent=10202"}],"wp:term":[{"taxonomy":"pwb-brand","embeddable":true,"href":"https:\/\/www.somatechnology.com\/spanish\/wp-json\/wp\/v2\/pwb-brand?post=10202"},{"taxonomy":"product_brand","embeddable":true,"href":"https:\/\/www.somatechnology.com\/spanish\/wp-json\/wp\/v2\/product_brand?post=10202"},{"taxonomy":"product_cat","embeddable":true,"href":"https:\/\/www.somatechnology.com\/spanish\/wp-json\/wp\/v2\/product_cat?post=10202"},{"taxonomy":"product_tag","embeddable":true,"href":"https:\/\/www.somatechnology.com\/spanish\/wp-json\/wp\/v2\/product_tag?post=10202"}],"curies":[{"name":"wp","href":"https:\/\/api.w.org\/{rel}","templated":true}]}}