{"id":10241,"date":"2018-04-13T16:30:37","date_gmt":"2018-04-13T16:30:37","guid":{"rendered":"https:\/\/www.somatechnology.com\/spanish\/?post_type=product&#038;p=10241"},"modified":"2023-08-23T06:27:43","modified_gmt":"2023-08-23T10:27:43","slug":"carefusion-alaris-bd-8110-syringe-pump-module","status":"publish","type":"product","link":"https:\/\/www.somatechnology.com\/spanish\/equipo-medico-usado-remanufacturado\/terapia-intravenosa\/bombas-intravenosas\/carefusion-alaris-bd-8110-syringe-pump-module\/","title":{"rendered":"M\u00f3dulo de bomba de jeringuilla Carefusion Alaris BD 8110"},"content":{"rendered":"<h2>M\u00f3dulo de bomba de jeringuilla Carefusion Alaris BD 8110<\/h2>\n<p>Los m\u00f3dulos de la bomba y de jeringuilla de<strong> CareFusion Alaris 8110<\/strong> es de gran ayuda para las instalaciones que utilizan las bombas de la infusi\u00f3n y\/o de la jeringuilla para la entrega de l\u00edquidos, de medicaciones, de sangre, y de productos sangu\u00edneos usando la entrega continua o intermitente a trav\u00e9s cl\u00ednico v\u00edas de administraci\u00f3n aceptables; por ejemplo, intravenoso (IV), intra-arterial (IA), subcut\u00e1nea, epidural, enteral, o irrigaci\u00f3n de los espacios fl\u00faidos. Los m\u00f3dulos de la bomba y de la jeringuilla de CareFusion 8110 se indican para el uso en adultos, pediatr\u00eda, y los reci\u00e9n nacidos. Hasta cuatro m\u00f3dulos de la bomba y\/o de la jeringuilla se pueden conectar con el sistema de Alaris.<\/p>\n<ul>\n<li>Los m\u00f3dulos de la bomba y de la jeringuilla de CareFusion Alaris 8110 se piensan para las instalaciones que utilizan las bombas de la infusi\u00f3n y\/o de la jeringuilla para la entrega de l\u00edquidos, de medicaciones, de sangre, y de productos sangu\u00edneos usando la entrega continua o intermitente a trav\u00e9s cl\u00ednico v\u00edas de administraci\u00f3n aceptables; por ejemplo, intravenoso (IV), intra-arterial (IA), subcut\u00e1nea, epidural, enteral, o irrigaci\u00f3n de los espacios fl\u00faidos. Los m\u00f3dulos de la bomba y de la jeringuilla de CareFusion 8110 se indican para el uso en adultos, pediatr\u00eda, y los reci\u00e9n nacidos. Hasta cuatro m\u00f3dulos de la bomba y\/o de la jeringuilla se pueden conectar con el sistema de Alaris.<\/li>\n<\/ul>\n<h2>Volumen en bolo, m\u00e1ximo despu\u00e9s de la oclusi\u00f3n<\/h2>\n<h3>Sensor de presi\u00f3n Sin disco<\/h3>\n<ul>\n<li>Ajuste de la presi\u00f3n bajo: volumen del bolo 0,512 (ml)<\/li>\n<li>Medio del ajuste de la presi\u00f3n: volumen del bolo 0,776 (ml)<\/li>\n<li>Ajuste de la presi\u00f3n alto: 1,103 volumen del bolo (ml)<\/li>\n<\/ul>\n<h3>Detecci\u00f3n de presi\u00f3n con el disco<\/h3>\n<ul>\n<li>Ajuste de la presi\u00f3n 300 mmHg: retroceder desactivado: 0,462; Retroceder activado: 0,126 ajuste de presi\u00f3n 500 mmHg: retroceder desactivado: 0,575; Retroceder activado: 0,331 ajuste de presi\u00f3n 1000 mmHg: retroceder desactivado: 0,839; Retroceder activado: 0,323<\/li>\n<\/ul>\n<h3>Volumen cr\u00edtico<\/h3>\n<ul>\n<li>La sobre-infusi\u00f3n m\u00e1xima que puede ocurrir en caso de una condici\u00f3n de la solo-aver\u00eda no exceder\u00e1 el 2% del volumen nominal del terrapl\u00e9n de la jeringuilla durante la carga y el 1% del recorrido m\u00e1ximo de la jeringuilla despu\u00e9s de la carga de la jeringuilla.<\/li>\n<\/ul>\n<h3>Dimensiones<\/h3>\n<ul>\n<li>5\u2033 W x 15.0\u2033 H x 7.5\u2033 D<\/li>\n<\/ul>\n<p>&nbsp;<\/p>\n","protected":false},"excerpt":{"rendered":"<p>Bomba de Infusi\u00f3ns<\/p>\n","protected":false},"featured_media":11833,"template":"","meta":{"_acf_changed":false,"_relevanssi_hide_post":"","_relevanssi_hide_content":"","_relevanssi_pin_for_all":"","_relevanssi_pin_keywords":"","_relevanssi_unpin_keywords":"","_relevanssi_related_keywords":"","_relevanssi_related_include_ids":"","_relevanssi_related_exclude_ids":"","_relevanssi_related_no_append":"","_relevanssi_related_not_related":"","_relevanssi_related_posts":"","_relevanssi_noindex_reason":"","inline_featured_image":false},"pwb-brand":[1326],"product_brand":[],"product_cat":[52],"product_tag":[2978,2976,2977,1025,2907,2974,2973,2975,3647,3646],"class_list":{"0":"post-10241","1":"product","2":"type-product","3":"status-publish","4":"has-post-thumbnail","6":"pwb-brand-equipo-medico-carefusion","7":"product_cat-bombas-intravenosas","8":"product_tag-8110-carefusion-alaris-bd","9":"product_tag-alaris-8110","10":"product_tag-bd-8110","11":"product_tag-carefusion","12":"product_tag-carefusion-alaris","13":"product_tag-carefusion-alaris-bd","14":"product_tag-carefusion-alaris-bd-8110","15":"product_tag-carefusion8110","16":"product_tag-modulo-de-bomba-de-jeringuilla","17":"product_tag-modulo-de-bomba-de-jeringuilla-carefusion-alaris-bd-8110","19":"first","20":"instock","21":"shipping-taxable","22":"purchasable","23":"product-type-simple"},"acf":[],"brands":[{"id":1326,"name":"CareFusion","slug":"equipo-medico-carefusion"}],"_links":{"self":[{"href":"https:\/\/www.somatechnology.com\/spanish\/wp-json\/wp\/v2\/product\/10241","targetHints":{"allow":["GET"]}}],"collection":[{"href":"https:\/\/www.somatechnology.com\/spanish\/wp-json\/wp\/v2\/product"}],"about":[{"href":"https:\/\/www.somatechnology.com\/spanish\/wp-json\/wp\/v2\/types\/product"}],"wp:featuredmedia":[{"embeddable":true,"href":"https:\/\/www.somatechnology.com\/spanish\/wp-json\/wp\/v2\/media\/11833"}],"wp:attachment":[{"href":"https:\/\/www.somatechnology.com\/spanish\/wp-json\/wp\/v2\/media?parent=10241"}],"wp:term":[{"taxonomy":"pwb-brand","embeddable":true,"href":"https:\/\/www.somatechnology.com\/spanish\/wp-json\/wp\/v2\/pwb-brand?post=10241"},{"taxonomy":"product_brand","embeddable":true,"href":"https:\/\/www.somatechnology.com\/spanish\/wp-json\/wp\/v2\/product_brand?post=10241"},{"taxonomy":"product_cat","embeddable":true,"href":"https:\/\/www.somatechnology.com\/spanish\/wp-json\/wp\/v2\/product_cat?post=10241"},{"taxonomy":"product_tag","embeddable":true,"href":"https:\/\/www.somatechnology.com\/spanish\/wp-json\/wp\/v2\/product_tag?post=10241"}],"curies":[{"name":"wp","href":"https:\/\/api.w.org\/{rel}","templated":true}]}}