{"id":10249,"date":"2018-04-13T16:51:24","date_gmt":"2018-04-13T16:51:24","guid":{"rendered":"https:\/\/www.somatechnology.com\/spanish\/?post_type=product&#038;p=10249"},"modified":"2024-02-15T16:20:19","modified_gmt":"2024-02-15T21:20:19","slug":"bomba-de-alimentacion-ross-flexiflo-patrol-enteral","status":"publish","type":"product","link":"https:\/\/www.somatechnology.com\/spanish\/equipo-medico-usado-remanufacturado\/terapia-intravenosa\/bombas-intravenosas\/bomba-de-alimentacion-ross-flexiflo-patrol-enteral\/","title":{"rendered":"Bomba de alimentaci\u00f3n Ross Flexiflo Patrol Enteral"},"content":{"rendered":"<h2>Caracter\u00edsticas del Bomba de alimentaci\u00f3n Ross Flexiflo Patrol Enteral<\/h2>\n<p>La <strong>bomba de alimentaci\u00f3n Ross Flexiflo Patrol<\/strong> incorpora el uso de un conjunto de administraci\u00f3n especialmente dise\u00f1ado que sujeta autom\u00e1ticamente el flujo de l\u00edquido cuando se retira de la bomba, evitando el flujo libre. Las caracter\u00edsticas incluyen un l\u00edmite de dosis, contador de volumen acumulado, tiempo de espera programable, bloqueo y memoria que mantiene la tasa, la dosis y el volumen acumulado. Est\u00e1 bomba de alimentaci\u00f3n es recomendada para pacientes pedi\u00e1tricos. Operaci\u00f3n perist\u00e1ltica rotatoria.<\/p>\n<ul>\n<li>Caracter\u00edstica \u00fanica de la seguro-T-v\u00e1lvula en el sistema de alimentaci\u00f3n dise\u00f1ado para prevenir flujo accidental del producto libre si un sistema se carga incorrectamente o se desaloja de la bomba<\/li>\n<li>Alarma de flujo libre alerta al cuidador a una condici\u00f3n de flujo libre<\/li>\n<li>Funci\u00f3n de bloqueo dise\u00f1ada para evitar cambios no autorizados<\/li>\n<li>Sostenedor especial para el almacenaje seguro, conveniente de la cubierta del sistema de alimentaci\u00f3n cuando es no funcionando<\/li>\n<li>Caudales de 1 a 300 ml\/hr en incrementos de 1 ml<\/li>\n<li>Tiene una funci\u00f3n de 1 a 9999 ml en incrementos de 1 ml<\/li>\n<li>Retenci\u00f3n de la memoria para la tarifa, la dosis, y el volumen FED<\/li>\n<li>Asimiento programable \u00fanico de 1 a 90 minutos<\/li>\n<li>F\u00e1cil-a-utilice el control de dial y el panel de exhibici\u00f3n<\/li>\n<\/ul>\n<ul>\n<li>Rango de velocidad: 1-300 ml\/hr en incrementos de 1 ml<\/li>\n<li>L\u00edmite de dosis: 1-9999 MLS. En incrementos de 1 ml<\/li>\n<li>Exactitud: \u00b1 10% o \u00b1 0,5 ml, el que sea mayor<\/li>\n<li>Oclusi\u00f3n: 15-23 PSI<\/li>\n<li>Duraci\u00f3n de la bater\u00eda: aprox. 3 hrs. en 125 ml\/hr<\/li>\n<li>Recarga: m\u00e1x. o 4,5 hrs. mientras la bomba est\u00e1 apagada o 12 horas durante el uso<\/li>\n<li>Alarmas: flujo libre, ning\u00fan n flujo, FED de la dosis, lo BATT, tarifa selecta, funcionamiento selecto, malfuncionamiento interno (E1-E9)<\/li>\n<li>Memoria: tarifa de retenci\u00f3n auto, dosis, y volumen acumulado<\/li>\n<\/ul>\n<p>&nbsp;<\/p>\n","protected":false},"excerpt":{"rendered":"<p>Bombas Intravenosas<\/p>\n","protected":false},"featured_media":11798,"template":"","meta":{"_acf_changed":false,"_relevanssi_hide_post":"","_relevanssi_hide_content":"","_relevanssi_pin_for_all":"","_relevanssi_pin_keywords":"","_relevanssi_unpin_keywords":"","_relevanssi_related_keywords":"","_relevanssi_related_include_ids":"","_relevanssi_related_exclude_ids":"","_relevanssi_related_no_append":"","_relevanssi_related_not_related":"","_relevanssi_related_posts":"","_relevanssi_noindex_reason":"","inline_featured_image":false},"pwb-brand":[9502],"product_brand":[],"product_cat":[52,9503],"product_tag":[3621,3626,3628,2991,2990,2989,2988],"class_list":{"0":"post-10249","1":"product","2":"type-product","3":"status-publish","4":"has-post-thumbnail","6":"pwb-brand-equipo-medico-ross","7":"product_cat-bombas-intravenosas","8":"product_cat-bomba-de-alimentacion","9":"product_tag-bomba-de-alimentacion","10":"product_tag-bomba-de-alimentacion-ross","11":"product_tag-bomba-de-alimentacion-ross-flexiflo-patrol-enteral","12":"product_tag-flexiflo-patrol","13":"product_tag-ross","14":"product_tag-ross-flexiflo","15":"product_tag-ross-flexiflo-patrol","17":"first","18":"instock","19":"shipping-taxable","20":"purchasable","21":"product-type-simple"},"acf":[],"brands":[{"id":9502,"name":"Ross","slug":"equipo-medico-ross"}],"_links":{"self":[{"href":"https:\/\/www.somatechnology.com\/spanish\/wp-json\/wp\/v2\/product\/10249","targetHints":{"allow":["GET"]}}],"collection":[{"href":"https:\/\/www.somatechnology.com\/spanish\/wp-json\/wp\/v2\/product"}],"about":[{"href":"https:\/\/www.somatechnology.com\/spanish\/wp-json\/wp\/v2\/types\/product"}],"wp:featuredmedia":[{"embeddable":true,"href":"https:\/\/www.somatechnology.com\/spanish\/wp-json\/wp\/v2\/media\/11798"}],"wp:attachment":[{"href":"https:\/\/www.somatechnology.com\/spanish\/wp-json\/wp\/v2\/media?parent=10249"}],"wp:term":[{"taxonomy":"pwb-brand","embeddable":true,"href":"https:\/\/www.somatechnology.com\/spanish\/wp-json\/wp\/v2\/pwb-brand?post=10249"},{"taxonomy":"product_brand","embeddable":true,"href":"https:\/\/www.somatechnology.com\/spanish\/wp-json\/wp\/v2\/product_brand?post=10249"},{"taxonomy":"product_cat","embeddable":true,"href":"https:\/\/www.somatechnology.com\/spanish\/wp-json\/wp\/v2\/product_cat?post=10249"},{"taxonomy":"product_tag","embeddable":true,"href":"https:\/\/www.somatechnology.com\/spanish\/wp-json\/wp\/v2\/product_tag?post=10249"}],"curies":[{"name":"wp","href":"https:\/\/api.w.org\/{rel}","templated":true}]}}