{"id":10253,"date":"2018-04-13T18:22:13","date_gmt":"2018-04-13T18:22:13","guid":{"rendered":"https:\/\/www.somatechnology.com\/spanish\/?post_type=product&#038;p=10253"},"modified":"2024-02-15T16:20:20","modified_gmt":"2024-02-15T21:20:20","slug":"bomba-de-alimentacion-ross-companion-enteral-2","status":"publish","type":"product","link":"https:\/\/www.somatechnology.com\/spanish\/equipo-medico-usado-remanufacturado\/terapia-intravenosa\/bombas-intravenosas\/bomba-de-alimentacion-ross-companion-enteral-2\/","title":{"rendered":"Bomba de alimentaci\u00f3n Ross Companion Enteral"},"content":{"rendered":"<h2>Caracter\u00edsticas del Bomba de alimentaci\u00f3n Ross Companion Enteral<\/h2>\n<p>El Ross Flexiflo Companion es una unidad de 2 piezas, formada por una bomba y una unidad de carga separada en la que se puede insertar la bomba. La bomba puede usarse como una unidad estacionaria montada en un poste, usando la abrazadera de p\u00e9rtiga en el cargador, o puede funcionar como una bomba ambulatoria usando la bolsa de transporte opcional. La bomba utiliza un cassette dedicado con un mecanismo de fuelle para entregar cantidades medidas de f\u00f3rmula enteral. Exhibici\u00f3n del LCD, entrada de la tarifa del presionar-bot\u00f3n, y un control de la funci\u00f3n rotatorio. Sin l\u00edmite de dosis. Ross no recomienda este producto para uso neonatal o pedi\u00e1trico.<\/p>\n<h2 dir=\"ltr\" data-placeholder=\"Translation\"><span lang=\"es\">\u00a0<\/span>Especificaciones\u00a0del Bomba de alimentaci\u00f3n Ross Companion Enteral<\/h2>\n<h3>Dimensiones<\/h3>\n<ul>\n<li>Solamente bomba de 4.3 \u2033 H x 6 \u2033 W x 1.7 \u2033 D<\/li>\n<li>6 \u2033 H x 6.7 \u2033 W x 3.3 \u2033 D con el cargador<\/li>\n<\/ul>\n<h3>Peso<\/h3>\n<ul>\n<li>1,5 libras de la bomba solamente<\/li>\n<li>4 libras con el cargador<\/li>\n<\/ul>\n<h3>Rango de operaci\u00f3n<\/h3>\n<ul>\n<li>5-300 ml\/hr en incrementos de 1ml\/HR<\/li>\n<\/ul>\n<h3>Precisi\u00f3n<\/h3>\n<ul>\n<li>\u00b110%<\/li>\n<\/ul>\n<h3>Voltaje<\/h3>\n<ul>\n<li>120VAC, 60 Hz, 2 watts<\/li>\n<\/ul>\n<h3>Bater\u00eda<\/h3>\n<ul>\n<li>Plomo-\u00e1cido sellado recargable<\/li>\n<\/ul>\n<h3>Tiempo de la recarga<\/h3>\n<ul>\n<li>1-1\/2 horas por cada 1 hora de uso de la bater\u00eda<\/li>\n<\/ul>\n<h3>Duraci\u00f3n de la bater\u00eda<\/h3>\n<ul>\n<li>8 horas en 150 ml\/hr cuando est\u00e1 cargado completamente<\/li>\n<\/ul>\n<p>&nbsp;<\/p>\n","protected":false},"excerpt":{"rendered":"<p>Bombas\u00a0Intravenosas<\/p>\n","protected":false},"featured_media":11797,"template":"","meta":{"_acf_changed":false,"_relevanssi_hide_post":"","_relevanssi_hide_content":"","_relevanssi_pin_for_all":"","_relevanssi_pin_keywords":"","_relevanssi_unpin_keywords":"","_relevanssi_related_keywords":"","_relevanssi_related_include_ids":"","_relevanssi_related_exclude_ids":"","_relevanssi_related_no_append":"","_relevanssi_related_not_related":"","_relevanssi_related_posts":"","_relevanssi_noindex_reason":"","inline_featured_image":false},"pwb-brand":[9502],"product_brand":[],"product_cat":[52,9503],"product_tag":[3621,3624,3627,2990,2995],"class_list":{"0":"post-10253","1":"product","2":"type-product","3":"status-publish","4":"has-post-thumbnail","6":"pwb-brand-equipo-medico-ross","7":"product_cat-bombas-intravenosas","8":"product_cat-bomba-de-alimentacion","9":"product_tag-bomba-de-alimentacion","10":"product_tag-bomba-de-alimentacion-ross-companion-enteral","11":"product_tag-companion-enteral","12":"product_tag-ross","13":"product_tag-ross-companion-enteral","15":"first","16":"instock","17":"shipping-taxable","18":"purchasable","19":"product-type-simple"},"acf":[],"brands":[{"id":9502,"name":"Ross","slug":"equipo-medico-ross"}],"_links":{"self":[{"href":"https:\/\/www.somatechnology.com\/spanish\/wp-json\/wp\/v2\/product\/10253","targetHints":{"allow":["GET"]}}],"collection":[{"href":"https:\/\/www.somatechnology.com\/spanish\/wp-json\/wp\/v2\/product"}],"about":[{"href":"https:\/\/www.somatechnology.com\/spanish\/wp-json\/wp\/v2\/types\/product"}],"wp:featuredmedia":[{"embeddable":true,"href":"https:\/\/www.somatechnology.com\/spanish\/wp-json\/wp\/v2\/media\/11797"}],"wp:attachment":[{"href":"https:\/\/www.somatechnology.com\/spanish\/wp-json\/wp\/v2\/media?parent=10253"}],"wp:term":[{"taxonomy":"pwb-brand","embeddable":true,"href":"https:\/\/www.somatechnology.com\/spanish\/wp-json\/wp\/v2\/pwb-brand?post=10253"},{"taxonomy":"product_brand","embeddable":true,"href":"https:\/\/www.somatechnology.com\/spanish\/wp-json\/wp\/v2\/product_brand?post=10253"},{"taxonomy":"product_cat","embeddable":true,"href":"https:\/\/www.somatechnology.com\/spanish\/wp-json\/wp\/v2\/product_cat?post=10253"},{"taxonomy":"product_tag","embeddable":true,"href":"https:\/\/www.somatechnology.com\/spanish\/wp-json\/wp\/v2\/product_tag?post=10253"}],"curies":[{"name":"wp","href":"https:\/\/api.w.org\/{rel}","templated":true}]}}