{"id":10255,"date":"2018-04-13T18:46:57","date_gmt":"2018-04-13T18:46:57","guid":{"rendered":"https:\/\/www.somatechnology.com\/spanish\/?post_type=product&#038;p=10255"},"modified":"2025-09-23T10:22:18","modified_gmt":"2025-09-23T14:22:18","slug":"kangaroo-324-bomba-de-alimentacion","status":"publish","type":"product","link":"https:\/\/www.somatechnology.com\/spanish\/equipo-medico-usado-remanufacturado\/terapia-intravenosa\/bombas-intravenosas\/kangaroo-324-bomba-de-alimentacion\/","title":{"rendered":"Covidien Kangaroo 324 Bomba de alimentaci\u00f3n"},"content":{"rendered":"<h2>Caracter\u00edsticas del\u00a0Bomba de alimentaci\u00f3n Kangaroo 324<\/h2>\n<p>La <strong>bomba de alimentaci\u00f3n de Kangaroo 324<\/strong> est\u00e1 dise\u00f1ada para infundir un flujo regulado de f\u00f3rmula nutricional en pacientes que carecen del deseo de comer o son incapaces de tomar adecuadamente la nutrici\u00f3n oral. La bomba de alimentaci\u00f3n Kangaroo 324 se utiliza generalmente en cualquier ajuste donde se deseen alarmas de seguridad y caracter\u00edsticas de enfermer\u00eda. La bomba proporciona la entrega volum\u00e9trica exacta con los controles f\u00e1ciles de utilizar del panel de tacto. Para la seguridad, la bomba de alimentaci\u00f3n de Kangaroo 324 incluye una salvaguardia de la sobre-infusi\u00f3n y alarmas audios y visuales.<\/p>\n<ul>\n<li>Entrega volum\u00e9trica exacta.<\/li>\n<li>Capacidad de preestablecer una dosis para ser entregado (VTBD)<\/li>\n<li>Protecci\u00f3n contra infusi\u00f3n.<\/li>\n<li>Controles de panel t\u00e1ctil.<\/li>\n<li>Totalizador de volumen con bot\u00f3n de borrado de volumen separado.<\/li>\n<li>Pantalla LED de alta visibilidad.<\/li>\n<li>Alarmas de audio y visuales con control de volumen de alarma variable.<\/li>\n<li>Bater\u00eda de 16 horas.<\/li>\n<li>Abrazadera incorporada del poste.<\/li>\n<\/ul>\n<p>&nbsp;<\/p>\n","protected":false},"excerpt":{"rendered":"<p>La bomba de alimentaci\u00f3n de Kangaroo 324 est\u00e1 dise\u00f1ada para infundir un flujo regulado de f\u00f3rmula nutricional en pacientes que carecen del deseo de comer o son incapaces de tomar adecuadamente la nutrici\u00f3n oral. La bomba de alimentaci\u00f3n Kangaroo 324 se utiliza generalmente en cualquier ajuste donde se deseen alarmas de seguridad y caracter\u00edsticas de enfermer\u00eda.<\/p>\n","protected":false},"featured_media":11832,"template":"","meta":{"_acf_changed":false,"_relevanssi_hide_post":"","_relevanssi_hide_content":"","_relevanssi_pin_for_all":"","_relevanssi_pin_keywords":"","_relevanssi_unpin_keywords":"","_relevanssi_related_keywords":"","_relevanssi_related_include_ids":"","_relevanssi_related_exclude_ids":"","_relevanssi_related_no_append":"","_relevanssi_related_not_related":"","_relevanssi_related_posts":"","_relevanssi_noindex_reason":"","inline_featured_image":false},"pwb-brand":[1107],"product_brand":[],"product_cat":[52],"product_tag":[3621,2999,2998,3623,3622],"class_list":{"0":"post-10255","1":"product","2":"type-product","3":"status-publish","4":"has-post-thumbnail","6":"pwb-brand-equipo-medico-medtronic","7":"product_cat-bombas-intravenosas","8":"product_tag-bomba-de-alimentacion","9":"product_tag-kangaroo","10":"product_tag-kangaroo-324","11":"product_tag-kangaroo-324-bomba-de-alimentacion","12":"product_tag-kangaroo-bomba-de-alimentacion","14":"first","15":"instock","16":"shipping-taxable","17":"purchasable","18":"product-type-simple"},"acf":[],"brands":[{"id":1107,"name":"Medtronic","slug":"equipo-medico-medtronic"}],"_links":{"self":[{"href":"https:\/\/www.somatechnology.com\/spanish\/wp-json\/wp\/v2\/product\/10255","targetHints":{"allow":["GET"]}}],"collection":[{"href":"https:\/\/www.somatechnology.com\/spanish\/wp-json\/wp\/v2\/product"}],"about":[{"href":"https:\/\/www.somatechnology.com\/spanish\/wp-json\/wp\/v2\/types\/product"}],"wp:featuredmedia":[{"embeddable":true,"href":"https:\/\/www.somatechnology.com\/spanish\/wp-json\/wp\/v2\/media\/11832"}],"wp:attachment":[{"href":"https:\/\/www.somatechnology.com\/spanish\/wp-json\/wp\/v2\/media?parent=10255"}],"wp:term":[{"taxonomy":"pwb-brand","embeddable":true,"href":"https:\/\/www.somatechnology.com\/spanish\/wp-json\/wp\/v2\/pwb-brand?post=10255"},{"taxonomy":"product_brand","embeddable":true,"href":"https:\/\/www.somatechnology.com\/spanish\/wp-json\/wp\/v2\/product_brand?post=10255"},{"taxonomy":"product_cat","embeddable":true,"href":"https:\/\/www.somatechnology.com\/spanish\/wp-json\/wp\/v2\/product_cat?post=10255"},{"taxonomy":"product_tag","embeddable":true,"href":"https:\/\/www.somatechnology.com\/spanish\/wp-json\/wp\/v2\/product_tag?post=10255"}],"curies":[{"name":"wp","href":"https:\/\/api.w.org\/{rel}","templated":true}]}}