{"id":10260,"date":"2018-04-13T20:02:32","date_gmt":"2018-04-13T20:02:32","guid":{"rendered":"https:\/\/www.somatechnology.com\/spanish\/?post_type=product&#038;p=10260"},"modified":"2023-08-23T06:27:47","modified_gmt":"2023-08-23T10:27:47","slug":"b-braun-infusomat","status":"publish","type":"product","link":"https:\/\/www.somatechnology.com\/spanish\/equipo-medico-usado-remanufacturado\/terapia-intravenosa\/bombas-intravenosas\/b-braun-infusomat\/","title":{"rendered":"B Braun Infusomat"},"content":{"rendered":"<h2>Caracter\u00edsticas del\u00a0Bomba Intravenosas B Braun Infusomat<\/h2>\n<p>Dise\u00f1ado para el cuidado agudo de adultos y las instalaciones pedi\u00e1tricas, la compacta de 9 \u00abx 6\u00bb Infusomat \u00ae espacio de gran volumen de la bomba pesa s\u00f3lo 3 libras. La bomba de gran volumen ligero permite la flexibilidad y el transporte f\u00e1cil dentro de un n\u00famero de ajustes del cuidado. Junto con las caracter\u00edsticas de seguridad l\u00edderes en la industria, el dise\u00f1o m\u00f3vil ligero le permite apilar de forma r\u00e1pida y sencilla hasta 24 bombas en una sola torre de cabecera. Equipado con una extensa biblioteca de medicamentos, f\u00e1cil navegaci\u00f3n e intuitiva interfaz, esta peque\u00f1a bomba de infusi\u00f3n empaca una versatilidad de vanguardia que promueve la eficiencia en numerosos entornos de atenci\u00f3n.<\/p>\n<ul>\n<li>Interfaz de usuario intuitiva f\u00e1cil de aprender y f\u00e1cil de usar<\/li>\n<li>1.500-biblioteca de medicamentos de entrada disponible<\/li>\n<li>Las alarmas son audibles, claramente visibles y diferenciadas con diferentes tonos<\/li>\n<li>Disponible con o sin capacidades inal\u00e1mbricas salientes<\/li>\n<li>La abrazadera ligera fuerte del poste sostiene hasta tres bombas montadas horizontalmente o verticalmente<\/li>\n<\/ul>\n<h2 dir=\"ltr\" data-placeholder=\"Translation\"><span lang=\"es\">Especificaciones<\/span> del\u00a0Bomba Intravenosas B Braun Infusomat<\/h2>\n<h3>Dimensiones<\/h3>\n<ul>\n<li>214x68x124 mm (WxHxD)<\/li>\n<\/ul>\n<h3>Peso<\/h3>\n<ul>\n<li>1.4 kg<\/li>\n<\/ul>\n<h3>Bater\u00eda<\/h3>\n<p>Tipo de bater\u00eda<\/p>\n<ul>\n<li>Paquete de bater\u00eda recargable de NiMH, intercambio r\u00e1pido y f\u00e1cil sin un dispositivo de apertura<\/li>\n<\/ul>\n<p>Tiempo de funcionamiento de la bater\u00eda<\/p>\n<ul>\n<li>Aprox. 4 h a 100 ml\/h. Cuando se le solicite, una pantalla muestra el estado de la bater\u00eda en h y min<\/li>\n<\/ul>\n","protected":false},"excerpt":{"rendered":"<p>Bombas Intravenosas<\/p>\n","protected":false},"featured_media":11748,"template":"","meta":{"_acf_changed":false,"_relevanssi_hide_post":"","_relevanssi_hide_content":"","_relevanssi_pin_for_all":"","_relevanssi_pin_keywords":"","_relevanssi_unpin_keywords":"","_relevanssi_related_keywords":"","_relevanssi_related_include_ids":"","_relevanssi_related_exclude_ids":"","_relevanssi_related_no_append":"","_relevanssi_related_not_related":"","_relevanssi_related_posts":"","_relevanssi_noindex_reason":"","inline_featured_image":false},"pwb-brand":[1320],"product_brand":[],"product_cat":[52],"product_tag":[3008,3007,3638,3637,3009],"class_list":{"0":"post-10260","1":"product","2":"type-product","3":"status-publish","4":"has-post-thumbnail","6":"pwb-brand-bombas-intravenosas-b-braun","7":"product_cat-bombas-intravenosas","8":"product_tag-b-braun","9":"product_tag-b-braun-infusomat","10":"product_tag-bomba-intravenosas","11":"product_tag-bomba-intravenosas-b-braun-infusomat","12":"product_tag-infusomat","14":"first","15":"instock","16":"shipping-taxable","17":"purchasable","18":"product-type-simple"},"acf":[],"brands":[{"id":1320,"name":"B Braun","slug":"bombas-intravenosas-b-braun"}],"_links":{"self":[{"href":"https:\/\/www.somatechnology.com\/spanish\/wp-json\/wp\/v2\/product\/10260","targetHints":{"allow":["GET"]}}],"collection":[{"href":"https:\/\/www.somatechnology.com\/spanish\/wp-json\/wp\/v2\/product"}],"about":[{"href":"https:\/\/www.somatechnology.com\/spanish\/wp-json\/wp\/v2\/types\/product"}],"wp:featuredmedia":[{"embeddable":true,"href":"https:\/\/www.somatechnology.com\/spanish\/wp-json\/wp\/v2\/media\/11748"}],"wp:attachment":[{"href":"https:\/\/www.somatechnology.com\/spanish\/wp-json\/wp\/v2\/media?parent=10260"}],"wp:term":[{"taxonomy":"pwb-brand","embeddable":true,"href":"https:\/\/www.somatechnology.com\/spanish\/wp-json\/wp\/v2\/pwb-brand?post=10260"},{"taxonomy":"product_brand","embeddable":true,"href":"https:\/\/www.somatechnology.com\/spanish\/wp-json\/wp\/v2\/product_brand?post=10260"},{"taxonomy":"product_cat","embeddable":true,"href":"https:\/\/www.somatechnology.com\/spanish\/wp-json\/wp\/v2\/product_cat?post=10260"},{"taxonomy":"product_tag","embeddable":true,"href":"https:\/\/www.somatechnology.com\/spanish\/wp-json\/wp\/v2\/product_tag?post=10260"}],"curies":[{"name":"wp","href":"https:\/\/api.w.org\/{rel}","templated":true}]}}