{"id":10263,"date":"2018-04-13T20:23:30","date_gmt":"2018-04-13T20:23:30","guid":{"rendered":"https:\/\/www.somatechnology.com\/spanish\/?post_type=product&#038;p=10263"},"modified":"2023-08-23T06:27:47","modified_gmt":"2023-08-23T10:27:47","slug":"hospira-sapphireplus","status":"publish","type":"product","link":"https:\/\/www.somatechnology.com\/spanish\/equipo-medico-usado-remanufacturado\/terapia-intravenosa\/bombas-intravenosas\/hospira-sapphireplus\/","title":{"rendered":"Bomba de infusi\u00f3n de Hospira SapphirePlus"},"content":{"rendered":"<h2>Caracter\u00edsticas Hospira SapphirePlus<\/h2>\n<p>La simplicidad est\u00e1 de su lado con el <strong>sistema de infusi\u00f3n SapphirePlus &#x2122;<\/strong>, con un tama\u00f1o portatil y muy intuitivo. Encontrar\u00e1 infusiones seguras que son de segunda naturaleza, dada su robusto rendimiento y el software de seguridad Hospira MedNet &#x2122;. Esta bomba de infusi\u00f3n es f\u00e1cil de manejar, r\u00e1pido para configurar y listo para el futuro con actualizaciones de software f\u00e1cil.<\/p>\n<p>Cuando el tiempo es cr\u00edtico y la demanda grande, usted necesita una bomba de la infusi\u00f3n que sea f\u00e1cil de manejar, ayune para fijar, y simple aprender y programar. El sistema de infusi\u00f3n SapphirePlus es todo eso y m\u00e1s.<\/p>\n<ul>\n<li>Reduzca la complejidad en la cabecera<\/li>\n<li>Pasar f\u00e1cilmente de un \u00e1rea de cuidado a otra con su peque\u00f1a huella<\/li>\n<li>A\u00f1ada dispositivos sin a\u00f1adir cordones; la horquilla de la multi-bomba y la opci\u00f3n incorporada del energ\u00eda-montaje hacen posible<\/li>\n<li>Acelere la configuraci\u00f3n para la respuesta r\u00e1pida<\/li>\n<li>Bomba Snap-on, snap-off de la cuna conectada al poste de infusi\u00f3n<\/li>\n<li>Haga el cebado f\u00e1cil con la l\u00ednea recta tuber\u00eda y el cargamento r\u00e1pido del sistema<\/li>\n<li>Experiencia en programaci\u00f3n intuitiva y sencilla<\/li>\n<li>Ayudar a prevenir errores de programaci\u00f3n; interfaz de usuario intuitiva s\u00f3lo muestra las opciones de teclas relevantes<\/li>\n<li>Leer f\u00e1cilmente informaci\u00f3n cr\u00edtica en la pantalla de Resumen de fuentes grandes<\/li>\n<\/ul>\n<h2 dir=\"ltr\" data-placeholder=\"Translation\">Especificaciones Hospira SapphirePlus<\/h2>\n<h3>Dimensiones<\/h3>\n<ul>\n<li>Dimensiones: aprox. 5,63 \u2033 h x 3,78 \u2033 w x 1,93 \u2033 d<\/li>\n<li>Peso: aprox. 15,3 oz (sin bater\u00eda)<\/li>\n<\/ul>\n<h3>Informaci\u00f3n General<\/h3>\n<ul>\n<li>Duraci\u00f3n de la bater\u00eda: aprox. 24 horas a 125 ml\/hr (con una bater\u00eda completamente cargada y retroiluminaci\u00f3n apagada)<\/li>\n<li>Requisitos de energ\u00eda: 100-240 V, 50-60 Hz, 0,6 A<\/li>\n<li>Rango de volumen: 0,1 a 99,9 ml (en incrementos de 0,1 ml); 100 \u2013 9999 ml (en incrementos de 1 ml)<\/li>\n<li>Exactitud de la tarifa de entrega: \u00b1 2,5% (conforme a condiciones externas)<\/li>\n<li>Tasas de entrega: 0,1 \u2013 99,9 ml\/hr (en incrementos de 0,1 ml\/hr); 100 \u2013 999 ml\/hr (en incrementos de 1 ml\/hr)<\/li>\n<li>Alarmas de sistema: bater\u00eda agotada, error interno, error del mecanismo, aver\u00eda de la bomba, aver\u00eda de la bater\u00eda, recordatorio de la bater\u00eda, aire en la l\u00ednea, cassette fuera de lugar, cheque para la obstrucci\u00f3n, obstrucci\u00f3n descendente, error del flujo, obstrucci\u00f3n, obstrucci\u00f3n ascendente, bater\u00eda escasa<\/li>\n<li>Presi\u00f3n de la alarma de la obstrucci\u00f3n: hasta 17,4 psi (1,2 barra)<\/li>\n<li>Tarifa de KVO: hasta 20 ml\/hr en incrementos de 0,1 ml\/hr<\/li>\n<li>L\u00ednea de bomba: SapphirePlus &#x2122;<\/li>\n<li>Tipo de bomba: infusi\u00f3n general<\/li>\n<\/ul>\n<p>&nbsp;<\/p>\n","protected":false},"excerpt":{"rendered":"<p>Bombas\u00a0Intravenosas<\/p>\n","protected":false},"featured_media":11806,"template":"","meta":{"_acf_changed":false,"_relevanssi_hide_post":"","_relevanssi_hide_content":"","_relevanssi_pin_for_all":"","_relevanssi_pin_keywords":"","_relevanssi_unpin_keywords":"","_relevanssi_related_keywords":"","_relevanssi_related_include_ids":"","_relevanssi_related_exclude_ids":"","_relevanssi_related_no_append":"","_relevanssi_related_not_related":"","_relevanssi_related_posts":"","_relevanssi_noindex_reason":"","inline_featured_image":false},"pwb-brand":[1323],"product_brand":[],"product_cat":[52],"product_tag":[3630,3632,3629,2917,3631,3011,3012,3010,3014,3013],"class_list":{"0":"post-10263","1":"product","2":"type-product","3":"status-publish","4":"has-post-thumbnail","6":"pwb-brand-bombas-intravenosas-hospira","7":"product_cat-bombas-intravenosas","8":"product_tag-bomba-de-infusion-de","9":"product_tag-bomba-de-infusion-de-hospira","10":"product_tag-bomba-de-infusion-de-hospira-sapphireplus","11":"product_tag-hospira","12":"product_tag-hospira-bomba-de-infusion-de","13":"product_tag-hospira-sapphire","14":"product_tag-hospira-sapphire-plus","15":"product_tag-hospira-sapphireplus","16":"product_tag-sapphire-plus","17":"product_tag-sapphireplus","19":"first","20":"instock","21":"shipping-taxable","22":"purchasable","23":"product-type-simple"},"acf":[],"brands":[{"id":1323,"name":"Hospira","slug":"bombas-intravenosas-hospira"}],"_links":{"self":[{"href":"https:\/\/www.somatechnology.com\/spanish\/wp-json\/wp\/v2\/product\/10263","targetHints":{"allow":["GET"]}}],"collection":[{"href":"https:\/\/www.somatechnology.com\/spanish\/wp-json\/wp\/v2\/product"}],"about":[{"href":"https:\/\/www.somatechnology.com\/spanish\/wp-json\/wp\/v2\/types\/product"}],"wp:featuredmedia":[{"embeddable":true,"href":"https:\/\/www.somatechnology.com\/spanish\/wp-json\/wp\/v2\/media\/11806"}],"wp:attachment":[{"href":"https:\/\/www.somatechnology.com\/spanish\/wp-json\/wp\/v2\/media?parent=10263"}],"wp:term":[{"taxonomy":"pwb-brand","embeddable":true,"href":"https:\/\/www.somatechnology.com\/spanish\/wp-json\/wp\/v2\/pwb-brand?post=10263"},{"taxonomy":"product_brand","embeddable":true,"href":"https:\/\/www.somatechnology.com\/spanish\/wp-json\/wp\/v2\/product_brand?post=10263"},{"taxonomy":"product_cat","embeddable":true,"href":"https:\/\/www.somatechnology.com\/spanish\/wp-json\/wp\/v2\/product_cat?post=10263"},{"taxonomy":"product_tag","embeddable":true,"href":"https:\/\/www.somatechnology.com\/spanish\/wp-json\/wp\/v2\/product_tag?post=10263"}],"curies":[{"name":"wp","href":"https:\/\/api.w.org\/{rel}","templated":true}]}}