{"id":10282,"date":"2018-04-16T13:24:18","date_gmt":"2018-04-16T13:24:18","guid":{"rendered":"https:\/\/www.somatechnology.com\/spanish\/?post_type=product&#038;p=10282"},"modified":"2023-08-23T06:27:49","modified_gmt":"2023-08-23T10:27:49","slug":"curlin-6000-cms","status":"publish","type":"product","link":"https:\/\/www.somatechnology.com\/spanish\/equipo-medico-usado-remanufacturado\/terapia-intravenosa\/bombas-intravenosas\/curlin-6000-cms\/","title":{"rendered":"Curlin 6000 CMS"},"content":{"rendered":"<h2>Bomba de infusi\u00f3n electr\u00f3nica de multi-terapia Curlin 6000 CMS<\/h2>\n<p>El sistema de gesti\u00f3n cl\u00ednica 6000 (CMS) es un dispositivo de infusi\u00f3n electr\u00f3nica multiterapia verdaderamente ambulatorio capaz de modos continuos, PCA, PCEA, subcut\u00e1neos, NPT, intermitentes y variables.<\/p>\n<p>Flexible: La flexibilidad de la terapia m\u00faltiple proporciona la capacidad de satisfacer sus necesidades espec\u00edficas del flujo de trabajo. El acceso a informes procesables e informaci\u00f3n detallada de infusi\u00f3n mejora el rendimiento del dispositivo.<\/p>\n<p>Seguro: Adem\u00e1s de su rendimiento confiable y fiable, la bomba se puede utilizar con el nuevo software de reducci\u00f3n de errores de Moog, protocolo de seguridad de la biblioteca del sistema &#x2122;, proporcionando la capacidad de cargar protocolos de medicamentos pre-validados o prescripciones de pacientes y la eliminaci\u00f3n de los riesgos de infusi\u00f3n inintencionada.<\/p>\n<p>F\u00e1cil de usar: La simplicidad de programaci\u00f3n emparejada con los protocolos accionados por men\u00fas y las pantallas de ayuda contextuales resultan en un dispositivo de infusi\u00f3n extremadamente f\u00e1cil de usar.<\/p>\n<p>Reduce el costo total: La simplicidad de la operaci\u00f3n, la tecnolog\u00eda fiable y confiable y el bajo costo de todos los sistemas de administraci\u00f3n de PVC reducen eficazmente los costos de propiedad mediante el ahorro de costos de capacitaci\u00f3n y los costos de compra reducidos.<\/p>\n<ul>\n<li>Dise\u00f1o mejorado de la exhibici\u00f3n con una pantalla m\u00e1s brillante m\u00e1s grande para la facilidad de la visi\u00f3n y la programaci\u00f3n<\/li>\n<li>Rendimiento y programaci\u00f3n mejorados del t\u00edtulo<\/li>\n<li>Nuevo dise\u00f1o de packaging para aumentar la fiabilidad<\/li>\n<li>Acceso m\u00e1s f\u00e1cil a la informaci\u00f3n a trav\u00e9s de la funci\u00f3n \u00abinformaci\u00f3n sobre demanda\u00bb<\/li>\n<\/ul>\n<h2 dir=\"ltr\" data-placeholder=\"Translation\"><span lang=\"es\">\u00a0<\/span>Especificaciones Curlin 6000 CMS<\/h2>\n<h3>Dimensiones<\/h3>\n<ul>\n<li>Tama\u00f1o: 5,1 \u00ab(13 cm) x 4,0\u00bb (10,2 cm) x 2,5 \u00ab(6,4 cm)<\/li>\n<li>Peso: 18,1 onzas (513 gramos)<\/li>\n<li>Display: 2,5 \u00ab(6,3 cm) x 1,2\u00bb (3,1 cm) retroiluminado continuo con AC<\/li>\n<\/ul>\n<h3>Caudal y volumen<\/h3>\n<ul>\n<li>Caudales: 0,1 \u2013 400 ml\/hr, incrementos de 0,1 ml\/hr<\/li>\n<li>Caudales: (PCA) 0,1 \u2013 50 ml\/hr IV, 25 ml\/hr EPI, 5 ml\/hr sq Max<\/li>\n<li>L\u00edmites de volumen: 1,0 \u2013 9.999 ml, incrementos de 0,1 ml<\/li>\n<li>Tarifas KVO: 0,0 \u2013 10 ml\/hr (no disponible en modo PCA)<\/li>\n<li>Unidades: ml, mg, mcg<\/li>\n<li>Volumen del bolo: 0,1-9,9 ml<\/li>\n<li>N\u00famero m\u00e1ximo de bolos: 15\/HR<\/li>\n<li>Bolo paciente: 0,1 \u2013 9,9 ml\/dosis<\/li>\n<\/ul>\n<h3>Informaci\u00f3n General<\/h3>\n<ul>\n<li>Mecanismo perist\u00e1ltica curvil\u00ednea acci\u00f3n de la bomba<\/li>\n<li>Terapias soportadas continuas, PCA, NPT, intermitentes, variables<\/li>\n<li>Bloqueo de bolos 1 \u2013 60 minutos, incrementos de 1 minuto<\/li>\n<li>Fuente de energ\u00eda 2 bater\u00edas alcalinas de \u00abC\u00bb, CA, paquete externo de la bater\u00eda recargable<\/li>\n<li>Tiempo de funcionamiento (bater\u00edas completamente cargadas): nominal 10 hrs. en 400 ml\/hr, nominal 30 hrs. a 125 ml\/hr, nominal 85 hrs. a 2 ml\/hr<\/li>\n<li>Alarmas aire-en-l\u00ednea, alta presi\u00f3n ascendente, obstrucci\u00f3n contra la corriente, obstrucci\u00f3n r\u00edo abajo, puerta abierta, sistema no instalado, bomba desatendido, substituye el sistema, bater\u00eda vac\u00eda<\/li>\n<li>Volumen ajustable de la alarma alta\/Med\/bajo\/silencioso<\/li>\n<li>Data log 6.000 eventos, incluyendo presi\u00f3n de l\u00ednea, volumen infundido, tiempo<\/li>\n<li>Las terapias sin usar de la seguridad pueden ser bloqueadas hacia fuera, cuatro niveles de acceso, diversos tama\u00f1os de la caja<\/li>\n<li>Biblioteca de protocolos de software: m\u00faltiples categor\u00edas y potencial para m\u00e1s de 100 protocolos<\/li>\n<li>Sistemas de administraci\u00f3n conjuntos DEHP-Free Set, sitios de inyecci\u00f3n sin aguja, 0,22 y 1,2 micras filtrados, conjuntos epidurales de rayas amarillas, conjuntos con contenedores de fluidos integrales de 15 0 ml<\/li>\n<\/ul>\n","protected":false},"excerpt":{"rendered":"<p>Bomba de infusi\u00f3n<\/p>\n","protected":false},"featured_media":11813,"template":"","meta":{"_acf_changed":false,"_relevanssi_hide_post":"","_relevanssi_hide_content":"","_relevanssi_pin_for_all":"","_relevanssi_pin_keywords":"","_relevanssi_unpin_keywords":"","_relevanssi_related_keywords":"","_relevanssi_related_include_ids":"","_relevanssi_related_exclude_ids":"","_relevanssi_related_no_append":"","_relevanssi_related_not_related":"","_relevanssi_related_posts":"","_relevanssi_noindex_reason":"","inline_featured_image":false},"pwb-brand":[1333],"product_brand":[],"product_cat":[52,4779],"product_tag":[3020,3611,3824,3823,2884,3019,3018],"class_list":{"0":"post-10282","1":"product","2":"type-product","3":"status-publish","4":"has-post-thumbnail","6":"pwb-brand-equipo-medico-curlin-medical","7":"product_cat-bombas-intravenosas","8":"product_cat-bombas-portatiles-de-infusion","9":"product_tag-6000-cms","10":"product_tag-bomba-de-infusion","11":"product_tag-bomba-de-infusion-electronica-de-multi-terapia","12":"product_tag-bomba-de-infusion-electronica-de-multi-terapia-curlin-6000-cms","13":"product_tag-curlin","14":"product_tag-curlin-6000","15":"product_tag-curlin-6000-cms","17":"first","18":"instock","19":"shipping-taxable","20":"purchasable","21":"product-type-simple"},"acf":[],"brands":[{"id":1333,"name":"Curlin Medical","slug":"equipo-medico-curlin-medical"}],"_links":{"self":[{"href":"https:\/\/www.somatechnology.com\/spanish\/wp-json\/wp\/v2\/product\/10282","targetHints":{"allow":["GET"]}}],"collection":[{"href":"https:\/\/www.somatechnology.com\/spanish\/wp-json\/wp\/v2\/product"}],"about":[{"href":"https:\/\/www.somatechnology.com\/spanish\/wp-json\/wp\/v2\/types\/product"}],"wp:featuredmedia":[{"embeddable":true,"href":"https:\/\/www.somatechnology.com\/spanish\/wp-json\/wp\/v2\/media\/11813"}],"wp:attachment":[{"href":"https:\/\/www.somatechnology.com\/spanish\/wp-json\/wp\/v2\/media?parent=10282"}],"wp:term":[{"taxonomy":"pwb-brand","embeddable":true,"href":"https:\/\/www.somatechnology.com\/spanish\/wp-json\/wp\/v2\/pwb-brand?post=10282"},{"taxonomy":"product_brand","embeddable":true,"href":"https:\/\/www.somatechnology.com\/spanish\/wp-json\/wp\/v2\/product_brand?post=10282"},{"taxonomy":"product_cat","embeddable":true,"href":"https:\/\/www.somatechnology.com\/spanish\/wp-json\/wp\/v2\/product_cat?post=10282"},{"taxonomy":"product_tag","embeddable":true,"href":"https:\/\/www.somatechnology.com\/spanish\/wp-json\/wp\/v2\/product_tag?post=10282"}],"curies":[{"name":"wp","href":"https:\/\/api.w.org\/{rel}","templated":true}]}}