{"id":10290,"date":"2018-04-16T14:51:56","date_gmt":"2018-04-16T14:51:56","guid":{"rendered":"https:\/\/www.somatechnology.com\/spanish\/?post_type=product&#038;p=10290"},"modified":"2025-09-23T10:21:06","modified_gmt":"2025-09-23T14:21:06","slug":"carefusion-alaris-bd-8300-etco2-pump-module","status":"publish","type":"product","link":"https:\/\/www.somatechnology.com\/spanish\/equipo-medico-usado-remanufacturado\/terapia-intravenosa\/bombas-intravenosas\/carefusion-alaris-bd-8300-etco2-pump-module\/","title":{"rendered":"BD Carefusion Alaris 8300 EtCO2 Pump Module"},"content":{"rendered":"<h2>Caracter\u00edsticas del Carefusion Alaris BD 8300 EtCO2 Pump Module<\/h2>\n<p>Bomba reacondicionada infusi\u00f3n <strong>Alaris CareFusion 8300 EtCO2<\/strong>. El m\u00f3dulo Alaris CareFusion 8300 EtCO2 utiliza una espectroscopia de infrarrojos no dispersivo (NDIR) patentada por el m\u00f3dulo Oridion para medir continuamente la cantidad de CO2 durante cada respiraci\u00f3n, la cantidad de CO2 presente al final de la espiraci\u00f3n (EtCO2) y durante inhalaci\u00f3n (FiCO2), y la frecuencia respiratoria. El m\u00f3dulo EtCO2 es un SideStream Capnografo. Los desechables entregan una muestra de los gases inhalados y exhalados del ventilador disponible o directamente del paciente en el monitor para la humedad de la medida del CO2 y las secreciones del paciente son extra\u00eddas de la muestra por el filtro en l\u00ednea micro de la corriente mientras que manteniendo la forma de la onda de CO2. El m\u00f3dulo Alaris CareFusion 8300 EtCO2 libera una muestra de gas a trav\u00e9s de microcelda de muestreo (15 microlitros).<\/p>\n<ul>\n<li>Reducir los riesgos de infusiones de opi\u00e1ceos.<\/li>\n<li>Los perfiles personalizables a\u00f1aden flexibilidad a todas las \u00e1reas de atenci\u00f3n al paciente.<\/li>\n<li>Utiliza l\u00edneas de muestreo que cortan la necesidad de piezas m\u00f3viles, sensores externos o calibraci\u00f3n rutinaria.<\/li>\n<li>Proporciona los productos EtCO2 pacientes del muestreo para resolver un amplio espectro de las necesidades del muestreo disponibles con o sin la entrega del ox\u00edgeno.<\/li>\n<\/ul>\n","protected":false},"excerpt":{"rendered":"<p>Bomba reacondicionada infusi\u00f3n Alaris CareFusion 8300 EtCO2. El m\u00f3dulo Alaris CareFusion 8300 EtCO2 utiliza una espectroscopia de infrarrojos no dispersivo (NDIR) patentada por el m\u00f3dulo Oridion para medir continuamente la cantidad de CO2 durante cada respiraci\u00f3n, la cantidad de CO2 presente al final de la espiraci\u00f3n (EtCO2) y durante inhalaci\u00f3n (FiCO2), y la frecuencia respiratoria.<\/p>\n","protected":false},"featured_media":11811,"template":"","meta":{"_acf_changed":false,"_relevanssi_hide_post":"","_relevanssi_hide_content":"","_relevanssi_pin_for_all":"","_relevanssi_pin_keywords":"","_relevanssi_unpin_keywords":"","_relevanssi_related_keywords":"","_relevanssi_related_include_ids":"","_relevanssi_related_exclude_ids":"","_relevanssi_related_no_append":"","_relevanssi_related_not_related":"","_relevanssi_related_posts":"","_relevanssi_noindex_reason":"","inline_featured_image":false},"pwb-brand":[1327],"product_brand":[],"product_cat":[52],"product_tag":[2898,3026,3024,3023,3025,3027],"class_list":{"0":"post-10290","1":"product","2":"type-product","3":"status-publish","4":"has-post-thumbnail","6":"pwb-brand-equipo-medico-bd-becton-dickinson","7":"product_cat-bombas-intravenosas","8":"product_tag-alaris","9":"product_tag-alaris-8300","10":"product_tag-alaris-carefusion","11":"product_tag-alaris-carefusion-8300","12":"product_tag-carefusion-8300","13":"product_tag-carefusion-alaris-8300","15":"first","16":"instock","17":"shipping-taxable","18":"purchasable","19":"product-type-simple"},"acf":[],"brands":[{"id":1327,"name":"BD","slug":"equipo-medico-bd-becton-dickinson"}],"_links":{"self":[{"href":"https:\/\/www.somatechnology.com\/spanish\/wp-json\/wp\/v2\/product\/10290","targetHints":{"allow":["GET"]}}],"collection":[{"href":"https:\/\/www.somatechnology.com\/spanish\/wp-json\/wp\/v2\/product"}],"about":[{"href":"https:\/\/www.somatechnology.com\/spanish\/wp-json\/wp\/v2\/types\/product"}],"wp:featuredmedia":[{"embeddable":true,"href":"https:\/\/www.somatechnology.com\/spanish\/wp-json\/wp\/v2\/media\/11811"}],"wp:attachment":[{"href":"https:\/\/www.somatechnology.com\/spanish\/wp-json\/wp\/v2\/media?parent=10290"}],"wp:term":[{"taxonomy":"pwb-brand","embeddable":true,"href":"https:\/\/www.somatechnology.com\/spanish\/wp-json\/wp\/v2\/pwb-brand?post=10290"},{"taxonomy":"product_brand","embeddable":true,"href":"https:\/\/www.somatechnology.com\/spanish\/wp-json\/wp\/v2\/product_brand?post=10290"},{"taxonomy":"product_cat","embeddable":true,"href":"https:\/\/www.somatechnology.com\/spanish\/wp-json\/wp\/v2\/product_cat?post=10290"},{"taxonomy":"product_tag","embeddable":true,"href":"https:\/\/www.somatechnology.com\/spanish\/wp-json\/wp\/v2\/product_tag?post=10290"}],"curies":[{"name":"wp","href":"https:\/\/api.w.org\/{rel}","templated":true}]}}