{"id":10292,"date":"2018-04-16T15:10:20","date_gmt":"2018-04-16T15:10:20","guid":{"rendered":"https:\/\/www.somatechnology.com\/spanish\/?post_type=product&#038;p=10292"},"modified":"2026-04-02T12:11:22","modified_gmt":"2026-04-02T16:11:22","slug":"b-braun-perfusor-space","status":"publish","type":"product","link":"https:\/\/www.somatechnology.com\/spanish\/equipo-medico-usado-remanufacturado\/terapia-intravenosa\/bombas-intravenosas\/b-braun-perfusor-space\/","title":{"rendered":"B Braun Perfusor Space"},"content":{"rendered":"<h2>CARACTER\u00cdSTICAS DE B BRAUN PERFUSOR SPACE<\/h2>\n<p>El <strong>B Braun Perfusor Space<\/strong> bomba de infusi\u00f3n &#8211; con caracter\u00edsticas avanzadas de administraci\u00f3n que ofrecen seguridad y precisi\u00f3n &#8211; es ideal para quir\u00f3fanos, atenci\u00f3n de adultos, pedi\u00e1trica y de emergencia donde la facilidad de uso y la administraci\u00f3n precisa de la medicaci\u00f3n son fundamentales. Con un tama\u00f1o de s\u00f3lo 9&#8243; x 6&#8243; y un peso de s\u00f3lo 3 libras, el dise\u00f1o compacto y ligero de la Bomba de Infusi\u00f3n Perfusor Space permite un f\u00e1cil transporte y flexibilidad en entornos de atenci\u00f3n concurridos.<\/p>\n<ul>\n<li>Biblioteca de medicamentos de 1.500 entradas, f\u00e1cil de aprender, intuitiva y de f\u00e1cil manejo<\/li>\n<li>Las alarmas son audibles, claramente visibles y se diferencian mediante diferentes tonos<\/li>\n<li>La robusta y ligera abrazadera de poste sostiene hasta tres bombas montadas horizontal o verticalmente<\/li>\n<\/ul>\n","protected":false},"excerpt":{"rendered":"<p>Bombas Intravenosas<\/p>\n","protected":false},"featured_media":33074,"template":"","meta":{"_acf_changed":false,"_relevanssi_hide_post":"","_relevanssi_hide_content":"","_relevanssi_pin_for_all":"","_relevanssi_pin_keywords":"","_relevanssi_unpin_keywords":"","_relevanssi_related_keywords":"","_relevanssi_related_include_ids":"","_relevanssi_related_exclude_ids":"","_relevanssi_related_no_append":"","_relevanssi_related_not_related":"","_relevanssi_related_posts":"","_relevanssi_noindex_reason":"","inline_featured_image":false},"pwb-brand":[1320],"product_brand":[],"product_cat":[52],"product_tag":[3008,3029,3028,4721,3048,3820,4720,3030],"class_list":{"0":"post-10292","1":"product","2":"type-product","3":"status-publish","4":"has-post-thumbnail","6":"pwb-brand-bombas-intravenosas-b-braun","7":"product_cat-bombas-intravenosas","8":"product_tag-b-braun","9":"product_tag-b-braun-perfusor","10":"product_tag-b-braun-perfusor-space","11":"product_tag-b-braun-perfusor-space-bombas-intravenosas","12":"product_tag-bombas-intravenosas","13":"product_tag-bombas-intravenosas-b-braun","14":"product_tag-bombas-intravenosas-b-braun-perfusor-space","15":"product_tag-perfusor-space","17":"first","18":"instock","19":"shipping-taxable","20":"purchasable","21":"product-type-simple"},"acf":[],"brands":[{"id":1320,"name":"B Braun","slug":"bombas-intravenosas-b-braun"}],"_links":{"self":[{"href":"https:\/\/www.somatechnology.com\/spanish\/wp-json\/wp\/v2\/product\/10292","targetHints":{"allow":["GET"]}}],"collection":[{"href":"https:\/\/www.somatechnology.com\/spanish\/wp-json\/wp\/v2\/product"}],"about":[{"href":"https:\/\/www.somatechnology.com\/spanish\/wp-json\/wp\/v2\/types\/product"}],"wp:featuredmedia":[{"embeddable":true,"href":"https:\/\/www.somatechnology.com\/spanish\/wp-json\/wp\/v2\/media\/33074"}],"wp:attachment":[{"href":"https:\/\/www.somatechnology.com\/spanish\/wp-json\/wp\/v2\/media?parent=10292"}],"wp:term":[{"taxonomy":"pwb-brand","embeddable":true,"href":"https:\/\/www.somatechnology.com\/spanish\/wp-json\/wp\/v2\/pwb-brand?post=10292"},{"taxonomy":"product_brand","embeddable":true,"href":"https:\/\/www.somatechnology.com\/spanish\/wp-json\/wp\/v2\/product_brand?post=10292"},{"taxonomy":"product_cat","embeddable":true,"href":"https:\/\/www.somatechnology.com\/spanish\/wp-json\/wp\/v2\/product_cat?post=10292"},{"taxonomy":"product_tag","embeddable":true,"href":"https:\/\/www.somatechnology.com\/spanish\/wp-json\/wp\/v2\/product_tag?post=10292"}],"curies":[{"name":"wp","href":"https:\/\/api.w.org\/{rel}","templated":true}]}}