{"id":10294,"date":"2018-04-16T15:21:35","date_gmt":"2018-04-16T15:21:35","guid":{"rendered":"https:\/\/www.somatechnology.com\/spanish\/?post_type=product&#038;p=10294"},"modified":"2023-08-23T06:27:52","modified_gmt":"2023-08-23T10:27:52","slug":"alaris-auto-id-module-8600","status":"publish","type":"product","link":"https:\/\/www.somatechnology.com\/spanish\/equipo-medico-usado-remanufacturado\/terapia-intravenosa\/bombas-intravenosas\/alaris-auto-id-module-8600\/","title":{"rendered":"Alaris Auto-ID Module 8600"},"content":{"rendered":"<h2>Caracter\u00edsticas del\u00a0Alaris Auto-ID Module 8600<\/h2>\n<p>El m\u00f3dulo de auto-identificaci\u00f3n de <strong>Alaris 8600<\/strong> incorpora el lector de barcode, independiente de la instalaci\u00f3n m\u00e1s amplia barras o la estrategia de ti, se adjunta directamente al sistema Alaris &#x2122;, el dispositivo confirma la informaci\u00f3n del paciente, el m\u00e9dico y la droga y permite la programaci\u00f3n de infusi\u00f3n en el la misma interfaz de usuario que captura convenientemente la identificaci\u00f3n del paciente y el c\u00f3digo de barras de la medicaci\u00f3n con el explorador handheld del m\u00f3dulo de la auto-identificaci\u00f3n de Alaris &#x2122;. Bas\u00e1ndose en a\u00f1os de experiencia en el desarrollo de productos para el punto de atenci\u00f3n, el m\u00f3dulo de auto-identificaci\u00f3n de Alaris &#x2122; ayuda a optimizar el flujo de trabajo cl\u00ednico al proporcionar la confirmaci\u00f3n de la informaci\u00f3n del paciente, el m\u00e9dico y el medicamento y el reconocimiento en el punto de atenci\u00f3n, en \u00faltima instancia, ayudar a para mantener a su paciente m\u00e1s seguro y hacer su trabajo m\u00e1s f\u00e1cil. Simple de utilizar y una necesidad para cada cl\u00ednico que desea exactitud y confiabilidad.<\/p>\n<p>El sistema permite que los hospitales con o sin red inal\u00e1mbrica o sistema de codificaci\u00f3n de barras se beneficien de la seguridad a\u00f1adida de barras para la terapia intravenosa, y ayuda a reducir los errores de programaci\u00f3n IV. El auto-ID de Alaris &#x2122; permite la inclusi\u00f3n de pacientes y la identificaci\u00f3n del cl\u00ednico en los datos continuos de la mejora de la calidad capturados en el punto de la atenci\u00f3n.<\/p>\n<h2 dir=\"ltr\" data-placeholder=\"Translation\"><span lang=\"es\">Especificaciones<\/span> del\u00a0Alaris Auto-ID Module 8600<\/h2>\n<h3>Dimensiones<\/h3>\n<p>* Tama\u00f1o: 2,0 \u00abw x 7,25\u00bb H x 5,0 \u00abD (5,1 cm W x 19,8 cm H x 12,7 cm D<\/p>\n<p>* 1 \u00b1 0,1 lbs (436,5 \u00b1 43,65 g)<\/p>\n<h3>Esc\u00e1ner de mano<\/h3>\n<p>* Dimensiones: 3,25 \u00abw x 7,25\u00bb H x 4,25 \u00abL (8,3 cm W x 18,4 cm H x 10,8 cm L)<\/p>\n<p>* Peso: 6,5 oz (178 g)<\/p>\n<h3>ULED Light<\/h3>\n<p>* Producto LED clase 1.<\/p>\n<p>* Apuntando el LED: 523 nan\u00f3metro, CW, energ\u00eda radiante media de 0,412 MW<\/p>\n<p>* Iluminaci\u00f3n LED: 635 nm, CW, 2,226 MW potencia radiante media<\/p>\n","protected":false},"excerpt":{"rendered":"<p>Bombas Intravenosas<\/p>\n","protected":false},"featured_media":11745,"template":"","meta":{"_acf_changed":false,"_relevanssi_hide_post":"","_relevanssi_hide_content":"","_relevanssi_pin_for_all":"","_relevanssi_pin_keywords":"","_relevanssi_unpin_keywords":"","_relevanssi_related_keywords":"","_relevanssi_related_include_ids":"","_relevanssi_related_exclude_ids":"","_relevanssi_related_no_append":"","_relevanssi_related_not_related":"","_relevanssi_related_posts":"","_relevanssi_noindex_reason":"","inline_featured_image":false},"pwb-brand":[1325],"product_brand":[],"product_cat":[52],"product_tag":[2898,3033,3034,3032,3031,3035,3048,3825,3826],"class_list":{"0":"post-10294","1":"product","2":"type-product","3":"status-publish","4":"has-post-thumbnail","6":"pwb-brand-bombas-intravenosas-alaris","7":"product_cat-bombas-intravenosas","8":"product_tag-alaris","9":"product_tag-alaris-auto-id","10":"product_tag-alaris-auto-id-8600","11":"product_tag-alaris-auto-id-module","12":"product_tag-alaris-auto-id-module-8600","13":"product_tag-auto-id-module-8600","14":"product_tag-bombas-intravenosas","15":"product_tag-bombas-intravenosas-alaris","16":"product_tag-bombas-intravenosas-alaris-auto-id-8600","18":"first","19":"instock","20":"shipping-taxable","21":"purchasable","22":"product-type-simple"},"acf":[],"brands":[{"id":1325,"name":"Alaris","slug":"bombas-intravenosas-alaris"}],"_links":{"self":[{"href":"https:\/\/www.somatechnology.com\/spanish\/wp-json\/wp\/v2\/product\/10294","targetHints":{"allow":["GET"]}}],"collection":[{"href":"https:\/\/www.somatechnology.com\/spanish\/wp-json\/wp\/v2\/product"}],"about":[{"href":"https:\/\/www.somatechnology.com\/spanish\/wp-json\/wp\/v2\/types\/product"}],"wp:featuredmedia":[{"embeddable":true,"href":"https:\/\/www.somatechnology.com\/spanish\/wp-json\/wp\/v2\/media\/11745"}],"wp:attachment":[{"href":"https:\/\/www.somatechnology.com\/spanish\/wp-json\/wp\/v2\/media?parent=10294"}],"wp:term":[{"taxonomy":"pwb-brand","embeddable":true,"href":"https:\/\/www.somatechnology.com\/spanish\/wp-json\/wp\/v2\/pwb-brand?post=10294"},{"taxonomy":"product_brand","embeddable":true,"href":"https:\/\/www.somatechnology.com\/spanish\/wp-json\/wp\/v2\/product_brand?post=10294"},{"taxonomy":"product_cat","embeddable":true,"href":"https:\/\/www.somatechnology.com\/spanish\/wp-json\/wp\/v2\/product_cat?post=10294"},{"taxonomy":"product_tag","embeddable":true,"href":"https:\/\/www.somatechnology.com\/spanish\/wp-json\/wp\/v2\/product_tag?post=10294"}],"curies":[{"name":"wp","href":"https:\/\/api.w.org\/{rel}","templated":true}]}}