{"id":10297,"date":"2018-04-16T15:50:59","date_gmt":"2018-04-16T15:50:59","guid":{"rendered":"https:\/\/www.somatechnology.com\/spanish\/?post_type=product&#038;p=10297"},"modified":"2023-08-23T06:27:53","modified_gmt":"2023-08-23T10:27:53","slug":"b-braun-vista-basic-infusion-pump","status":"publish","type":"product","link":"https:\/\/www.somatechnology.com\/spanish\/equipo-medico-usado-remanufacturado\/terapia-intravenosa\/bombas-intravenosas\/b-braun-vista-basic-infusion-pump\/","title":{"rendered":"B. Braun Vista Basic Infusion Pump"},"content":{"rendered":"<div id=\"tabs\">\n<div class=\"tab-content\">\n<div id=\"descPane\" class=\"tab-pane active\">\n<div id=\"ctl00_ctl00_NestedMaster_PageContent_ctl00_ProductDescription1_DescriptionAjax\">\n<div class=\"widget productDescription\">\n<div class=\"innerSection\">\n<div class=\"content\">\n<div class=\"descriptionWrapper\">\n<h2>Caracter\u00edsticas del Bomba de infusi\u00f3n B. Braun Vista Basic<\/h2>\n<p>El <strong>Vista \u00ae Basic<\/strong> fue dise\u00f1ado para asegurar la simplicidad en todos los aspectos de su uso: desde la instalaci\u00f3n hasta la programaci\u00f3n, hasta el uso del modo especial y la correcci\u00f3n de la alarma. Basado en un dise\u00f1o que ha vendido m\u00e1s de 100.000 unidades en todo el mundo, el Vista \u00ae Basic proporciona una alta fiabilidad envasada en una de las bombas m\u00e1s f\u00e1ciles de usar.<\/p>\n<p>Como un caballo de labranza en el mercado ambulatorio, ofrece un dise\u00f1o robusto y fiable, todas las terapias pertinentes, tales como el modo continuo, en t\u00e1ndem y el programa, y una selecci\u00f3n de los conjuntos de gravedad rentable, l\u00ednea recta.<\/p>\n<ul>\n<li>El dise\u00f1o robusto de componentes mec\u00e1nicos asegura la durabilidad m\u00e1xima<\/li>\n<li>Una garant\u00eda est\u00e1ndar de un a\u00f1o y m\u00faltiples opciones de garant\u00eda est\u00e1n disponibles para satisfacer sus necesidades futuras de servicio<\/li>\n<li>El horario de mantenimiento preventivo de dos a\u00f1os ayuda a ahorrar y dinero de los requisitos de inspecci\u00f3n anuales t\u00edpicos<\/li>\n<li>Duraci\u00f3n de la bater\u00eda de aproximadamente 3 a\u00f1os antes del reemplazo se requiere<\/li>\n<li>Los sets no fabricados con DEHP protegen a los pacientes. Los sistemas aguja-libres protegen al paciente y al cl\u00ednico<\/li>\n<li>Los avisos \u00fatiles caminan al usuario a trav\u00e9s del proceso de programaci\u00f3n<\/li>\n<li>F\u00e1cil de usar, ense\u00f1ar y aprender. Perfeccione para las capacidades de la configuraci\u00f3n del cuidado casero<\/li>\n<\/ul>\n<h2 dir=\"ltr\" data-placeholder=\"Translation\"><span lang=\"es\">Especificaciones<\/span> del Bomba de infusi\u00f3n B. Braun Vista Basic<\/h2>\n<h3>Dimensiones<\/h3>\n<ul>\n<li>Tama\u00f1o: W x H x D 5,5 en (el 14CM) x 9,4 en (los 24cm) x 7,8 adentro (los 20cm)<\/li>\n<li>Peso: 6,8 lbs. (3,1 kg)<\/li>\n<\/ul>\n<h3>Requisitos de energ\u00eda<\/h3>\n<ul>\n<li>100-120 VAC, 50-60 Hz, 13 vatios<\/li>\n<\/ul>\n<h3>Corriente de la salida<\/h3>\n<ul>\n<li>Max 30\u00b5A\/li&gt;<\/li>\n<\/ul>\n<h3>Bater\u00eda<\/h3>\n<ul>\n<li>7.2V, 1.2 Ah NiCd (rechargeable)<\/li>\n<\/ul>\n<h3>Tiempo de funcionamiento de la bater\u00eda<\/h3>\n<ul>\n<li>e \u2248 3,5 horas a 125 ml\/hr<\/li>\n<\/ul>\n<h3>Rango de tarifas<\/h3>\n<ul>\n<li>0,1 a 800,0 ml\/hr en incrementos de 0,1 ml con tuber\u00eda vista &#x2122;<\/li>\n<\/ul>\n<h3>Volumen a ser gama infundido<\/h3>\n<ul>\n<li>to 9999.9 mL<\/li>\n<\/ul>\n<h3>Presi\u00f3n de oclusi\u00f3n<\/h3>\n<ul>\n<li>Ajustes variables bajos: 8 PSI de alto: 17 psi<\/li>\n<\/ul>\n<h3>Tarifa KVO<\/h3>\n<ul>\n<li>1 ml\/hr o la tarifa seleccionada, lo que es menor<\/li>\n<\/ul>\n<h3>Exactitud del caudal<\/h3>\n<ul>\n<li>Tiempo de medici\u00f3n del \u00b1 5% 8hr, Temp. 71,6 \u00b0 F<\/li>\n<\/ul>\n<h3>Alarmas<\/h3>\n<ul>\n<li>Aire-en-l\u00ednea, bater\u00eda baja, enchufe ahora, bolso vac\u00edo, obstrucci\u00f3n descendente, puerta abierta, bomba parada, KVO, malfuncionamiento de la unidad<\/li>\n<\/ul>\n<h3>Alarma aire-en-l\u00ednea<\/h3>\n<ul>\n<li>Tama\u00f1o de la burbuja de aire 0.3 ml * o 1.5 ml\/hr * *\n<ul>\n<li>puede ajustarse de 0,01 a 0,3 ml en un programa de servicio\n<ul>\n<li>puede ajustarse de 0,5 a 3,5 ml\/hr en un programa de servicio<\/li>\n<\/ul>\n<\/li>\n<\/ul>\n<\/li>\n<\/ul>\n<h3>Memoria<\/h3>\n<ul>\n<li>Opci\u00f3n de usuario para conservar los \u00faltimos datos de modo continuo y en t\u00e1ndem al encenderlos. Retenci\u00f3n permanente de datos en los modos programa y rampa\/forma c\u00f3nica despu\u00e9s de apagar la bomba<\/li>\n<\/ul>\n<h3>Tuber\u00eda<\/h3>\n<ul>\n<li>Sets de administraci\u00f3n B. Braun vista &#x2122;<\/li>\n<\/ul>\n<h3>Modos\/caracter\u00edsticas<\/h3>\n<ul>\n<li>Modos continuos y en t\u00e1ndem, modo de programa para infusiones variables, modo de rampa\/forma c\u00f3nica para infusiones de NPT y retardo de un modo para posponer el comienzo y el final de la infusi\u00f3n<\/li>\n<\/ul>\n<h3>Temperaturas de funcionamiento<\/h3>\n<ul>\n<li>Funcionamiento: 64,4 \u00b0 f a 95 \u00b0 f, 10,15 psi a 15.37 PSI<\/li>\n<li>Sin funcionamiento:-13 \u00b0 f a 131 \u00b0 f, 10,15 psi a<\/li>\n<li>15,37 PSI<\/li>\n<\/ul>\n<\/div>\n<\/div>\n<\/div>\n<\/div>\n<\/div>\n<\/div>\n<\/div>\n<\/div>\n","protected":false},"excerpt":{"rendered":"<p>Bomba de infusi\u00f3n<\/p>\n","protected":false},"featured_media":11759,"template":"","meta":{"_acf_changed":false,"_relevanssi_hide_post":"","_relevanssi_hide_content":"","_relevanssi_pin_for_all":"","_relevanssi_pin_keywords":"","_relevanssi_unpin_keywords":"","_relevanssi_related_keywords":"","_relevanssi_related_include_ids":"","_relevanssi_related_exclude_ids":"","_relevanssi_related_no_append":"","_relevanssi_related_not_related":"","_relevanssi_related_posts":"","_relevanssi_noindex_reason":"","inline_featured_image":false},"pwb-brand":[1320],"product_brand":[],"product_cat":[52],"product_tag":[3008,4722,4723,3037,3036,3611,3827,3048,3039,3038],"class_list":{"0":"post-10297","1":"product","2":"type-product","3":"status-publish","4":"has-post-thumbnail","6":"pwb-brand-bombas-intravenosas-b-braun","7":"product_cat-bombas-intravenosas","8":"product_tag-b-braun","9":"product_tag-b-braun-bombas-intravenosas","10":"product_tag-b-braun-vista-bombas-intravenosas","11":"product_tag-b-braun-vista","12":"product_tag-b-braun-vista-basic","13":"product_tag-bomba-de-infusion","14":"product_tag-bomba-de-infusion-b-braun","15":"product_tag-bombas-intravenosas","16":"product_tag-vista","17":"product_tag-vista-basic","19":"first","20":"instock","21":"shipping-taxable","22":"purchasable","23":"product-type-simple"},"acf":[],"brands":[{"id":1320,"name":"B Braun","slug":"bombas-intravenosas-b-braun"}],"_links":{"self":[{"href":"https:\/\/www.somatechnology.com\/spanish\/wp-json\/wp\/v2\/product\/10297","targetHints":{"allow":["GET"]}}],"collection":[{"href":"https:\/\/www.somatechnology.com\/spanish\/wp-json\/wp\/v2\/product"}],"about":[{"href":"https:\/\/www.somatechnology.com\/spanish\/wp-json\/wp\/v2\/types\/product"}],"wp:featuredmedia":[{"embeddable":true,"href":"https:\/\/www.somatechnology.com\/spanish\/wp-json\/wp\/v2\/media\/11759"}],"wp:attachment":[{"href":"https:\/\/www.somatechnology.com\/spanish\/wp-json\/wp\/v2\/media?parent=10297"}],"wp:term":[{"taxonomy":"pwb-brand","embeddable":true,"href":"https:\/\/www.somatechnology.com\/spanish\/wp-json\/wp\/v2\/pwb-brand?post=10297"},{"taxonomy":"product_brand","embeddable":true,"href":"https:\/\/www.somatechnology.com\/spanish\/wp-json\/wp\/v2\/product_brand?post=10297"},{"taxonomy":"product_cat","embeddable":true,"href":"https:\/\/www.somatechnology.com\/spanish\/wp-json\/wp\/v2\/product_cat?post=10297"},{"taxonomy":"product_tag","embeddable":true,"href":"https:\/\/www.somatechnology.com\/spanish\/wp-json\/wp\/v2\/product_tag?post=10297"}],"curies":[{"name":"wp","href":"https:\/\/api.w.org\/{rel}","templated":true}]}}