{"id":10342,"date":"2018-04-17T18:42:29","date_gmt":"2018-04-17T18:42:29","guid":{"rendered":"https:\/\/www.somatechnology.com\/spanish\/?post_type=product&#038;p=10342"},"modified":"2025-12-11T05:49:04","modified_gmt":"2025-12-11T10:49:04","slug":"steris-5085","status":"publish","type":"product","link":"https:\/\/www.somatechnology.com\/spanish\/equipo-medico-usado-remanufacturado\/mesas-de-cirugia\/steris-5085\/","title":{"rendered":"Steris 5085"},"content":{"rendered":"<h2>Caracter\u00edsticas del Mesa Quir\u00fargica Steris 5085<\/h2>\n<p>La tabla quir\u00fargica general de STERIS 5085 se adapta r\u00e1pidamente y f\u00e1cilmente a virtualmente cada especialidad quir\u00fargica. Un l\u00edmite de peso m\u00e1s alto, una altura excepcionalmente baja, y un \u00e1rea de imagen grande no significan mesas de especialidad m\u00e1s inflexibles y dedicadas.<\/p>\n<p>El r\u00e1pido, postura del paciente del uno-tacto es activado por las posiciones preprogramadas de la tabla quir\u00fargica 5085 del control intuitivo de la mano para la rotaci\u00f3n y la silla de playa para la disposici\u00f3n f\u00e1cil. La tabla de la cirug\u00eda f\u00e1cil-a-ley\u00f3 la tabla de las telegraf\u00edas de la ventana del LCD que coloca datos a los cuidadores, incluso en un cuarto oscurecido.<\/p>\n<ul>\n<li>Acomoda pr\u00e1cticamente a todos los pacientes con rangos generosos de peso y altura<\/li>\n<li>Proporciona acceso perineal sin restricci\u00f3n con la secci\u00f3n desprendible de la pierna<\/li>\n<li>Opcional secci\u00f3n de la pierna pluma cumple con los principios de manejo seguro AORN<\/li>\n<li>Realza los procedimientos laterales con un elevador accionado, radiol\u00facido del ri\u00f1\u00f3n<\/li>\n<li>Proporciona acceso excepcional para el C-brazo, permitiendo im\u00e1genes claras de alta calidad cruciales para los procedimientos de mis, cardiotor\u00e1cicos, ortop\u00e9dicos y neuroquir\u00fargicos<\/li>\n<li>Facilita la colocaci\u00f3n r\u00e1pida y segura del paciente con un control de la mano f\u00e1cil de utilizar, f\u00e1cil de leer<\/li>\n<li>Contornos a pr\u00e1cticamente todas las posturas del paciente con cuatro secci\u00f3n de la mesa<\/li>\n<li>Compensa por desigual o los pisos con las cerraduras de piso Self-leveling<\/li>\n<li>Evita colisiones seccionales y de base de mesa con el sensor de l\u00edmite autom\u00e1tico<\/li>\n<li>Compatible con una amplia gama de accesorios previamente comprados<\/li>\n<\/ul>\n","protected":false},"excerpt":{"rendered":"<p>Mesas Quir\u00fargicas<\/p>\n","protected":false},"featured_media":20063,"template":"","meta":{"_acf_changed":false,"_relevanssi_hide_post":"","_relevanssi_hide_content":"","_relevanssi_pin_for_all":"","_relevanssi_pin_keywords":"","_relevanssi_unpin_keywords":"","_relevanssi_related_keywords":"","_relevanssi_related_include_ids":"","_relevanssi_related_exclude_ids":"","_relevanssi_related_no_append":"","_relevanssi_related_not_related":"","_relevanssi_related_posts":"","_relevanssi_noindex_reason":"","inline_featured_image":false},"pwb-brand":[1149],"product_brand":[],"product_cat":[72],"product_tag":[3110,3098,3109,3094,2500,3984,4282,3100,3099,543,3111],"class_list":{"0":"post-10342","1":"product","2":"type-product","3":"status-publish","4":"has-post-thumbnail","6":"pwb-brand-equipo-medico-steris","7":"product_cat-mesas-de-cirugia","8":"product_tag-3110","9":"product_tag-mesa","10":"product_tag-mesa-equirurgicas","11":"product_tag-mesas","12":"product_tag-mesas-quirurgicas","13":"product_tag-mesas-quirurgicas-steris","14":"product_tag-mesas-quirurgicas-steris-5085","15":"product_tag-quirurgica","16":"product_tag-quirurgicas","17":"product_tag-steris","18":"product_tag-steris-5085","20":"first","21":"instock","22":"shipping-taxable","23":"purchasable","24":"product-type-simple"},"acf":[],"brands":[{"id":1149,"name":"Steris","slug":"equipo-medico-steris"}],"_links":{"self":[{"href":"https:\/\/www.somatechnology.com\/spanish\/wp-json\/wp\/v2\/product\/10342","targetHints":{"allow":["GET"]}}],"collection":[{"href":"https:\/\/www.somatechnology.com\/spanish\/wp-json\/wp\/v2\/product"}],"about":[{"href":"https:\/\/www.somatechnology.com\/spanish\/wp-json\/wp\/v2\/types\/product"}],"wp:featuredmedia":[{"embeddable":true,"href":"https:\/\/www.somatechnology.com\/spanish\/wp-json\/wp\/v2\/media\/20063"}],"wp:attachment":[{"href":"https:\/\/www.somatechnology.com\/spanish\/wp-json\/wp\/v2\/media?parent=10342"}],"wp:term":[{"taxonomy":"pwb-brand","embeddable":true,"href":"https:\/\/www.somatechnology.com\/spanish\/wp-json\/wp\/v2\/pwb-brand?post=10342"},{"taxonomy":"product_brand","embeddable":true,"href":"https:\/\/www.somatechnology.com\/spanish\/wp-json\/wp\/v2\/product_brand?post=10342"},{"taxonomy":"product_cat","embeddable":true,"href":"https:\/\/www.somatechnology.com\/spanish\/wp-json\/wp\/v2\/product_cat?post=10342"},{"taxonomy":"product_tag","embeddable":true,"href":"https:\/\/www.somatechnology.com\/spanish\/wp-json\/wp\/v2\/product_tag?post=10342"}],"curies":[{"name":"wp","href":"https:\/\/api.w.org\/{rel}","templated":true}]}}