{"id":10352,"date":"2018-04-19T12:54:28","date_gmt":"2018-04-19T12:54:28","guid":{"rendered":"https:\/\/www.somatechnology.com\/spanish\/?post_type=product&#038;p=10352"},"modified":"2023-08-23T06:27:54","modified_gmt":"2023-08-23T10:27:54","slug":"biodex-840","status":"publish","type":"product","link":"https:\/\/www.somatechnology.com\/spanish\/equipo-medico-usado-remanufacturado\/mesas-de-cirugia\/biodex-840\/","title":{"rendered":"Biodex 840"},"content":{"rendered":"<h2>Caracter\u00edsticas del\u00a0Mesa Quir\u00fargica Biodex 840 para Arcos en C<\/h2>\n<p>La mesa quir\u00fargica <strong>Biodex 840 compatibles para Arcos en C<\/strong> tiene un \u00e1rea radiol\u00facida grande, 71 \u00ab, flotacion libre \u00a0X-Y, el control motorizado de la altura, el rodillo lateral isoc\u00e9ntrico, los movimientos de Trendelenburg y la extensi\u00f3n de la bandeja del cat\u00e9ter hacen la mesa quir\u00fargica para el Arco en C es ideal para procedimientos cardiovasculares. El \u00e1rea radiolucent est\u00e1 libre de miembros cruzados, permitiendo la visualizaci\u00f3n completa de la fluoroscopia y el posicionamiento sin obst\u00e1culo del C-brazo.<\/p>\n<ul>\n<li>Mesa Libre-flotante con el movimiento SmoothGlide especialmente dise\u00f1ado.<\/li>\n<li>Amplio movimiento de mesa de cabeza a punta, 35 \u00ab.<\/li>\n<li>\u00c1rea radiolucent Extra-Large, 71 \u00ab.<\/li>\n<li>Los actuadores de alta velocidad aseguran la colocaci\u00f3n r\u00e1pida de la mesa, la ajustabilidad de la altura, el rodillo lateral isoc\u00e9ntrico y los movimientos de Trendelenburg.<\/li>\n<li>El rodillo lateral isoc\u00e9ntrico mantiene el centro de la imagen durante el movimiento de mesa, minimizando la distorsi\u00f3n de la imagen.<\/li>\n<\/ul>\n<h2 dir=\"ltr\" data-placeholder=\"Translation\"><span lang=\"es\">Especificaciones<\/span> del\u00a0Mesa Quir\u00fargica Biodex 840<\/h2>\n<h3>Dimensiones<\/h3>\n<ul>\n<li>\u2022 Altura (ajustable): 33 \u2013 43 in (84 \u2013 109 cm)<\/li>\n<li>\u2022 Anchura: 26 in (66 cm)<\/li>\n<li>\u2022 Longitud: 100 en (254 cm)<\/li>\n<li>\u2022 Peso: 641 lbs<\/li>\n<\/ul>\n<h3>Mesa<\/h3>\n<ul>\n<li>\u2022 Longitud: 97 en (246 cm)<\/li>\n<li>\u2022 Ancho: 24 pulg (61 cm)<\/li>\n<li>\u2022 Material: fibra del carb\u00f3n<\/li>\n<li>\u2022 Colch\u00f3n: incons\u00fatil, 2 pulg (los 5cm)<\/li>\n<\/ul>\n<h3>Movimientos<\/h3>\n<ul>\n<li>Altura ajustable: 33 \u2013 43 in (84 a 109 cm)<\/li>\n<li>Movimiento de la mesa X (flotador de cabeza a dedo): 35 in (88,9 cm)<\/li>\n<li>Mesa Y movimiento (flotador de lado a lado): 10 pulg (25,4 cm)<\/li>\n<li>Trendelenburg: 0 \u00b0 a 20 \u00b0<\/li>\n<li>Trendelenburg inversa: 0 \u00b0 a 20 \u00b0<\/li>\n<li>Rodillo lateral: 0\u00b0 to \u00b115\u00b0<\/li>\n<\/ul>\n<h3>Controles<\/h3>\n<ul>\n<li>Control de la mano: altura, rodillo lateral y movimientos de Trendelenburg<\/li>\n<li>Control del pie: activa todos los movimientos (tiene lanzamiento para el flotador)<\/li>\n<li>Seta-control superior: lanzamientos X-Y movimientos de la mesa<\/li>\n<\/ul>\n<h3>Informaci\u00f3n General<\/h3>\n<ul>\n<li>Ruedas \u2022 extremo de la cabeza: 3 \u00ab(7,62 cm) ruedas giratorias, sistema de bloqueo integral en la base<\/li>\n<li>Extremo del pie: echadores del eslab\u00f3n giratorio de 5 \u00ab(12,7 cm) con el cierre central<\/li>\n<li>Rieles accesorios: rieles est\u00e1ndar o accesorios 49,5 x 1,12 x. 375 in (124 x 2,86 x. 95 cm) montados cerca del extremo del pie de la mesa<\/li>\n<li>Sujetadores del paciente: tres correas del cuerpo<\/li>\n<li>Final: acero inoxidable<\/li>\n<li>Capacidad del paciente: 500 lb (227 kg); peso probado a cuatro veces la capacidad de carga del paciente.<\/li>\n<li>Capacidad de la elevaci\u00f3n: puede variar entre 460 LB-500 lb (209-227 kilogramos) basado en voltaje de l\u00ednea<\/li>\n<li>Energ\u00eda: 115 VAC o 230 VAC y bater\u00eda<\/li>\n<\/ul>\n<p>&nbsp;<\/p>\n","protected":false},"excerpt":{"rendered":"<p>Mesa Quir\u00fargica<\/p>\n","protected":false},"featured_media":11191,"template":"","meta":{"_acf_changed":false,"_relevanssi_hide_post":"","_relevanssi_hide_content":"","_relevanssi_pin_for_all":"","_relevanssi_pin_keywords":"","_relevanssi_unpin_keywords":"","_relevanssi_related_keywords":"","_relevanssi_related_include_ids":"","_relevanssi_related_exclude_ids":"","_relevanssi_related_no_append":"","_relevanssi_related_not_related":"","_relevanssi_related_posts":"","_relevanssi_noindex_reason":"","inline_featured_image":false},"pwb-brand":[3126],"product_brand":[],"product_cat":[72],"product_tag":[1495,3129,3127,3128,3098,3095,3094,2500,3099],"class_list":{"0":"post-10352","1":"product","2":"type-product","3":"status-publish","4":"has-post-thumbnail","6":"pwb-brand-mesas-biodex","7":"product_cat-mesas-de-cirugia","8":"product_tag-1495","9":"product_tag-840-biodex","10":"product_tag-biodex","11":"product_tag-biodex-840","12":"product_tag-mesa","13":"product_tag-mesa-quirurgica","14":"product_tag-mesas","15":"product_tag-mesas-quirurgicas","16":"product_tag-quirurgicas","18":"first","19":"instock","20":"shipping-taxable","21":"purchasable","22":"product-type-simple"},"acf":[],"brands":[{"id":3126,"name":"Biodex","slug":"mesas-biodex"}],"_links":{"self":[{"href":"https:\/\/www.somatechnology.com\/spanish\/wp-json\/wp\/v2\/product\/10352","targetHints":{"allow":["GET"]}}],"collection":[{"href":"https:\/\/www.somatechnology.com\/spanish\/wp-json\/wp\/v2\/product"}],"about":[{"href":"https:\/\/www.somatechnology.com\/spanish\/wp-json\/wp\/v2\/types\/product"}],"wp:featuredmedia":[{"embeddable":true,"href":"https:\/\/www.somatechnology.com\/spanish\/wp-json\/wp\/v2\/media\/11191"}],"wp:attachment":[{"href":"https:\/\/www.somatechnology.com\/spanish\/wp-json\/wp\/v2\/media?parent=10352"}],"wp:term":[{"taxonomy":"pwb-brand","embeddable":true,"href":"https:\/\/www.somatechnology.com\/spanish\/wp-json\/wp\/v2\/pwb-brand?post=10352"},{"taxonomy":"product_brand","embeddable":true,"href":"https:\/\/www.somatechnology.com\/spanish\/wp-json\/wp\/v2\/product_brand?post=10352"},{"taxonomy":"product_cat","embeddable":true,"href":"https:\/\/www.somatechnology.com\/spanish\/wp-json\/wp\/v2\/product_cat?post=10352"},{"taxonomy":"product_tag","embeddable":true,"href":"https:\/\/www.somatechnology.com\/spanish\/wp-json\/wp\/v2\/product_tag?post=10352"}],"curies":[{"name":"wp","href":"https:\/\/api.w.org\/{rel}","templated":true}]}}