{"id":10361,"date":"2018-04-19T15:27:19","date_gmt":"2018-04-19T15:27:19","guid":{"rendered":"https:\/\/www.somatechnology.com\/spanish\/?post_type=product&#038;p=10361"},"modified":"2023-08-23T06:27:59","modified_gmt":"2023-08-23T10:27:59","slug":"steris-508","status":"publish","type":"product","link":"https:\/\/www.somatechnology.com\/spanish\/equipo-medico-usado-remanufacturado\/mesas-de-cirugia\/steris-508\/","title":{"rendered":"Steris 5085 SRT"},"content":{"rendered":"<h2>Caracter\u00edsticas del\u00a0Mesa Quir\u00fargica Steris 5085 SRT<\/h2>\n<p>El <strong>STERIS 5085 SRT<\/strong> es una tabla de la cruce que resbala, gira y transporta a pacientes a trav\u00e9s del \u00e1rea perioperativa y es la \u00fanica tabla quir\u00fargica despej\u00f3 por la FDA para el transporte paciente, seg\u00fan la compa\u00f1\u00eda. Una rueda motriz permite a un cuidador transportar con seguridad a un paciente de pre-OP a o a post-operatorio sin camillas o carros de la zona roja. En el modo Pivot, la rueda motriz se bloquea y gira 360 grados, sin postes de soporte ni c\u00e1lculos de peso. Un control de mano intuitivo con una ventana del LCD telegrafia los datos de la tabla-colocaci\u00f3n y permite la postura paciente del uno-tacto. El tablero de la mesa de cuatro secciones articula a una variedad de posturas del paciente. La tabla 5085 se puede actualizar al SRT en cualquier momento a\u00f1adiendo la rueda motriz y la secci\u00f3n head. Ambas tablas est\u00e1n configuradas para habilitar el software Act (Advanced Control Technology) y son compatibles con los accesorios STERIS previamente adquiridos.<\/p>\n<ul>\n<li>El control de mano intuitivo tiene posiciones pre-programadas para la rotaci\u00f3n y la silla de playa para la disposici\u00f3n f\u00e1cil<\/li>\n<li>La pantalla LCD del control de la mano telegrafia la tabla que coloca datos a los cuidadores, incluso en una habitaci\u00f3n oscurecida.<\/li>\n<li>Contornos a pr\u00e1cticamente todas las posturas del paciente con una mesa de cuatro secciones<\/li>\n<li>Proporciona acceso perineal sin restricci\u00f3n con la secci\u00f3n desprendible de la pierna<\/li>\n<li>Realza los procedimientos laterales con un elevador accionado, radiol\u00facido del ri\u00f1\u00f3n<\/li>\n<li>Acomoda pr\u00e1cticamente a todos los pacientes con rangos generosos de estatura y peso<\/li>\n<li>Proporciona acceso excepcional para el C-brazo, permitiendo im\u00e1genes claras de alta calidad cruciales para los procedimientos de mis, cardiotor\u00e1cicos, ortop\u00e9dicos y neuroquir\u00fargicos<\/li>\n<li>Compensa por desigual o pisos con cerraduras de piso autonivelantes \u00fanicas<\/li>\n<li>Evita colisiones seccionales y de base de mesa con el sensor de l\u00edmite autom\u00e1tico<\/li>\n<li>Compatible con una amplia gama de accesorios previamente comprados<\/li>\n<\/ul>\n<h2 dir=\"ltr\" data-placeholder=\"Translation\"><span lang=\"es\">Especificaciones del\u00a0<\/span> Mesa Quir\u00fargica Steris 5085 SRT<\/h2>\n<h3>Dimensiones<\/h3>\n<ul>\n<li>Altura: 22,8 \u2033 a 42,5 \u2033 (58.1 cm a 108 cm)<\/li>\n<li>Anchura: 20 \u2033 (50,8 cm)<\/li>\n<li>Longitud: 83 \u2033 (209,8 cm)<\/li>\n<li>Peso: 850 lbs (386 kg)<\/li>\n<\/ul>\n<h3>Voltaje<\/h3>\n<ul>\n<li>Tipo: bater\u00eda\/el\u00e9ctrico-energ\u00eda<\/li>\n<li>Voltios: 100\/120\/220\/230-240 V CA<\/li>\n<li>Hz: 50\/60 Hz<\/li>\n<li>Amperios: 4 apms<\/li>\n<\/ul>\n<h3>Capacidad de peso<\/h3>\n<ul>\n<li>Carga de 1200 lb (544 kg); con la capacidad de girar y subir\/bajar la mesa, pero no la articulaci\u00f3n de la mesa o diapositivas.<\/li>\n<li>Carga de 1000 lb (454 kg); con la capacidad de girar y todas las posturas del paciente, pero sin la diapositiva de la mesa.<\/li>\n<li>Carga de 600 lb (272 kg); con la capacidad de girar, todo el postura, caracter\u00edstica del transporte y diapositiva de la mesa.<\/li>\n<\/ul>\n<h3>Movimientos de la tabla<\/h3>\n<ul>\n<li>Flex\/Reflex: 140 \u00b0\/100 \u00b0 \u00b1 1 \u00b0<\/li>\n<li>Movimiento de la diapositiva: cabeza: 9 \u2033 (227 mil\u00edmetros) pie: 9 \u2033 (227 mil\u00edmetros) del centro<\/li>\n<li>Gama de la altura: 22,8 a 42,5 \u2033 (581 a 1080 mil\u00edmetros)<\/li>\n<li>Rango Trendelenburg: 30 \u00b0 \u00b1 1 \u00b0<\/li>\n<li>Rango de Trendelenburg inversa: 30 \u00b0 \u00b1 1 \u00b0<\/li>\n<li>Gama de la inclinaci\u00f3n: 20 \u00b0 \u00b1 1 \u00b0<\/li>\n<li>Movimiento de la secci\u00f3n trasera: hacia arriba: 80 \u00b0 \u00b1 1 \u00b0 abajo: 40 \u00b0 \u00b1 1 \u00b0<\/li>\n<li>Movimiento de la secci\u00f3n de la pierna: encima de: 0 \u00b0 Down: 105 \u00b0 \u00b1 1 \u00b0 \u2022 mecanismo del elevador del ri\u00f1\u00f3n: 4 \u2033 (110 mil\u00edmetros)<\/li>\n<li>Secci\u00f3n principal (manual): arriba: 60 \u00b0 \u00b1 1 \u00b0 abajo: 90 \u00b0 \u00b1 1 \u00b0, incrementos de 10 \u00b0<\/li>\n<\/ul>\n<p>&nbsp;<\/p>\n","protected":false},"excerpt":{"rendered":"<p>Caracter\u00edsticas del\u00a0Mesa Quir\u00fargica Steris 5085 SRT El STERIS 5085 SRT es una tabla de la cruce que resbala, gira y transporta a pacientes a&#8230;<\/p>\n","protected":false},"featured_media":10362,"template":"","meta":{"_acf_changed":false,"_relevanssi_hide_post":"","_relevanssi_hide_content":"","_relevanssi_pin_for_all":"","_relevanssi_pin_keywords":"","_relevanssi_unpin_keywords":"","_relevanssi_related_keywords":"","_relevanssi_related_include_ids":"","_relevanssi_related_exclude_ids":"","_relevanssi_related_no_append":"","_relevanssi_related_not_related":"","_relevanssi_related_posts":"","_relevanssi_noindex_reason":"","inline_featured_image":false},"pwb-brand":[1149],"product_brand":[],"product_cat":[72],"product_tag":[3110,3139,3140,3098,3095,3094,2500,3984,543,3111,3137,3138],"class_list":{"0":"post-10361","1":"product","2":"type-product","3":"status-publish","4":"has-post-thumbnail","6":"pwb-brand-equipo-medico-steris","7":"product_cat-mesas-de-cirugia","8":"product_tag-3110","9":"product_tag-5085-srt","10":"product_tag-5085srt","11":"product_tag-mesa","12":"product_tag-mesa-quirurgica","13":"product_tag-mesas","14":"product_tag-mesas-quirurgicas","15":"product_tag-mesas-quirurgicas-steris","16":"product_tag-steris","17":"product_tag-steris-5085","18":"product_tag-steris-5085-srt","19":"product_tag-steris-5085srt","21":"first","22":"instock","23":"shipping-taxable","24":"purchasable","25":"product-type-simple"},"acf":[],"brands":[{"id":1149,"name":"Steris","slug":"equipo-medico-steris"}],"_links":{"self":[{"href":"https:\/\/www.somatechnology.com\/spanish\/wp-json\/wp\/v2\/product\/10361","targetHints":{"allow":["GET"]}}],"collection":[{"href":"https:\/\/www.somatechnology.com\/spanish\/wp-json\/wp\/v2\/product"}],"about":[{"href":"https:\/\/www.somatechnology.com\/spanish\/wp-json\/wp\/v2\/types\/product"}],"wp:featuredmedia":[{"embeddable":true,"href":"https:\/\/www.somatechnology.com\/spanish\/wp-json\/wp\/v2\/media\/10362"}],"wp:attachment":[{"href":"https:\/\/www.somatechnology.com\/spanish\/wp-json\/wp\/v2\/media?parent=10361"}],"wp:term":[{"taxonomy":"pwb-brand","embeddable":true,"href":"https:\/\/www.somatechnology.com\/spanish\/wp-json\/wp\/v2\/pwb-brand?post=10361"},{"taxonomy":"product_brand","embeddable":true,"href":"https:\/\/www.somatechnology.com\/spanish\/wp-json\/wp\/v2\/product_brand?post=10361"},{"taxonomy":"product_cat","embeddable":true,"href":"https:\/\/www.somatechnology.com\/spanish\/wp-json\/wp\/v2\/product_cat?post=10361"},{"taxonomy":"product_tag","embeddable":true,"href":"https:\/\/www.somatechnology.com\/spanish\/wp-json\/wp\/v2\/product_tag?post=10361"}],"curies":[{"name":"wp","href":"https:\/\/api.w.org\/{rel}","templated":true}]}}