{"id":10363,"date":"2018-04-19T16:59:07","date_gmt":"2018-04-19T16:59:07","guid":{"rendered":"https:\/\/www.somatechnology.com\/spanish\/?post_type=product&#038;p=10363"},"modified":"2023-08-23T06:28:00","modified_gmt":"2023-08-23T10:28:00","slug":"skytron-6600","status":"publish","type":"product","link":"https:\/\/www.somatechnology.com\/spanish\/equipo-medico-usado-remanufacturado\/mesas-de-cirugia\/skytron-6600\/","title":{"rendered":"Skytron 6600"},"content":{"rendered":"<h2>Caracter\u00edsticas del Mesa Quir\u00fargicas Skytron 6600<\/h2>\n<p>La tabla quir\u00fargica de prop\u00f3sito general de <strong>Skytron 6600<\/strong> proporciona el acceso sin par de la proyecci\u00f3n de imagen para los casos m\u00e1s exigentes de hoy mientras que levanta 1000 libras y articulando 600 libras. Las secciones desprendibles de la parte posterior y de la pierna facilitan el uso de secciones de la parte posterior y de la pierna de la fibra del carb\u00f3n para ampliar m\u00e1s lejos la ventana La parte superior giratoria de 210 \u00b0 mejora el acceso del C-brazo y del microscopio junto con m\u00e1s sitio de la pierna para un cirujano sentado y en muchos casos, un mejor acceso quir\u00fargico.<\/p>\n<p>Una huella estable y una superficie r\u00edgida garantizan que la posici\u00f3n del paciente se mantendr\u00e1 como se desee. La tabla tambi\u00e9n se puede aumentar para agregar una tapa de la radiograf\u00eda que proporciona el paso sin obst\u00e1culo de las cassettes de la pel\u00edcula de radiograf\u00eda hasta 14 pulgadas por 17 pulgadas.<\/p>\n<p>La tabla de la serie 6600 se ha probado completamente a cuatro veces su capacidad clasificada para proporcionar a cuidadores con confianza total al colocar a pacientes que pesan hacia arriba de 600 libras. Este modelo tambi\u00e9n est\u00e1 equipado con un freno de liberaci\u00f3n manual que es independiente de los controles principales que no requieren energ\u00eda para funcionar. La tabla tambi\u00e9n ofrece un sistema completo de los controles de la copia de respaldo que se localizan convenientemente en la base en caso de que el control de la mano Back-Lit sea da\u00f1ado durante un caso.<\/p>\n<p>Por \u00faltimo, para mayor estabilidad, la serie 6600 cuenta con un sistema de frenado de \u00abauto-nivelaci\u00f3n\u00bb de 4 puntos con los frenos ubicados en las esquinas exteriores de la base.<\/p>\n<ul>\n<li>Rotaci\u00f3n de la tapa de la mesa 210 \u00b0.<\/li>\n<li>Rango de elevaci\u00f3n de 26 \u2033 a 45 \u2033.<\/li>\n<li>Posicionamiento electro-hidr\u00e1ulico.<\/li>\n<li>El control colgante tiene una cubierta de goma antideslizante y un gancho de resorte en la parte posterior.<\/li>\n<li>Longitud de la tabla de 76 \u2033<\/li>\n<li>Anchura de tabla de 21,75 \u2033<\/li>\n<\/ul>\n<h2 dir=\"ltr\" data-placeholder=\"Translation\"><span lang=\"es\">Especificaciones<\/span> del Mesa Quir\u00fargicas Skytron 6600<\/h2>\n<h3>Dimensiones<\/h3>\n<ul>\n<li>Altura: 26 \u2033 a 45 \u2033 (66,04 a 114,3 cm)<\/li>\n<li>Anchura: 21,75 \u2033 (55,25 cm)<\/li>\n<li>Longitud: 76 \u2033 (193,04 cm)<\/li>\n<\/ul>\n<h3>Voltaje<\/h3>\n<ul>\n<li>120 V ac<\/li>\n<li>60 Hz<\/li>\n<\/ul>\n<h3>Capacidad de peso<\/h3>\n<ul>\n<li>Articulaci\u00f3n completa: 600 lbs (272,2 kg)<\/li>\n<li>Capacidad de la elevaci\u00f3n: 1000 libras (453,6 kilogramos)<\/li>\n<\/ul>\n<h3>Movimientos de la tabla<\/h3>\n<ul>\n<li>Trendelenburg: 30 \u00b0<\/li>\n<li>Trendelenburg inversa: 30 \u00b0<\/li>\n<li>Inclinaci\u00f3n lateral: 30 \u00b0<\/li>\n<li>Copia de respaldo: 90 \u00b0<\/li>\n<li>Retroceder: 40 \u00b0<\/li>\n<li>Elevaci\u00f3n: 26 \u2033 a 45 \u2033 (66,04 a 114,3 cm)<\/li>\n<li>Pierna abajo: 100 \u00b0<\/li>\n<li>Flex: s\u00ed<\/li>\n<li>Reflejo: s\u00ed<\/li>\n<li>Levantamiento renal: 6 \u2033 (15,24 cm)<\/li>\n<li>Controles de emergencia de la copia de seguridad (modelo del Batter solamente): s\u00ed<\/li>\n<\/ul>\n<p>&nbsp;<\/p>\n","protected":false},"excerpt":{"rendered":"<p>Mesas Quir\u00fargicas<\/p>\n","protected":false},"featured_media":10366,"template":"","meta":{"_acf_changed":false,"_relevanssi_hide_post":"","_relevanssi_hide_content":"","_relevanssi_pin_for_all":"","_relevanssi_pin_keywords":"","_relevanssi_unpin_keywords":"","_relevanssi_related_keywords":"","_relevanssi_related_include_ids":"","_relevanssi_related_exclude_ids":"","_relevanssi_related_no_append":"","_relevanssi_related_not_related":"","_relevanssi_related_posts":"","_relevanssi_noindex_reason":"","inline_featured_image":false},"pwb-brand":[1186],"product_brand":[],"product_cat":[72],"product_tag":[3142,3143,3098,3095,3094,2500,4291,4292,4160,4290,3099,2522,3141],"class_list":{"0":"post-10363","1":"product","2":"type-product","3":"status-publish","4":"has-post-thumbnail","6":"pwb-brand-equipo-medico-skytron","7":"product_cat-mesas-de-cirugia","8":"product_tag-3142","9":"product_tag-6600-skytron","10":"product_tag-mesa","11":"product_tag-mesa-quirurgica","12":"product_tag-mesas","13":"product_tag-mesas-quirurgicas","14":"product_tag-mesas-quirurgicas-6600","15":"product_tag-mesas-quirurgicas-6600-skytron","16":"product_tag-mesas-quirurgicas-skytron","17":"product_tag-mesas-quirurgicas-skytron-6600","18":"product_tag-quirurgicas","19":"product_tag-skytron","20":"product_tag-skytron-6600","22":"first","23":"instock","24":"shipping-taxable","25":"purchasable","26":"product-type-simple"},"acf":[],"brands":[{"id":1186,"name":"Skytron","slug":"equipo-medico-skytron"}],"_links":{"self":[{"href":"https:\/\/www.somatechnology.com\/spanish\/wp-json\/wp\/v2\/product\/10363","targetHints":{"allow":["GET"]}}],"collection":[{"href":"https:\/\/www.somatechnology.com\/spanish\/wp-json\/wp\/v2\/product"}],"about":[{"href":"https:\/\/www.somatechnology.com\/spanish\/wp-json\/wp\/v2\/types\/product"}],"wp:featuredmedia":[{"embeddable":true,"href":"https:\/\/www.somatechnology.com\/spanish\/wp-json\/wp\/v2\/media\/10366"}],"wp:attachment":[{"href":"https:\/\/www.somatechnology.com\/spanish\/wp-json\/wp\/v2\/media?parent=10363"}],"wp:term":[{"taxonomy":"pwb-brand","embeddable":true,"href":"https:\/\/www.somatechnology.com\/spanish\/wp-json\/wp\/v2\/pwb-brand?post=10363"},{"taxonomy":"product_brand","embeddable":true,"href":"https:\/\/www.somatechnology.com\/spanish\/wp-json\/wp\/v2\/product_brand?post=10363"},{"taxonomy":"product_cat","embeddable":true,"href":"https:\/\/www.somatechnology.com\/spanish\/wp-json\/wp\/v2\/product_cat?post=10363"},{"taxonomy":"product_tag","embeddable":true,"href":"https:\/\/www.somatechnology.com\/spanish\/wp-json\/wp\/v2\/product_tag?post=10363"}],"curies":[{"name":"wp","href":"https:\/\/api.w.org\/{rel}","templated":true}]}}