{"id":10373,"date":"2018-04-19T19:30:26","date_gmt":"2018-04-19T19:30:26","guid":{"rendered":"https:\/\/www.somatechnology.com\/spanish\/?post_type=product&#038;p=10373"},"modified":"2026-04-03T16:03:25","modified_gmt":"2026-04-03T20:03:25","slug":"ge-giraffe-omnibed","status":"publish","type":"product","link":"https:\/\/www.somatechnology.com\/spanish\/equipo-medico-usado-remanufacturado\/ucii-nicu-unidades-neonatales-cuidado-intensivo\/cunas-termicas\/ge-giraffe-omnibed\/","title":{"rendered":"GE Giraffe OmniBed"},"content":{"rendered":"<h2>GE Giraffe OmniBed Incubator<\/h2>\n<p>El <a href=\"https:\/\/www.somatechnology.com\/spanish\/wp-content\/uploads\/sites\/2\/2018\/04\/GE-Giraffe-OmniBed-NICU-Incubator-spa.pdf\">Giraffe OmniBed<\/a> es un microambiente neonatal que combina una incubadora de doble pared y un calentador radiante de lecho abierto, cambiando en segundos con solo tocar un bot\u00f3n. Proporciona soporte t\u00e9rmico controlado por microprocesador en modo cama abierta o cerrada, reduciendo el estr\u00e9s y la necesidad de transferir al beb\u00e9, as\u00ed como el equipo necesario para cuidado, limpieza y almacenamiento. Incluye el colch\u00f3n patentado Baby Susan y la inclinaci\u00f3n interna de la cama, integrando una incubadora total y un calentador radiante en uno, protegiendo del p\u00e9rdida de calor y manteniendo estabilidad t\u00e9rmica, con calor uniforme independientemente de la posici\u00f3n del infante.<\/p>\n<ul>\n<li>Incubadora con cortina de aire para proteger contra la p\u00e9rdida de calor<\/li>\n<li>Calentador radiante que proporciona calor constante en cualquier posici\u00f3n<\/li>\n<li>Un entorno t\u00e9rmico constante y controlado<\/li>\n<li>Mejor acceso al paciente<\/li>\n<li>Un ambiente menos estresante para el paciente y la familia<\/li>\n<li>No es necesario transferir al paciente de la incubadora al calentador infantil<\/li>\n<li>Colch\u00f3n giratorio de 360 \u200b\u200bgrados<\/li>\n<li>Las puertas desmontables desplegables y la cama giratoria brindan un f\u00e1cil acceso a la balanza en la cama.<\/li>\n<\/ul>\n","protected":false},"excerpt":{"rendered":"<p>Cunas T\u00e9rmicas<\/p>\n","protected":false},"featured_media":33565,"template":"","meta":{"_acf_changed":false,"_relevanssi_hide_post":"","_relevanssi_hide_content":"","_relevanssi_pin_for_all":"","_relevanssi_pin_keywords":"","_relevanssi_unpin_keywords":"","_relevanssi_related_keywords":"","_relevanssi_related_include_ids":"","_relevanssi_related_exclude_ids":"","_relevanssi_related_no_append":"","_relevanssi_related_not_related":"","_relevanssi_related_posts":"","_relevanssi_noindex_reason":"","inline_featured_image":false},"pwb-brand":[1100],"product_brand":[],"product_cat":[56,55],"product_tag":[224,567,570,3144,571],"class_list":{"0":"post-10373","1":"product","2":"type-product","3":"status-publish","4":"has-post-thumbnail","6":"pwb-brand-equipo-medico-ge","7":"product_cat-cunas-termicas","8":"product_cat-incubadoras","9":"product_tag-ge","10":"product_tag-ge-giraffe","11":"product_tag-ge-giraffe-omnibed","12":"product_tag-ge-omnibed","13":"product_tag-giraffe-omnibed","15":"first","16":"instock","17":"shipping-taxable","18":"purchasable","19":"product-type-simple"},"acf":[],"brands":[{"id":1100,"name":"GE","slug":"equipo-medico-ge"}],"_links":{"self":[{"href":"https:\/\/www.somatechnology.com\/spanish\/wp-json\/wp\/v2\/product\/10373","targetHints":{"allow":["GET"]}}],"collection":[{"href":"https:\/\/www.somatechnology.com\/spanish\/wp-json\/wp\/v2\/product"}],"about":[{"href":"https:\/\/www.somatechnology.com\/spanish\/wp-json\/wp\/v2\/types\/product"}],"wp:featuredmedia":[{"embeddable":true,"href":"https:\/\/www.somatechnology.com\/spanish\/wp-json\/wp\/v2\/media\/33565"}],"wp:attachment":[{"href":"https:\/\/www.somatechnology.com\/spanish\/wp-json\/wp\/v2\/media?parent=10373"}],"wp:term":[{"taxonomy":"pwb-brand","embeddable":true,"href":"https:\/\/www.somatechnology.com\/spanish\/wp-json\/wp\/v2\/pwb-brand?post=10373"},{"taxonomy":"product_brand","embeddable":true,"href":"https:\/\/www.somatechnology.com\/spanish\/wp-json\/wp\/v2\/product_brand?post=10373"},{"taxonomy":"product_cat","embeddable":true,"href":"https:\/\/www.somatechnology.com\/spanish\/wp-json\/wp\/v2\/product_cat?post=10373"},{"taxonomy":"product_tag","embeddable":true,"href":"https:\/\/www.somatechnology.com\/spanish\/wp-json\/wp\/v2\/product_tag?post=10373"}],"curies":[{"name":"wp","href":"https:\/\/api.w.org\/{rel}","templated":true}]}}