{"id":10392,"date":"2018-04-20T16:30:37","date_gmt":"2018-04-20T16:30:37","guid":{"rendered":"https:\/\/www.somatechnology.com\/spanish\/?post_type=product&#038;p=10392"},"modified":"2023-08-23T06:28:03","modified_gmt":"2023-08-23T10:28:03","slug":"maquet-alphamaxx-1133","status":"publish","type":"product","link":"https:\/\/www.somatechnology.com\/spanish\/equipo-medico-usado-remanufacturado\/mesas-de-cirugia\/maquet-alphamaxx-1133\/","title":{"rendered":"Maquet Alphamaxx 1133"},"content":{"rendered":"<h2>Caracter\u00edsticas del Maquet Alphamaxx 1133<\/h2>\n<p>Con unos pocos ajustes de posicionamiento y accesorios opcionales, el <strong>MAQUET Alphamaxx 1133<\/strong> es ideal para operaciones en Ginecolog\u00eda, Urolog\u00eda, ortopedia, traumatolog\u00eda e incluso neurocirug\u00eda. La mesa cuenta con actuadores electro-hidr\u00e1ulicos que controlan el desplazamiento longitudinal, inclinaci\u00f3n lateral y diversos \u00e1ngulos de mesa. El Alphamaxx 1133 se ajusta de 23,4 a 41,6 pulgadas de altura, permitiendo a los m\u00e9dicos trabajar c\u00f3modamente desde una posici\u00f3n sentada o de pie.<\/p>\n<p>Un sistema de montaje de f\u00e1cil clic permite a\u00f1adir r\u00e1pidamente una amplia gama de accesorios a la mesa, transformando eficazmente la silla para cada procedimiento \u00fanico. La capacidad de carga m\u00e1xima de la mesa durable est\u00e1 clasificada en 990 libras.<\/p>\n<ul>\n<li>La tabla de 6 secciones ofrece la placa principal, la placa trasera superior, la placa posterior m\u00e1s baja, la placa de asiento y las placas de pierna dise\u00f1o \u00fanico de la pierna dividida para una amplia gama de las capacidades de colocaci\u00f3n.<\/li>\n<li>Accionamientos electro-hidr\u00e1ulicos control de los movimientos de la mesa.<\/li>\n<li>El desplazamiento longitudinal motorizado para el acceso del brazo C.<\/li>\n<li>Ajuste individual de la placa de pierna, respaldo y manipulaci\u00f3n del reposacabezas.<\/li>\n<li>El ajuste de altura permite el confort ergon\u00f3mico del paciente y del m\u00e9dico.<\/li>\n<li>F\u00e1cil de hacer clic en el montaje para una amplia gama de accesorios de mesa.<\/li>\n<li>La potente mesa tiene una capacidad de carga de 990 libras.<\/li>\n<li>Brazos de apoyo, abrazaderas de la pierna, cubierta com\u00fan, cubierta de la columna y carriles laterales hechos del art\u00edculo, acero del cromo-n\u00edquel.<\/li>\n<li>Mando a distancia con cuerda, controles inal\u00e1mbricos y interruptor de pedal disponible para el MAQUET 1133.<\/li>\n<li>Panel de anulaci\u00f3n de emergencia en la columna de mesa.<\/li>\n<li>Bater\u00eda recargable y funcionamiento de la red.<\/li>\n<li>4 ruedas giratorias para maniobrar f\u00e1cilmente.<\/li>\n<li>Colch\u00f3n caracter\u00edsticas 3,1-inch, acolchado de SFC.<\/li>\n<\/ul>\n<h2 dir=\"ltr\" data-placeholder=\"Translation\"><span lang=\"es\">Especificaciones del\u00a0<\/span>Maquet Alphamaxx 1133<\/h2>\n<h3>Altura de la Mesa<\/h3>\n<ul>\n<li>Levantado: 41 1\/2 pulgadas<\/li>\n<li>Bajado: 23 3\/8 pulgadas<\/li>\n<\/ul>\n<h3>Trendelenburg<\/h3>\n<ul>\n<li>30\u00b0<\/li>\n<li>Reverse Trendelenburg: 30\u00b0<\/li>\n<\/ul>\n<h3>Secci\u00f3n principal<\/h3>\n<ul>\n<li>Elevaci\u00f3n: 0-45\u00b0<\/li>\n<li>\n<h3>Bajado: 0-45\u00b0<\/h3>\n<\/li>\n<\/ul>\n<h3>Inclinaci\u00f3n lateral<\/h3>\n<ul>\n<li>0+-20\u00b0<\/li>\n<\/ul>\n<h3>Secci\u00f3n trasera<\/h3>\n<ul>\n<li>Baja: 40\u00b0<\/li>\n<li>Arriba: 80\u00b0<\/li>\n<\/ul>\n<h3>Secci\u00f3n del asiento<\/h3>\n<ul>\n<li>Flex: 40 \u00b0<\/li>\n<li>Reflejo: 85\u00b0<\/li>\n<\/ul>\n<h3>Secci\u00f3n de la pierna (desprendible)<\/h3>\n<ul>\n<li>Abajo: 90 \u00b0<\/li>\n<li>Arriba: 10\u00b0<\/li>\n<\/ul>\n<h3>Diapositiva de la tapa de tabla<\/h3>\n<ul>\n<li>9 pulgadas<\/li>\n<\/ul>\n<h3>Nivel de retorno<\/h3>\n<ul>\n<li>\u20180\u2019 Button<\/li>\n<\/ul>\n<h3>Auto Drive<\/h3>\n<ul>\n<li>Control de la mano<\/li>\n<\/ul>\n<h3>Frenos electr\u00f3nicos<\/h3>\n<ul>\n<li>Control de mano : 10\u00b0<\/li>\n<\/ul>\n<h3>L\u00edmite de peso<\/h3>\n<ul>\n<li>990 lbs<\/li>\n<\/ul>\n<h3>Ancho<\/h3>\n<ul>\n<li>20 15\/16 pulgadas<\/li>\n<li>Con el carril: 22 3\/4 pulgadas<\/li>\n<\/ul>\n<p>&nbsp;<\/p>\n","protected":false},"excerpt":{"rendered":"<p>Mesas Quir\u00fargicas<\/p>\n","protected":false},"featured_media":10394,"template":"","meta":{"_acf_changed":false,"_relevanssi_hide_post":"","_relevanssi_hide_content":"","_relevanssi_pin_for_all":"","_relevanssi_pin_keywords":"","_relevanssi_unpin_keywords":"","_relevanssi_related_keywords":"","_relevanssi_related_include_ids":"","_relevanssi_related_exclude_ids":"","_relevanssi_related_no_append":"","_relevanssi_related_not_related":"","_relevanssi_related_posts":"","_relevanssi_noindex_reason":"","inline_featured_image":false},"pwb-brand":[1109],"product_brand":[],"product_cat":[72],"product_tag":[3179,3176,3174,3180,3175,3181,519,3172,3183,3173,3182,3177,3178,3098,3095,3094,2500,6852,3099],"class_list":{"0":"post-10392","1":"product","2":"type-product","3":"status-publish","4":"has-post-thumbnail","6":"pwb-brand-equipo-medico-maquet","7":"product_cat-mesas-de-cirugia","8":"product_tag-3179","9":"product_tag-alpha","10":"product_tag-alphamax","11":"product_tag-alphamax-1133","12":"product_tag-alphamaxx","13":"product_tag-alphamaxx-1133","14":"product_tag-maquet","15":"product_tag-maquet-alphamax","16":"product_tag-maquet-alphamax-1133","17":"product_tag-maquet-alphamaxx","18":"product_tag-maquet-alphamaxx-1133","19":"product_tag-max","20":"product_tag-maxx","21":"product_tag-mesa","22":"product_tag-mesa-quirurgica","23":"product_tag-mesas","24":"product_tag-mesas-quirurgicas","25":"product_tag-mesas-quirurgicas-maquet","26":"product_tag-quirurgicas","28":"first","29":"instock","30":"shipping-taxable","31":"purchasable","32":"product-type-simple"},"acf":[],"brands":[{"id":1109,"name":"Maquet","slug":"equipo-medico-maquet"}],"_links":{"self":[{"href":"https:\/\/www.somatechnology.com\/spanish\/wp-json\/wp\/v2\/product\/10392","targetHints":{"allow":["GET"]}}],"collection":[{"href":"https:\/\/www.somatechnology.com\/spanish\/wp-json\/wp\/v2\/product"}],"about":[{"href":"https:\/\/www.somatechnology.com\/spanish\/wp-json\/wp\/v2\/types\/product"}],"wp:featuredmedia":[{"embeddable":true,"href":"https:\/\/www.somatechnology.com\/spanish\/wp-json\/wp\/v2\/media\/10394"}],"wp:attachment":[{"href":"https:\/\/www.somatechnology.com\/spanish\/wp-json\/wp\/v2\/media?parent=10392"}],"wp:term":[{"taxonomy":"pwb-brand","embeddable":true,"href":"https:\/\/www.somatechnology.com\/spanish\/wp-json\/wp\/v2\/pwb-brand?post=10392"},{"taxonomy":"product_brand","embeddable":true,"href":"https:\/\/www.somatechnology.com\/spanish\/wp-json\/wp\/v2\/product_brand?post=10392"},{"taxonomy":"product_cat","embeddable":true,"href":"https:\/\/www.somatechnology.com\/spanish\/wp-json\/wp\/v2\/product_cat?post=10392"},{"taxonomy":"product_tag","embeddable":true,"href":"https:\/\/www.somatechnology.com\/spanish\/wp-json\/wp\/v2\/product_tag?post=10392"}],"curies":[{"name":"wp","href":"https:\/\/api.w.org\/{rel}","templated":true}]}}