{"id":10396,"date":"2018-04-20T19:01:41","date_gmt":"2018-04-20T19:01:41","guid":{"rendered":"https:\/\/www.somatechnology.com\/spanish\/?post_type=product&#038;p=10396"},"modified":"2023-08-23T06:28:05","modified_gmt":"2023-08-23T10:28:05","slug":"steris-amsco-quantum-3080rl","status":"publish","type":"product","link":"https:\/\/www.somatechnology.com\/spanish\/equipo-medico-usado-remanufacturado\/mesas-de-cirugia\/steris-amsco-quantum-3080rl\/","title":{"rendered":"Steris Amsco Quantum 3080RL"},"content":{"rendered":"<h2>Caracter\u00edsticas Steris Amsco Quantum 3080RL<\/h2>\n<p>Las mesas quir\u00fargicas <strong>Steris Amsco Quantum 3080RL<\/strong> son unidades compatibles de amplificaci\u00f3n de imagen de control remoto que proporcionan posturas articuladas de forma flexible del paciente. Estas mesas quir\u00fargicas de STERIS vienen en dos modelos, l\u00ednea accionada y las configuraciones accionadas por bater\u00eda. Todas las articulaciones de la mesa se pueden hacer con los pacientes hasta 400-libras. El colgante de mano se utiliza para el control primario de la mesa. Tiene un cable enrollado de 2 pies de largo que puede extenderse hasta 15 pies. El tablero de la mesa es de 20 pulgadas (50,8 cm) de ancho y se divide en cuatro secciones con bisagras. Todas las secciones est\u00e1n construidas con material radio l\u00facido y se proporcionan orificios perforados para la fijaci\u00f3n de las secciones superiores radiogr\u00e1ficas opcionales.\u00a0 La secci\u00f3n del asiento incluye un recorte perineal, y todas las secciones, excepto el reposacabezas, est\u00e1n colocadas Electro-hidr\u00e1ulicamente.<\/p>\n<ul>\n<li>27 \u2033 a 44 \u2033 rango de altura (68,6 cm a 111,8 cm)<\/li>\n<li>400 lbs Full articulaci\u00f3n capacidad de peso del paciente<\/li>\n<li>La tira de velcro de centro a lo largo de la tapa de mesa permite la aplicaci\u00f3n y retiro inmediato de cojines<\/li>\n<li>Rieles laterales de acero inoxidable<\/li>\n<li>Control opcional del pie<\/li>\n<li>Reposacabezas posicionable manualmente<\/li>\n<li>Recorte perineal en el asiento<\/li>\n<\/ul>\n<h2>Especificaciones Steris Amsco Quantum 3080RL<\/h2>\n<h3>Dimensiones<\/h3>\n<ul>\n<li>Altura: 27 \u2033 a 44 \u2033 (68,6 cm a 111,8 cm)<\/li>\n<li>Anchura: 20 \u2033 (50,8 cm)<\/li>\n<li>Longitud: 75,9 \u2033 (192,8 cm)<\/li>\n<li>Peso: entre 730 y 770 lbs (331 y 349 kg)<\/li>\n<\/ul>\n<h3>Movimientos de la mesa<\/h3>\n<ul>\n<li>Trendelenburg: 25 \u00b0<\/li>\n<li>Trendelenburg reverso: 25 \u00b0<\/li>\n<li>Elevaci\u00f3n: 27 \u2033 a 44 \u2033 (68,6 cm a 111,8 cm)<\/li>\n<li>Inclinaci\u00f3n lateral: 18 \u00b0<\/li>\n<li>Copia de respaldo: 55 \u00b0<\/li>\n<li>Retroceder: 25 \u00b0<\/li>\n<li>Pierna para arriba: 80 \u00b0<\/li>\n<li>Pierna abajo: 105 \u00b0<\/li>\n<li>Flexi\u00f3n: hacia abajo 20 \u00b0 y el asiento hacia abajo 25 \u00b0<\/li>\n<li>Reflex: respaldo 25 \u00b0 y asiento hacia arriba 35 \u00b0<\/li>\n<\/ul>\n<h3>Accesorios opcionales de la mesa<\/h3>\n<ul>\n<li>Montaje de control de pie<\/li>\n<li>Tapas de rayos X<\/li>\n<li>Placa de asiento neuro<\/li>\n<li>Bandeja de desag\u00fce<\/li>\n<li>Recorte perineal<\/li>\n<li>Extensi\u00f3n del pie<\/li>\n<li>URO-Endo\/extensi\u00f3n de amplificaci\u00f3n de imagen<\/li>\n<li>Tablero de transferencia<\/li>\n<li>Eye-ENT-neuro reposacabezas adaptador<\/li>\n<li>Cojines Akros<\/li>\n<li>Pizarra FEM-pop<\/li>\n<li>URO X-Ray Top<\/li>\n<\/ul>\n","protected":false},"excerpt":{"rendered":"<p>Mesa Quir\u00fargica<\/p>\n","protected":false},"featured_media":10398,"template":"","meta":{"_acf_changed":false,"_relevanssi_hide_post":"","_relevanssi_hide_content":"","_relevanssi_pin_for_all":"","_relevanssi_pin_keywords":"","_relevanssi_unpin_keywords":"","_relevanssi_related_keywords":"","_relevanssi_related_include_ids":"","_relevanssi_related_exclude_ids":"","_relevanssi_related_no_append":"","_relevanssi_related_not_related":"","_relevanssi_related_posts":"","_relevanssi_noindex_reason":"","inline_featured_image":false},"pwb-brand":[1149],"product_brand":[],"product_cat":[72],"product_tag":[3096,3186,544,3188,3098,3095,2506,3094,3184,2500,3984,3185,3187,3099,543,3189],"class_list":{"0":"post-10396","1":"product","2":"type-product","3":"status-publish","4":"has-post-thumbnail","6":"pwb-brand-equipo-medico-steris","7":"product_cat-mesas-de-cirugia","8":"product_tag-3096","9":"product_tag-3080rl","10":"product_tag-amsco","11":"product_tag-amsco-3080rl","12":"product_tag-mesa","13":"product_tag-mesa-quirurgica","14":"product_tag-mesa-quirurgicas","15":"product_tag-mesas","16":"product_tag-mesas-quirurgica","17":"product_tag-mesas-quirurgicas","18":"product_tag-mesas-quirurgicas-steris","19":"product_tag-quantum","20":"product_tag-quantum-3080rl","21":"product_tag-quirurgicas","22":"product_tag-steris","23":"product_tag-steris-3080rl","25":"first","26":"instock","27":"shipping-taxable","28":"purchasable","29":"product-type-simple"},"acf":[],"brands":[{"id":1149,"name":"Steris","slug":"equipo-medico-steris"}],"_links":{"self":[{"href":"https:\/\/www.somatechnology.com\/spanish\/wp-json\/wp\/v2\/product\/10396","targetHints":{"allow":["GET"]}}],"collection":[{"href":"https:\/\/www.somatechnology.com\/spanish\/wp-json\/wp\/v2\/product"}],"about":[{"href":"https:\/\/www.somatechnology.com\/spanish\/wp-json\/wp\/v2\/types\/product"}],"wp:featuredmedia":[{"embeddable":true,"href":"https:\/\/www.somatechnology.com\/spanish\/wp-json\/wp\/v2\/media\/10398"}],"wp:attachment":[{"href":"https:\/\/www.somatechnology.com\/spanish\/wp-json\/wp\/v2\/media?parent=10396"}],"wp:term":[{"taxonomy":"pwb-brand","embeddable":true,"href":"https:\/\/www.somatechnology.com\/spanish\/wp-json\/wp\/v2\/pwb-brand?post=10396"},{"taxonomy":"product_brand","embeddable":true,"href":"https:\/\/www.somatechnology.com\/spanish\/wp-json\/wp\/v2\/product_brand?post=10396"},{"taxonomy":"product_cat","embeddable":true,"href":"https:\/\/www.somatechnology.com\/spanish\/wp-json\/wp\/v2\/product_cat?post=10396"},{"taxonomy":"product_tag","embeddable":true,"href":"https:\/\/www.somatechnology.com\/spanish\/wp-json\/wp\/v2\/product_tag?post=10396"}],"curies":[{"name":"wp","href":"https:\/\/api.w.org\/{rel}","templated":true}]}}