{"id":10415,"date":"2018-04-23T15:06:39","date_gmt":"2018-04-23T15:06:39","guid":{"rendered":"https:\/\/www.somatechnology.com\/spanish\/?post_type=product&#038;p=10415"},"modified":"2023-08-23T06:28:07","modified_gmt":"2023-08-23T10:28:07","slug":"great-white-premium","status":"publish","type":"product","link":"https:\/\/www.somatechnology.com\/spanish\/equipo-medico-usado-remanufacturado\/stirrups\/great-white-premium\/","title":{"rendered":"Great White Premium"},"content":{"rendered":"<h2>Caracter\u00edsticas del Great White Premium<\/h2>\n<p>Alta calidad, los grandes <strong>estribos de la Great White Premium<\/strong> son exactamente lo que su equipo quir\u00fargico requiere. La gama de movimiento mejorada permite-35 \u00b0 para el litotom\u00eda bajo, a 84 \u00b0 litotom\u00eda alto; abducci\u00f3n-9 \u00b0 a la sustracci\u00f3n 25 \u00b0 y tambi\u00e9n externamente gira hacia fuera 20 \u00b0. Dos abrazaderas SpringLoc requeridas se venden por separado.<\/p>\n<h2 dir=\"ltr\" data-placeholder=\"Translation\"><span lang=\"es\">Especificaciones del\u00a0<\/span>Great White Premium<\/h2>\n<ul>\n<li>El control exclusivo de 3 ejes de la empu\u00f1adura imita la anatom\u00eda de la cadera humana<\/li>\n<li>Apriete simplemente el disparador para litotom\u00eda alto-bajo liso y exacto, la aducci\u00f3n y la colocaci\u00f3n de la abducci\u00f3n<\/li>\n<li>Gama litotom\u00eda-35 \u00b0 de baja a 85 \u00b0 de altura; Aducci\u00f3n-9 \u00b0 y abducci\u00f3n + 25 \u00b0<\/li>\n<li>Capacidad de peso del paciente quir\u00fargico de 400 lb.<\/li>\n<li>Incluy\u00f3 forros de arranque Premier envolver alrededor del pie, tobillo y pantorrilla proporcionando seguridad, c\u00f3modo y seguro posicionamiento del paciente<\/li>\n<li>Los indicadores litotom\u00eda ayudan a reposicionar con precisi\u00f3n las piernas<\/li>\n<\/ul>\n<p>&nbsp;<\/p>\n","protected":false},"excerpt":{"rendered":"<p>Stirrups<\/p>\n","protected":false},"featured_media":10416,"template":"","meta":{"_acf_changed":false,"_relevanssi_hide_post":"","_relevanssi_hide_content":"","_relevanssi_pin_for_all":"","_relevanssi_pin_keywords":"","_relevanssi_unpin_keywords":"","_relevanssi_related_keywords":"","_relevanssi_related_include_ids":"","_relevanssi_related_exclude_ids":"","_relevanssi_related_no_append":"","_relevanssi_related_not_related":"","_relevanssi_related_posts":"","_relevanssi_noindex_reason":"","inline_featured_image":false},"pwb-brand":[3213],"product_brand":[],"product_cat":[3206,72],"product_tag":[3208,3211,3212,4209,3098,3095,3094,2500,3210,3099,3207,3209],"class_list":{"0":"post-10415","1":"product","2":"type-product","3":"status-publish","4":"has-post-thumbnail","6":"pwb-brand-equipo-medico-schuremed","7":"product_cat-stirrups","8":"product_cat-mesas-de-cirugia","9":"product_tag-great","10":"product_tag-great-white","11":"product_tag-great-white-premium","12":"product_tag-great-white-premium-stirrups","13":"product_tag-mesa","14":"product_tag-mesa-quirurgica","15":"product_tag-mesas","16":"product_tag-mesas-quirurgicas","17":"product_tag-premium","18":"product_tag-quirurgicas","19":"product_tag-stirrups","20":"product_tag-white","22":"first","23":"instock","24":"shipping-taxable","25":"purchasable","26":"product-type-simple"},"acf":[],"brands":[{"id":3213,"name":"SchureMed","slug":"equipo-medico-schuremed"}],"_links":{"self":[{"href":"https:\/\/www.somatechnology.com\/spanish\/wp-json\/wp\/v2\/product\/10415","targetHints":{"allow":["GET"]}}],"collection":[{"href":"https:\/\/www.somatechnology.com\/spanish\/wp-json\/wp\/v2\/product"}],"about":[{"href":"https:\/\/www.somatechnology.com\/spanish\/wp-json\/wp\/v2\/types\/product"}],"wp:featuredmedia":[{"embeddable":true,"href":"https:\/\/www.somatechnology.com\/spanish\/wp-json\/wp\/v2\/media\/10416"}],"wp:attachment":[{"href":"https:\/\/www.somatechnology.com\/spanish\/wp-json\/wp\/v2\/media?parent=10415"}],"wp:term":[{"taxonomy":"pwb-brand","embeddable":true,"href":"https:\/\/www.somatechnology.com\/spanish\/wp-json\/wp\/v2\/pwb-brand?post=10415"},{"taxonomy":"product_brand","embeddable":true,"href":"https:\/\/www.somatechnology.com\/spanish\/wp-json\/wp\/v2\/product_brand?post=10415"},{"taxonomy":"product_cat","embeddable":true,"href":"https:\/\/www.somatechnology.com\/spanish\/wp-json\/wp\/v2\/product_cat?post=10415"},{"taxonomy":"product_tag","embeddable":true,"href":"https:\/\/www.somatechnology.com\/spanish\/wp-json\/wp\/v2\/product_tag?post=10415"}],"curies":[{"name":"wp","href":"https:\/\/api.w.org\/{rel}","templated":true}]}}