{"id":10418,"date":"2018-04-23T15:42:08","date_gmt":"2018-04-23T15:42:08","guid":{"rendered":"https:\/\/www.somatechnology.com\/spanish\/?post_type=product&#038;p=10418"},"modified":"2023-08-23T06:28:08","modified_gmt":"2023-08-23T10:28:08","slug":"great-white-platinum","status":"publish","type":"product","link":"https:\/\/www.somatechnology.com\/spanish\/equipo-medico-usado-remanufacturado\/stirrups\/great-white-platinum\/","title":{"rendered":"Great White Platinum"},"content":{"rendered":"<h2>Caracter\u00edsticas del\u00a0Estribos Great White Platinum<\/h2>\n<p>Los <strong>grandes estribos de platino blanco<\/strong> proporcionan una asistencia segura y r\u00e1pida de posicionamiento para mejorar el acceso al sitio quir\u00fargico. Este estribo m\u00e9dico regulable intra-operatorio para aplicaciones ginecol\u00f3gicas, laparosc\u00f3picas y urol\u00f3gicas ofrece una colocaci\u00f3n excepcionalmente precisa, minimizando eficazmente la posibilidad de da\u00f1o a los nervios. La rotaci\u00f3n axial exclusiva, el litotom\u00eda alto-bajo y la abducci\u00f3n\/la aducci\u00f3n de la manija mejora el posicionamiento del paciente. Simplemente apriete el gatillo para un ajuste suave y preciso del paciente sin comprometer la esterilidad ni la comodidad del paciente. Una vez liberado el gatillo, el estribo est\u00e1 firmemente bloqueado para una seguridad \u00f3ptima y un rendimiento quir\u00fargico. El dise\u00f1o de la cuchilla de montaje se inserta r\u00e1pida y f\u00e1cilmente en abrazaderas de riel lateral. El sistema lateral levantado de la aleta del cargador protege al paciente contra da\u00f1o superficial del nervio. La gama de movimiento mejorada permite-35 \u00b0 para el litotom\u00eda bajo, a 84 \u00b0 litotom\u00eda alto; abducci\u00f3n-9 \u00b0 a la sustracci\u00f3n 25 \u00b0 y tambi\u00e9n externamente gira hacia fuera 20 \u00b0. Los grandes estribos de platino blanco se entregan completamente montados con forros de bota incluidos. Dos abrazaderas SpringLoc requeridas se venden por separado.<\/p>\n<h2 dir=\"ltr\" data-placeholder=\"Translation\"><span lang=\"es\">Especificaciones<\/span> del\u00a0Estribos Great White Platinum<\/h2>\n<ul>\n<li>\u00a1Nueva caracter\u00edstica! El control exclusivo de 3 ejes de la empu\u00f1adura imita la anatom\u00eda de la cadera humana<\/li>\n<li>Apriete simplemente el disparador para litotom\u00eda alto-bajo liso y exacto, la aducci\u00f3n y la colocaci\u00f3n de la abducci\u00f3n<\/li>\n<li>Gama litotom\u00eda-35 \u00b0 de baja a 85 \u00b0 de altura; Aducci\u00f3n-9 \u00b0 y abducci\u00f3n + 25 \u00b0<\/li>\n<li>Capacidad de peso del paciente quir\u00fargico de 600 lb.<\/li>\n<li>Incluy\u00f3 forros de arranque Premier envolver alrededor del pie, tobillo y pantorrilla proporcionando seguridad, c\u00f3modo y seguro posicionamiento del paciente<\/li>\n<li>Los indicadores litotom\u00eda ayudan a reposicionar con precisi\u00f3n las piernas<\/li>\n<\/ul>\n","protected":false},"excerpt":{"rendered":"<p>Stirrups<\/p>\n","protected":false},"featured_media":10419,"template":"","meta":{"_acf_changed":false,"_relevanssi_hide_post":"","_relevanssi_hide_content":"","_relevanssi_pin_for_all":"","_relevanssi_pin_keywords":"","_relevanssi_unpin_keywords":"","_relevanssi_related_keywords":"","_relevanssi_related_include_ids":"","_relevanssi_related_exclude_ids":"","_relevanssi_related_no_append":"","_relevanssi_related_not_related":"","_relevanssi_related_posts":"","_relevanssi_noindex_reason":"","inline_featured_image":false},"pwb-brand":[3213],"product_brand":[],"product_cat":[3206,72],"product_tag":[3208,3211,3219,3098,3095,3094,2500,3218,3099,3207,3209],"class_list":{"0":"post-10418","1":"product","2":"type-product","3":"status-publish","4":"has-post-thumbnail","6":"pwb-brand-equipo-medico-schuremed","7":"product_cat-stirrups","8":"product_cat-mesas-de-cirugia","9":"product_tag-great","10":"product_tag-great-white","11":"product_tag-great-white-platinum","12":"product_tag-mesa","13":"product_tag-mesa-quirurgica","14":"product_tag-mesas","15":"product_tag-mesas-quirurgicas","16":"product_tag-platinum","17":"product_tag-quirurgicas","18":"product_tag-stirrups","19":"product_tag-white","21":"first","22":"instock","23":"shipping-taxable","24":"purchasable","25":"product-type-simple"},"acf":[],"brands":[{"id":3213,"name":"SchureMed","slug":"equipo-medico-schuremed"}],"_links":{"self":[{"href":"https:\/\/www.somatechnology.com\/spanish\/wp-json\/wp\/v2\/product\/10418","targetHints":{"allow":["GET"]}}],"collection":[{"href":"https:\/\/www.somatechnology.com\/spanish\/wp-json\/wp\/v2\/product"}],"about":[{"href":"https:\/\/www.somatechnology.com\/spanish\/wp-json\/wp\/v2\/types\/product"}],"wp:featuredmedia":[{"embeddable":true,"href":"https:\/\/www.somatechnology.com\/spanish\/wp-json\/wp\/v2\/media\/10419"}],"wp:attachment":[{"href":"https:\/\/www.somatechnology.com\/spanish\/wp-json\/wp\/v2\/media?parent=10418"}],"wp:term":[{"taxonomy":"pwb-brand","embeddable":true,"href":"https:\/\/www.somatechnology.com\/spanish\/wp-json\/wp\/v2\/pwb-brand?post=10418"},{"taxonomy":"product_brand","embeddable":true,"href":"https:\/\/www.somatechnology.com\/spanish\/wp-json\/wp\/v2\/product_brand?post=10418"},{"taxonomy":"product_cat","embeddable":true,"href":"https:\/\/www.somatechnology.com\/spanish\/wp-json\/wp\/v2\/product_cat?post=10418"},{"taxonomy":"product_tag","embeddable":true,"href":"https:\/\/www.somatechnology.com\/spanish\/wp-json\/wp\/v2\/product_tag?post=10418"}],"curies":[{"name":"wp","href":"https:\/\/api.w.org\/{rel}","templated":true}]}}