{"id":10425,"date":"2018-04-23T16:07:40","date_gmt":"2018-04-23T16:07:40","guid":{"rendered":"https:\/\/www.somatechnology.com\/spanish\/?post_type=product&#038;p=10425"},"modified":"2023-08-23T06:28:09","modified_gmt":"2023-08-23T10:28:09","slug":"great-white-maxima","status":"publish","type":"product","link":"https:\/\/www.somatechnology.com\/spanish\/equipo-medico-usado-remanufacturado\/stirrups\/great-white-maxima\/","title":{"rendered":"Great White Maxima"},"content":{"rendered":"<h2>Estribos Great White Maxima<\/h2>\n<p>Aumente el rendimiento del quir\u00f3fano de sus cirujanos con los grandes estribos <strong>blancos de maxima<\/strong> que permiten el simple ajuste de la litotom\u00eda y la abducci\u00f3n intraoperatoriamente. Rotaci\u00f3n axial exclusiva de la empu\u00f1adura para un posicionamiento superior del paciente. Grandes estribos de maxima blanca la gama de movimiento es de-35 \u00b0 litotom\u00eda baja a 84 \u00b0 de alto litotom\u00eda. Aducci\u00f3n-9 \u00b0, abducci\u00f3n 25 \u00b0 y tambi\u00e9n externamente gira 20 \u00b0, con el control para bloquear el estribo en cualquier punto del medio. Las grandes naves blancas completamente ensambladas. Se incluyen almohadillas de arranque. Dos abrazaderas SpringLoc requeridas se venden por separado.<\/p>\n<ul>\n<li>Rotaci\u00f3n axial exclusiva de la manija para la colocaci\u00f3n superior del paciente<\/li>\n<li>Una bota ancha y un cilindro de gas m\u00e1s fuerte hacen que este estribo sea perfecto para sus pacientes m\u00e1s pesados.<\/li>\n<li>800 lb (363 kg) capacidad de peso quir\u00fargico para el paciente<\/li>\n<li>El arranque libre-flota en cada gama que reduce el riesgo de lesi\u00f3n superficial del nervio<\/li>\n<li>Los indicadores de litotom\u00eda y de longitud ayudan a posicionar y reposicionar las piernas<\/li>\n<li>El dise\u00f1o lateral extendido del cargador ayuda a reducir el riesgo de lesi\u00f3n del nervio peroneo<\/li>\n<\/ul>\n<p>&nbsp;<\/p>\n","protected":false},"excerpt":{"rendered":"<p>Stirrups<\/p>\n","protected":false},"featured_media":11132,"template":"","meta":{"_acf_changed":false,"_relevanssi_hide_post":"","_relevanssi_hide_content":"","_relevanssi_pin_for_all":"","_relevanssi_pin_keywords":"","_relevanssi_unpin_keywords":"","_relevanssi_related_keywords":"","_relevanssi_related_include_ids":"","_relevanssi_related_exclude_ids":"","_relevanssi_related_no_append":"","_relevanssi_related_not_related":"","_relevanssi_related_posts":"","_relevanssi_noindex_reason":"","inline_featured_image":false},"pwb-brand":[3213],"product_brand":[],"product_cat":[3206,72],"product_tag":[3208,3211,3223,4177,3222,3098,3095,3094,2500,4176,3099,3207,3209],"class_list":{"0":"post-10425","1":"product","2":"type-product","3":"status-publish","4":"has-post-thumbnail","6":"pwb-brand-equipo-medico-schuremed","7":"product_cat-stirrups","8":"product_cat-mesas-de-cirugia","9":"product_tag-great","10":"product_tag-great-white","11":"product_tag-great-white-maxima","12":"product_tag-great-white-maxima-mesas-quirurgicas","13":"product_tag-maxima","14":"product_tag-mesa","15":"product_tag-mesa-quirurgica","16":"product_tag-mesas","17":"product_tag-mesas-quirurgicas","18":"product_tag-mesas-quirurgicas-great-white-maxima","19":"product_tag-quirurgicas","20":"product_tag-stirrups","21":"product_tag-white","23":"first","24":"instock","25":"shipping-taxable","26":"purchasable","27":"product-type-simple"},"acf":[],"brands":[{"id":3213,"name":"SchureMed","slug":"equipo-medico-schuremed"}],"_links":{"self":[{"href":"https:\/\/www.somatechnology.com\/spanish\/wp-json\/wp\/v2\/product\/10425","targetHints":{"allow":["GET"]}}],"collection":[{"href":"https:\/\/www.somatechnology.com\/spanish\/wp-json\/wp\/v2\/product"}],"about":[{"href":"https:\/\/www.somatechnology.com\/spanish\/wp-json\/wp\/v2\/types\/product"}],"wp:featuredmedia":[{"embeddable":true,"href":"https:\/\/www.somatechnology.com\/spanish\/wp-json\/wp\/v2\/media\/11132"}],"wp:attachment":[{"href":"https:\/\/www.somatechnology.com\/spanish\/wp-json\/wp\/v2\/media?parent=10425"}],"wp:term":[{"taxonomy":"pwb-brand","embeddable":true,"href":"https:\/\/www.somatechnology.com\/spanish\/wp-json\/wp\/v2\/pwb-brand?post=10425"},{"taxonomy":"product_brand","embeddable":true,"href":"https:\/\/www.somatechnology.com\/spanish\/wp-json\/wp\/v2\/product_brand?post=10425"},{"taxonomy":"product_cat","embeddable":true,"href":"https:\/\/www.somatechnology.com\/spanish\/wp-json\/wp\/v2\/product_cat?post=10425"},{"taxonomy":"product_tag","embeddable":true,"href":"https:\/\/www.somatechnology.com\/spanish\/wp-json\/wp\/v2\/product_tag?post=10425"}],"curies":[{"name":"wp","href":"https:\/\/api.w.org\/{rel}","templated":true}]}}