{"id":10440,"date":"2018-04-23T17:02:27","date_gmt":"2018-04-23T17:02:27","guid":{"rendered":"https:\/\/www.somatechnology.com\/spanish\/?post_type=product&#038;p=10440"},"modified":"2023-08-23T06:28:14","modified_gmt":"2023-08-23T10:28:14","slug":"drager-air-shields-isolette-ti500","status":"publish","type":"product","link":"https:\/\/www.somatechnology.com\/spanish\/equipo-medico-usado-remanufacturado\/ucii-nicu-unidades-neonatales-cuidado-intensivo\/incubadoras\/drager-air-shields-isolette-ti500\/","title":{"rendered":"Drager Air-Shields Isolette TI500"},"content":{"rendered":"<h2>Caracter\u00edsticas del Incubadora de Transporte Drager Air-Shields Isolette TI500<\/h2>\n<p>La incubadora <strong>Drager Isolette TI500<\/strong> es una unidad aut\u00f3noma, m\u00f3vil, de cuidados intensivos. La temperatura constante del aire es esencial para la salud de un beb\u00e9 prematuro. la incubadora TI500 cuenta con un dise\u00f1o de doble pared que reduce la p\u00e9rdida de calor radiante del beb\u00e9 durante el transporte entre departamentos o entre hospitales. La humedad es extremadamente importante, especialmente para los beb\u00e9s menores de 26 semanas en edad gestacional. Una almohadilla de humedad integral ayuda a minimizar la p\u00e9rdida de calor evaporativo del beb\u00e9 proporcionando 50 a 70 por ciento de humedad en el paciente-Hood por hasta 12 horas. El controlador cuenta con una pantalla que es f\u00e1cil de leer en cualquier \u00e1ngulo durante el transporte.<\/p>\n<ul>\n<li>Doble pared<\/li>\n<li>Sonda de temperatura cut\u00e1nea<\/li>\n<li>Entrada O2<\/li>\n<li>L\u00e1mpara de examen<\/li>\n<li>2 puertas de acceso<\/li>\n<li>2 correas de sujeci\u00f3n infantil desechables<\/li>\n<li>1 puerto iris<\/li>\n<li>2 puertas de puerto de tacto silencioso (QT)<\/li>\n<li>6 puertos de la tuber\u00eda<\/li>\n<li>Bloqueo de los recept\u00e1culos de control de potencia<\/li>\n<li>Cable de la c.c.<\/li>\n<li>Montaje del tanque del tama\u00f1o 2D o 2E<\/li>\n<\/ul>\n<h2 dir=\"ltr\" data-placeholder=\"Translation\"><span lang=\"es\">Especificaciones<\/span> del Drager Air-Shields Isolette TI500<\/h2>\n<h3>Dimensiones<\/h3>\n<ul>\n<li>Altura: 20 pulg (50,8 cm)<\/li>\n<li>Anchura: 20,8 in (52,7 cm)<\/li>\n<li>Longitud: 37,8 en (95,9 cm)<\/li>\n<li>Peso: 108,5 lbs (49,2 kg)<\/li>\n<li>Distancia de la capucha vertical al colch\u00f3n: Low Hood 8,25 in (21 cm)<\/li>\n<\/ul>\n<h3>Informaci\u00f3n General<\/h3>\n<ul>\n<li>Rango de concentraci\u00f3n de O2:21% a 58% m\u00ednimo<\/li>\n<li>Capacidad de la humedad: 50% a 70%<\/li>\n<li>Nivel de ruido: &lt;60 dBA<\/li>\n<\/ul>\n<h3>Rendimiento<\/h3>\n<ul>\n<li>Gama del sistema de la temperatura: 22,0 \u00b0 c-38 \u00b0 c (71 \u00b0 f-100 \u00b0 f)<\/li>\n<li>Tiempo de subida de la temperatura: 30 minutos<\/li>\n<li>Variabilidad de la temperatura: \u2264 1,0 \u00b0 c<\/li>\n<li>Sobrecalentamiento de la temperatura: \u2264 2,0 \u00b0 c<\/li>\n<li>Uniformidad de la temperatura: \u2264 1,0 \u00b0 c<\/li>\n<li>Correlaci\u00f3n de la temperatura de la exhibici\u00f3n a fijar el punto en el equilibrio de la temperatura: \u2264 2,0 \u00b0 c en L0-20 \u00b0 c ambientes \u2264 1,5 \u00b0 c en los ambientes 20-30 \u00b0 c<\/li>\n<li>Almohadilla de humedad: contiene 400 ml. (14 oz) de agua destilada est\u00e9ril sin derramamiento significativo para una inclinaci\u00f3n de hasta 45 \u00b0 en cualquier direcci\u00f3n.<\/li>\n<li>Filtro de aire: quita el &gt; 99% de part\u00edculas aerotransportadas mayor que el di\u00e1metro de 0,5-Micron<\/li>\n<li>Higrometr\u00eda: 50 a 70% por 10-12 horas usando la almohadilla de la humedad<\/li>\n<li>Compruebe la tecla de calibraci\u00f3n: 36,0 \u00b0 \u00b1 0. l \u00b0 c<\/li>\n<\/ul>\n<h3>Bater\u00eda<\/h3>\n<ul>\n<li>Incubadora: 1 est\u00e1ndar de la bater\u00eda (2do opcional)<\/li>\n<li>Tipo: ventilado recargable, 12 VDC, 24 ah gel-tipo de la bater\u00eda (de plomo)<\/li>\n<li>Grado de la bater\u00eda: la incubadora mantiene un diferencial de 25 \u00b0 c (77 \u00b0 f) entre el ambiente y el punto de ajuste para 90 minutos en 1 bater\u00eda o 180 min. on 2 bater\u00edas en la energ\u00eda completa del calentador<\/li>\n<li>Expectativa de vida: 200 ciclos completos de carga\/descarga m\u00ednimo<\/li>\n<li>Tiempo de la carga: 10 horas por la bater\u00eda de la descarga completa<\/li>\n<\/ul>\n<p>&nbsp;<\/p>\n","protected":false},"excerpt":{"rendered":"<p>Incubadoras<\/p>\n","protected":false},"featured_media":11164,"template":"","meta":{"_acf_changed":false,"_relevanssi_hide_post":"","_relevanssi_hide_content":"","_relevanssi_pin_for_all":"","_relevanssi_pin_keywords":"","_relevanssi_unpin_keywords":"","_relevanssi_related_keywords":"","_relevanssi_related_include_ids":"","_relevanssi_related_exclude_ids":"","_relevanssi_related_no_append":"","_relevanssi_related_not_related":"","_relevanssi_related_posts":"","_relevanssi_noindex_reason":"","inline_featured_image":false},"pwb-brand":[1122],"product_brand":[],"product_cat":[55,4772],"product_tag":[3241,217,3240,3193,3239,4231,4229,3910,3914,4230],"class_list":{"0":"post-10440","1":"product","2":"type-product","3":"status-publish","4":"has-post-thumbnail","6":"pwb-brand-equipo-medico-drager","7":"product_cat-incubadoras","8":"product_cat-incubadoras-de-transporte","9":"product_tag-air-shields-isolette-ti500","10":"product_tag-drager","11":"product_tag-drager-air-shields","12":"product_tag-drager-air-shields-isolette","13":"product_tag-drager-air-shields-isolette-ti500","14":"product_tag-drager-air-shields-isolette-ti500-incubadoras","15":"product_tag-dragerincubadoras","16":"product_tag-incubadoras","17":"product_tag-incubadoras-drager","18":"product_tag-incubadoras-drager-air-shields-isolette-ti500","20":"first","21":"instock","22":"shipping-taxable","23":"purchasable","24":"product-type-simple"},"acf":[],"brands":[{"id":1122,"name":"Drager","slug":"equipo-medico-drager"}],"_links":{"self":[{"href":"https:\/\/www.somatechnology.com\/spanish\/wp-json\/wp\/v2\/product\/10440","targetHints":{"allow":["GET"]}}],"collection":[{"href":"https:\/\/www.somatechnology.com\/spanish\/wp-json\/wp\/v2\/product"}],"about":[{"href":"https:\/\/www.somatechnology.com\/spanish\/wp-json\/wp\/v2\/types\/product"}],"wp:featuredmedia":[{"embeddable":true,"href":"https:\/\/www.somatechnology.com\/spanish\/wp-json\/wp\/v2\/media\/11164"}],"wp:attachment":[{"href":"https:\/\/www.somatechnology.com\/spanish\/wp-json\/wp\/v2\/media?parent=10440"}],"wp:term":[{"taxonomy":"pwb-brand","embeddable":true,"href":"https:\/\/www.somatechnology.com\/spanish\/wp-json\/wp\/v2\/pwb-brand?post=10440"},{"taxonomy":"product_brand","embeddable":true,"href":"https:\/\/www.somatechnology.com\/spanish\/wp-json\/wp\/v2\/product_brand?post=10440"},{"taxonomy":"product_cat","embeddable":true,"href":"https:\/\/www.somatechnology.com\/spanish\/wp-json\/wp\/v2\/product_cat?post=10440"},{"taxonomy":"product_tag","embeddable":true,"href":"https:\/\/www.somatechnology.com\/spanish\/wp-json\/wp\/v2\/product_tag?post=10440"}],"curies":[{"name":"wp","href":"https:\/\/api.w.org\/{rel}","templated":true}]}}