{"id":10443,"date":"2018-04-23T19:27:52","date_gmt":"2018-04-23T19:27:52","guid":{"rendered":"https:\/\/www.somatechnology.com\/spanish\/?post_type=product&#038;p=10443"},"modified":"2023-08-23T06:28:15","modified_gmt":"2023-08-23T10:28:15","slug":"paquete-de-extension-bariatrica","status":"publish","type":"product","link":"https:\/\/www.somatechnology.com\/spanish\/equipo-medico-usado-remanufacturado\/mesas-de-cirugia\/paquete-de-extension-bariatrica\/","title":{"rendered":"Paquete de Extensi\u00f3n Bari\u00e1trica"},"content":{"rendered":"<h2>Paquete de Extensi\u00f3n Bari\u00e1trica <em>Para Steris Amsco 3080\/3085 SP<\/em><\/h2>\n<p>Este paquete de <strong>extensi\u00f3n bari\u00e1trica<\/strong> aumenta el ancho de su mesa Cmax a 28 \u00abpara acomodar a los pacientes con cirug\u00eda bari\u00e1trica. Ordene el extensor de ancho y el pad juntos (BF643-BF651) o los pads de pedido solamente (BF652-BF659) para cambiar la altura de su conjunto de extensi\u00f3n\/almohadilla existente.<\/p>\n<ul>\n<li>Aumenta el ancho original de la mesa en un total de ocho pulgadas.<\/li>\n<li>Posicionamiento m\u00e1s amplio del paciente.<\/li>\n<li>Clasificado para el uso con los pacientes que pesan hasta 1000 libras. (Cerci\u00f3rese de verificar la capacidad paciente del peso del modelo quir\u00fargico de la tabla a el cual se aplican).<\/li>\n<\/ul>\n<p>&nbsp;<\/p>\n","protected":false},"excerpt":{"rendered":"<p>Para Steris Amsco 3080\/3085 SP<\/p>\n","protected":false},"featured_media":10445,"template":"","meta":{"_acf_changed":false,"_relevanssi_hide_post":"","_relevanssi_hide_content":"","_relevanssi_pin_for_all":"","_relevanssi_pin_keywords":"","_relevanssi_unpin_keywords":"","_relevanssi_related_keywords":"","_relevanssi_related_include_ids":"","_relevanssi_related_exclude_ids":"","_relevanssi_related_no_append":"","_relevanssi_related_not_related":"","_relevanssi_related_posts":"","_relevanssi_noindex_reason":"","inline_featured_image":false},"pwb-brand":[1149],"product_brand":[],"product_cat":[72],"product_tag":[3243,3098,3095,3094,2500,3242,3100,3099],"class_list":{"0":"post-10443","1":"product","2":"type-product","3":"status-publish","4":"has-post-thumbnail","6":"pwb-brand-equipo-medico-steris","7":"product_cat-mesas-de-cirugia","8":"product_tag-bariatrica","9":"product_tag-mesa","10":"product_tag-mesa-quirurgica","11":"product_tag-mesas","12":"product_tag-mesas-quirurgicas","13":"product_tag-paquete-de-extension","14":"product_tag-quirurgica","15":"product_tag-quirurgicas","17":"first","18":"instock","19":"shipping-taxable","20":"purchasable","21":"product-type-simple"},"acf":[],"brands":[{"id":1149,"name":"Steris","slug":"equipo-medico-steris"}],"_links":{"self":[{"href":"https:\/\/www.somatechnology.com\/spanish\/wp-json\/wp\/v2\/product\/10443","targetHints":{"allow":["GET"]}}],"collection":[{"href":"https:\/\/www.somatechnology.com\/spanish\/wp-json\/wp\/v2\/product"}],"about":[{"href":"https:\/\/www.somatechnology.com\/spanish\/wp-json\/wp\/v2\/types\/product"}],"wp:featuredmedia":[{"embeddable":true,"href":"https:\/\/www.somatechnology.com\/spanish\/wp-json\/wp\/v2\/media\/10445"}],"wp:attachment":[{"href":"https:\/\/www.somatechnology.com\/spanish\/wp-json\/wp\/v2\/media?parent=10443"}],"wp:term":[{"taxonomy":"pwb-brand","embeddable":true,"href":"https:\/\/www.somatechnology.com\/spanish\/wp-json\/wp\/v2\/pwb-brand?post=10443"},{"taxonomy":"product_brand","embeddable":true,"href":"https:\/\/www.somatechnology.com\/spanish\/wp-json\/wp\/v2\/product_brand?post=10443"},{"taxonomy":"product_cat","embeddable":true,"href":"https:\/\/www.somatechnology.com\/spanish\/wp-json\/wp\/v2\/product_cat?post=10443"},{"taxonomy":"product_tag","embeddable":true,"href":"https:\/\/www.somatechnology.com\/spanish\/wp-json\/wp\/v2\/product_tag?post=10443"}],"curies":[{"name":"wp","href":"https:\/\/api.w.org\/{rel}","templated":true}]}}