{"id":10451,"date":"2018-04-24T13:36:26","date_gmt":"2018-04-24T13:36:26","guid":{"rendered":"https:\/\/www.somatechnology.com\/spanish\/?post_type=product&#038;p=10451"},"modified":"2023-08-23T06:28:17","modified_gmt":"2023-08-23T10:28:17","slug":"sorin-stockert-3t","status":"publish","type":"product","link":"https:\/\/www.somatechnology.com\/spanish\/equipo-medico-usado-remanufacturado\/cardiovascular\/calentador-enfriador\/sorin-stockert-3t\/","title":{"rendered":"Sorin Stockert 3T"},"content":{"rendered":"<div id=\"tabs\">\n<div class=\"tab-content\">\n<div id=\"descPane\" class=\"tab-pane active\">\n<div id=\"ctl00_ctl00_NestedMaster_PageContent_ctl00_ProductDescription1_DescriptionAjax\">\n<div class=\"widget productDescription\">\n<div class=\"innerSection\">\n<div class=\"content\">\n<div class=\"descriptionWrapper\">\n<h2>Caracter\u00edsticas del Sorin Stockert 3T<\/h2>\n<p>El sistema del calentador-refrigerador de <strong>Sorin Stockert 3T<\/strong> proporciona 3 circuitos para la calefacci\u00f3n y el enfriamiento r\u00e1pidos y eficientes para resolver su paciente y cardioplegia necesidades de la temperatura. El enfriamiento compresor-basado y 3 tanques de agua independientes eliminan la necesidad del hielo y del abastecimiento de agua en la sala de operaciones, proporcionando ajustes separados para el cardioplegia caliente, el cardioplegia fr\u00edo y la temperatura paciente.<\/p>\n<ul>\n<li>Los ajustes de temperatura del paciente se pueden ajustar al d\u00e9cimo punto decimal para un control de temperatura preciso.<\/li>\n<li>Para facilitar la limpieza, una funci\u00f3n de evacuaci\u00f3n de agua permite retirar el agua de las l\u00edneas en los tanques al final de un procedimiento.<\/li>\n<\/ul>\n<h2 dir=\"ltr\" data-placeholder=\"Translation\"><span lang=\"es\">Especificaciones<\/span>\u00a0del Sorin Stockert 3T<\/h2>\n<h3>Dimensiones<\/h3>\n<ul>\n<li>Dimensiones: 84 x 50 x 55 (33,1 x 19,7 x 21,7)<\/li>\n<li>Peso: kilogramo 102 (224,9)<\/li>\n<\/ul>\n<h3>Voltaje<\/h3>\n<ul>\n<li>Energ\u00eda necesaria, VAC: 110\/220-240<\/li>\n<\/ul>\n<h3>Conectores<\/h3>\n<ul>\n<li>N\u00famero: 6 (3 circuitos)<\/li>\n<\/ul>\n<h3>Alarmas<\/h3>\n<ul>\n<li>L\u00edmite fl\u00faido de alta temperatura: visual, audible<\/li>\n<li>L\u00edquido bajo: visual, audible<\/li>\n<\/ul>\n<h3>Informacion General<\/h3>\n<ul>\n<li>L\u00edquido utilizado: agua del grifo; agua est\u00e9ril<\/li>\n<li>Flujo l\/hr: 15-17 l\/min para el paciente, 9-11 l\/min para cardioplegia<\/li>\n<li>Indicador de caudal: s\u00ed<\/li>\n<li>Lectura de la escala de temperatura: Celsius<\/li>\n<li>N\u00famero del dep\u00f3sito: 3<\/li>\n<li>Capacidad del dep\u00f3sito, l: 6 (1,6), 3 (0,8), 3 (0,8)<\/li>\n<li>Silencio de la alarma: yes<\/li>\n<\/ul>\n<p>&nbsp;<\/p>\n<\/div>\n<\/div>\n<\/div>\n<\/div>\n<\/div>\n<\/div>\n<\/div>\n<\/div>\n","protected":false},"excerpt":{"rendered":"<p>Calentador \/ Enfriador<\/p>\n","protected":false},"featured_media":10970,"template":"","meta":{"_acf_changed":false,"_relevanssi_hide_post":"","_relevanssi_hide_content":"","_relevanssi_pin_for_all":"","_relevanssi_pin_keywords":"","_relevanssi_unpin_keywords":"","_relevanssi_related_keywords":"","_relevanssi_related_include_ids":"","_relevanssi_related_exclude_ids":"","_relevanssi_related_no_append":"","_relevanssi_related_not_related":"","_relevanssi_related_posts":"","_relevanssi_noindex_reason":"","inline_featured_image":false},"pwb-brand":[1112],"product_brand":[],"product_cat":[82],"product_tag":[3941,3932,3939,3940,3936,3299,3937,3327,3247,3248],"class_list":{"0":"post-10451","1":"product","2":"type-product","3":"status-publish","4":"has-post-thumbnail","6":"pwb-brand-maquinas-de-corazon-y-pulmon-sorin","7":"product_cat-calentador-enfriador","8":"product_tag-3t","9":"product_tag-calentador-enfriador","10":"product_tag-calentador-enfriador-3t","11":"product_tag-calentador-enfriador-sorin","12":"product_tag-calentador-enfriador-sorin-stocker-3t","13":"product_tag-sorin","14":"product_tag-sorin-3t","15":"product_tag-sorin-stockert","16":"product_tag-sorin-stockert-3t","17":"product_tag-stockert-3t","19":"first","20":"instock","21":"shipping-taxable","22":"purchasable","23":"product-type-simple"},"acf":[],"brands":[{"id":1112,"name":"Sorin","slug":"maquinas-de-corazon-y-pulmon-sorin"}],"_links":{"self":[{"href":"https:\/\/www.somatechnology.com\/spanish\/wp-json\/wp\/v2\/product\/10451","targetHints":{"allow":["GET"]}}],"collection":[{"href":"https:\/\/www.somatechnology.com\/spanish\/wp-json\/wp\/v2\/product"}],"about":[{"href":"https:\/\/www.somatechnology.com\/spanish\/wp-json\/wp\/v2\/types\/product"}],"wp:featuredmedia":[{"embeddable":true,"href":"https:\/\/www.somatechnology.com\/spanish\/wp-json\/wp\/v2\/media\/10970"}],"wp:attachment":[{"href":"https:\/\/www.somatechnology.com\/spanish\/wp-json\/wp\/v2\/media?parent=10451"}],"wp:term":[{"taxonomy":"pwb-brand","embeddable":true,"href":"https:\/\/www.somatechnology.com\/spanish\/wp-json\/wp\/v2\/pwb-brand?post=10451"},{"taxonomy":"product_brand","embeddable":true,"href":"https:\/\/www.somatechnology.com\/spanish\/wp-json\/wp\/v2\/product_brand?post=10451"},{"taxonomy":"product_cat","embeddable":true,"href":"https:\/\/www.somatechnology.com\/spanish\/wp-json\/wp\/v2\/product_cat?post=10451"},{"taxonomy":"product_tag","embeddable":true,"href":"https:\/\/www.somatechnology.com\/spanish\/wp-json\/wp\/v2\/product_tag?post=10451"}],"curies":[{"name":"wp","href":"https:\/\/api.w.org\/{rel}","templated":true}]}}