{"id":10483,"date":"2018-04-25T13:11:32","date_gmt":"2018-04-25T13:11:32","guid":{"rendered":"https:\/\/www.somatechnology.com\/spanish\/?post_type=product&#038;p=10483"},"modified":"2023-08-23T06:28:25","modified_gmt":"2023-08-23T10:28:25","slug":"idi-aspect-100ucplus","status":"publish","type":"product","link":"https:\/\/www.somatechnology.com\/spanish\/equipo-medico-usado-remanufacturado\/mesas-de-cirugia\/idi-aspect-100ucplus\/","title":{"rendered":"idi Aspect 100UCPLUS"},"content":{"rendered":"<h2>Caracter\u00edsticas del idi Aspect 100UCPLUS<\/h2>\n<p>El <strong>IDI Aspect 100UCPLUS<\/strong> es una mesa de im\u00e1genes urol\u00f3gicas m\u00f3viles multiusos con elevaci\u00f3n motorizada, movimientos de mesa transversales de inclinaci\u00f3n de Trendelenburg y sobre la mesa de fibra de carbono con baja atenuaci\u00f3n de rayos x.<\/p>\n<ul>\n<li>Dise\u00f1ado para procedimientos de Endourolog\u00eda<\/li>\n<li>4 movimiento<\/li>\n<li>diapositiva longitudinal de 10 \u00ab<\/li>\n<li>capacidad de 250-525 lb<\/li>\n<li>33.3 \u00ab-43,1\u00bb alto-bajo<\/li>\n<li>Trendelenburg +\/-15 \u00b0<\/li>\n<li>Corredera transversal +\/- 3.5\u201d<\/li>\n<\/ul>\n<h2 dir=\"ltr\" data-placeholder=\"Translation\"><span lang=\"es\">Especificaciones\u00a0<\/span>del idi Aspect 100UCPLUS<\/h2>\n<h3>Dimensiones y componentes de la mesa<\/h3>\n<ul>\n<li>Mesa de fibra de carbono con baja atenuaci\u00f3n de rayos x-2 \u00ab(5 cm) almohadilla de mesa gruesa y almohadilla de extensi\u00f3n de la mesa con la construcci\u00f3n de espuma de memoria<\/li>\n<li>Tablero de la mesa: 28 \u00abW x 46\u00bb L (71 x 117 cm)<\/li>\n<li>Prolongaci\u00f3n de la mesa radiolucent, ligera: 24 \u00abW x 34\u00bb L (61 x 86 cm)<\/li>\n<li>Bandeja de almacenaje incorporada del interruptor de pedal<\/li>\n<li>Bandeja de casete radiogr\u00e1fica extra\u00edble, cargas de cada lado de la mesa<\/li>\n<li>Carriles laterales est\u00e1ndar de los e.e.u.u. para los accesorios accesorios en la tapa de tabla principal<\/li>\n<li>Extremo perineal libre de metal de la mesa para acceso sin obstrucciones de fluoroscopia al borde de la mesa<\/li>\n<li>Ruedas giratorias de bloqueo de 5 \u00ab(12,7 cm) y asa de transporte integrada<\/li>\n<\/ul>\n<h3>Movimientos de la mesa<\/h3>\n<ul>\n<li>Movimientos motorizados mediante control manual y control de pedal<\/li>\n<li>Elevaci\u00f3n: 31,3 \u00ab\u2013 41,1\u00bb (79,4 \u2013 104,4 cm)<\/li>\n<li>Inclinaci\u00f3n de Trendelenburg: \u00b1 15 \u00b0<\/li>\n<li>Recorrido longitudinal de la mesa: 10 \u00ab(25,4 cm)<\/li>\n<li>Recorrido de la mesa transversal: \u00b1 3,5 \u00ab, 7\u00bb totales (\u00b1 8,9 cm, 17,8 cm total)<\/li>\n<\/ul>\n<h3>\u00c1rea de imagen<\/h3>\n<ul>\n<li>\u00c1rea de la proyecci\u00f3n de imagen, tablero de la mesa principal: 25 \u00abW x 20\u00bb L (63,5 x 50,8 cm)<\/li>\n<li>\u00c1rea de la proyecci\u00f3n de imagen, extensi\u00f3n de la mesa: 24 \u00abW x 34\u00bb L (61 x 86 cm)<\/li>\n<li>Longitud radiol\u00facida total del \u00e1rea de la proyecci\u00f3n de imagen con la extensi\u00f3n: 54\u201d (13 7 cm)<\/li>\n<\/ul>\n<h3>Capacidad del peso del paciente<\/h3>\n<ul>\n<li>Con el cuerpo superior del paciente sobre la mesa principal: 525 lbs (238 kg)<\/li>\n<li>Con el cuerpo superior del paciente en la extensi\u00f3n: 400 lbs. (181 kilogramos)<\/li>\n<li>Capacidad de carga s\u00f3lo en la extensi\u00f3n: 200 lbs. (90.7 kg)<\/li>\n<\/ul>\n<h3>Voltaje operacional<\/h3>\n<ul>\n<li>110 VAC, 60 Hz operaci\u00f3n (230 VAC operaci\u00f3n opcional). \u226410 amp @110V<\/li>\n<\/ul>\n<h3>Mesa y accesorios incluidos<\/h3>\n<ul>\n<li>Coj\u00edn de mesa, 2 \u00abde espesor<\/li>\n<li>Extensi\u00f3n de mesa, con 2 \u00abalmohadilla gruesa<\/li>\n<li>Control manual y control de pedal<\/li>\n<li>Aro desprendible de la ayuda del bolso de dren<\/li>\n<li>Bolsa de desag\u00fce y manguera desechables ass&#8217;y, caja de 20<\/li>\n<li>Solapa de protecci\u00f3n antiradiaci\u00f3n extra\u00edble para el extremo perineal de la mesa<\/li>\n<li>Correas de sujeci\u00f3n para el paciente (2)<\/li>\n<li>Apoyabrazos, Rail mounted, con almohadilla y correa<\/li>\n<li>Cubiertas desechables para el pedal, una caja de 5 &#8216; 0<\/li>\n<\/ul>\n","protected":false},"excerpt":{"rendered":"<p>Mesa Quir\u00fargicas<\/p>\n","protected":false},"featured_media":11146,"template":"","meta":{"_acf_changed":false,"_relevanssi_hide_post":"","_relevanssi_hide_content":"","_relevanssi_pin_for_all":"","_relevanssi_pin_keywords":"","_relevanssi_unpin_keywords":"","_relevanssi_related_keywords":"","_relevanssi_related_include_ids":"","_relevanssi_related_exclude_ids":"","_relevanssi_related_no_append":"","_relevanssi_related_not_related":"","_relevanssi_related_posts":"","_relevanssi_noindex_reason":"","inline_featured_image":false},"pwb-brand":[3285],"product_brand":[],"product_cat":[72],"product_tag":[3291,3292,3294,3293,3288,3290,3295,3296,3286,3287,3289,3297,3957,3098,3095,3094,3184,2500,3958,3100,3099],"class_list":{"0":"post-10483","1":"product","2":"type-product","3":"status-publish","4":"has-post-thumbnail","6":"pwb-brand-mesas-de-equipamiento-medico-idi","7":"product_cat-mesas-de-cirugia","8":"product_tag-3291","9":"product_tag-100uc","10":"product_tag-100uc-plus","11":"product_tag-100ucplus","12":"product_tag-aspect","13":"product_tag-aspect-100","14":"product_tag-aspect-100uc-plus","15":"product_tag-aspect-100ucplus","16":"product_tag-idi","17":"product_tag-idi-aspect","18":"product_tag-idi-aspect-100","19":"product_tag-idi-aspect-100ucplus","20":"product_tag-idi-aspect-100ucplus-mesas-quirurgicas","21":"product_tag-mesa","22":"product_tag-mesa-quirurgica","23":"product_tag-mesas","24":"product_tag-mesas-quirurgica","25":"product_tag-mesas-quirurgicas","26":"product_tag-mesas-quirurgicas-idi-aspect-100ucplus","27":"product_tag-quirurgica","28":"product_tag-quirurgicas","30":"first","31":"instock","32":"shipping-taxable","33":"purchasable","34":"product-type-simple"},"acf":[],"brands":[{"id":3285,"name":"idi","slug":"mesas-de-equipamiento-medico-idi"}],"_links":{"self":[{"href":"https:\/\/www.somatechnology.com\/spanish\/wp-json\/wp\/v2\/product\/10483","targetHints":{"allow":["GET"]}}],"collection":[{"href":"https:\/\/www.somatechnology.com\/spanish\/wp-json\/wp\/v2\/product"}],"about":[{"href":"https:\/\/www.somatechnology.com\/spanish\/wp-json\/wp\/v2\/types\/product"}],"wp:featuredmedia":[{"embeddable":true,"href":"https:\/\/www.somatechnology.com\/spanish\/wp-json\/wp\/v2\/media\/11146"}],"wp:attachment":[{"href":"https:\/\/www.somatechnology.com\/spanish\/wp-json\/wp\/v2\/media?parent=10483"}],"wp:term":[{"taxonomy":"pwb-brand","embeddable":true,"href":"https:\/\/www.somatechnology.com\/spanish\/wp-json\/wp\/v2\/pwb-brand?post=10483"},{"taxonomy":"product_brand","embeddable":true,"href":"https:\/\/www.somatechnology.com\/spanish\/wp-json\/wp\/v2\/product_brand?post=10483"},{"taxonomy":"product_cat","embeddable":true,"href":"https:\/\/www.somatechnology.com\/spanish\/wp-json\/wp\/v2\/product_cat?post=10483"},{"taxonomy":"product_tag","embeddable":true,"href":"https:\/\/www.somatechnology.com\/spanish\/wp-json\/wp\/v2\/product_tag?post=10483"}],"curies":[{"name":"wp","href":"https:\/\/api.w.org\/{rel}","templated":true}]}}