{"id":10486,"date":"2018-04-25T13:42:45","date_gmt":"2018-04-25T13:42:45","guid":{"rendered":"https:\/\/www.somatechnology.com\/spanish\/?post_type=product&#038;p=10486"},"modified":"2025-08-07T12:06:01","modified_gmt":"2025-08-07T16:06:01","slug":"sorin-s5","status":"publish","type":"product","link":"https:\/\/www.somatechnology.com\/spanish\/equipo-medico-usado-remanufacturado\/cardiovascular\/maquinas-de-corazon-y-pulmon\/sorin-s5\/","title":{"rendered":"LivaNova Sorin Stockert S5"},"content":{"rendered":"<h2>CARACTER\u00cdSTICAS DE LIVANOVA SORIN STOCKERT S5<\/h2>\n<p>Anteriormente conocido como Sorin S5 o Stockert S5, el equipo de circulaci\u00f3n extracorp\u00f3rea <a href=\"https:\/\/www.somatechnology.com\/wp-content\/uploads\/sites\/2\/2018\/04\/LivaNova-Sorin-Stockert-S5-spa.pdf\"><strong>LivaNova Sorin Stockert S5<\/strong><\/a> es el sistema de perfusi\u00f3n de quinta generaci\u00f3n que ofrece una gran funcionalidad, flexibilidad y calidad. El dispositivo de perfusi\u00f3n S5 permite una mejor integraci\u00f3n con el circuito de perfusi\u00f3n, m\u00e1s opciones de configuraci\u00f3n para acomodar m\u00e1s procedimientos, incluyendo los pedi\u00e1tricos. Construido por los mismos dise\u00f1adores del Sorin Xtra, este equipo cardiopulmonar puede configurarse para adaptarse a sus necesidades espec\u00edficas. Desde un HLM compacto equipado con 3 bombas de rodillo hasta un sistema completo con 7 bombas de rodillo y funciones de monitorizaci\u00f3n.<\/p>\n<ul>\n<li>Consola para 3 a 5 bombas de rodillos. Se pueden montar 2 bombas de rodillos adicionales en el m\u00e1stil.<\/li>\n<li>Panel con 3, 4 o 6 m\u00f3dulos de visualizaci\u00f3n.<\/li>\n<li>Los usuarios del sistema SIII y SIII Encore pueden transferir f\u00e1cilmente sus dispositivos externos para la gesti\u00f3n de datos o SCP al sistema S5.<\/li>\n<li>Los cabezales de las bombas pueden girar en su posici\u00f3n para optimizar la disposici\u00f3n de los tubos.<\/li>\n<li>Se pueden apilar hasta 4 pantallas TFT en vertical en el panel del m\u00e1stil.<\/li>\n<li>Las bombas de rodillos sin escobillas y de accionamiento directo reducen el ruido.<\/li>\n<\/ul>\n","protected":false},"excerpt":{"rendered":"<p>Anteriormente conocido como Sorin S5 o Stockert S5, el equipo de circulaci\u00f3n extracorp\u00f3rea LivaNova Sorin Stockert S5 es el sistema de perfusi\u00f3n de quinta generaci\u00f3n que ofrece una gran funcionalidad, flexibilidad y calidad. El dispositivo de perfusi\u00f3n S5 permite una mejor integraci\u00f3n con el circuito de perfusi\u00f3n, m\u00e1s opciones de configuraci\u00f3n para acomodar m\u00e1s procedimientos, incluyendo los pedi\u00e1tricos. Construido por los mismos dise\u00f1adores del Sorin Xtra, este equipo cardiopulmonar puede configurarse para adaptarse a sus necesidades espec\u00edficas. Desde un HLM compacto equipado con 3 bombas de rodillo hasta un sistema completo con 7 bombas de rodillo y funciones de monitorizaci\u00f3n.<\/p>\n","protected":false},"featured_media":31635,"template":"","meta":{"_acf_changed":false,"_relevanssi_hide_post":"","_relevanssi_hide_content":"","_relevanssi_pin_for_all":"","_relevanssi_pin_keywords":"","_relevanssi_unpin_keywords":"","_relevanssi_related_keywords":"","_relevanssi_related_include_ids":"","_relevanssi_related_exclude_ids":"","_relevanssi_related_no_append":"","_relevanssi_related_not_related":"","_relevanssi_related_posts":"","_relevanssi_noindex_reason":"","inline_featured_image":false},"pwb-brand":[1112],"product_brand":[],"product_cat":[78],"product_tag":[8958,10587,10584,10578,10580,10582,10585,10579,10581,10583,504,3299,3298,1068,10586],"class_list":{"0":"post-10486","1":"product","2":"type-product","3":"status-publish","4":"has-post-thumbnail","6":"pwb-brand-maquinas-de-corazon-y-pulmon-sorin","7":"product_cat-maquinas-de-corazon-y-pulmon","8":"product_tag-livanova","9":"product_tag-livanova-s5","10":"product_tag-maquina-corazon-pulmon-livanova","11":"product_tag-maquina-corazon-pulmon","12":"product_tag-maquina-corazon-pulmon-sorin","13":"product_tag-maquina-corazon-pulmon-stockert","14":"product_tag-maquinas-corazon-pulmon-livanova","15":"product_tag-maquinas-corazon-pulmon","16":"product_tag-maquinas-corazon-pulmon-sorin","17":"product_tag-maquinas-corazon-pulmon-stockert","18":"product_tag-s5","19":"product_tag-sorin","20":"product_tag-sorin-s5","21":"product_tag-stockert","22":"product_tag-stockert-s5","24":"first","25":"instock","26":"featured","27":"shipping-taxable","28":"purchasable","29":"product-type-simple"},"acf":[],"brands":[{"id":1112,"name":"Sorin","slug":"maquinas-de-corazon-y-pulmon-sorin"}],"_links":{"self":[{"href":"https:\/\/www.somatechnology.com\/spanish\/wp-json\/wp\/v2\/product\/10486","targetHints":{"allow":["GET"]}}],"collection":[{"href":"https:\/\/www.somatechnology.com\/spanish\/wp-json\/wp\/v2\/product"}],"about":[{"href":"https:\/\/www.somatechnology.com\/spanish\/wp-json\/wp\/v2\/types\/product"}],"wp:featuredmedia":[{"embeddable":true,"href":"https:\/\/www.somatechnology.com\/spanish\/wp-json\/wp\/v2\/media\/31635"}],"wp:attachment":[{"href":"https:\/\/www.somatechnology.com\/spanish\/wp-json\/wp\/v2\/media?parent=10486"}],"wp:term":[{"taxonomy":"pwb-brand","embeddable":true,"href":"https:\/\/www.somatechnology.com\/spanish\/wp-json\/wp\/v2\/pwb-brand?post=10486"},{"taxonomy":"product_brand","embeddable":true,"href":"https:\/\/www.somatechnology.com\/spanish\/wp-json\/wp\/v2\/product_brand?post=10486"},{"taxonomy":"product_cat","embeddable":true,"href":"https:\/\/www.somatechnology.com\/spanish\/wp-json\/wp\/v2\/product_cat?post=10486"},{"taxonomy":"product_tag","embeddable":true,"href":"https:\/\/www.somatechnology.com\/spanish\/wp-json\/wp\/v2\/product_tag?post=10486"}],"curies":[{"name":"wp","href":"https:\/\/api.w.org\/{rel}","templated":true}]}}