{"id":10493,"date":"2018-04-25T14:21:07","date_gmt":"2018-04-25T14:21:07","guid":{"rendered":"https:\/\/www.somatechnology.com\/spanish\/?post_type=product&#038;p=10493"},"modified":"2025-06-26T09:44:21","modified_gmt":"2025-06-26T13:44:21","slug":"medtronic-century","status":"publish","type":"product","link":"https:\/\/www.somatechnology.com\/spanish\/equipo-medico-usado-remanufacturado\/cardiovascular\/maquinas-de-corazon-y-pulmon\/medtronic-century\/","title":{"rendered":"Medtronic Century"},"content":{"rendered":"<h2>Caracter\u00edsticas del\u00a0Medtronic Century<\/h2>\n<p>La m\u00e1quina coraz\u00f3n-pulm\u00f3n del siglo Medtronic es un sistema modular que incorpora caracter\u00edsticas importantes para el Perfusionista; un dise\u00f1o robusto y compacto y componentes f\u00e1ciles de usar a un precio asequible. La adici\u00f3n de una bio-consola 560 bomba arterial centr\u00edfuga y la gesti\u00f3n de datos utiliza la visi\u00f3n Viper de Spectrum son opciones que se pueden configurar f\u00e1cilmente en la m\u00e1quina coraz\u00f3n-pulm\u00f3n del siglo Medtronic.<\/p>\n<ul>\n<li>Sistema de uso f\u00e1cil para los procesos avanzados de la hemodialisis<\/li>\n<li>Proporciona flexibilidad y gesti\u00f3n de la informaci\u00f3n m\u00e9dica<\/li>\n<li>Pantalla de v\u00eddeo integrada<\/li>\n<li>El sistema de automatizaci\u00f3n f\u00e1cil de utilizar proporciona la variabilidad de las prescripciones y otras funciones con los controles del presionar-bot\u00f3n<\/li>\n<li>El dise\u00f1o innovador del sistema de la tuber\u00eda de la sangre del cartucho minimiza el volumen sangu\u00edneo extracorporal y los requisitos salinos<\/li>\n<li>Tambi\u00e9n cuenta con puertos de monitoreo de presi\u00f3n arterial y venosa incorporados<\/li>\n<\/ul>\n","protected":false},"excerpt":{"rendered":"<p>La m\u00e1quina coraz\u00f3n-pulm\u00f3n del siglo Medtronic es un sistema modular que incorpora caracter\u00edsticas importantes para el Perfusionista; un dise\u00f1o robusto y compacto y componentes f\u00e1ciles de usar a un precio asequible. La adici\u00f3n de una bio-consola 560 bomba arterial centr\u00edfuga y la gesti\u00f3n de datos utiliza la visi\u00f3n Viper de Spectrum son opciones que se pueden configurar f\u00e1cilmente en la m\u00e1quina coraz\u00f3n-pulm\u00f3n del siglo Medtronic.<\/p>\n","protected":false},"featured_media":10495,"template":"","meta":{"_acf_changed":false,"_relevanssi_hide_post":"","_relevanssi_hide_content":"","_relevanssi_pin_for_all":"","_relevanssi_pin_keywords":"","_relevanssi_unpin_keywords":"","_relevanssi_related_keywords":"","_relevanssi_related_include_ids":"","_relevanssi_related_exclude_ids":"","_relevanssi_related_no_append":"","_relevanssi_related_not_related":"","_relevanssi_related_posts":"","_relevanssi_noindex_reason":"","inline_featured_image":false},"pwb-brand":[1107],"product_brand":[],"product_cat":[78],"product_tag":[1067,466,3305,3970,3306],"class_list":{"0":"post-10493","1":"product","2":"type-product","3":"status-publish","4":"has-post-thumbnail","6":"pwb-brand-equipo-medico-medtronic","7":"product_cat-maquinas-de-corazon-y-pulmon","8":"product_tag-maquinas-de-corazon-y-pulmon","9":"product_tag-medtronic","10":"product_tag-medtronic-century","11":"product_tag-medtronic-century-maquinas-de-corazon-y-pulmon","12":"product_tag-medtronic-maquinas-de-corazon-y-pulmon","14":"first","15":"instock","16":"shipping-taxable","17":"purchasable","18":"product-type-simple"},"acf":[],"brands":[{"id":1107,"name":"Medtronic","slug":"equipo-medico-medtronic"}],"_links":{"self":[{"href":"https:\/\/www.somatechnology.com\/spanish\/wp-json\/wp\/v2\/product\/10493","targetHints":{"allow":["GET"]}}],"collection":[{"href":"https:\/\/www.somatechnology.com\/spanish\/wp-json\/wp\/v2\/product"}],"about":[{"href":"https:\/\/www.somatechnology.com\/spanish\/wp-json\/wp\/v2\/types\/product"}],"wp:featuredmedia":[{"embeddable":true,"href":"https:\/\/www.somatechnology.com\/spanish\/wp-json\/wp\/v2\/media\/10495"}],"wp:attachment":[{"href":"https:\/\/www.somatechnology.com\/spanish\/wp-json\/wp\/v2\/media?parent=10493"}],"wp:term":[{"taxonomy":"pwb-brand","embeddable":true,"href":"https:\/\/www.somatechnology.com\/spanish\/wp-json\/wp\/v2\/pwb-brand?post=10493"},{"taxonomy":"product_brand","embeddable":true,"href":"https:\/\/www.somatechnology.com\/spanish\/wp-json\/wp\/v2\/product_brand?post=10493"},{"taxonomy":"product_cat","embeddable":true,"href":"https:\/\/www.somatechnology.com\/spanish\/wp-json\/wp\/v2\/product_cat?post=10493"},{"taxonomy":"product_tag","embeddable":true,"href":"https:\/\/www.somatechnology.com\/spanish\/wp-json\/wp\/v2\/product_tag?post=10493"}],"curies":[{"name":"wp","href":"https:\/\/api.w.org\/{rel}","templated":true}]}}