{"id":10529,"date":"2018-04-26T16:44:15","date_gmt":"2018-04-26T16:44:15","guid":{"rendered":"https:\/\/www.somatechnology.com\/spanish\/?post_type=product&#038;p=10529"},"modified":"2023-08-23T06:28:33","modified_gmt":"2023-08-23T10:28:33","slug":"maquet-cardiosave-hybrid","status":"publish","type":"product","link":"https:\/\/www.somatechnology.com\/spanish\/equipo-medico-usado-remanufacturado\/cardiovascular\/bombas-intra-aorticas\/maquet-cardiosave-hybrid\/","title":{"rendered":"Maquet Cardiosave Hybrid"},"content":{"rendered":"<h2>Maquet Cardiosave Hybrid<\/h2>\n<p><strong>Maquet Cardiosave Hybrid<\/strong> representa un gran salto hacia adelante en funcionalidad y versatilidad, mientras contin\u00faa entregando el rendimiento y la intuici\u00f3n de las bombas Datascope que usted conoce y conf\u00eda. Con su pantalla t\u00e1ctil grande, dram\u00e1ticamente m\u00e1s peque\u00f1o y un dise\u00f1o m\u00e1s ligero, y la transici\u00f3n incons\u00fatil del uso del en-hospital al modo del transporte, esta bomba revolucionaria redefine terapia de la contra pulsaci\u00f3n.<\/p>\n<ul>\n<li>Detecci\u00f3n mejorada del marca paso<\/li>\n<li>Manejo m\u00e1s sofisticado de fallas de conectores<\/li>\n<li>Funcionamiento avanzado del disparador<\/li>\n<li>Monitor retro iluminado y pantalla de control de pantalla t\u00e1ctil<\/li>\n<li>Navegaci\u00f3n mejorada de la pantalla de ayuda<\/li>\n<li>Conexiones de interfaz de paciente mejor organizadas<\/li>\n<li>Acceso m\u00e1s f\u00e1cil al panel de conexi\u00f3n<\/li>\n<li>Conexiones codificadas por colores y afinadas<\/li>\n<li>Significativamente m\u00e1s silencioso en comparaci\u00f3n con la generaci\u00f3n anterior MAQUET\/Datascope IABPs<\/li>\n<li>Cable de alimentaci\u00f3n de auto-retractaci\u00f3n<\/li>\n<li>Compartimiento de tanque de helio fuera de vista<\/li>\n<\/ul>\n<h2>Especificaciones del Maquet Cardiosave Hybrid<\/h2>\n<h3>Caracter\u00edsticas F\u00edsicas<\/h3>\n<ul>\n<li>Pantalla cerrada<\/li>\n<li>altura: 44 pulg (111,8 cm)<\/li>\n<li>Anchura: 22 in (59,9 cm)<\/li>\n<li>Profundidad: 27 pulg (68,6 cm)<\/li>\n<li>Pantalla abierto 90 \u00b0 \u2022 altura: 53 in (134,6 cm)<\/li>\n<li>Anchura: 22 in (59,9 cm)<\/li>\n<li>Profundidad: 27 pulg (68,6 cm)<\/li>\n<li>Peso \u2022 incluyendo la consola, el carro, el monitor de control, el tanque del helio y 2 bater\u00edas<\/li>\n<li>114 lbs (51.8 kg)<\/li>\n<\/ul>\n<h3>Ambiente de funcionamiento<\/h3>\n<ul>\n<li>Temperatura de funcionamiento: 50 \u00b0-104 \u00b0 f (10 \u00b0 \u2013 40 \u00b0 c)<\/li>\n<li>Humedad de funcionamiento: 15% a 85% de humedad relativa (sin condensaci\u00f3n)<\/li>\n<li>Altitud de funcionamiento \u2022 1060 hPa a 644 hPa (381,0 m a 3657,6 m)<\/li>\n<li>1250 ft a 12.000 ft (795 mmHg a 483 mmHg)<\/li>\n<\/ul>\n<p>&nbsp;<\/p>\n","protected":false},"excerpt":{"rendered":"<p>Bombas intra-aorticas<\/p>\n","protected":false},"featured_media":12261,"template":"","meta":{"_acf_changed":false,"_relevanssi_hide_post":"","_relevanssi_hide_content":"","_relevanssi_pin_for_all":"","_relevanssi_pin_keywords":"","_relevanssi_unpin_keywords":"","_relevanssi_related_keywords":"","_relevanssi_related_include_ids":"","_relevanssi_related_exclude_ids":"","_relevanssi_related_no_append":"","_relevanssi_related_not_related":"","_relevanssi_related_posts":"","_relevanssi_noindex_reason":"","inline_featured_image":false},"pwb-brand":[1109],"product_brand":[],"product_cat":[96],"product_tag":[3348,3361,519,3987,3989,3360,3988,3359,3990],"class_list":{"0":"post-10529","1":"product","2":"type-product","3":"status-publish","4":"has-post-thumbnail","6":"pwb-brand-equipo-medico-maquet","7":"product_cat-bombas-intra-aorticas","8":"product_tag-bombas-intra-aorticas","9":"product_tag-cardiosave-hybrid","10":"product_tag-maquet","11":"product_tag-maquet-bombas-intra-aorticas","12":"product_tag-maquet-cardio-savebombas-intra-aorticas","13":"product_tag-maquet-cardiosave","14":"product_tag-maquet-cardiosave-bombas-intra-aorticas","15":"product_tag-maquet-cardiosave-hybrid","16":"product_tag-maquet-cardiosave-hybrid-bombas-intra-aorticas","18":"first","19":"instock","20":"shipping-taxable","21":"purchasable","22":"product-type-simple"},"acf":[],"brands":[{"id":1109,"name":"Maquet","slug":"equipo-medico-maquet"}],"_links":{"self":[{"href":"https:\/\/www.somatechnology.com\/spanish\/wp-json\/wp\/v2\/product\/10529","targetHints":{"allow":["GET"]}}],"collection":[{"href":"https:\/\/www.somatechnology.com\/spanish\/wp-json\/wp\/v2\/product"}],"about":[{"href":"https:\/\/www.somatechnology.com\/spanish\/wp-json\/wp\/v2\/types\/product"}],"wp:featuredmedia":[{"embeddable":true,"href":"https:\/\/www.somatechnology.com\/spanish\/wp-json\/wp\/v2\/media\/12261"}],"wp:attachment":[{"href":"https:\/\/www.somatechnology.com\/spanish\/wp-json\/wp\/v2\/media?parent=10529"}],"wp:term":[{"taxonomy":"pwb-brand","embeddable":true,"href":"https:\/\/www.somatechnology.com\/spanish\/wp-json\/wp\/v2\/pwb-brand?post=10529"},{"taxonomy":"product_brand","embeddable":true,"href":"https:\/\/www.somatechnology.com\/spanish\/wp-json\/wp\/v2\/product_brand?post=10529"},{"taxonomy":"product_cat","embeddable":true,"href":"https:\/\/www.somatechnology.com\/spanish\/wp-json\/wp\/v2\/product_cat?post=10529"},{"taxonomy":"product_tag","embeddable":true,"href":"https:\/\/www.somatechnology.com\/spanish\/wp-json\/wp\/v2\/product_tag?post=10529"}],"curies":[{"name":"wp","href":"https:\/\/api.w.org\/{rel}","templated":true}]}}