{"id":10546,"date":"2018-04-27T15:10:42","date_gmt":"2018-04-27T15:10:42","guid":{"rendered":"https:\/\/www.somatechnology.com\/spanish\/?post_type=product&#038;p=10546"},"modified":"2023-08-23T06:28:36","modified_gmt":"2023-08-23T10:28:36","slug":"ge-oec-elite-miniview","status":"publish","type":"product","link":"https:\/\/www.somatechnology.com\/spanish\/equipo-medico-usado-remanufacturado\/imagenologia-radiologia\/mini-arcos-en-c\/ge-oec-elite-miniview\/","title":{"rendered":"GE OEC Elite MiniView"},"content":{"rendered":"<h2>Caracter\u00edsticas del GE OEC Elite MiniView<\/h2>\n<p>Los cirujanos no pueden creer lo f\u00e1cil que es controlar el nuevo GE OEC Elite MiniView C-arm. Pueden maniobrar el sistema ligero con una sola mano con velocidad y facilidad. Con el innovador sistema SmartLock, no es necesario girar manualmente varias palancas y diales para asegurar la posici\u00f3n del brazo en C. Toque un bot\u00f3n y est\u00e1 bloqueado en su lugar, evitando la deriva. Una pantalla grande permite la visualizaci\u00f3n simult\u00e1nea de im\u00e1genes primarias y de referencia de tama\u00f1o completo sin forzar. Experimente un problema con su OEC Elite MiniView? El servicio al cliente responder\u00e1 en s\u00f3lo 30 minutos!<\/p>\n<ul>\n<li>Maneje su mini Arco en C con una sola mano con velocidad y facilidad<\/li>\n<li>Vea las im\u00e1genes duales detalladas y de tama\u00f1o completo sin el esfuerzo<\/li>\n<li>Optimizar la calidad de imagen y la dosis<\/li>\n<li>Cuente con la fiabilidad de su mini C-ARM para soportar una mayor productividad<\/li>\n<\/ul>\n<p>&nbsp;<\/p>\n<h2>Especificaciones GE OEC Elite MiniView<\/h2>\n<h3>Sistema de Rayos X<\/h3>\n<ul>\n<li>Tubo de radiograf\u00eda: Monoblock compacto<\/li>\n<li>Punto focal:. 033mm<\/li>\n<li>Generador: 12.8 w<\/li>\n<li>Gama de kVP: 40-kVP<\/li>\n<li>Gama del mA: 0,02-0,16 mA<\/li>\n<li>Salida m\u00e1xima: 0.16 mA 80kVp<\/li>\n<li>C\u00e1lculo de la tasa de dosis: AKR\/DAP<\/li>\n<\/ul>\n<h3>Sistema de imagen<\/h3>\n<ul>\n<li>Detector: CMOS flat detector<\/li>\n<\/ul>\n<ul>\n<li>FOV tama\u00f1o: 4 \u00ab(10 cm) MAG, 5\u00bb (13cm) normal<\/li>\n<li>Tama\u00f1o del detector (resoluci\u00f3n): 1,3 k x 1,3 k pixeles<\/li>\n<li>tama\u00f1o del pixel (espacio): 100 micras<\/li>\n<li>DQE: (0) \u2013 70%<\/li>\n<\/ul>\n<h3>Sistema de visualizaci\u00f3n<\/h3>\n<ul>\n<li>Monitores: doble m\u00e9dico de 19 \u00ab(48 cm), LCD monocrom\u00e1tico, paneles anti-deslumbramiento<\/li>\n<li>Resoluci\u00f3n del monitor: 1280 x 1024 Pixeles<\/li>\n<li>Imagen de la exhibici\u00f3n: imagen viva primaria, di\u00e1metro de 11,4 \u00ab(29 cm)<\/li>\n<li>Tama\u00f1o de la imagen: 1.3 k x 1.3 k imagen de 16 pedacitos, imagen de la exhibici\u00f3n de 1K X1K<\/li>\n<li>Movimiento de inclinaci\u00f3n: 10 \u00b0 hacia arriba\/10 \u00b0 hacia abajo<\/li>\n<li>Swing + movimiento de rotaci\u00f3n giratoria: 180 \u00b0 + 270 \u00b0<\/li>\n<li>\u00c1ngulo de visi\u00f3n: 170 \u00b0 horizontal &amp; vertical<\/li>\n<li>Brillo m\u00e1ximo del panel: 1400Cd\/m2<\/li>\n<li>Cociente m\u00e1ximo del contraste: 1000:1<\/li>\n<li>Pantalla t\u00e1ctil: monitor derecho<\/li>\n<\/ul>\n<p>Caracter\u00edsticas de imagen<\/p>\n<ul>\n<li>Anotaci\u00f3n\/mediciones<\/li>\n<li>Smart metal<\/li>\n<li>Detecta el metal en el campo y optimiza la calidad de la imagen<\/li>\n<li>AutoTrak<\/li>\n<li>Busca autom\u00e1ticamente anatom\u00eda en cualquier lugar del campo y selecciona una t\u00e9cnica \u00f3ptima<\/li>\n<li>Zoom-roaming<\/li>\n<li>Control auto de la t\u00e9cnica de la radiograf\u00eda<\/li>\n<li>Realce del borde<\/li>\n<li>Retener la \u00faltima imagen<\/li>\n<li>Auto-guardar\/intercambio auto<\/li>\n<li>Configurable<\/li>\n<li>Reducci\u00f3n de ruido<\/li>\n<li>Reducci\u00f3n de artefactos de movimiento<\/li>\n<li>Voltear\/invertir<\/li>\n<\/ul>\n<h3>Fuentes de energ\u00eda<\/h3>\n<ul>\n<li>Bater\u00eda de reserva<\/li>\n<li>Energ\u00eda de entrada (60\/50 hertzios): 100\/110\/115\/120\/127VAC @ 4.5 a, 200\/220\/230\/VAC @ 2.3 a<\/li>\n<li>Detecci\u00f3n autom\u00e1tica de la energ\u00eda<\/li>\n<\/ul>\n<h3>Administraci\u00f3n de datos y conectividad<\/h3>\n<ul>\n<li>WaterResistantKeyboard<\/li>\n<li>Almacenaje desprendible: USB<\/li>\n<li>Almacenamiento en disco duro: 100.000 images<\/li>\n<li>Impresora: Optional<\/li>\n<li>DICOM (3,0): MPPS, RDSR \u2013 Informe estructurado de dosis de radiaci\u00f3n, consulta y recuperaci\u00f3n, modalidad Worklist, impresi\u00f3n, almacenamiento, almacenamiento compromiso<\/li>\n<li>DICOM inal\u00e1mbrico \u2013 opcional<\/li>\n<li>Frecuencia sin hilos \u2013 2.4G, 5G<\/li>\n<\/ul>\n<h3>Cumplimiento reglamentario<\/h3>\n<ul>\n<li>IEC60601-1<\/li>\n<li>S.21CFRSubchapterJ<\/li>\n<\/ul>\n<p>&nbsp;<\/p>\n","protected":false},"excerpt":{"rendered":"<p>Mini Arcos en C<\/p>\n","protected":false},"featured_media":11233,"template":"","meta":{"_acf_changed":false,"_relevanssi_hide_post":"","_relevanssi_hide_content":"","_relevanssi_pin_for_all":"","_relevanssi_pin_keywords":"","_relevanssi_unpin_keywords":"","_relevanssi_related_keywords":"","_relevanssi_related_include_ids":"","_relevanssi_related_exclude_ids":"","_relevanssi_related_no_append":"","_relevanssi_related_not_related":"","_relevanssi_related_posts":"","_relevanssi_noindex_reason":"","inline_featured_image":false},"pwb-brand":[1100],"product_brand":[],"product_cat":[53],"product_tag":[4523,3387,3995,3388,3996,3994,3381,650,655,3386,3997,3998,3993],"class_list":{"0":"post-10546","1":"product","2":"type-product","3":"status-publish","4":"has-post-thumbnail","6":"pwb-brand-equipo-medico-ge","7":"product_cat-mini-arcos-en-c","8":"product_tag-arcos-en-c-ge","9":"product_tag-ge-elite","10":"product_tag-ge-elite-mini-arcos-en-c","11":"product_tag-ge-elite-miniview","12":"product_tag-ge-elite-miniview-mini-arcos-en-c","13":"product_tag-ge-mini-arcos-en-c","14":"product_tag-ge-miniview","15":"product_tag-ge-oec","16":"product_tag-ge-oec-elite","17":"product_tag-ge-oec-elite-miniview","18":"product_tag-ge-oec-elite-miniview-mini-arcos-en-c","19":"product_tag-ge-oec-mini-arcos-en-c","20":"product_tag-mini-arcos-en-c","22":"first","23":"instock","24":"shipping-taxable","25":"purchasable","26":"product-type-simple"},"acf":[],"brands":[{"id":1100,"name":"GE","slug":"equipo-medico-ge"}],"_links":{"self":[{"href":"https:\/\/www.somatechnology.com\/spanish\/wp-json\/wp\/v2\/product\/10546","targetHints":{"allow":["GET"]}}],"collection":[{"href":"https:\/\/www.somatechnology.com\/spanish\/wp-json\/wp\/v2\/product"}],"about":[{"href":"https:\/\/www.somatechnology.com\/spanish\/wp-json\/wp\/v2\/types\/product"}],"wp:featuredmedia":[{"embeddable":true,"href":"https:\/\/www.somatechnology.com\/spanish\/wp-json\/wp\/v2\/media\/11233"}],"wp:attachment":[{"href":"https:\/\/www.somatechnology.com\/spanish\/wp-json\/wp\/v2\/media?parent=10546"}],"wp:term":[{"taxonomy":"pwb-brand","embeddable":true,"href":"https:\/\/www.somatechnology.com\/spanish\/wp-json\/wp\/v2\/pwb-brand?post=10546"},{"taxonomy":"product_brand","embeddable":true,"href":"https:\/\/www.somatechnology.com\/spanish\/wp-json\/wp\/v2\/product_brand?post=10546"},{"taxonomy":"product_cat","embeddable":true,"href":"https:\/\/www.somatechnology.com\/spanish\/wp-json\/wp\/v2\/product_cat?post=10546"},{"taxonomy":"product_tag","embeddable":true,"href":"https:\/\/www.somatechnology.com\/spanish\/wp-json\/wp\/v2\/product_tag?post=10546"}],"curies":[{"name":"wp","href":"https:\/\/api.w.org\/{rel}","templated":true}]}}