{"id":10548,"date":"2018-04-27T15:25:31","date_gmt":"2018-04-27T15:25:31","guid":{"rendered":"https:\/\/www.somatechnology.com\/spanish\/?post_type=product&#038;p=10548"},"modified":"2023-08-23T06:28:37","modified_gmt":"2023-08-23T10:28:37","slug":"hologic-fluoroscan-insight-2","status":"publish","type":"product","link":"https:\/\/www.somatechnology.com\/spanish\/equipo-medico-usado-remanufacturado\/imagenologia-radiologia\/mini-arcos-en-c\/hologic-fluoroscan-insight-2\/","title":{"rendered":"Hologic Fluoroscan Insight 2"},"content":{"rendered":"<h2>CARACTER\u00cdSTICAS DE HOLOGIC FLUOROSCAN INSIGHT 2<\/h2>\n<p>El <strong>Hologic Fluoroscan Insight 2<\/strong> es un sistema intuitivo f\u00e1cil de usar y rentable, dise\u00f1ado espec\u00edficamente para el mercado de im\u00e1genes ortop\u00e9dicas y de extremidades. Con im\u00e1genes digitales de alta calidad, funcionamiento simplificado y f\u00e1cil movilidad, el sistema es la opci\u00f3n ideal para el quir\u00f3fano, ele servicio de urgencias, la consulta del m\u00e9dico, el centro quir\u00fargico y las instalaciones de medicina deportiva. El Fluoroscan Insight 2 esta equipado\u00a0 con un intensificador de im\u00e1genes est\u00e1ndar de 6\u201d\/4\u201d y ofrece im\u00e1genes ultrafinos de fluoroscopia y de baja dosis.<\/p>\n<ul>\n<li>Luz de Alineaci\u00f3n L\u00e1ser<\/li>\n<li>Intensificador de Imagen de Alta Sensibilidad de 6\u201d\/4\u201d<\/li>\n<li>Matriz de Im\u00e1genes de 1k x 1k<\/li>\n<li>Disco Duro de Estado Solido<\/li>\n<li>Sistema Operativo Windows 7<\/li>\n<\/ul>\n<h2>ESPECIFICACIONES DE HOLOGIC FLUOROSCAN INSIGHT 2<\/h2>\n<h3>Dimensiones del Sistema Base<\/h3>\n<ul>\n<li>Huella: 28 x 32 pulg (71.1 x 81.3 cm)<\/li>\n<li>Espacio Libre de la Puerta: 30 pulg (76.2 cm) m\u00ednimo<\/li>\n<\/ul>\n<h3>Dimensiones del Arco en C<\/h3>\n<ul>\n<li>Profundidad: 16 pulg (40.6 cm)<\/li>\n<li>Espacio Libre: 14 pulg (35.5 cm)<\/li>\n<li>Rotaci\u00f3n Orbital: 120\u00b0<\/li>\n<li>Rotaci\u00f3n Horizontal: 23\u00b0<\/li>\n<li>Recorrido Vertical: 23 pulg (58.4 cm)<\/li>\n<li>Rotacci\u00f3n Pivotante: 380\u00b0<\/li>\n<li>Movimiento de Paneo: 320\u00b0<\/li>\n<\/ul>\n<h3>Rayos X<\/h3>\n<ul>\n<li>Fuente de rayos X Tubo de rayos X de \u00e1nodo de tungsteno conectado a tierra de 7.5 W de alta frecuencia<\/li>\n<li>Tama\u00f1o del punto focal 0.045 mm<\/li>\n<li>Rango de kVp del tubo 40 a 75 kVp<\/li>\n<li>Rango de corriente del tubo 0.020 a 0.100 mA<\/li>\n<li>Salido m\u00e1ximo 0.1 mA @75 kVp<\/li>\n<li>Luz de alineaci\u00f3n l\u00e1ser 60 segundos de encendido o tiempo completo IEC Clase 1C<\/li>\n<\/ul>\n<h3>Modos de Control de Rayos X<\/h3>\n<ul>\n<li>Auto IQ Modo de alta resoluci\u00f3n<\/li>\n<li>Auto Modo de imagen est\u00e1ndar<\/li>\n<li>Manual Modo de anulaci\u00f3n del usuario<\/li>\n<\/ul>\n<h3>Adquisici\u00f3n y Almacenamiento de Im\u00e1genes<\/h3>\n<ul>\n<li>Imagen est\u00e1ndar 30 fps (fotogramos por segundo)<\/li>\n<li>Grabaci\u00f3n de v\u00eddeo Cine 25 fps (fotogramos por segundo)<\/li>\n<li>Almacenamiento Disco Duro de estado s\u00f3lido (SSD) 10,000 im\u00e1genes totales\/500 por caja<\/li>\n<\/ul>\n<h3>Modos de Imagen<\/h3>\n<ul>\n<li>Instant\u00e1nea Auto terminada de un solo disparo<\/li>\n<li>Fluoroscopia continua<\/li>\n<li>Cine Fluoroscopia digital grabada<\/li>\n<\/ul>\n<h3>Opciones de Supresi\u00f3n de Ruido<\/h3>\n<ul>\n<li>Ultra\/Auto\/Alto\/Med\/Bajo\/Apagado seleccionable y configurable<\/li>\n<\/ul>\n<h3>Caracter\u00edsticas de la Imagen<\/h3>\n<ul>\n<li>Procesamiento autom\u00e1tico de im\u00e1genes<\/li>\n<li>Reducci\u00f3n autom\u00e1tico del ruido en tiempo real, mejora de los bordes y control autom\u00e1tico de la dosis<\/li>\n<li>Amplificador-zoom-pan<\/li>\n<li>Control de brilllo\/contraste<\/li>\n<li>Preferencia del m\u00e9dico configurable<\/li>\n<\/ul>\n<h3>Software \/ Conectividad<\/h3>\n<ul>\n<li>Sistema operativo Windows 7 Professional<\/li>\n<li>Conectividad Ethernet con cable inal\u00e1mbrico (opcional)<\/li>\n<li>Opciones DICOM Almac\u00e9n \u2013 con anotaci\u00f3n impresi\u00f3n, lista de trabajo de modalidad y compromiso de almacenamiento<\/li>\n<li>Almacenamiento de datos extra\u00edble puerto USB y unidad de CD\/DVD-RAM formatos de archivo de exportaci\u00f3n: JPEG, TIFF, DICOM, Fluoroscan o nativo<\/li>\n<\/ul>\n<h3>Informe de Dosis Estructurado<\/h3>\n<ul>\n<li>Productos de \u00e1rea de dosis total (DAP) (cGy*cm2), y Kerma de aire (mGy)<\/li>\n<li>Tiempo total de exposici\u00f3n (min:seg) , y exposici\u00f3n individual m\u00e1s larga (min:seg)<\/li>\n<li>Total de im\u00e1genes adquiridos y im\u00e1genes guardados<\/li>\n<li>Opciones de env\u00edo DICOM y\/o impresi\u00f3n en papel<\/li>\n<\/ul>\n<h3>Requisitos de Alimentaci\u00f3n<\/h3>\n<ul>\n<li>Tensi\u00f3n de entrada 100, 120, 220, 240 VAC seleccionable<\/li>\n<li>Frecuencia de entrada de CA 50\/60 Hz<\/li>\n<li>Frecuencia 750 vatios (m\u00e1x.)<\/li>\n<li>Protecci\u00f3n contra fallos de alimentaci\u00f3n im\u00e1genes protegidas por software<\/li>\n<\/ul>\n<h2>M\u00c1S INFORMACI\u00d3N SOBRE EL HOLOGIC FLUOROSCAN INSIGHT 2<\/h2>\n<h3>Hologic Fluoroscan Insight 2 Reconstruido<\/h3>\n<p>Soma Tech Intl ofrece el Hologic Fluoroscan Insight 2 Arco en C hasta un 50% por debajo de los precios original con el mismo servicio y garant\u00eda que los nuevos. El Fluoroscan Insight 2 no s\u00f3lo est\u00e1 t\u00e9cnicamente reacondicionado, sino que tambi\u00e9n est\u00e1 cosm\u00e9ticamente reconstruido para que funcione y se vea como nuevo. Cuando se inicia el proceso de reacondicionamiento del Insight 2, \u00e9sta cuidadosamente inspeccionado y probado por nuestros propios ingenieros biom\u00e9dicos quien son certificados para trabajar con Arco en C. Si es necesario, se reemplazan las piezas para asegurarse de que todos los aspectos del Hologic Fluoroscan Insight trabaje con eficaz. Una vez que todo est\u00e1 en orden de funcionamiento, la unidad se calibra con las especificaciones originales del fabricante. Esto asegura que la unidad est\u00e1 funcionando de la misma manera que cuando sali\u00f3 originalmente del fabricante. Despu\u00e9s de que la mesa funciona como nuevo, se somete a un proceso especial de restauraci\u00f3n cosm\u00e9tica. Se limpia, se reparan los peque\u00f1os ara\u00f1azos y abolladuras, se pinta y se sustituyen las calcoman\u00edas si es necesario. Soma Tech Intl cuenta con la certificaci\u00f3n ISO 13485 y se asegura de que se d\u00e9 la mejor calidad a todos los equipos m\u00e9dicos que venden. Antes de que el Hologic sea etiquetado como listo para el paciente y empacado para su env\u00edo, pasa por una \u00faltima prueba de control de calidad que asegura que todos los aspectos est\u00e1n funcionando de nuevo como deber\u00edan. Si desea comprar el Hologic Fluoroscan Insight 2, p\u00f3ngase en contacto con nosotros en Soma@SomaTechnology.com o ll\u00e1menos al 1-800-GET-SOMA.<\/p>\n<p>Soma Tech Intl tambi\u00e9n est\u00e1 buscando activamente para comprar un Hologic Fluoroscan Insight 2. Si usted o su instalaci\u00f3n est\u00e1 buscando vender su unidad, aseg\u00farese de ponerse en contacto con Soma Tech Intl. Soma tiene un departamento de compras dedicado en ayudar a trav\u00e9s de todo el proceso. La venta de su Arco en C usado o de segunda mano a Soma Tech Intl elimina el intermediario en la ecuaci\u00f3n. Esto tambi\u00e9n asegura que su centro m\u00e9dico obtiene el mejor precio por su equipo. Soma cumple al 100% con las normas HIPPA y se asegura de que su equipo llegue a nuestras instalaciones en las mismas condiciones en que sali\u00f3 del suyo. Soma Tech Intl tambi\u00e9n da la opci\u00f3n de cr\u00e9dito de intercambio en su equipo m\u00e9dico. Si usted o su instalaci\u00f3n est\u00e1 buscando recuperar espacio para nuevos equipos, o si usted est\u00e1 buscando para actualizar su equipo actual, p\u00f3ngase en contacto con el departamento de compras en Buyer@SomaTechnology.com o env\u00edenos un mensaje en nuestro sitio web Vender a Soma.<\/p>\n","protected":false},"excerpt":{"rendered":"<p>Mini Arcos en C<\/p>\n","protected":false},"featured_media":10550,"template":"","meta":{"_acf_changed":false,"_relevanssi_hide_post":"","_relevanssi_hide_content":"","_relevanssi_pin_for_all":"","_relevanssi_pin_keywords":"","_relevanssi_unpin_keywords":"","_relevanssi_related_keywords":"","_relevanssi_related_include_ids":"","_relevanssi_related_exclude_ids":"","_relevanssi_related_no_append":"","_relevanssi_related_not_related":"","_relevanssi_related_posts":"","_relevanssi_noindex_reason":"","inline_featured_image":false},"pwb-brand":[1124],"product_brand":[],"product_cat":[53],"product_tag":[3392,3393,3391,3390,3389,4001,4002,4000,3394,3999,3993],"class_list":{"0":"post-10548","1":"product","2":"type-product","3":"status-publish","4":"has-post-thumbnail","6":"pwb-brand-mini-arcos-en-c-hologic","7":"product_cat-mini-arcos-en-c","8":"product_tag-fluoroscan","9":"product_tag-hologic","10":"product_tag-hologic-fluoroscan","11":"product_tag-hologic-fluoroscan-insight","12":"product_tag-hologic-fluoroscan-insight-2","13":"product_tag-hologic-fluoroscan-insight-2-mini-arcos-en-c","14":"product_tag-hologic-fluoroscan-mini-arcos-en-c","15":"product_tag-hologic-mini-arcos-en-c","16":"product_tag-insight-2","17":"product_tag-insight-2-mini-arcos-en-c","18":"product_tag-mini-arcos-en-c","20":"first","21":"instock","22":"shipping-taxable","23":"purchasable","24":"product-type-simple"},"acf":[],"brands":[{"id":1124,"name":"Hologic","slug":"mini-arcos-en-c-hologic"}],"_links":{"self":[{"href":"https:\/\/www.somatechnology.com\/spanish\/wp-json\/wp\/v2\/product\/10548","targetHints":{"allow":["GET"]}}],"collection":[{"href":"https:\/\/www.somatechnology.com\/spanish\/wp-json\/wp\/v2\/product"}],"about":[{"href":"https:\/\/www.somatechnology.com\/spanish\/wp-json\/wp\/v2\/types\/product"}],"wp:featuredmedia":[{"embeddable":true,"href":"https:\/\/www.somatechnology.com\/spanish\/wp-json\/wp\/v2\/media\/10550"}],"wp:attachment":[{"href":"https:\/\/www.somatechnology.com\/spanish\/wp-json\/wp\/v2\/media?parent=10548"}],"wp:term":[{"taxonomy":"pwb-brand","embeddable":true,"href":"https:\/\/www.somatechnology.com\/spanish\/wp-json\/wp\/v2\/pwb-brand?post=10548"},{"taxonomy":"product_brand","embeddable":true,"href":"https:\/\/www.somatechnology.com\/spanish\/wp-json\/wp\/v2\/product_brand?post=10548"},{"taxonomy":"product_cat","embeddable":true,"href":"https:\/\/www.somatechnology.com\/spanish\/wp-json\/wp\/v2\/product_cat?post=10548"},{"taxonomy":"product_tag","embeddable":true,"href":"https:\/\/www.somatechnology.com\/spanish\/wp-json\/wp\/v2\/product_tag?post=10548"}],"curies":[{"name":"wp","href":"https:\/\/api.w.org\/{rel}","templated":true}]}}