{"id":10560,"date":"2018-04-27T19:04:40","date_gmt":"2018-04-27T19:04:40","guid":{"rendered":"https:\/\/www.somatechnology.com\/spanish\/?post_type=product&#038;p=10560"},"modified":"2025-09-23T10:17:05","modified_gmt":"2025-09-23T14:17:05","slug":"orthoscan-fd-or","status":"publish","type":"product","link":"https:\/\/www.somatechnology.com\/spanish\/equipo-medico-usado-remanufacturado\/imagenologia-radiologia\/mini-arcos-en-c\/orthoscan-fd-or\/","title":{"rendered":"Orthoscan FD-OR"},"content":{"rendered":"<h2>Caraster\u00edsticas Orthoscan FD-OR<\/h2>\n<p>El <strong>OrthoScan FD-OR<\/strong>\u00a0es el primer mini-brazo c con un detector plano. Este dise\u00f1o de detector plano y el factor de forma compacto permiten un posicionamiento \u00f3ptimo en el ambiente quir\u00fargico. Una calidad de imagen excepcional con un aumento de escala de grises mejora la precisi\u00f3n diagn\u00f3stica. El dise\u00f1o guiado por el usuario permite una calidad de imagen \u00f3ptima con un m\u00ednimo esfuerzo. Las luces quir\u00fargicas en la superficie subsuperficial de la fuente de rayos x reducen las sombras proporcionando luz primaria en el campo quir\u00fargico, iluminando el detalle anat\u00f3mico.<\/p>\n<ul>\n<li>El detector plano m\u00e1s fino en 2,5 \u00ab<\/li>\n<li>Sobre-rotaci\u00f3n hasta 150 \u00b0<\/li>\n<li>Luces de LED quir\u00fargicas ubicadas en la parte inferior de la cabeza del tubo<\/li>\n<li>Controles de campo bilaterales est\u00e9riles ubicados convenientemente a cada lado del ensamblaje de la cabeza del tubo<\/li>\n<li>Calidad excepcional de la imagen que demuestra los detalles finos de la Anatom\u00eda relevante<\/li>\n<li>Tecnolog\u00eda de detectores planos<\/li>\n<li>Peque\u00f1o y ligero<\/li>\n<\/ul>\n","protected":false},"excerpt":{"rendered":"<p>El OrthoScan FD-OR\u00a0es el primer mini-brazo c con un detector plano. Este dise\u00f1o de detector plano y el factor de forma compacto permiten un posicionamiento \u00f3ptimo en el ambiente quir\u00fargico. Una calidad de imagen excepcional con un aumento de escala de grises mejora la precisi\u00f3n diagn\u00f3stica. El dise\u00f1o guiado por el usuario permite una calidad de imagen \u00f3ptima con un m\u00ednimo esfuerzo.<\/p>\n","protected":false},"featured_media":11244,"template":"","meta":{"_acf_changed":false,"_relevanssi_hide_post":"","_relevanssi_hide_content":"","_relevanssi_pin_for_all":"","_relevanssi_pin_keywords":"","_relevanssi_unpin_keywords":"","_relevanssi_related_keywords":"","_relevanssi_related_include_ids":"","_relevanssi_related_exclude_ids":"","_relevanssi_related_no_append":"","_relevanssi_related_not_related":"","_relevanssi_related_posts":"","_relevanssi_noindex_reason":"","inline_featured_image":false},"pwb-brand":[10091],"product_brand":[],"product_cat":[53],"product_tag":[4008,4003,4006,4007,4009,3993,4313,4005,3404,3403,3406,4004],"class_list":{"0":"post-10560","1":"product","2":"type-product","3":"status-publish","4":"has-post-thumbnail","6":"pwb-brand-orthoscan","7":"product_cat-mini-arcos-en-c","8":"product_tag-arcos-en-c","9":"product_tag-fd","10":"product_tag-fd-or","11":"product_tag-fdor","12":"product_tag-mini","13":"product_tag-mini-arcos-en-c","14":"product_tag-mini-arcos-en-c-orthoscan","15":"product_tag-or","16":"product_tag-orthoscan","17":"product_tag-orthoscan-fd","18":"product_tag-orthoscan-fd-or","19":"product_tag-orthoscan-fdor","21":"first","22":"instock","23":"shipping-taxable","24":"purchasable","25":"product-type-simple"},"acf":[],"brands":[{"id":10091,"name":"Orthoscan","slug":"orthoscan"}],"_links":{"self":[{"href":"https:\/\/www.somatechnology.com\/spanish\/wp-json\/wp\/v2\/product\/10560","targetHints":{"allow":["GET"]}}],"collection":[{"href":"https:\/\/www.somatechnology.com\/spanish\/wp-json\/wp\/v2\/product"}],"about":[{"href":"https:\/\/www.somatechnology.com\/spanish\/wp-json\/wp\/v2\/types\/product"}],"wp:featuredmedia":[{"embeddable":true,"href":"https:\/\/www.somatechnology.com\/spanish\/wp-json\/wp\/v2\/media\/11244"}],"wp:attachment":[{"href":"https:\/\/www.somatechnology.com\/spanish\/wp-json\/wp\/v2\/media?parent=10560"}],"wp:term":[{"taxonomy":"pwb-brand","embeddable":true,"href":"https:\/\/www.somatechnology.com\/spanish\/wp-json\/wp\/v2\/pwb-brand?post=10560"},{"taxonomy":"product_brand","embeddable":true,"href":"https:\/\/www.somatechnology.com\/spanish\/wp-json\/wp\/v2\/product_brand?post=10560"},{"taxonomy":"product_cat","embeddable":true,"href":"https:\/\/www.somatechnology.com\/spanish\/wp-json\/wp\/v2\/product_cat?post=10560"},{"taxonomy":"product_tag","embeddable":true,"href":"https:\/\/www.somatechnology.com\/spanish\/wp-json\/wp\/v2\/product_tag?post=10560"}],"curies":[{"name":"wp","href":"https:\/\/api.w.org\/{rel}","templated":true}]}}