{"id":10666,"date":"2018-05-03T13:58:18","date_gmt":"2018-05-03T13:58:18","guid":{"rendered":"https:\/\/www.somatechnology.com\/spanish\/?post_type=product&#038;p=10666"},"modified":"2026-01-08T16:15:27","modified_gmt":"2026-01-08T21:15:27","slug":"ge-carescape-vc150","status":"publish","type":"product","link":"https:\/\/www.somatechnology.com\/spanish\/equipo-medico-usado-remanufacturado\/monitores-de-signos-vitales\/monitores-multiparametros\/ge-carescape-vc150\/","title":{"rendered":"GE CARESCAPE VC150"},"content":{"rendered":"<h2>Caracter\u00edsticas del GE Carescape VC150<\/h2>\n<p>El monitor <strong>GE CARESCAPE VC150<\/strong> Vital Signs ofrece mediciones cl\u00ednicas r\u00e1pidas y precisas y una conectividad EMR sin fisuras que permite a las enfermeras centrarse en el cuidado de sus pacientes mientras se documenta f\u00e1cilmente la informaci\u00f3n del paciente.<\/p>\n<ul>\n<li>Monitor configurable que puede ser utilizado para la comprobaci\u00f3n puntual o para la supervisi\u00f3n continua, proporcionandole la flexibilidad de dos dispositivos en un<\/li>\n<li>Dise\u00f1ado para uso adulto, pedi\u00e1trico y neonatal, incluyendo pacientes con bajas tasas de perfusi\u00f3n<\/li>\n<li>Incluye los mismos algoritmos para NIBP y SpO2 que otros monitores GE de mayor agudeza, ayudando a asegurar la consistencia de las mediciones en todas las \u00e1reas de atenci\u00f3n<\/li>\n<li>La medici\u00f3n no invasiva de la presi\u00f3n sangu\u00ednea utiliza la excepcional tecnolog\u00eda Dinamap de GE<\/li>\n<li>Tres opciones para la oximetr\u00eda de pulso incluyen TruSignal; El sistema del arco iris de Nellcor OxiMax o de Masimo exhibi\u00f3 tambi\u00e9n como forma de onda<\/li>\n<li>Dos opciones para la temperatura incluyen Exergen TemporalScanner y Welch Allyn SureTemp<\/li>\n<\/ul>\n","protected":false},"excerpt":{"rendered":"<p>Monitores de Signos Vitales<\/p>\n","protected":false},"featured_media":10975,"template":"","meta":{"_acf_changed":false,"_relevanssi_hide_post":"","_relevanssi_hide_content":"","_relevanssi_pin_for_all":"","_relevanssi_pin_keywords":"","_relevanssi_unpin_keywords":"","_relevanssi_related_keywords":"","_relevanssi_related_include_ids":"","_relevanssi_related_exclude_ids":"","_relevanssi_related_no_append":"","_relevanssi_related_not_related":"","_relevanssi_related_posts":"","_relevanssi_noindex_reason":"","inline_featured_image":false},"pwb-brand":[1100],"product_brand":[],"product_cat":[50,67,129],"product_tag":[2396,1773,3489,224,1772,3486,3944,3923,3531,3902,3908,3614,3896,3945,3943,3942],"class_list":{"0":"post-10666","1":"product","2":"type-product","3":"status-publish","4":"has-post-thumbnail","6":"pwb-brand-equipo-medico-ge","7":"product_cat-monitores-multiparametros","8":"product_cat-monitores-de-presin-sanguinea-no-invasiva","9":"product_cat-monitores-de-signos-vitales","10":"product_tag-2396","11":"product_tag-carescape","12":"product_tag-carescape-vc150","13":"product_tag-ge","14":"product_tag-ge-carescape","15":"product_tag-ge-carescape-vc150","16":"product_tag-ge-vc150","17":"product_tag-monitor","18":"product_tag-monitores","19":"product_tag-monitores-de-presion-sanguinea-no-invasiva","20":"product_tag-monitores-de-signos-vitales","21":"product_tag-monitores-multiparametros","22":"product_tag-multiparametros","23":"product_tag-mutliparametro","24":"product_tag-vc","25":"product_tag-vc150","27":"first","28":"instock","29":"shipping-taxable","30":"purchasable","31":"product-type-simple"},"acf":[],"brands":[{"id":1100,"name":"GE","slug":"equipo-medico-ge"}],"_links":{"self":[{"href":"https:\/\/www.somatechnology.com\/spanish\/wp-json\/wp\/v2\/product\/10666","targetHints":{"allow":["GET"]}}],"collection":[{"href":"https:\/\/www.somatechnology.com\/spanish\/wp-json\/wp\/v2\/product"}],"about":[{"href":"https:\/\/www.somatechnology.com\/spanish\/wp-json\/wp\/v2\/types\/product"}],"wp:featuredmedia":[{"embeddable":true,"href":"https:\/\/www.somatechnology.com\/spanish\/wp-json\/wp\/v2\/media\/10975"}],"wp:attachment":[{"href":"https:\/\/www.somatechnology.com\/spanish\/wp-json\/wp\/v2\/media?parent=10666"}],"wp:term":[{"taxonomy":"pwb-brand","embeddable":true,"href":"https:\/\/www.somatechnology.com\/spanish\/wp-json\/wp\/v2\/pwb-brand?post=10666"},{"taxonomy":"product_brand","embeddable":true,"href":"https:\/\/www.somatechnology.com\/spanish\/wp-json\/wp\/v2\/product_brand?post=10666"},{"taxonomy":"product_cat","embeddable":true,"href":"https:\/\/www.somatechnology.com\/spanish\/wp-json\/wp\/v2\/product_cat?post=10666"},{"taxonomy":"product_tag","embeddable":true,"href":"https:\/\/www.somatechnology.com\/spanish\/wp-json\/wp\/v2\/product_tag?post=10666"}],"curies":[{"name":"wp","href":"https:\/\/api.w.org\/{rel}","templated":true}]}}