{"id":10670,"date":"2018-05-03T14:34:11","date_gmt":"2018-05-03T14:34:11","guid":{"rendered":"https:\/\/www.somatechnology.com\/spanish\/?post_type=product&#038;p=10670"},"modified":"2023-08-23T06:28:50","modified_gmt":"2023-08-23T10:28:50","slug":"ge-dinamap-pro-1000","status":"publish","type":"product","link":"https:\/\/www.somatechnology.com\/spanish\/equipo-medico-usado-remanufacturado\/monitores-de-signos-vitales\/monitores-multiparametros\/ge-dinamap-pro-1000\/","title":{"rendered":"GE Dinamap Pro 1000"},"content":{"rendered":"<h2>Caraster\u00edsticas del Monitor de presi\u00f3n arterial GE Dinamap Pro 1000<\/h2>\n<p>El monitor del paciente de <strong>GE Dinamap PRO 1000<\/strong> le da muestras vitales de la base con 3-Lead ECG y la respiraci\u00f3n en un sistema simple con todo comprensivo. Y usted puede confiar en que este monitor est\u00e1 construido con s\u00f3lo la tecnolog\u00eda Gold Standard para lecturas m\u00e1s precisas y confiables. Marquette ECG con EK-Pro y respiraciones ofrece la comodidad de que las arritmias letales ser\u00e1n llevados a su atenci\u00f3n, el Dinamap PRO 1000 tambi\u00e9n ofrece Dinamap presi\u00f3n arterial no invasiva y la tasa de pulso utilizando la tecnolog\u00eda que ha sido cl\u00ednicamente-probado a ser m\u00e1s precisos que los modelos competitivos, especialmente en pacientes hipertensos e hipotensos. IVAC TurboTemp toma una temperatura exacta en aproximadamente 7 segundos. Y, ofrecemos una opci\u00f3n entre las tecnolog\u00edas principales de SpO2. Masimo conjunto o Nellcor OxiMax minimizar\u00e1 falsas alarmas, mientras que proporcionar valores precisos SpO2.<\/p>\n<ul>\n<li>ECG<\/li>\n<li>Temperatura<\/li>\n<li>NIBP<\/li>\n<li>Grabadora<\/li>\n<li>SpO2<\/li>\n<li>Pantalla de color<\/li>\n<\/ul>\n<h2>Especificaciones del GE Dinamap Pro 1000<\/h2>\n<h3>Dimensiones<\/h3>\n<ul>\n<li>Altura: 12 \u2033 (30,5 cm)<\/li>\n<li>Anchura: 15,5 \u2033 (36,8 cm)<\/li>\n<li>Profundidad: 4 \u2033 (10,2 cm)<\/li>\n<li>Peso: 12 lbs (5.5 kg)<\/li>\n<\/ul>\n<h3>ECG<\/h3>\n<ul>\n<li>Transductores disponibles: configuraci\u00f3n 3-Lead, I, II, III, MCL1.<\/li>\n<\/ul>\n<h3>Gama de amplitud de QRS<\/h3>\n<ul>\n<li>0,5 a 5,0 mV. Gama de la duraci\u00f3n de QRS: 40 a 120 ms.<\/li>\n<\/ul>\n<h3>Exactitud del ritmo card\u00edaco<\/h3>\n<ul>\n<li>30 a 300 (adulto\/PED)\/30 a 300 (reci\u00e9n nacido) latidos\/min \u00b1 1 BPM o 1% de la lectura, cualquiera que sea mayor.<\/li>\n<\/ul>\n<h3>Resoluci\u00f3n card\u00edaco<\/h3>\n<ul>\n<li>1 beat\/min<\/li>\n<\/ul>\n<h3>NIBP<\/h3>\n<ul>\n<li>Oscilom\u00e9trico con deflaci\u00f3n escalonada.<\/li>\n<\/ul>\n<h3>Modos<\/h3>\n<ul>\n<li>manual, automatico, stat.<\/li>\n<\/ul>\n<p>Sist\u00f3lica<\/p>\n<ul>\n<li>30 a 290 mmHg (adulto\/PED), 30 a 140 mmHg (reci\u00e9n nacido).<\/li>\n<\/ul>\n<h3>MAP<\/h3>\n<ul>\n<li>20 a 260 mmHg (adulto\/PED), 20 a 125 mmHg (reci\u00e9n nacido).<\/li>\n<\/ul>\n<h3>Diast\u00f3lica<\/h3>\n<ul>\n<li>10 a 220 mmHg (adulto\/PED), 10 a 110 mmHg (reci\u00e9n nacido).<\/li>\n<\/ul>\n<h3>Resoluci\u00f3n<\/h3>\n<ul>\n<li>1 mmHg.<\/li>\n<\/ul>\n<h3>Pulso<\/h3>\n<ul>\n<li>30 a 200 BPM \u00b1 3,5% (adulto\/PED), 30 a 220 BPM \u00b1 3,5% (reci\u00e9n nacido).<\/li>\n<\/ul>\n<h3>SpO2<\/h3>\n<ul>\n<li>0% \u2013 100%.<\/li>\n<\/ul>\n<h3>Precisi\u00f3n<\/h3>\n<ul>\n<li>0% \u2013 69% no especificado.<\/li>\n<\/ul>\n<h3>Rango de frecuencia de pulso<\/h3>\n<ul>\n<li>20 a 250 beats\/min. Accuracy: \u00b1 3 beats\/min.<\/li>\n<\/ul>\n<h3>Escala de temperatura<\/h3>\n<ul>\n<li>\u00b0 f y \u00b0 c. Rango: 88.9 \u00b0 f (31.6 \u00b0 c) a 108 \u00b0 f (42.3 \u00b0 c). Precisi\u00f3n: \u00b11.0\u00b0F (\u00b10.6\u00b0C).<\/li>\n<\/ul>\n<h3>Resoluci\u00f3n<\/h3>\n<ul>\n<li>0,1 \u00b0 f (0,1 \u00ba c). Resoluci\u00f3n: 0.1\u00b0F (0.1\u00b0C)<\/li>\n<\/ul>\n<h3>Capacidad de la bater\u00eda<\/h3>\n<ul>\n<li>0 amp-hr.<\/li>\n<\/ul>\n<h3>Duraci\u00f3n de la bater\u00eda<\/h3>\n<ul>\n<li>120 minutos (\u00b1 10 minutos) usando la bater\u00eda interna completamente cargada.<\/li>\n<\/ul>\n<h3>Tiempo de la carga<\/h3>\n<ul>\n<li>3 horas maximo con el monitor apagado y 4 horas maximo con el monitor encendido.<\/li>\n<\/ul>\n<p>&nbsp;<\/p>\n","protected":false},"excerpt":{"rendered":"<p>Monitores Multiparametros<\/p>\n","protected":false},"featured_media":22599,"template":"","meta":{"_acf_changed":false,"_relevanssi_hide_post":"","_relevanssi_hide_content":"","_relevanssi_pin_for_all":"","_relevanssi_pin_keywords":"","_relevanssi_unpin_keywords":"","_relevanssi_related_keywords":"","_relevanssi_related_include_ids":"","_relevanssi_related_exclude_ids":"","_relevanssi_related_no_append":"","_relevanssi_related_not_related":"","_relevanssi_related_posts":"","_relevanssi_noindex_reason":"","inline_featured_image":false},"pwb-brand":[1100],"product_brand":[],"product_cat":[50],"product_tag":[1818,3905,3498,3501,3496,224,3929,833,3495,3494,3920,3928,3923,3703,3531,3614,3930,3896,3926,3927],"class_list":{"0":"post-10670","1":"product","2":"type-product","3":"status-publish","4":"has-post-thumbnail","6":"pwb-brand-equipo-medico-ge","7":"product_cat-monitores-multiparametros","8":"product_tag-1818","9":"product_tag-dinamap","10":"product_tag-dinamap-1000","11":"product_tag-dinamap-pro","12":"product_tag-dinamap-pro-1000","13":"product_tag-ge","14":"product_tag-ge-1000","15":"product_tag-ge-dinamap","16":"product_tag-ge-dinamap-pro","17":"product_tag-ge-dinamap-pro-1000","18":"product_tag-ge-pro","19":"product_tag-ge-pro-1000","20":"product_tag-monitor","21":"product_tag-monitor-multiparametro","22":"product_tag-monitores","23":"product_tag-monitores-multiparametros","24":"product_tag-multiparametro","25":"product_tag-multiparametros","26":"product_tag-pro","27":"product_tag-pro-1000","29":"first","30":"instock","31":"shipping-taxable","32":"purchasable","33":"product-type-simple"},"acf":[],"brands":[{"id":1100,"name":"GE","slug":"equipo-medico-ge"}],"_links":{"self":[{"href":"https:\/\/www.somatechnology.com\/spanish\/wp-json\/wp\/v2\/product\/10670","targetHints":{"allow":["GET"]}}],"collection":[{"href":"https:\/\/www.somatechnology.com\/spanish\/wp-json\/wp\/v2\/product"}],"about":[{"href":"https:\/\/www.somatechnology.com\/spanish\/wp-json\/wp\/v2\/types\/product"}],"wp:featuredmedia":[{"embeddable":true,"href":"https:\/\/www.somatechnology.com\/spanish\/wp-json\/wp\/v2\/media\/22599"}],"wp:attachment":[{"href":"https:\/\/www.somatechnology.com\/spanish\/wp-json\/wp\/v2\/media?parent=10670"}],"wp:term":[{"taxonomy":"pwb-brand","embeddable":true,"href":"https:\/\/www.somatechnology.com\/spanish\/wp-json\/wp\/v2\/pwb-brand?post=10670"},{"taxonomy":"product_brand","embeddable":true,"href":"https:\/\/www.somatechnology.com\/spanish\/wp-json\/wp\/v2\/product_brand?post=10670"},{"taxonomy":"product_cat","embeddable":true,"href":"https:\/\/www.somatechnology.com\/spanish\/wp-json\/wp\/v2\/product_cat?post=10670"},{"taxonomy":"product_tag","embeddable":true,"href":"https:\/\/www.somatechnology.com\/spanish\/wp-json\/wp\/v2\/product_tag?post=10670"}],"curies":[{"name":"wp","href":"https:\/\/api.w.org\/{rel}","templated":true}]}}