{"id":10673,"date":"2018-05-03T14:48:28","date_gmt":"2018-05-03T14:48:28","guid":{"rendered":"https:\/\/www.somatechnology.com\/spanish\/?post_type=product&#038;p=10673"},"modified":"2023-08-23T06:28:51","modified_gmt":"2023-08-23T10:28:51","slug":"ge-dinamap-pro-300","status":"publish","type":"product","link":"https:\/\/www.somatechnology.com\/spanish\/equipo-medico-usado-remanufacturado\/monitores-de-signos-vitales\/monitores-de-presin-sanguinea-no-invasiva\/ge-dinamap-pro-300\/","title":{"rendered":"GE Dinamap Pro 300"},"content":{"rendered":"<h2>Caraster\u00edsticas del GE Dinamap Pro 300<\/h2>\n<p>El monitor <strong>GE Dinamap Pro 300<\/strong> mejora la productividad con funciones f\u00e1ciles de usar y una estructura de men\u00fas intuitiva. Con un brazalete de BP de tama\u00f1o adecuado en su lugar, simplemente presione la perilla grande de color gris para tomar una lectura de BP. Es as\u00ed de f\u00e1cil. Todos los monitores de la serie Dinamap Pro son completamente aumentables para que puedan crecer con sus necesidades cambiantes. Con GE Healthcare obtendr\u00e1 m\u00e1s que un monitor. Obtienes un socio estrat\u00e9gico y una soluci\u00f3n total.<\/p>\n<ul>\n<li>Comprensivo \u2013 un monitor para toda la gama de las poblaciones de pacientes \u2013 neonatal, pedi\u00e1trico, y adulto<\/li>\n<li>Vers\u00e1til \u2013 utilizado en ER, cirug\u00eda ambulatoria, endoscopia, laboratorio GI, procedimientos especiales, recuperaci\u00f3n\/Paco, telemetr\u00eda, Med-Surgery, y mano de obra y parto<\/li>\n<li>F\u00e1cil de usar: interfaz de usuario com\u00fan con monitores GE en todo el continuum de atenci\u00f3n, por lo que las enfermeras flotantes pueden evaluar a los pacientes con el toque de un bot\u00f3n<\/li>\n<li>Tecnolog\u00eda Dinamap NIBP \u2013 disponible en monitores GE<\/li>\n<li>Calidad y confiabilidad de Six Sigma: la calidad incorporada significa lecturas exactas<\/li>\n<li>Opciones de conectividad<\/li>\n<\/ul>\n<h2>Especificaciones del GE Dinamap Pro 300<\/h2>\n<h3>Dimensiones<\/h3>\n<ul>\n<li>Dimensiones: 24,8 x 24,8 x 17,5 (9,8 x 9,8 x 6,9)<\/li>\n<li>Peso (kilogramo): 3,5 (7,8)<\/li>\n<li>Tama\u00f1os del pun \u00a2 o: 5 reci\u00e9n nacidos, infante, ni\u00f1o, adulto peque\u00f1o, adulto, adulto grande; muslo y tama\u00f1os largos<\/li>\n<li>Tiempo de medici\u00f3n (segundos): 20-45 t\u00edpico; 120 m\u00e1ximo, adulto; 85 m\u00e1ximo, reci\u00e9n nacido<\/li>\n<\/ul>\n<h3>Informaci\u00f3n General<\/h3>\n<ul>\n<li>Tecnolog\u00eda Dinamap est\u00e1ndar del oro para la presi\u00f3n arterial<\/li>\n<li>Elija el SpO2 m\u00e1s exacto disponible<\/li>\n<li>Selecci\u00f3n del patr\u00f3n de oro Masimo Set \u00ae, o Nellcor \u00ae OxiMax &#x2122;<\/li>\n<li>Actualizable para incluir IVAC \u00ae TurboTemp &#x2122; \u2013 temperatura exacta en aproximadamente 7 segundos<\/li>\n<li>Opciones flexibles del montaje-soporte portable o rodante<\/li>\n<li>La memoria almacena hasta 100 determinaciones dentro de un per\u00edodo de 24 horas<\/li>\n<li>Protecci\u00f3n del ingreso del agua<\/li>\n<li>El est\u00e1ndar de referencia intra-arterial para la presi\u00f3n arterial usando la t\u00e9cnica oscilom\u00e9trico<\/li>\n<li>Perilla de recorte para facilitar su uso<\/li>\n<\/ul>\n<p>&nbsp;<\/p>\n","protected":false},"excerpt":{"rendered":"<p>Monitores de Presi\u00f3n Sanguinea no Invasiva<\/p>\n","protected":false},"featured_media":10965,"template":"","meta":{"_acf_changed":false,"_relevanssi_hide_post":"","_relevanssi_hide_content":"","_relevanssi_pin_for_all":"","_relevanssi_pin_keywords":"","_relevanssi_unpin_keywords":"","_relevanssi_related_keywords":"","_relevanssi_related_include_ids":"","_relevanssi_related_exclude_ids":"","_relevanssi_related_no_append":"","_relevanssi_related_not_related":"","_relevanssi_related_posts":"","_relevanssi_noindex_reason":"","inline_featured_image":false},"pwb-brand":[1100],"product_brand":[],"product_cat":[67,50],"product_tag":[1768,3905,3501,3500,224,3922,833,832,3495,3499,3920,3923,3925,3531,3924,3902,3614,3896,3921],"class_list":{"0":"post-10673","1":"product","2":"type-product","3":"status-publish","4":"has-post-thumbnail","6":"pwb-brand-equipo-medico-ge","7":"product_cat-monitores-de-presin-sanguinea-no-invasiva","8":"product_cat-monitores-multiparametros","9":"product_tag-1768","10":"product_tag-dinamap","11":"product_tag-dinamap-pro","12":"product_tag-dinamap-pro-300","13":"product_tag-ge","14":"product_tag-ge-300","15":"product_tag-ge-dinamap","16":"product_tag-ge-dinamap-300","17":"product_tag-ge-dinamap-pro","18":"product_tag-ge-dinamap-pro-300","19":"product_tag-ge-pro","20":"product_tag-monitor","21":"product_tag-monitore-multiparametro","22":"product_tag-monitores","23":"product_tag-monitores-de-presion","24":"product_tag-monitores-de-presion-sanguinea-no-invasiva","25":"product_tag-monitores-multiparametros","26":"product_tag-multiparametros","27":"product_tag-pro-300","29":"first","30":"instock","31":"shipping-taxable","32":"purchasable","33":"product-type-simple"},"acf":[],"brands":[{"id":1100,"name":"GE","slug":"equipo-medico-ge"}],"_links":{"self":[{"href":"https:\/\/www.somatechnology.com\/spanish\/wp-json\/wp\/v2\/product\/10673","targetHints":{"allow":["GET"]}}],"collection":[{"href":"https:\/\/www.somatechnology.com\/spanish\/wp-json\/wp\/v2\/product"}],"about":[{"href":"https:\/\/www.somatechnology.com\/spanish\/wp-json\/wp\/v2\/types\/product"}],"wp:featuredmedia":[{"embeddable":true,"href":"https:\/\/www.somatechnology.com\/spanish\/wp-json\/wp\/v2\/media\/10965"}],"wp:attachment":[{"href":"https:\/\/www.somatechnology.com\/spanish\/wp-json\/wp\/v2\/media?parent=10673"}],"wp:term":[{"taxonomy":"pwb-brand","embeddable":true,"href":"https:\/\/www.somatechnology.com\/spanish\/wp-json\/wp\/v2\/pwb-brand?post=10673"},{"taxonomy":"product_brand","embeddable":true,"href":"https:\/\/www.somatechnology.com\/spanish\/wp-json\/wp\/v2\/product_brand?post=10673"},{"taxonomy":"product_cat","embeddable":true,"href":"https:\/\/www.somatechnology.com\/spanish\/wp-json\/wp\/v2\/product_cat?post=10673"},{"taxonomy":"product_tag","embeddable":true,"href":"https:\/\/www.somatechnology.com\/spanish\/wp-json\/wp\/v2\/product_tag?post=10673"}],"curies":[{"name":"wp","href":"https:\/\/api.w.org\/{rel}","templated":true}]}}