{"id":10930,"date":"2018-05-18T15:52:30","date_gmt":"2018-05-18T15:52:30","guid":{"rendered":"https:\/\/www.somatechnology.com\/spanish\/?post_type=product&#038;p=10930"},"modified":"2023-08-23T06:28:59","modified_gmt":"2023-08-23T10:28:59","slug":"zeiss-opmi-lumera-t","status":"publish","type":"product","link":"https:\/\/www.somatechnology.com\/spanish\/equipo-medico-usado-remanufacturado\/microscopios-de-cirugia\/zeiss-opmi-lumera-t\/","title":{"rendered":"Zeiss OPMI LUMERA T"},"content":{"rendered":"<h2>Caracter\u00edsticas Zeiss OPMI LUMERA T<\/h2>\n<p>El <strong>Zeiss Opmi LUMERA T<\/strong> es un microscopio quir\u00fargico con una iluminaci\u00f3n coaxial est\u00e9reo (SCI). Incluso con los ojos fuertemente pigmentados, descentrados, y ametropic, el LUMERA T produce una visi\u00f3n de alta resoluci\u00f3n y un alto-contraste. Este microscopio LUMERA ofrece un bulbo de reserva si es necesario y se integra con la iluminaci\u00f3n del xen\u00f3n del ojo de Superlux. La iluminaci\u00f3n del xen\u00f3n del ojo de Superlux permite que usted vea la estructura anat\u00f3mica del ojo en sus colores naturales y en detalle altamente exacto. Opcionalmente este microscopio puede equiparse con un microscopio de asistente completamente independiente.<\/p>\n<ul>\n<li>Reflejo rojo instant\u00e1neo.<\/li>\n<li>Impresi\u00f3n de color natural.<\/li>\n<li>Sistema de gesti\u00f3n de la profundidad de campo DeepView.<\/li>\n<li>Frenos magn\u00e9ticos que hacen muy simple el posicionamiento del microscopio quir\u00fargico.<\/li>\n<li>Control autom\u00e1tico de la luz.<\/li>\n<li>\u00d3ptica: apocrom\u00e1tica<\/li>\n<li>Cociente motorizado del zumbido: 1:6<\/li>\n<li>Fuente de luz: xen\u00f3n del ojo de Superlux<\/li>\n<li>Lente objetiva: f = 200<\/li>\n<\/ul>\n<h2>Especificaciones Zeiss OPMI LUMERA T<\/h2>\n<h3>Microscopio Quir\u00fargico<\/h3>\n<ul>\n<li>\u00d3ptica apocrom\u00e1tica<\/li>\n<li>Zoom motorizado: 1:6 zoom ratio<\/li>\n<li>Factores de la ampliaci\u00f3n: 0,4 a 2,4 &gt;<\/li>\n<li>Rango de enfoque: 50 mm<\/li>\n<li>Tubo binocular: Invertertube (opcional 0-180 \u00b0 tubo inclinable)<\/li>\n<li>Oculares: 10x (12.5 x opcional)<\/li>\n<li>Lente objetiva: f = 200 mm (f = 175 mm opcional)<\/li>\n<li>DeepView: sistema de gesti\u00f3n de la profundidad del campo<\/li>\n<li>Microscopio de asistente integrado<\/li>\n<li>Completamente estereosc\u00f3pico<\/li>\n<\/ul>\n<h3>Iluminaci\u00f3n<\/h3>\n<ul>\n<li>SCI: iluminaci\u00f3n reflejo rojo y iluminaci\u00f3n de campo circundante, ambos regulables, patente pendiente<\/li>\n<li>Dispositivo de protecci\u00f3n retinal<\/li>\n<li>Iluminaci\u00f3n \u00f3ptica de fibra<\/li>\n<li>Fuente de luz<\/li>\n<\/ul>\n<h3>Fuente de luz<\/h3>\n<ul>\n<li>Fuente de luz del xen\u00f3n del ojo de Superlux con el cambio manual del bulbo<\/li>\n<li>Filtro HaMode<\/li>\n<li>Opcional: fuente de luz del hal\u00f3geno 12V, 100W con el cambio completamente autom\u00e1tico del bulbo en caso de la falta de la l\u00e1mpara<\/li>\n<li>Opci\u00f3n: fuente de luz dual del hal\u00f3geno<\/li>\n<li>Opcional: fuente de luz del combi del xen\u00f3n\/del hal\u00f3geno<\/li>\n<li>Filtro de barrera UV integrado de 408 Nm<\/li>\n<li>Filtro azul-que bloquea<\/li>\n<li>Opcional: filtro de fluorescencia<\/li>\n<\/ul>\n<h3>Acoplamiento X Y<\/h3>\n<ul>\n<li>Rango de ajuste de 40 mm x 40 mm<\/li>\n<li>Bot\u00f3n para posiciones de arranque del acoplamiento X-y y enfoque<\/li>\n<\/ul>\n<h3>Peso<\/h3>\n<ul>\n<li>13,7 kg (30,2 lb) (con Invertertube, microscopio integrado de la ayudante, lente objetiva, y oculares)<\/li>\n<\/ul>\n<h3>Sistema de suspensi\u00f3n<\/h3>\n<ul>\n<li>Soporte de piso S88<\/li>\n<li>Montaje del techo S8<\/li>\n<li>Montaje de techo S81<\/li>\n<li>Carga m\u00e1xima: 20 kilogramos (44,1 lb) (equipo completo del microscopio, incluyendo los accesorios)<\/li>\n<\/ul>\n<p>&nbsp;<\/p>\n","protected":false},"excerpt":{"rendered":"<p>Microscopios de Cirug\u00eda<\/p>\n","protected":false},"featured_media":10931,"template":"","meta":{"_acf_changed":false,"_relevanssi_hide_post":"","_relevanssi_hide_content":"","_relevanssi_pin_for_all":"","_relevanssi_pin_keywords":"","_relevanssi_unpin_keywords":"","_relevanssi_related_keywords":"","_relevanssi_related_include_ids":"","_relevanssi_related_exclude_ids":"","_relevanssi_related_no_append":"","_relevanssi_related_not_related":"","_relevanssi_related_posts":"","_relevanssi_noindex_reason":"","inline_featured_image":false},"pwb-brand":[1062],"product_brand":[],"product_cat":[69],"product_tag":[3855,3873,3858,4327,4328,965,3856,3874,3872,767,3865,3875,4326,765,3854,3871,3876],"class_list":{"0":"post-10930","1":"product","2":"type-product","3":"status-publish","4":"has-post-thumbnail","6":"pwb-brand-zeiss","7":"product_cat-microscopios-de-cirugia","8":"product_tag-lumera","9":"product_tag-lumera-t","10":"product_tag-microscopios-de-cirugia","11":"product_tag-microscopios-de-cirugia-zeiss","12":"product_tag-microscopios-de-cirugia-zeiss-opmi-lumera","13":"product_tag-opmi","14":"product_tag-opmi-lumera","15":"product_tag-opmi-lumera-t","16":"product_tag-t","17":"product_tag-zeiss","18":"product_tag-zeiss-lumera","19":"product_tag-zeiss-lumera-t","20":"product_tag-zeiss-microscopios-de-cirugia","21":"product_tag-zeiss-opmi","22":"product_tag-zeiss-opmi-lumera","23":"product_tag-zeiss-opmi-lumera-t","24":"product_tag-zeiss-t","26":"first","27":"instock","28":"shipping-taxable","29":"purchasable","30":"product-type-simple"},"acf":[],"brands":[{"id":1062,"name":"Zeiss","slug":"zeiss"}],"_links":{"self":[{"href":"https:\/\/www.somatechnology.com\/spanish\/wp-json\/wp\/v2\/product\/10930","targetHints":{"allow":["GET"]}}],"collection":[{"href":"https:\/\/www.somatechnology.com\/spanish\/wp-json\/wp\/v2\/product"}],"about":[{"href":"https:\/\/www.somatechnology.com\/spanish\/wp-json\/wp\/v2\/types\/product"}],"wp:featuredmedia":[{"embeddable":true,"href":"https:\/\/www.somatechnology.com\/spanish\/wp-json\/wp\/v2\/media\/10931"}],"wp:attachment":[{"href":"https:\/\/www.somatechnology.com\/spanish\/wp-json\/wp\/v2\/media?parent=10930"}],"wp:term":[{"taxonomy":"pwb-brand","embeddable":true,"href":"https:\/\/www.somatechnology.com\/spanish\/wp-json\/wp\/v2\/pwb-brand?post=10930"},{"taxonomy":"product_brand","embeddable":true,"href":"https:\/\/www.somatechnology.com\/spanish\/wp-json\/wp\/v2\/product_brand?post=10930"},{"taxonomy":"product_cat","embeddable":true,"href":"https:\/\/www.somatechnology.com\/spanish\/wp-json\/wp\/v2\/product_cat?post=10930"},{"taxonomy":"product_tag","embeddable":true,"href":"https:\/\/www.somatechnology.com\/spanish\/wp-json\/wp\/v2\/product_tag?post=10930"}],"curies":[{"name":"wp","href":"https:\/\/api.w.org\/{rel}","templated":true}]}}