{"id":10933,"date":"2018-05-18T16:00:32","date_gmt":"2018-05-18T16:00:32","guid":{"rendered":"https:\/\/www.somatechnology.com\/spanish\/?post_type=product&#038;p=10933"},"modified":"2023-08-23T06:29:00","modified_gmt":"2023-08-23T10:29:00","slug":"zeiss-opmi-lumera-300","status":"publish","type":"product","link":"https:\/\/www.somatechnology.com\/spanish\/equipo-medico-usado-remanufacturado\/microscopios-de-cirugia\/zeiss-opmi-lumera-300\/","title":{"rendered":"Zeiss OPMI LUMERA 300"},"content":{"rendered":"<h2>Caracter\u00edsticas del Zeiss OPMI LUMERA 300<\/h2>\n<p>El <strong>Zeiss Opmi LUMERA 300<\/strong> es un gran microscopio quir\u00fargico para la \u00f3ptica y la iluminaci\u00f3n para la cirug\u00eda de la catarata y la retina. El LUMERA ofrece la tecnolog\u00eda de iluminaci\u00f3n LED BightFLex y la \u00f3ptica apocrom\u00e1tica que proporcionan una visi\u00f3n excepcional y una resoluci\u00f3n excepcional. BrightFlex es un LED electr\u00f3nico variable que ofrece reflujo rojo mejorado para mayor confianza en la cirug\u00eda de cataratas. Este microscopio proporciona claridad y detalle excelentes todo mientras que reduce la cantidad de exposici\u00f3n ligera para su paciente. Opcionalmente, el LUMERA 300 puede presentar un microscopio de asistente totalmente independiente que no requiere luz del microscopio principal.<\/p>\n<ul>\n<li>\u00a0Dise\u00f1o sin complicaciones.<\/li>\n<li>Iluminaci\u00f3n BrightFlex.<\/li>\n<li>Reducci\u00f3n de la exposici\u00f3n a la luz para sus pacientes.<\/li>\n<li>\u00d3ptica apocrom\u00e1tica.<\/li>\n<li>Gama de enfoque: 48 mm<\/li>\n<li>Lente objetiva: f = 200 mm<\/li>\n<li>Ocular granangular: 12.5 x<\/li>\n<li>Floorstand: S200<\/li>\n<\/ul>\n<h2>Especificaciones del Zeiss OPMI LUMERA 300<\/h2>\n<h3>\u00d3ptica<\/h3>\n<ul>\n<li>Gama de enfoque: 48 mm<\/li>\n<li>Lente objetiva: f = 200 mm<\/li>\n<li>Ocular del ancho-campo: 12,5 x<\/li>\n<li>Ampliaci\u00f3n: manual de 5 pasos o motorizado<\/li>\n<li>Tubo binocular: 45 \u00b0 tubo inclinado o 180 \u00b0 tubo giratorio con f = 170 mm<\/li>\n<li>\u00d3ptica apocrom\u00e1tica: s\u00ed<\/li>\n<\/ul>\n<h3>Iluminaci\u00f3n<\/h3>\n<ul>\n<li>Iluminaci\u00f3n BrightFlex: s\u00ed<\/li>\n<li>Fuente de luz del LED: s\u00ed<\/li>\n<li>Filtros: realce del color, HaMode, azul-bloqueando<\/li>\n<\/ul>\n<h3>Operaci\u00f3n<\/h3>\n<ul>\n<li>Panel de control de pie con cable: s\u00ed<\/li>\n<li>X Y acoplamiento: opcional<\/li>\n<li>Soporte del piso: S200<\/li>\n<\/ul>\n<p>&nbsp;<\/p>\n","protected":false},"excerpt":{"rendered":"<p>Microscopios de Cirug\u00eda<\/p>\n","protected":false},"featured_media":10934,"template":"","meta":{"_acf_changed":false,"_relevanssi_hide_post":"","_relevanssi_hide_content":"","_relevanssi_pin_for_all":"","_relevanssi_pin_keywords":"","_relevanssi_unpin_keywords":"","_relevanssi_related_keywords":"","_relevanssi_related_include_ids":"","_relevanssi_related_exclude_ids":"","_relevanssi_related_no_append":"","_relevanssi_related_not_related":"","_relevanssi_related_posts":"","_relevanssi_noindex_reason":"","inline_featured_image":false},"pwb-brand":[1062],"product_brand":[],"product_cat":[69],"product_tag":[1768,3860,3855,3878,3859,3858,4327,965,3856,3879,767,3882,3865,3880,4326,765,3881,3854,3877],"class_list":{"0":"post-10933","1":"product","2":"type-product","3":"status-publish","4":"has-post-thumbnail","6":"pwb-brand-zeiss","7":"product_cat-microscopios-de-cirugia","8":"product_tag-1768","9":"product_tag-cirugia","10":"product_tag-lumera","11":"product_tag-lumera-300","12":"product_tag-microscopios","13":"product_tag-microscopios-de-cirugia","14":"product_tag-microscopios-de-cirugia-zeiss","15":"product_tag-opmi","16":"product_tag-opmi-lumera","17":"product_tag-opmi-lumera-300","18":"product_tag-zeiss","19":"product_tag-zeiss-300-microscopios-de-cirugia","20":"product_tag-zeiss-lumera","21":"product_tag-zeiss-lumera-300","22":"product_tag-zeiss-microscopios-de-cirugia","23":"product_tag-zeiss-opmi","24":"product_tag-zeiss-opmi-300","25":"product_tag-zeiss-opmi-lumera","26":"product_tag-zeiss-opmi-lumera-300","28":"first","29":"instock","30":"shipping-taxable","31":"purchasable","32":"product-type-simple"},"acf":[],"brands":[{"id":1062,"name":"Zeiss","slug":"zeiss"}],"_links":{"self":[{"href":"https:\/\/www.somatechnology.com\/spanish\/wp-json\/wp\/v2\/product\/10933","targetHints":{"allow":["GET"]}}],"collection":[{"href":"https:\/\/www.somatechnology.com\/spanish\/wp-json\/wp\/v2\/product"}],"about":[{"href":"https:\/\/www.somatechnology.com\/spanish\/wp-json\/wp\/v2\/types\/product"}],"wp:featuredmedia":[{"embeddable":true,"href":"https:\/\/www.somatechnology.com\/spanish\/wp-json\/wp\/v2\/media\/10934"}],"wp:attachment":[{"href":"https:\/\/www.somatechnology.com\/spanish\/wp-json\/wp\/v2\/media?parent=10933"}],"wp:term":[{"taxonomy":"pwb-brand","embeddable":true,"href":"https:\/\/www.somatechnology.com\/spanish\/wp-json\/wp\/v2\/pwb-brand?post=10933"},{"taxonomy":"product_brand","embeddable":true,"href":"https:\/\/www.somatechnology.com\/spanish\/wp-json\/wp\/v2\/product_brand?post=10933"},{"taxonomy":"product_cat","embeddable":true,"href":"https:\/\/www.somatechnology.com\/spanish\/wp-json\/wp\/v2\/product_cat?post=10933"},{"taxonomy":"product_tag","embeddable":true,"href":"https:\/\/www.somatechnology.com\/spanish\/wp-json\/wp\/v2\/product_tag?post=10933"}],"curies":[{"name":"wp","href":"https:\/\/api.w.org\/{rel}","templated":true}]}}