{"id":10939,"date":"2018-05-18T16:16:17","date_gmt":"2018-05-18T16:16:17","guid":{"rendered":"https:\/\/www.somatechnology.com\/spanish\/?post_type=product&#038;p=10939"},"modified":"2023-08-23T06:29:02","modified_gmt":"2023-08-23T10:29:02","slug":"philips-intellivue-mx40","status":"publish","type":"product","link":"https:\/\/www.somatechnology.com\/spanish\/equipo-medico-usado-remanufacturado\/monitores-de-signos-vitales\/monitores-multiparametros\/philips-intellivue-mx40\/","title":{"rendered":"Philips IntelliVue MX40"},"content":{"rendered":"<h2>Caracter\u00edsticas del Philips IntelliVue MX40<\/h2>\n<p>El <strong>Philips IntelliVue MX40<\/strong> es un monitor de paciente usable. Est\u00e1 dise\u00f1ado para apoyar a los pacientes ambulatorios para el ECG continuo y opcionalmente, SpO2, y la respiraci\u00f3n de la impedancia. Las opciones de radio de corto alcance permiten la conexi\u00f3n a las mediciones de cable IntelliVue o un monitor de paciente IntelliVue para par\u00e1metros adicionales. La pantalla en el IntelliVue MX40 proporciona acceso inmediato a la informaci\u00f3n del paciente en el punto de atenci\u00f3n. El plomo 6 y dos V-plomos se pueden utilizar para diagnosticar anormalidades cardiacas m\u00faltiples, incluyendo taquicardias complejas del ancho-QRS e isquemia\/infarto agudos del miocardio.<\/p>\n<ul>\n<li>F\u00e1cil para los cl\u00ednicos para utilizar y c\u00f3modo para que los pacientes usen.<\/li>\n<li>2,8 \u00abcolor, exhibici\u00f3n de la pantalla t\u00e1ctil.<\/li>\n<li>Sistema de cable inteligente, multi-medici\u00f3n disponible para uso con suministros reutilizables y de un solo paciente.<\/li>\n<li>R\u00e1pido SpO2 (medici\u00f3n continua, autom\u00e1tica o manual)<\/li>\n<li>Est\u00e1ndar, Easi, o Hexad ECG selecci\u00f3n del sistema de plomo.<\/li>\n<li>Comunicaci\u00f3n con monitores de paciente IntelliVue y mediciones sin cable a trav\u00e9s de una conexi\u00f3n de radio de corto alcance.<\/li>\n<li>Accionado por tres bater\u00edas del AA o el paquete recargable de la bater\u00eda del litio-ion.<\/li>\n<\/ul>\n<h2>Especificaciones del Philips IntelliVue MX40<\/h2>\n<h3>Dimensiones<\/h3>\n<ul>\n<li>Altura: 4,99 \u00ab(12,7 cm)<\/li>\n<li>Anchura: 2,75 \u00ab(7 cm)<\/li>\n<li>Profundidad: 1,24 \u00ab(3,2 cm)<\/li>\n<li>Peso (sin pilas): 8.5 oz (240 g)<\/li>\n<\/ul>\n<h3>Bater\u00eda<\/h3>\n<ul>\n<li>Paquete de bater\u00edas de iones de litio o 3 pilas AA<\/li>\n<li>Tiempo de la carga: 6,5 horas (bater\u00eda del litio-ion)<\/li>\n<\/ul>\n<h3>Monitor<\/h3>\n<ul>\n<li>Tipo: 2,8 \u00abQVGA color LCD<\/li>\n<li>\u00c1rea de la visi\u00f3n: 1,7 \u00abx 2,3\u00bb (4,3 cm x 5.8 cm)<\/li>\n<li>Resoluci\u00f3n: 240 x 320<\/li>\n<li>Retroiluminado: LED blanco<\/li>\n<\/ul>\n<h3>Ambiental<\/h3>\n<ul>\n<li>Temperatura \u2022 funcionamiento: 23 a 99 \u00b0 f (0 a 37 \u00b0 c)<\/li>\n<li>Almacenaje:-22 a 122 \u00b0 f (-30 a 35 \u00b0 c) sin las bater\u00edas<\/li>\n<li>Humedad \u2022 funcionamiento: &lt; 95% HR a 98.6 \u00b0 f (37 \u00b0 c)<\/li>\n<li>Almacenamiento: &lt; 90% HR a 122 \u00b0 f (50 \u00b0 c)<\/li>\n<li>Altitud \u2022 funcionamiento y no operativo: 9.842 ft (3,000 m)<\/li>\n<li>Presi\u00f3n barom\u00e9trica: 537 mmHg (72 kPa)<\/li>\n<\/ul>\n<h3>ECG<\/h3>\n<ul>\n<li>Alambres del plomo: cable paciente de 3, 5 o 6 alambres compatible con el monitor paciente de IntelliVue, c\u00f3digos de color AAMI\/IEC<\/li>\n<li>Resoluci\u00f3n: 5\u03bcV<\/li>\n<li>ECG entrado: diferencial, defibrillator protegido contra descarga de 360 julios en una carga de 100 ohmios<\/li>\n<li>Impedancia de entrada: &gt; 5 meohms (@ 10 Hz<\/li>\n<li>Rango din\u00e1mico de entrada: +\/-9 mV<\/li>\n<li>Gama de la compensaci\u00f3n de la c.c.: +\/-320 milivoltio<\/li>\n<li>CMRR: \u2265 90 dB @ 50, 60 hertzio<\/li>\n<\/ul>\n<h3>R\u00e1pido SpO<sub>2<\/sub><\/h3>\n<ul>\n<li>Alambres del plomo: cable paciente de 3, 5 o 6 alambres compatible con el monitor paciente de IntelliVue, c\u00f3digos de color AAMI\/IEC<\/li>\n<li>Resoluci\u00f3n: 5\u03bcV<\/li>\n<li>ECG entrado: diferencial, defibrillator protegido contra descarga de 360 julios en una carga de 100 ohmios<\/li>\n<li>Impedancia de entrada: &gt; 5 meohms (@ 10 Hz<\/li>\n<li>Rango din\u00e1mico de entrada: +\/-9 mV<\/li>\n<li>Gama de la compensaci\u00f3n de la c.c.: +\/-320 milivoltio<\/li>\n<li>CMRR: \u2265 90 dB @ 50, 60 hertzio<\/li>\n<\/ul>\n<p>&nbsp;<\/p>\n","protected":false},"excerpt":{"rendered":"<p>Caracter\u00edsticas del Philips IntelliVue MX40 El Philips IntelliVue MX40 es un monitor de paciente usable. Est\u00e1 dise\u00f1ado para apoyar a los pacientes ambulatorios para&#8230;<\/p>\n","protected":false},"featured_media":10940,"template":"","meta":{"_acf_changed":false,"_relevanssi_hide_post":"","_relevanssi_hide_content":"","_relevanssi_pin_for_all":"","_relevanssi_pin_keywords":"","_relevanssi_unpin_keywords":"","_relevanssi_related_keywords":"","_relevanssi_related_include_ids":"","_relevanssi_related_exclude_ids":"","_relevanssi_related_no_append":"","_relevanssi_related_not_related":"","_relevanssi_related_posts":"","_relevanssi_noindex_reason":"","inline_featured_image":false},"pwb-brand":[1102],"product_brand":[],"product_cat":[50,4764],"product_tag":[3892,3895,3531,3614,3896,3894,273,3891,3893],"class_list":{"0":"post-10939","1":"product","2":"type-product","3":"status-publish","4":"has-post-thumbnail","6":"pwb-brand-equipo-medico-philips","7":"product_cat-monitores-multiparametros","8":"product_cat-monitores-de-paciente-portatiles","9":"product_tag-intellivue","10":"product_tag-intellivue-mx40","11":"product_tag-monitores","12":"product_tag-monitores-multiparametros","13":"product_tag-multiparametros","14":"product_tag-mx40","15":"product_tag-philips","16":"product_tag-philips-intellivue","17":"product_tag-philips-intellivue-mx40","19":"first","20":"instock","21":"shipping-taxable","22":"purchasable","23":"product-type-simple"},"acf":[],"brands":[{"id":1102,"name":"Philips","slug":"equipo-medico-philips"}],"_links":{"self":[{"href":"https:\/\/www.somatechnology.com\/spanish\/wp-json\/wp\/v2\/product\/10939","targetHints":{"allow":["GET"]}}],"collection":[{"href":"https:\/\/www.somatechnology.com\/spanish\/wp-json\/wp\/v2\/product"}],"about":[{"href":"https:\/\/www.somatechnology.com\/spanish\/wp-json\/wp\/v2\/types\/product"}],"wp:featuredmedia":[{"embeddable":true,"href":"https:\/\/www.somatechnology.com\/spanish\/wp-json\/wp\/v2\/media\/10940"}],"wp:attachment":[{"href":"https:\/\/www.somatechnology.com\/spanish\/wp-json\/wp\/v2\/media?parent=10939"}],"wp:term":[{"taxonomy":"pwb-brand","embeddable":true,"href":"https:\/\/www.somatechnology.com\/spanish\/wp-json\/wp\/v2\/pwb-brand?post=10939"},{"taxonomy":"product_brand","embeddable":true,"href":"https:\/\/www.somatechnology.com\/spanish\/wp-json\/wp\/v2\/product_brand?post=10939"},{"taxonomy":"product_cat","embeddable":true,"href":"https:\/\/www.somatechnology.com\/spanish\/wp-json\/wp\/v2\/product_cat?post=10939"},{"taxonomy":"product_tag","embeddable":true,"href":"https:\/\/www.somatechnology.com\/spanish\/wp-json\/wp\/v2\/product_tag?post=10939"}],"curies":[{"name":"wp","href":"https:\/\/api.w.org\/{rel}","templated":true}]}}