{"id":11115,"date":"2018-06-05T18:47:40","date_gmt":"2018-06-05T18:47:40","guid":{"rendered":"https:\/\/www.somatechnology.com\/spanish\/?post_type=product&#038;p=11115"},"modified":"2024-07-01T10:58:41","modified_gmt":"2024-07-01T14:58:41","slug":"mizuho-osi-trios","status":"publish","type":"product","link":"https:\/\/www.somatechnology.com\/spanish\/equipo-medico-usado-remanufacturado\/mesas-de-cirugia\/mizuho-osi-trios\/","title":{"rendered":"Mizuho OSI Trios"},"content":{"rendered":"<h2>Caracter\u00edsticas Mizuho OSI Trios<\/h2>\n<p>El sistema quir\u00fargico de la tabla de los <strong>tr\u00edos de Mizuho OSI<\/strong> trae funcionalidad mejorada a la plataforma espinal original usada por todo el mundo. Dise\u00f1ado para cubrir las demandas de las necesidades quir\u00fargicas de hoy, los tr\u00edos espina dorsal y las tapas de la proyecci\u00f3n de imagen se equipan para apoyar el peso paciente hasta 650 libras mientras que permanecen completamente radiolucent.<\/p>\n<p>Con las cerraduras de piso accionadas, una interfaz \u00fanica del montaje de la mesa, y un mecanismo aerodin\u00e1mico de la rotaci\u00f3n de 180 grados, los tr\u00edos ofrece eficacia y la facilidad de uso a trav\u00e9s de un sistema realzado.<\/p>\n<p>Con un enfoque en la seguridad mejorada y la precisi\u00f3n, los tr\u00edos OSI ofrece una interfaz de usuario distinta dise\u00f1ada para complementar el flujo de trabajo de la sala de operaciones. Este sistema moderno ofrece una plataforma de la tabla sabida para su colocaci\u00f3n adaptable del paciente para todos los procedimientos de la espina dorsal y de la proyecci\u00f3n de imagen, incluyendo \u00e9sos que requieren la rotaci\u00f3n de 180 grados. The Mizuho trios ofrece confianza y control a trav\u00e9s de un sistema mejorado.<\/p>\n<ul>\n<li>Capacidad de peso de 650 lbs.<\/li>\n<li>Cerraduras de piso accionadas<\/li>\n<li>Una nueva interfaz de conexi\u00f3n de mesa<\/li>\n<li>El marco de la fibra del carb\u00f3n proporciona radiolucidez completa<\/li>\n<li>Acceso sin restricci\u00f3n del brazo del C y del O-brazo<\/li>\n<li>El marco abierto reduce la compresi\u00f3n de la vena cava, minimiza la hemorragia venosa epidural y mejora la visualizaci\u00f3n en el sitio quir\u00fargico.<\/li>\n<li>Almohadilla personalizable y colocaci\u00f3n de componentes para satisfacer las necesidades individuales de los pacientes<\/li>\n<li>El ajuste de la posici\u00f3n de la mesa en relaci\u00f3n con el travesa\u00f1o se consigue f\u00e1cilmente utilizando el mecanismo de trinquete \u00fanico de Tower<\/li>\n<li>El IntelliPENDANT, un colgante de la mano software-conducido, controla todas las funciones de la tabla: cerraduras del piso, altura, rodillo lateral, Trendelenburg\/Trendelenburg reverso y vuelta al nivel<\/li>\n<li>El panel auxiliar proporciona una fuente secundaria para controlar el movimiento de la tabla<\/li>\n<li>Tecnolog\u00eda m\u00e9dica del coj\u00edn de Tempur-Pedic incorporada en todas las superficies del paciente<\/li>\n<li>El sistema avanzado del coj\u00edn de control (ACP) estimula puntos de la presi\u00f3n de la cadera\/del muslo durante cirug\u00eda con un paciente propenso<\/li>\n<li>Facilita rotaciones seguras y eficientes de supino a la rotaci\u00f3n propensa a trav\u00e9s de 180 grados<\/li>\n<\/ul>\n","protected":false},"excerpt":{"rendered":"<p>Mesas Quir\u00fargicas<\/p>\n","protected":false},"featured_media":11116,"template":"","meta":{"_acf_changed":false,"_relevanssi_hide_post":"","_relevanssi_hide_content":"","_relevanssi_pin_for_all":"","_relevanssi_pin_keywords":"","_relevanssi_unpin_keywords":"","_relevanssi_related_keywords":"","_relevanssi_related_include_ids":"","_relevanssi_related_exclude_ids":"","_relevanssi_related_no_append":"","_relevanssi_related_not_related":"","_relevanssi_related_posts":"","_relevanssi_noindex_reason":"","inline_featured_image":false},"pwb-brand":[3319],"product_brand":[],"product_cat":[72],"product_tag":[3098,3094,2500,3320,3325,4154,4157,3321,4156,3100,3099,4155],"class_list":{"0":"post-11115","1":"product","2":"type-product","3":"status-publish","4":"has-post-thumbnail","6":"pwb-brand-mesa-quirurgicas-mizuho","7":"product_cat-mesas-de-cirugia","8":"product_tag-mesa","9":"product_tag-mesas","10":"product_tag-mesas-quirurgicas","11":"product_tag-mizuho","12":"product_tag-mizuho-osi","13":"product_tag-mizuho-osi-trios","14":"product_tag-mizuho-trios","15":"product_tag-osi","16":"product_tag-osi-trios","17":"product_tag-quirurgica","18":"product_tag-quirurgicas","19":"product_tag-trios","21":"first","22":"instock","23":"shipping-taxable","24":"purchasable","25":"product-type-simple"},"acf":[],"brands":[{"id":3319,"name":"Mizuho","slug":"mesa-quirurgicas-mizuho"}],"_links":{"self":[{"href":"https:\/\/www.somatechnology.com\/spanish\/wp-json\/wp\/v2\/product\/11115","targetHints":{"allow":["GET"]}}],"collection":[{"href":"https:\/\/www.somatechnology.com\/spanish\/wp-json\/wp\/v2\/product"}],"about":[{"href":"https:\/\/www.somatechnology.com\/spanish\/wp-json\/wp\/v2\/types\/product"}],"wp:featuredmedia":[{"embeddable":true,"href":"https:\/\/www.somatechnology.com\/spanish\/wp-json\/wp\/v2\/media\/11116"}],"wp:attachment":[{"href":"https:\/\/www.somatechnology.com\/spanish\/wp-json\/wp\/v2\/media?parent=11115"}],"wp:term":[{"taxonomy":"pwb-brand","embeddable":true,"href":"https:\/\/www.somatechnology.com\/spanish\/wp-json\/wp\/v2\/pwb-brand?post=11115"},{"taxonomy":"product_brand","embeddable":true,"href":"https:\/\/www.somatechnology.com\/spanish\/wp-json\/wp\/v2\/product_brand?post=11115"},{"taxonomy":"product_cat","embeddable":true,"href":"https:\/\/www.somatechnology.com\/spanish\/wp-json\/wp\/v2\/product_cat?post=11115"},{"taxonomy":"product_tag","embeddable":true,"href":"https:\/\/www.somatechnology.com\/spanish\/wp-json\/wp\/v2\/product_tag?post=11115"}],"curies":[{"name":"wp","href":"https:\/\/api.w.org\/{rel}","templated":true}]}}